{"id":14115,"date":"2021-09-03T09:31:21","date_gmt":"2021-09-03T07:31:21","guid":{"rendered":"https:\/\/us.edu.pl\/wydzial\/wh\/?page_id=14115"},"modified":"2026-01-30T09:08:31","modified_gmt":"2026-01-30T08:08:31","slug":"studenci-wyjezdzajacy-na-erasmusa","status":"publish","type":"page","link":"https:\/\/us.edu.pl\/wydzial\/wh\/en\/kierunki-studiow\/filologia-romanska\/erasmus\/studenci-wyjezdzajacy-na-erasmusa\/","title":{"rendered":"(Polski) Studenci wyje\u017cd\u017caj\u0105cy na Erasmusa"},"content":{"rendered":"<p class=\"qtranxs-available-languages-message qtranxs-available-languages-message-en\">Sorry, this entry is only available in <a href=\"https:\/\/us.edu.pl\/wydzial\/wh\/pl\/wp-json\/wp\/v2\/pages\/14115\" class=\"qtranxs-available-language-link qtranxs-available-language-link-pl\" title=\"Polski\">Polish<\/a>.<\/p>","protected":false},"excerpt":{"rendered":"<p>Sorry, this entry is only available in Polish. [&#8230;]<\/p>\n<p><a class=\"btn btn-secondary understrap-read-more-link\" href=\"https:\/\/us.edu.pl\/wydzial\/wh\/en\/kierunki-studiow\/filologia-romanska\/erasmus\/studenci-wyjezdzajacy-na-erasmusa\/\">Read More&#8230;<\/a><\/p>\n","protected":false},"author":1,"featured_media":0,"parent":14113,"menu_order":0,"comment_status":"closed","ping_status":"closed","template":"page-templates\/page-with-bookmarks.php","meta":{"_expiration-date-status":"saved","_expiration-date":0,"_expiration-date-type":"","_expiration-date-categories":[],"_expiration-date-options":[]},"acf":[],"_links":{"self":[{"href":"https:\/\/us.edu.pl\/wydzial\/wh\/en\/wp-json\/wp\/v2\/pages\/14115"}],"collection":[{"href":"https:\/\/us.edu.pl\/wydzial\/wh\/en\/wp-json\/wp\/v2\/pages"}],"about":[{"href":"https:\/\/us.edu.pl\/wydzial\/wh\/en\/wp-json\/wp\/v2\/types\/page"}],"author":[{"embeddable":true,"href":"https:\/\/us.edu.pl\/wydzial\/wh\/en\/wp-json\/wp\/v2\/users\/1"}],"replies":[{"embeddable":true,"href":"https:\/\/us.edu.pl\/wydzial\/wh\/en\/wp-json\/wp\/v2\/comments?post=14115"}],"version-history":[{"count":0,"href":"https:\/\/us.edu.pl\/wydzial\/wh\/en\/wp-json\/wp\/v2\/pages\/14115\/revisions"}],"up":[{"embeddable":true,"href":"https:\/\/us.edu.pl\/wydzial\/wh\/en\/wp-json\/wp\/v2\/pages\/14113"}],"wp:attachment":[{"href":"https:\/\/us.edu.pl\/wydzial\/wh\/en\/wp-json\/wp\/v2\/media?parent=14115"}],"curies":[{"name":"wp","href":"https:\/\/api.w.org\/{rel}","templated":true}]}}