{"id":165728,"date":"2023-07-11T14:44:47","date_gmt":"2023-07-11T12:44:47","guid":{"rendered":"https:\/\/us.edu.pl\/wydzial\/wh\/?page_id=165728"},"modified":"2025-08-03T17:50:36","modified_gmt":"2025-08-03T15:50:36","slug":"organizational-information","status":"publish","type":"page","link":"https:\/\/us.edu.pl\/wydzial\/wh\/en\/konferencje-naukowe\/sagaconference2025\/organizational-information\/","title":{"rendered":"Organizational information"},"content":{"rendered":"<p>[vc_row content_placement=&#8221;bottom&#8221; el_class=&#8221;container&#8221;][vc_column css=&#8221;.vc_custom_1678681991625{margin-bottom: 5px !important;}&#8221;][vc_btn title=&#8221;back to the main page&#8221; style=&#8221;outline-custom&#8221; outline_custom_color=&#8221;#002e5a&#8221; outline_custom_hover_background=&#8221;#002e5a&#8221; outline_custom_hover_text=&#8221;#ffffff&#8221; shape=&#8221;round&#8221; i_icon_fontawesome=&#8221;fas fa-reply&#8221; add_icon=&#8221;true&#8221; link=&#8221;url:https%3A%2F%2Fus.edu.pl%2Fwydzial%2Fwh%2Fen%2Fkonferencje-naukowe%2Fsagaconference2025%2F&#8221;][\/vc_column][\/vc_row][vc_row content_placement=&#8221;bottom&#8221; el_class=&#8221;container&#8221;][vc_column css=&#8221;.vc_custom_1678681991625{margin-bottom: 5px !important;}&#8221;][vc_wp_custommenu nav_menu=&#8221;393&#8243; el_id=&#8221;navi&#8221; el_class=&#8221;container bg-gray&#8221;][vc_raw_html]JTNDaDIlMjBjbGFzcyUzRCUyMnBhZ2UtdGl0bGUlMjBjb250YWluZXIlMjIlM0VPcmdhbml6YXRpb25hbCUyMGluZm9ybWF0aW9uJTNDJTJGaDIlM0U=[\/vc_raw_html][\/vc_column][\/vc_row][vc_row el_class=&#8221;container&#8221;][vc_column][vc_row_inner][vc_column_inner css=&#8221;.vc_custom_1689167884193{border-left-width: 5px !important;border-left-color: #002e5a !important;border-left-style: solid !important;border-radius: 5px !important;}&#8221;]\r\n                <div class=\"text-modules\">\r\n                    <div class=\"container\">\r\n                        \r\n                        <div class=\"text-modules__content\"><\/p>\n<h3><span style=\"font-weight: 400\">Dates<\/span><\/h3>\n<p>\n<\/div>\r\n                    <\/div>\r\n                <\/div>[\/vc_column_inner][\/vc_row_inner][vc_row_inner][vc_column_inner width=&#8221;1\/6&#8243;][\/vc_column_inner][vc_column_inner width=&#8221;2\/3&#8243;]\r\n                <div class=\"text-modules\">\r\n                    <div class=\"container\">\r\n                        \r\n                        <div class=\"text-modules__content\"><p>3\u20138 August 2025<\/p>\n<\/div>\r\n                    <\/div>\r\n                <\/div>[\/vc_column_inner][vc_column_inner width=&#8221;1\/6&#8243;][\/vc_column_inner][\/vc_row_inner][vc_row_inner][vc_column_inner css=&#8221;.vc_custom_1689167906041{border-left-width: 5px !important;border-left-color: #002e5a !important;border-left-style: solid !important;border-radius: 5px !important;}&#8221;]\r\n                <div class=\"text-modules\">\r\n                    <div class=\"container\">\r\n                        \r\n                        <div class=\"text-modules__content\"><\/p>\n<h3><span style=\"font-weight: 400\"><a id=\"venue\"><\/a>Venue<\/span><\/h3>\n<p>\n<\/div>\r\n                    <\/div>\r\n                <\/div>[\/vc_column_inner][\/vc_row_inner][vc_row_inner][vc_column_inner width=&#8221;1\/6&#8243;][\/vc_column_inner][vc_column_inner width=&#8221;2\/3&#8243;]\r\n                <div class=\"text-modules\">\r\n                    <div class=\"container\">\r\n                        \r\n                        <div class=\"text-modules__content\"><\/p>\n<h4><a href=\"https:\/\/us.edu.pl\/wydzial\/wh\/en\/\"><span style=\"font-weight: 400\">Faculty of Humanities | University of Silesia in Katowice<\/span><\/a><\/h4>\n<p><a href=\"https:\/\/maps.app.goo.gl\/2P2YjCUaY7BBfuFi6\">ul. Uniwersytecka 4 | 40-007 Katowice<\/a><\/p>\n<p>\n<\/div>\r\n                    <\/div>\r\n                <\/div>[vc_gmaps link=&#8221;#E-8_JTNDaWZyYW1lJTIwc3JjJTNEJTIyaHR0cHMlM0ElMkYlMkZ3d3cuZ29vZ2xlLmNvbSUyRm1hcHMlMkZlbWJlZCUzRnBiJTNEJTIxMW0xOCUyMTFtMTIlMjExbTMlMjExZDEwNzIuNDE5OTY4NTcyNTI2MiUyMTJkMTkuMDI1ODYxNjk4MjU0MDglMjEzZDUwLjI2MDk1NDQwOTk1MjYyJTIxMm0zJTIxMWYwJTIxMmYwJTIxM2YwJTIxM20yJTIxMWkxMDI0JTIxMmk3NjglMjE0ZjEzLjElMjEzbTMlMjExbTIlMjExczB4NDcxNmNlNDk0NWVjZDE5ZCUyNTNBMHhkZjFiMDg2N2E1ZmJjM2ZiJTIxMnNXeWR6aWElMjVDNSUyNTgyJTI1MjBIdW1hbmlzdHljem55JTI1MjBVbml3ZXJzeXRldHUlMjUyMCUyNUM1JTI1OUFsJTI1QzQlMjU4NXNraWVnbyUyNTIwdyUyNTIwS2F0b3dpY2FjaCUyMTVlMCUyMTNtMiUyMTFzcGwlMjEyc3BsJTIxNHYxNzM4Njc4ODg5ODU3JTIxNW0yJTIxMXNwbCUyMTJzcGwlMjIlMjB3aWR0aCUzRCUyMjYwMCUyMiUyMGhlaWdodCUzRCUyMjQ1MCUyMiUyMHN0eWxlJTNEJTIyYm9yZGVyJTNBMCUzQiUyMiUyMGFsbG93ZnVsbHNjcmVlbiUzRCUyMiUyMiUyMGxvYWRpbmclM0QlMjJsYXp5JTIyJTIwcmVmZXJyZXJwb2xpY3klM0QlMjJuby1yZWZlcnJlci13aGVuLWRvd25ncmFkZSUyMiUzRSUzQyUyRmlmcmFtZSUzRQ==&#8221;]\r\n                <div class=\"text-modules\">\r\n                    <div class=\"container\">\r\n                        \r\n                        <div class=\"text-modules__content\"><p>For practical information about the city of Katowice, accommodation, and public transport, please visit the website: <a href=\"https:\/\/welcome.katowice.eu\/\">https:\/\/welcome.katowice.eu\/<\/a><\/p>\n<p>Install <a href=\"https:\/\/welcome.katowice.eu\/\">the Katowice City Break app<\/a> and you will have access to a dynamic city plan and other information.<\/p>\n<\/div>\r\n                    <\/div>\r\n                <\/div>\r\n                <div class=\"text-modules\">\r\n                    <div class=\"container\">\r\n                        \r\n                        <div class=\"text-modules__content\"><\/p>\n<p style=\"text-align: center\"><a href=\"https:\/\/play.google.com\/store\/apps\/details?id=pl.audiotour.katowice_umk_miasto&amp;pcampaignid=web_share\"><img class=\"alignnone wp-image-190384 size-medium\" src=\"https:\/\/us.edu.pl\/wydzial\/wh\/wp-content\/uploads\/sites\/15\/Bez-kategorii\/Katowice-City-Break-app-300x300.png\" alt=\"\" width=\"300\" height=\"300\" srcset=\"https:\/\/us.edu.pl\/wydzial\/wh\/wp-content\/uploads\/sites\/15\/Bez-kategorii\/Katowice-City-Break-app-300x300.png 300w, https:\/\/us.edu.pl\/wydzial\/wh\/wp-content\/uploads\/sites\/15\/Bez-kategorii\/Katowice-City-Break-app-150x150.png 150w, https:\/\/us.edu.pl\/wydzial\/wh\/wp-content\/uploads\/sites\/15\/Bez-kategorii\/Katowice-City-Break-app.png 500w\" sizes=\"(max-width: 300px) 100vw, 300px\" \/><\/a><\/p>\n<p>\n<\/div>\r\n                    <\/div>\r\n                <\/div>[\/vc_column_inner][vc_column_inner width=&#8221;1\/6&#8243;][\/vc_column_inner][\/vc_row_inner][vc_row_inner disable_element=&#8221;yes&#8221;][vc_column_inner css=&#8221;.vc_custom_1689168012392{border-left-width: 5px !important;border-left-color: #002e5a !important;border-left-style: solid !important;border-radius: 5px !important;}&#8221;]\r\n                <div class=\"text-modules\">\r\n                    <div class=\"container\">\r\n                        \r\n                        <div class=\"text-modules__content\"><\/p>\n<h3><span style=\"font-weight: 400\"><a id=\"organizing-committee\"><\/a>Conference fee<\/span><\/h3>\n<p>\n<\/div>\r\n                    <\/div>\r\n                <\/div>[\/vc_column_inner][\/vc_row_inner][vc_row_inner disable_element=&#8221;yes&#8221;][vc_column_inner width=&#8221;1\/6&#8243;][\/vc_column_inner][vc_column_inner width=&#8221;2\/3&#8243;]\r\n                <div class=\"text-modules\">\r\n                    <div class=\"container\">\r\n                        \r\n                        <div class=\"text-modules__content\"><p>Conference fees:<\/p>\n<p style=\"padding-left: 40px\">\u25cf regular conference fee: 270,- euro \/ 1160,- PLN<\/p>\n<p style=\"padding-left: 40px\">\u25cf fee for online presentation: 80,- euro \/ 350,- PLN<\/p>\n<p>Payment period<\/p>\n<p style=\"padding-left: 40px\">\u25cf 1 February \u2013 1 May 2025 (payments after this date will not be possible)<\/p>\n<p>Please make the payment to the following bank account:<\/p>\n<p style=\"padding-left: 40px\">\u25cf Beneficiary: Uniwersytet \u015al\u0105ski w Katowicach<\/p>\n<p style=\"padding-left: 40px\">\u25cf Address: Uniwersytet \u015al\u0105ski w Katowicach, ul. Bankowa 12, 40-007 Katowice<\/p>\n<p style=\"padding-left: 40px\">\u25cf Bank Name: ING Bank \u015al\u0105ski S.A.<\/p>\n<p style=\"padding-left: 40px\">\u25cf Account Number: 74 1050 1214 1000 0007 0000 7909<\/p>\n<p style=\"padding-left: 40px\">\u25cf SWIFT: INGBPLPW<\/p>\n<p style=\"padding-left: 40px\">\u25cf IBAN: PL74 1050 1214 1000 0007 0000 7909<\/p>\n<p style=\"padding-left: 40px\">\u25cf Reference: Saga2025+Surname<\/p>\n<p>We will accept payments of the conference fees starting from <strong>1 February<\/strong>. Make sure to complete the payment by <strong>1 May<\/strong> to ensure your registration is processed.<\/p>\n<p>The regular conference fee covers all lunches, coffee breaks, the conference dinner, and other conference materials and afternoon activities. Please note that <strong>the conference fee does not cover accommodation and excursion costs<\/strong>.<\/p>\n<p>We would also like to clarify that the online participants will only be able to view those of the panels that include virtual presentations \u2013 the rest of the conference will not be held in hybrid format, with the exception of the keynote presentations, which will be streamed live on the CBNS Facebook page.<\/p>\n<p>Please note that, following University regulations, <strong>direct bank transfer is the only payment method that can be accepted<\/strong>. Regretfully, the University is unable to accept any other form of payment for conference registration (unfortunately, neither credit card nor PayPal nor cash payments are possible).<\/p>\n<p>Please bear in mind that only those of the participants who have already registered as online speakers are eligible for the fee for online presentation.<\/p>\n<p>Please note also that we will be unable to refund the fee difference should a participant wish to change their status from an in-person to a virtual presentation in the upcoming months before the conference.<\/p>\n<\/div>\r\n                    <\/div>\r\n                <\/div>[\/vc_column_inner][vc_column_inner width=&#8221;1\/6&#8243;][\/vc_column_inner][\/vc_row_inner][vc_row_inner disable_element=&#8221;yes&#8221;][vc_column_inner css=&#8221;.vc_custom_1689168012392{border-left-width: 5px !important;border-left-color: #002e5a !important;border-left-style: solid !important;border-radius: 5px !important;}&#8221;]\r\n                <div class=\"text-modules\">\r\n                    <div class=\"container\">\r\n                        \r\n                        <div class=\"text-modules__content\"><\/p>\n<h3><span style=\"font-weight: 400\"><a id=\"organizing-committee\"><\/a>Requesting an invoice\u00a0<\/span><\/h3>\n<p>\n<\/div>\r\n                    <\/div>\r\n                <\/div>[\/vc_column_inner][\/vc_row_inner][vc_row_inner disable_element=&#8221;yes&#8221;][vc_column_inner width=&#8221;1\/6&#8243;][\/vc_column_inner][vc_column_inner width=&#8221;2\/3&#8243;]\r\n                <div class=\"text-modules\">\r\n                    <div class=\"container\">\r\n                        \r\n                        <div class=\"text-modules__content\"><p>If the payment for the conference fee was made by an institution, an invoice will be issued and sent by registered physical mail to the address of the given institution. If the participant paid from their private account and needs an invoice for settlement of accounts, please contact us by e-mail as soon as possible. In the e-mail please include the necessary data (institution name, address and VAT number) of the institution to which the invoice should be issued. However, if the conference fee was paid by an individual who is formally representing a university or other institution, a personal invoice can be sent to the university\/institution at the explicit request of the individual.<\/p>\n<\/div>\r\n                    <\/div>\r\n                <\/div>[\/vc_column_inner][vc_column_inner width=&#8221;1\/6&#8243;][\/vc_column_inner][\/vc_row_inner][vc_row_inner disable_element=&#8221;yes&#8221;][vc_column_inner css=&#8221;.vc_custom_1689168012392{border-left-width: 5px !important;border-left-color: #002e5a !important;border-left-style: solid !important;border-radius: 5px !important;}&#8221;]\r\n                <div class=\"text-modules\">\r\n                    <div class=\"container\">\r\n                        \r\n                        <div class=\"text-modules__content\"><\/p>\n<h3><span style=\"font-weight: 400\"><a id=\"organizing-committee\"><\/a>Accommodation<\/span><\/h3>\n<p>\n<\/div>\r\n                    <\/div>\r\n                <\/div>[\/vc_column_inner][\/vc_row_inner][vc_row_inner disable_element=&#8221;yes&#8221;][vc_column_inner width=&#8221;1\/6&#8243;][\/vc_column_inner][vc_column_inner width=&#8221;2\/3&#8243;]\r\n                <div class=\"text-modules\">\r\n                    <div class=\"container\">\r\n                        \r\n                        <div class=\"text-modules__content\"><p><strong>Participants are responsible for booking their own accommodation in Katowice.\u00a0<\/strong><\/p>\n<p>We recommend three hotels, <strong>Novotel Katowice Centrum<\/strong>,\u00a0<strong>Mercure Katowice Centrum <\/strong>and <strong>Vienna House Easy by Wyndham Katowice<\/strong>, which prepared a special rate for the conference participants. The recommended hotels are within a walking distance from the conference venue.<\/p>\n<p>&nbsp;<\/p>\n<p><strong>Novotel Katowice Centrum<\/strong><\/p>\n<p>al. Walentego Ro\u017adzie\u0144skiego 16, 40-202 Katowice<\/p>\n<p style=\"padding-left: 40px\">Reservation can be made using the following link: <a href=\"https:\/\/tinyurl.com\/y9kc7dxf\">https:\/\/tinyurl.com\/y9kc7dxf<\/a><\/p>\n<p style=\"padding-left: 40px\">or by contacting the reservation department :<\/p>\n<p style=\"padding-left: 40px\">&#8211; KWIATKOWSKI KAROL : <a href=\"mailto:karol.kwiatkowski@accor.com\">karol.kwiatkowski@accor.com<\/a> ; 0048 32 200 44 51<\/p>\n<p style=\"padding-left: 40px\">&#8211; KEMPA BOZENA : <a href=\"mailto:bozena.kempa@accor.com\">bozena.kempa@accor.com<\/a> ; 0048 32 200 44 50<\/p>\n<p style=\"padding-left: 40px\">&#8211; SLONKA KAMIL : <a href=\"mailto:kamil.slonka@accor.com\">kamil.slonka@accor.com<\/a> ; 0048 32 200 44 27<\/p>\n<p>&nbsp;<\/p>\n<p><strong>Mercure Katowice Centrum<\/strong><\/p>\n<p>ul. M\u0142y\u0144ska 6, 40-098 Katowice<\/p>\n<p style=\"padding-left: 40px\">Reservation can be made:<\/p>\n<p style=\"padding-left: 40px\">&#8211; via internet: <a href=\"http:\/\/bit.ly\/4a5Zw4b\">bit.ly\/4a5Zw4b<\/a><\/p>\n<p style=\"padding-left: 40px\">&#8211; via e-mail: <a href=\"mailto:hb580-re@accor.com\">hb580-re@accor.com<\/a><\/p>\n<p style=\"padding-left: 40px\">&#8211; via telephone: +48 32\u00a0797 88 00<\/p>\n<p style=\"padding-left: 40px\">Use the discount code\u00a0<strong>SAGA2025<\/strong><\/p>\n<p>&nbsp;<\/p>\n<p><strong>Vienna House Easy by Wyndham Katowice<\/strong><\/p>\n<p>ul. Sokolska 24, 40-086 Katowice<\/p>\n<p style=\"padding-left: 40px\">Reservation can be made:<\/p>\n<p style=\"padding-left: 40px\">\u2013 via e-mail: <a href=\"mailto:reservation.easy-katowice@hrg-hotels.com\">reservation.easy-katowice@hrg-hotels.com<\/a><\/p>\n<p style=\"padding-left: 40px\">\u2013 via telephone:<\/p>\n<p style=\"padding-left: 80px\">+48 32 783 8 106<br \/>\n+48 32 783 8 137<\/p>\n<p style=\"padding-left: 40px\">Use the discount code <strong>SAGA2025<\/strong><\/p>\n<p>\n<\/div>\r\n                    <\/div>\r\n                <\/div>[\/vc_column_inner][vc_column_inner width=&#8221;1\/6&#8243;][\/vc_column_inner][\/vc_row_inner][vc_row_inner][vc_column_inner css=&#8221;.vc_custom_1689168012392{border-left-width: 5px !important;border-left-color: #002e5a !important;border-left-style: solid !important;border-radius: 5px !important;}&#8221;]\r\n                <div class=\"text-modules\">\r\n                    <div class=\"container\">\r\n                        \r\n                        <div class=\"text-modules__content\"><\/p>\n<h3><span style=\"font-weight: 400\"><a id=\"organizing-committee\"><\/a>Organizing committee<\/span><\/h3>\n<p>\n<\/div>\r\n                    <\/div>\r\n                <\/div>[\/vc_column_inner][\/vc_row_inner][vc_row_inner][vc_column_inner width=&#8221;1\/6&#8243;][\/vc_column_inner][vc_column_inner width=&#8221;2\/3&#8243;]\r\n                <div class=\"text-modules\">\r\n                    <div class=\"container\">\r\n                        \r\n                        <div class=\"text-modules__content\"><p>Dr <strong>Grzegorz Bartusik<\/strong> (University of Silesia)<\/p>\n<p>Assoc. Prof. <strong>Rafa\u0142 Borys\u0142awski<\/strong> (University of Silesia)<\/p>\n<p>Dr <strong>Carina Damm<\/strong> (University of Silesia)<\/p>\n<p>Dr <strong>Remigiusz Gogosz<\/strong> (independent scholar)<\/p>\n<p>Dr <strong>Annett Krakow<\/strong> (University of Silesia)<\/p>\n<p>Assoc. Prof. <strong>Jakub Morawiec<\/strong> (University of Silesia)<\/p>\n<p>Dr <strong>Ryder Patzuk-Russell<\/strong> (University of Silesia)<\/p>\n<p>Dr <strong>Marta Rey-Radli\u0144ska<\/strong> (Jagiellonian University)<\/p>\n<p>Dr <strong>Kendra Willson<\/strong> (Jagiellonian University)<\/p>\n<\/div>\r\n                    <\/div>\r\n                <\/div>[\/vc_column_inner][vc_column_inner width=&#8221;1\/6&#8243;][\/vc_column_inner][\/vc_row_inner][vc_row_inner][vc_column_inner css=&#8221;.vc_custom_1689168012392{border-left-width: 5px !important;border-left-color: #002e5a !important;border-left-style: solid !important;border-radius: 5px !important;}&#8221;]\r\n                <div class=\"text-modules\">\r\n                    <div class=\"container\">\r\n                        \r\n                        <div class=\"text-modules__content\"><\/p>\n<h3><span style=\"font-weight: 400\">Assistants<\/span><\/h3>\n<p>\n<\/div>\r\n                    <\/div>\r\n                <\/div>[\/vc_column_inner][\/vc_row_inner][vc_row_inner][vc_column_inner width=&#8221;1\/6&#8243;][\/vc_column_inner][vc_column_inner width=&#8221;2\/3&#8243;]\r\n                <div class=\"text-modules\">\r\n                    <div class=\"container\">\r\n                        \r\n                        <div class=\"text-modules__content\"><p>Members of <a href=\"https:\/\/sknh.us.edu.pl\/\">the Scientific Student Association of History at the University of Silesia<\/a> and <a href=\"https:\/\/skonuj.wordpress.com\/\">the Scientific Student Association of Scandinavian Studies at the Jagiellonian University<\/a><\/p>\n<p><strong>Marcin Dalibor <\/strong><\/p>\n<p><strong>Julia Dubas<\/strong><\/p>\n<p><strong>Mateusz Gralak<\/strong><\/p>\n<p><strong>Zuzanna Kalka<\/strong><\/p>\n<p><strong>Filip Kowalski<\/strong><\/p>\n<p><strong>Wiktor Ku\u017cd\u017ca\u0142<\/strong><\/p>\n<p><strong>Jakub Kwolek<\/strong><\/p>\n<p><strong>Jakub Madejski<\/strong><\/p>\n<p><strong>Micha\u0142 Marek<\/strong><\/p>\n<p><strong>Alicja Michalec<\/strong><\/p>\n<p><strong>Alicja Michalska<\/strong><\/p>\n<p><strong>Wojciech Mizera<\/strong><\/p>\n<p><strong>Sofiia Mostova<\/strong><\/p>\n<p><strong>Julia Piasecka<\/strong><\/p>\n<p><strong>Aleksander Rudnik<\/strong><\/p>\n<p><strong>Karolina Ry\u0144ska<\/strong><\/p>\n<p><strong>Aleksandra Suska<\/strong><\/p>\n<p><strong>Oliwia Tymejczyk<\/strong><\/p>\n<\/div>\r\n                    <\/div>\r\n                <\/div>[\/vc_column_inner][vc_column_inner width=&#8221;1\/6&#8243;][\/vc_column_inner][\/vc_row_inner][vc_row_inner][vc_column_inner css=&#8221;.vc_custom_1689168022888{border-left-width: 5px !important;border-left-color: #002e5a !important;border-left-style: solid !important;border-radius: 5px !important;}&#8221;]\r\n                <div class=\"text-modules\">\r\n                    <div class=\"container\">\r\n                        \r\n                        <div class=\"text-modules__content\"><\/p>\n<h3><span style=\"font-weight: 400\"><a id=\"contact\"><\/a>Contact<\/span><\/h3>\n<p>\n<\/div>\r\n                    <\/div>\r\n                <\/div>[\/vc_column_inner][\/vc_row_inner][vc_row_inner][vc_column_inner width=&#8221;1\/6&#8243;][\/vc_column_inner][vc_column_inner width=&#8221;2\/3&#8243;]\r\n                <div class=\"text-modules\">\r\n                    <div class=\"container\">\r\n                        \r\n                        <div class=\"text-modules__content\"><p>e-mail: <a href=\"mailto:saga2025@us.edu.pl\">saga2025@us.edu.pl<\/a><\/p>\n<\/div>\r\n                    <\/div>\r\n                <\/div>[\/vc_column_inner][vc_column_inner width=&#8221;1\/6&#8243;][\/vc_column_inner][\/vc_row_inner][\/vc_column][\/vc_row]<\/p>","protected":false},"excerpt":{"rendered":"<p>[vc_row content_placement=&#8221;bottom&#8221; el_class=&#8221;container&#8221;][vc_column css=&#8221;.vc_custom_1678681991625{margin-bottom: 5px !important;}&#8221;][vc_btn title=&#8221;back to the main page&#8221; style=&#8221;outline-custom&#8221; outline_custom_color=&#8221;#002e5a&#8221; outline_custom_hover_background=&#8221;#002e5a&#8221; outline_custom_hover_text=&#8221;#ffffff&#8221; shape=&#8221;round&#8221; i_icon_fontawesome=&#8221;fas fa-reply&#8221; add_icon=&#8221;true&#8221; link=&#8221;url:https%3A%2F%2Fus.edu.pl%2Fwydzial%2Fwh%2Fen%2Fkonferencje-naukowe%2Fsagaconference2025%2F&#8221;][\/vc_column][\/vc_row][vc_row content_placement=&#8221;bottom&#8221; el_class=&#8221;container&#8221;][vc_column css=&#8221;.vc_custom_1678681991625{margin-bottom: 5px !important;}&#8221;][vc_wp_custommenu nav_menu=&#8221;393&#8243; el_id=&#8221;navi&#8221; el_class=&#8221;container bg-gray&#8221;][vc_raw_html]JTNDaDIlMjBjbGFzcyUzRCUyMnBhZ2UtdGl0bGUlMjBjb250YWluZXIlMjIlM0VPcmdhbml6YXRpb25hbCUyMGluZm9ybWF0aW9uJTNDJTJGaDIlM0U=[\/vc_raw_html][\/vc_column][\/vc_row][vc_row el_class=&#8221;container&#8221;][vc_column][vc_row_inner][vc_column_inner css=&#8221;.vc_custom_1689167884193{border-left-width: 5px !important;border-left-color: #002e5a !important;border-left-style: solid !important;border-radius: 5px !important;}&#8221;][\/vc_column_inner][\/vc_row_inner][vc_row_inner][vc_column_inner width=&#8221;1\/6&#8243;][\/vc_column_inner][vc_column_inner width=&#8221;2\/3&#8243;][\/vc_column_inner][vc_column_inner width=&#8221;1\/6&#8243;][\/vc_column_inner][\/vc_row_inner][vc_row_inner][vc_column_inner css=&#8221;.vc_custom_1689167906041{border-left-width: 5px !important;border-left-color: #002e5a !important;border-left-style: solid !important;border-radius: 5px !important;}&#8221;][\/vc_column_inner][\/vc_row_inner][vc_row_inner][vc_column_inner width=&#8221;1\/6&#8243;][\/vc_column_inner][vc_column_inner width=&#8221;2\/3&#8243;][vc_gmaps link=&#8221;#E-8_JTNDaWZyYW1lJTIwc3JjJTNEJTIyaHR0cHMlM0ElMkYlMkZ3d3cuZ29vZ2xlLmNvbSUyRm1hcHMlMkZlbWJlZCUzRnBiJTNEJTIxMW0xOCUyMTFtMTIlMjExbTMlMjExZDEwNzIuNDE5OTY4NTcyNTI2MiUyMTJkMTkuMDI1ODYxNjk4MjU0MDglMjEzZDUwLjI2MDk1NDQwOTk1MjYyJTIxMm0zJTIxMWYwJTIxMmYwJTIxM2YwJTIxM20yJTIxMWkxMDI0JTIxMmk3NjglMjE0ZjEzLjElMjEzbTMlMjExbTIlMjExczB4NDcxNmNlNDk0NWVjZDE5ZCUyNTNBMHhkZjFiMDg2N2E1ZmJjM2ZiJTIxMnNXeWR6aWElMjVDNSUyNTgyJTI1MjBIdW1hbmlzdHljem55JTI1MjBVbml3ZXJzeXRldHUlMjUyMCUyNUM1JTI1OUFsJTI1QzQlMjU4NXNraWVnbyUyNTIwdyUyNTIwS2F0b3dpY2FjaCUyMTVlMCUyMTNtMiUyMTFzcGwlMjEyc3BsJTIxNHYxNzM4Njc4ODg5ODU3JTIxNW0yJTIxMXNwbCUyMTJzcGwlMjIlMjB3aWR0aCUzRCUyMjYwMCUyMiUyMGhlaWdodCUzRCUyMjQ1MCUyMiUyMHN0eWxlJTNEJTIyYm9yZGVyJTNBMCUzQiUyMiUyMGFsbG93ZnVsbHNjcmVlbiUzRCUyMiUyMiUyMGxvYWRpbmclM0QlMjJsYXp5JTIyJTIwcmVmZXJyZXJwb2xpY3klM0QlMjJuby1yZWZlcnJlci13aGVuLWRvd25ncmFkZSUyMiUzRSUzQyUyRmlmcmFtZSUzRQ==&#8221;][\/vc_column_inner][vc_column_inner width=&#8221;1\/6&#8243;][\/vc_column_inner][\/vc_row_inner][vc_row_inner [&#8230;]<\/p>\n<p><a class=\"btn btn-secondary understrap-read-more-link\" href=\"https:\/\/us.edu.pl\/wydzial\/wh\/en\/konferencje-naukowe\/sagaconference2025\/organizational-information\/\">Read More&#8230;<\/a><\/p>\n","protected":false},"author":33,"featured_media":0,"parent":165672,"menu_order":0,"comment_status":"closed","ping_status":"closed","template":"","meta":{"_expiration-date-status":"","_expiration-date":0,"_expiration-date-type":"","_expiration-date-categories":[],"_expiration-date-options":[]},"acf":[],"_links":{"self":[{"href":"https:\/\/us.edu.pl\/wydzial\/wh\/en\/wp-json\/wp\/v2\/pages\/165728"}],"collection":[{"href":"https:\/\/us.edu.pl\/wydzial\/wh\/en\/wp-json\/wp\/v2\/pages"}],"about":[{"href":"https:\/\/us.edu.pl\/wydzial\/wh\/en\/wp-json\/wp\/v2\/types\/page"}],"author":[{"embeddable":true,"href":"https:\/\/us.edu.pl\/wydzial\/wh\/en\/wp-json\/wp\/v2\/users\/33"}],"replies":[{"embeddable":true,"href":"https:\/\/us.edu.pl\/wydzial\/wh\/en\/wp-json\/wp\/v2\/comments?post=165728"}],"version-history":[{"count":11,"href":"https:\/\/us.edu.pl\/wydzial\/wh\/en\/wp-json\/wp\/v2\/pages\/165728\/revisions"}],"predecessor-version":[{"id":191215,"href":"https:\/\/us.edu.pl\/wydzial\/wh\/en\/wp-json\/wp\/v2\/pages\/165728\/revisions\/191215"}],"up":[{"embeddable":true,"href":"https:\/\/us.edu.pl\/wydzial\/wh\/en\/wp-json\/wp\/v2\/pages\/165672"}],"wp:attachment":[{"href":"https:\/\/us.edu.pl\/wydzial\/wh\/en\/wp-json\/wp\/v2\/media?parent=165728"}],"curies":[{"name":"wp","href":"https:\/\/api.w.org\/{rel}","templated":true}]}}