{"id":181809,"date":"2025-01-13T13:05:41","date_gmt":"2025-01-13T12:05:41","guid":{"rendered":"https:\/\/us.edu.pl\/wydzial\/wh\/?page_id=181809"},"modified":"2025-01-13T13:05:41","modified_gmt":"2025-01-13T12:05:41","slug":"edycja-krytyczna-listow-i-archiwalnych-materialow-pismiennych-wiezniow-obozow-koncentracyjnych-stutthof-gross-rosen-auschwitz","status":"publish","type":"page","link":"https:\/\/us.edu.pl\/wydzial\/wh\/en\/najwazniejsze-osiagniecia-badawcze\/edycja-krytyczna-listow-i-archiwalnych-materialow-pismiennych-wiezniow-obozow-koncentracyjnych-stutthof-gross-rosen-auschwitz\/","title":{"rendered":"(Polski) Edycja krytyczna list\u00f3w i archiwalnych materia\u0142\u00f3w pi\u015bmiennych wi\u0119\u017ani\u00f3w oboz\u00f3w koncentracyjnych (Stutthof, Gross-Rosen, Auschwitz)"},"content":{"rendered":"<p class=\"qtranxs-available-languages-message qtranxs-available-languages-message-en\">Sorry, this entry is only available in <a href=\"https:\/\/us.edu.pl\/wydzial\/wh\/pl\/wp-json\/wp\/v2\/pages\/181809\" class=\"qtranxs-available-language-link qtranxs-available-language-link-pl\" title=\"Polski\">Polish<\/a>.<\/p>","protected":false},"excerpt":{"rendered":"<p>Sorry, this entry is only available in Polish. [&#8230;]<\/p>\n<p><a class=\"btn btn-secondary understrap-read-more-link\" href=\"https:\/\/us.edu.pl\/wydzial\/wh\/en\/najwazniejsze-osiagniecia-badawcze\/edycja-krytyczna-listow-i-archiwalnych-materialow-pismiennych-wiezniow-obozow-koncentracyjnych-stutthof-gross-rosen-auschwitz\/\">Read More&#8230;<\/a><\/p>\n","protected":false},"author":1,"featured_media":0,"parent":9930,"menu_order":0,"comment_status":"closed","ping_status":"closed","template":"","meta":{"_expiration-date-status":"","_expiration-date":0,"_expiration-date-type":"","_expiration-date-categories":[],"_expiration-date-options":[]},"acf":[],"_links":{"self":[{"href":"https:\/\/us.edu.pl\/wydzial\/wh\/en\/wp-json\/wp\/v2\/pages\/181809"}],"collection":[{"href":"https:\/\/us.edu.pl\/wydzial\/wh\/en\/wp-json\/wp\/v2\/pages"}],"about":[{"href":"https:\/\/us.edu.pl\/wydzial\/wh\/en\/wp-json\/wp\/v2\/types\/page"}],"author":[{"embeddable":true,"href":"https:\/\/us.edu.pl\/wydzial\/wh\/en\/wp-json\/wp\/v2\/users\/1"}],"replies":[{"embeddable":true,"href":"https:\/\/us.edu.pl\/wydzial\/wh\/en\/wp-json\/wp\/v2\/comments?post=181809"}],"version-history":[{"count":0,"href":"https:\/\/us.edu.pl\/wydzial\/wh\/en\/wp-json\/wp\/v2\/pages\/181809\/revisions"}],"up":[{"embeddable":true,"href":"https:\/\/us.edu.pl\/wydzial\/wh\/en\/wp-json\/wp\/v2\/pages\/9930"}],"wp:attachment":[{"href":"https:\/\/us.edu.pl\/wydzial\/wh\/en\/wp-json\/wp\/v2\/media?parent=181809"}],"curies":[{"name":"wp","href":"https:\/\/api.w.org\/{rel}","templated":true}]}}