{"id":181824,"date":"2025-01-13T13:13:15","date_gmt":"2025-01-13T12:13:15","guid":{"rendered":"https:\/\/us.edu.pl\/wydzial\/wh\/?page_id=181824"},"modified":"2025-01-13T13:25:38","modified_gmt":"2025-01-13T12:25:38","slug":"krytyka-traktatu-het-schilder-boeck-ksiega-o-malarstwie-i-sledzenie-migracji-mistrzow-flamandzkich-xv-xvi-wiek","status":"publish","type":"page","link":"https:\/\/us.edu.pl\/wydzial\/wh\/en\/najwazniejsze-osiagniecia-badawcze\/krytyka-traktatu-het-schilder-boeck-ksiega-o-malarstwie-i-sledzenie-migracji-mistrzow-flamandzkich-xv-xvi-wiek\/","title":{"rendered":"(Polski) Krytyka traktatu Het Schilder-Boeck [Ksi\u0119ga o malarstwie] i \u015bledzenie migracji mistrz\u00f3w flamandzkich (XV\u2013XVI wiek)"},"content":{"rendered":"<p class=\"qtranxs-available-languages-message qtranxs-available-languages-message-en\">Sorry, this entry is only available in <a href=\"https:\/\/us.edu.pl\/wydzial\/wh\/pl\/wp-json\/wp\/v2\/pages\/181824\" class=\"qtranxs-available-language-link qtranxs-available-language-link-pl\" title=\"Polski\">Polish<\/a>.<\/p>","protected":false},"excerpt":{"rendered":"<p>Sorry, this entry is only available in Polish. [&#8230;]<\/p>\n<p><a class=\"btn btn-secondary understrap-read-more-link\" href=\"https:\/\/us.edu.pl\/wydzial\/wh\/en\/najwazniejsze-osiagniecia-badawcze\/krytyka-traktatu-het-schilder-boeck-ksiega-o-malarstwie-i-sledzenie-migracji-mistrzow-flamandzkich-xv-xvi-wiek\/\">Read More&#8230;<\/a><\/p>\n","protected":false},"author":1,"featured_media":0,"parent":9930,"menu_order":0,"comment_status":"closed","ping_status":"closed","template":"","meta":{"_expiration-date-status":"","_expiration-date":0,"_expiration-date-type":"","_expiration-date-categories":[],"_expiration-date-options":[]},"acf":[],"_links":{"self":[{"href":"https:\/\/us.edu.pl\/wydzial\/wh\/en\/wp-json\/wp\/v2\/pages\/181824"}],"collection":[{"href":"https:\/\/us.edu.pl\/wydzial\/wh\/en\/wp-json\/wp\/v2\/pages"}],"about":[{"href":"https:\/\/us.edu.pl\/wydzial\/wh\/en\/wp-json\/wp\/v2\/types\/page"}],"author":[{"embeddable":true,"href":"https:\/\/us.edu.pl\/wydzial\/wh\/en\/wp-json\/wp\/v2\/users\/1"}],"replies":[{"embeddable":true,"href":"https:\/\/us.edu.pl\/wydzial\/wh\/en\/wp-json\/wp\/v2\/comments?post=181824"}],"version-history":[{"count":0,"href":"https:\/\/us.edu.pl\/wydzial\/wh\/en\/wp-json\/wp\/v2\/pages\/181824\/revisions"}],"up":[{"embeddable":true,"href":"https:\/\/us.edu.pl\/wydzial\/wh\/en\/wp-json\/wp\/v2\/pages\/9930"}],"wp:attachment":[{"href":"https:\/\/us.edu.pl\/wydzial\/wh\/en\/wp-json\/wp\/v2\/media?parent=181824"}],"curies":[{"name":"wp","href":"https:\/\/api.w.org\/{rel}","templated":true}]}}