{"id":181837,"date":"2025-01-13T13:17:27","date_gmt":"2025-01-13T12:17:27","guid":{"rendered":"https:\/\/us.edu.pl\/wydzial\/wh\/?page_id=181837"},"modified":"2025-01-13T13:17:27","modified_gmt":"2025-01-13T12:17:27","slug":"poprzez-stulecia-jezyki-i-kultury-cuda-sw-menasa-jako-zrodlo-historyczne-utwor-literacki-i-tekst-liturgiczny","status":"publish","type":"page","link":"https:\/\/us.edu.pl\/wydzial\/wh\/en\/najwazniejsze-osiagniecia-badawcze\/poprzez-stulecia-jezyki-i-kultury-cuda-sw-menasa-jako-zrodlo-historyczne-utwor-literacki-i-tekst-liturgiczny\/","title":{"rendered":"(Polski) Poprzez stulecia, j\u0119zyki i kultury \u2013  Cuda \u015bw. Menasa jako \u017ar\u00f3d\u0142o historyczne, utw\u00f3r literacki i tekst liturgiczny"},"content":{"rendered":"<p class=\"qtranxs-available-languages-message qtranxs-available-languages-message-en\">Sorry, this entry is only available in <a href=\"https:\/\/us.edu.pl\/wydzial\/wh\/pl\/wp-json\/wp\/v2\/pages\/181837\" class=\"qtranxs-available-language-link qtranxs-available-language-link-pl\" title=\"Polski\">Polish<\/a>.<\/p>","protected":false},"excerpt":{"rendered":"<p>Sorry, this entry is only available in Polish. [&#8230;]<\/p>\n<p><a class=\"btn btn-secondary understrap-read-more-link\" href=\"https:\/\/us.edu.pl\/wydzial\/wh\/en\/najwazniejsze-osiagniecia-badawcze\/poprzez-stulecia-jezyki-i-kultury-cuda-sw-menasa-jako-zrodlo-historyczne-utwor-literacki-i-tekst-liturgiczny\/\">Read More&#8230;<\/a><\/p>\n","protected":false},"author":1,"featured_media":0,"parent":9930,"menu_order":0,"comment_status":"closed","ping_status":"closed","template":"","meta":{"_expiration-date-status":"","_expiration-date":0,"_expiration-date-type":"","_expiration-date-categories":[],"_expiration-date-options":[]},"acf":[],"_links":{"self":[{"href":"https:\/\/us.edu.pl\/wydzial\/wh\/en\/wp-json\/wp\/v2\/pages\/181837"}],"collection":[{"href":"https:\/\/us.edu.pl\/wydzial\/wh\/en\/wp-json\/wp\/v2\/pages"}],"about":[{"href":"https:\/\/us.edu.pl\/wydzial\/wh\/en\/wp-json\/wp\/v2\/types\/page"}],"author":[{"embeddable":true,"href":"https:\/\/us.edu.pl\/wydzial\/wh\/en\/wp-json\/wp\/v2\/users\/1"}],"replies":[{"embeddable":true,"href":"https:\/\/us.edu.pl\/wydzial\/wh\/en\/wp-json\/wp\/v2\/comments?post=181837"}],"version-history":[{"count":0,"href":"https:\/\/us.edu.pl\/wydzial\/wh\/en\/wp-json\/wp\/v2\/pages\/181837\/revisions"}],"up":[{"embeddable":true,"href":"https:\/\/us.edu.pl\/wydzial\/wh\/en\/wp-json\/wp\/v2\/pages\/9930"}],"wp:attachment":[{"href":"https:\/\/us.edu.pl\/wydzial\/wh\/en\/wp-json\/wp\/v2\/media?parent=181837"}],"curies":[{"name":"wp","href":"https:\/\/api.w.org\/{rel}","templated":true}]}}