{"id":185302,"date":"2025-02-25T15:14:35","date_gmt":"2025-02-25T14:14:35","guid":{"rendered":"https:\/\/us.edu.pl\/wydzial\/wh\/?page_id=185302"},"modified":"2025-02-25T15:14:35","modified_gmt":"2025-02-25T14:14:35","slug":"english-information-and-library-studies","status":"publish","type":"page","link":"https:\/\/us.edu.pl\/wydzial\/wh\/en\/admissions\/programme-catalogue\/english-information-and-library-studies\/","title":{"rendered":"Information and Library Studies"},"content":{"rendered":"<p>[vc_row el_class=&#8221;container&#8221;][vc_column width=&#8221;2\/3&#8243;][vc_custom_heading text=&#8221; Information and Library Studies&#8221; font_container=&#8221;tag:h2|text_align:left|color:%23002e5a&#8221; google_fonts=&#8221;font_family:PT%20Serif%3Aregular%2Citalic%2C700%2C700italic|font_style:400%20regular%3A400%3Anormal&#8221;][vc_separator color=&#8221;custom&#8221; border_width=&#8221;2&#8243; accent_color=&#8221;#da007a&#8221;]\r\n                <div class=\"text-modules\">\r\n                    <div class=\"container\">\r\n                        \r\n                        <div class=\"text-modules__content\"><p><span style=\"font-weight: 400;\">The <\/span><b>Information and Library Studies<\/b><span style=\"font-weight: 400;\"> degree programme prepares students to exercise professions requiring specific knowledge and skills in the organisation and course of social communication with the use of written (traditional and electronic) and non-written (audio, graphical, cartographic, audio-visual) documents, supporting or fulfilling educational, knowledge acquisition, artistic, entertainment, and compensatory needs in the lives of individuals and the society systematically striving for general progress.<\/span><\/p>\n<p><span style=\"font-weight: 400;\">During the course of studies, most of the classes attended by students take a practical form. Students also gain useful experience by participating in the operation of selected libraries while carrying out their internships at positions responsible for basic library and information processes, including direct contact with library employees and users. They raise their skills in public speaking by drawing up oral and written speeches. They also learn the basics of writing a scientific speech by collecting information sources, conducting their critique, interpreting the facts, and editing their diploma theses.<\/span><\/p>\n<p><b>Studies are conducted both full-time studies and part-time.<\/b><\/p>\n<p><b>Programme catalogue \u2013 curriculum<\/b><\/p>\n<p><b>What makes our degree programme special?<\/b><\/p>\n<p><b>\u2018Education through action. Protecting and selecting documents\u2019 <\/b><span style=\"font-weight: 400;\">is a project co-implemented by the University of Silesia in Katowice, Zag\u0142\u0119bie Museum in Bedzin, and the Silesian Library.<\/span><\/p>\n<p><span style=\"font-weight: 400;\">Thanks to a tri-party agreement between the scientific and cultural institutions, students gain practical experience in protecting paper surface documents, while selected museum pieces undergo passive and preventative conservation.<\/span><\/p>\n<p><span style=\"font-weight: 400;\">Graduates of our degree programme were often among the winners of the Librarian of the Year competition by the Polish Librarians Association.<\/span><\/p>\n<p><span style=\"font-weight: 400;\">The aim of the Competition is to present to the national library community and the general public those library employees who have distinguished themselves with exceptional achievements in a given year and are deserving of high recognition and promotion of their achievements.<\/span><\/p>\n<p><span style=\"font-weight: 400;\">The class schedule includes a specialist language class \u2013 <\/span><b>English Terminology<\/b><span style=\"font-weight: 400;\">, in which we emphasise knowledge and skills in expert terminology.<\/span><\/p>\n<p><span style=\"font-weight: 400;\">As part of specific class modules, we carry out <\/span><b>field classes<\/b><span style=\"font-weight: 400;\">, which allow students to come in direct contact with the discussed issues of book institutions (libraries, archives, museums, publishing houses) and heritage protection.<\/span><\/p>\n<p><span style=\"font-weight: 400;\">We are the only degree programme in Poland to have their own <\/span><b>Laboratory for the Preservation and Conservation of Library Collections<\/b><span style=\"font-weight: 400;\">, in which we carried out works on the protection of valuable old prints from the monastery libraries from the Jasna G\u00f3ra Monastery in Cz\u0119stochowa and Ska\u0142ka in Krak\u00f3w. Students use the laboratory for practical classes.<\/span><\/p>\n<p><span style=\"font-weight: 400;\">The <\/span><b>Laboratory of Archiving<\/b><span style=\"font-weight: 400;\"> is also at out students\u2019 disposal, in which we teach them how to carry out professional scanning, graphic design, and digital publishing. Publications digitised by students enrich the collections of the Silesian Digital Library.<\/span><\/p>\n<\/div>\r\n                    <\/div>\r\n                <\/div>[vc_separator color=&#8221;custom&#8221; border_width=&#8221;2&#8243; accent_color=&#8221;#da007a&#8221;][vc_row_inner][vc_column_inner width=&#8221;1\/2&#8243;]\r\n                <div class=\"text-modules\">\r\n                    <div class=\"container\">\r\n                        \r\n                        <div class=\"text-modules__content\"><\/p>\n<h4>Contact us:<\/h4>\n<hr \/>\n<div>\n<p>lic. Agnieszka Korczak<br \/>\ne-mail: <a href=\"mailto:agnieszka.korczak@us.edu.pl\">agnieszka.korczak@us.edu.pl<\/a><br \/>\ntel.: 32 2009 441<br \/>\nul. Uniwersytecka 4, 40-007 Katowice<br \/>\npok\u00f3j: B1.6<\/p>\n<\/div>\n<p>\n<\/div>\r\n                    <\/div>\r\n                <\/div>[\/vc_column_inner][vc_column_inner width=&#8221;1\/2&#8243;][vc_gmaps link=&#8221;#E-8_JTNDaWZyYW1lJTIwc3JjJTNEJTIyaHR0cHMlM0ElMkYlMkZ3d3cuZ29vZ2xlLmNvbSUyRm1hcHMlMkZlbWJlZCUzRnBiJTNEJTIxMW0xOCUyMTFtMTIlMjExbTMlMjExZDIzMDguMjE1MTgxMTQ1OTM0JTIxMmQxOS4wMjMwNjYzNzYwNDg2MDclMjEzZDUwLjI2MDkxOTEwMDk5MzA3JTIxMm0zJTIxMWYwJTIxMmYwJTIxM2YwJTIxM20yJTIxMWkxMDI0JTIxMmk3NjglMjE0ZjEzLjElMjEzbTMlMjExbTIlMjExczB4NDcxNmNlMzZlNmZjNjc2MSUyNTNBMHhjMDc0Zjg2ZmViMGViZTJjJTIxMnNVbml3ZXJzeXRlY2thJTI1MjA0JTI1MkMlMjUyMDQwLTAwNyUyNTIwS2F0b3dpY2UlMjE1ZTElMjEzbTIlMjExc3BsJTIxMnNwbCUyMTR2MTc0MDQ4NDg0NzE1NCUyMTVtMiUyMTFzcGwlMjEyc3BsJTIyJTIwd2lkdGglM0QlMjI2MDAlMjIlMjBoZWlnaHQlM0QlMjI0NTAlMjIlMjBzdHlsZSUzRCUyMmJvcmRlciUzQTAlM0IlMjIlMjBhbGxvd2Z1bGxzY3JlZW4lM0QlMjIlMjIlMjBsb2FkaW5nJTNEJTIybGF6eSUyMiUyMHJlZmVycmVycG9saWN5JTNEJTIybm8tcmVmZXJyZXItd2hlbi1kb3duZ3JhZGUlMjIlM0UlM0MlMkZpZnJhbWUlM0U=&#8221;][\/vc_column_inner][\/vc_row_inner][\/vc_column][vc_column width=&#8221;1\/3&#8243;][vc_custom_heading text=&#8221;1st and 2nd cycle studies&#8221; font_container=&#8221;tag:h2|text_align:center|color:%23002e5a&#8221; google_fonts=&#8221;font_family:PT%20Serif%3Aregular%2Citalic%2C700%2C700italic|font_style:400%20regular%3A400%3Anormal&#8221;][vc_separator color=&#8221;custom&#8221; border_width=&#8221;2&#8243; accent_color=&#8221;#da007a&#8221;]\r\n                <div class=\"text-modules\">\r\n                    <div class=\"container\">\r\n                        \r\n                        <div class=\"text-modules__content\"><p><img class=\"alignnone wp-image-184870 size-full\" src=\"https:\/\/us.edu.pl\/wydzial\/wh\/wp-content\/uploads\/sites\/15\/KANDYDAT\/136_WH_information-and-library-studies.jpg\" alt=\"\" width=\"1200\" height=\"1200\" srcset=\"https:\/\/us.edu.pl\/wydzial\/wh\/wp-content\/uploads\/sites\/15\/KANDYDAT\/136_WH_information-and-library-studies.jpg 1200w, https:\/\/us.edu.pl\/wydzial\/wh\/wp-content\/uploads\/sites\/15\/KANDYDAT\/136_WH_information-and-library-studies-300x300.jpg 300w, https:\/\/us.edu.pl\/wydzial\/wh\/wp-content\/uploads\/sites\/15\/KANDYDAT\/136_WH_information-and-library-studies-1024x1024.jpg 1024w, https:\/\/us.edu.pl\/wydzial\/wh\/wp-content\/uploads\/sites\/15\/KANDYDAT\/136_WH_information-and-library-studies-150x150.jpg 150w, https:\/\/us.edu.pl\/wydzial\/wh\/wp-content\/uploads\/sites\/15\/KANDYDAT\/136_WH_information-and-library-studies-768x768.jpg 768w, https:\/\/us.edu.pl\/wydzial\/wh\/wp-content\/uploads\/sites\/15\/KANDYDAT\/136_WH_information-and-library-studies-575x575.jpg 575w\" sizes=\"(max-width: 1200px) 100vw, 1200px\" \/><\/p>\n<\/div>\r\n                    <\/div>\r\n                <\/div>[\/vc_column][\/vc_row]<\/p>","protected":false},"excerpt":{"rendered":"<p>[vc_row el_class=&#8221;container&#8221;][vc_column width=&#8221;2\/3&#8243;][vc_custom_heading text=&#8221; Information and Library Studies&#8221; font_container=&#8221;tag:h2|text_align:left|color:%23002e5a&#8221; google_fonts=&#8221;font_family:PT%20Serif%3Aregular%2Citalic%2C700%2C700italic|font_style:400%20regular%3A400%3Anormal&#8221;][vc_separator color=&#8221;custom&#8221; border_width=&#8221;2&#8243; accent_color=&#8221;#da007a&#8221;][vc_separator color=&#8221;custom&#8221; border_width=&#8221;2&#8243; accent_color=&#8221;#da007a&#8221;][vc_row_inner][vc_column_inner width=&#8221;1\/2&#8243;][\/vc_column_inner][vc_column_inner width=&#8221;1\/2&#8243;][vc_gmaps link=&#8221;#E-8_JTNDaWZyYW1lJTIwc3JjJTNEJTIyaHR0cHMlM0ElMkYlMkZ3d3cuZ29vZ2xlLmNvbSUyRm1hcHMlMkZlbWJlZCUzRnBiJTNEJTIxMW0xOCUyMTFtMTIlMjExbTMlMjExZDIzMDguMjE1MTgxMTQ1OTM0JTIxMmQxOS4wMjMwNjYzNzYwNDg2MDclMjEzZDUwLjI2MDkxOTEwMDk5MzA3JTIxMm0zJTIxMWYwJTIxMmYwJTIxM2YwJTIxM20yJTIxMWkxMDI0JTIxMmk3NjglMjE0ZjEzLjElMjEzbTMlMjExbTIlMjExczB4NDcxNmNlMzZlNmZjNjc2MSUyNTNBMHhjMDc0Zjg2ZmViMGViZTJjJTIxMnNVbml3ZXJzeXRlY2thJTI1MjA0JTI1MkMlMjUyMDQwLTAwNyUyNTIwS2F0b3dpY2UlMjE1ZTElMjEzbTIlMjExc3BsJTIxMnNwbCUyMTR2MTc0MDQ4NDg0NzE1NCUyMTVtMiUyMTFzcGwlMjEyc3BsJTIyJTIwd2lkdGglM0QlMjI2MDAlMjIlMjBoZWlnaHQlM0QlMjI0NTAlMjIlMjBzdHlsZSUzRCUyMmJvcmRlciUzQTAlM0IlMjIlMjBhbGxvd2Z1bGxzY3JlZW4lM0QlMjIlMjIlMjBsb2FkaW5nJTNEJTIybGF6eSUyMiUyMHJlZmVycmVycG9saWN5JTNEJTIybm8tcmVmZXJyZXItd2hlbi1kb3duZ3JhZGUlMjIlM0UlM0MlMkZpZnJhbWUlM0U=&#8221;][\/vc_column_inner][\/vc_row_inner][\/vc_column][vc_column width=&#8221;1\/3&#8243;][vc_custom_heading text=&#8221;1st and 2nd cycle studies&#8221; font_container=&#8221;tag:h2|text_align:center|color:%23002e5a&#8221; google_fonts=&#8221;font_family:PT%20Serif%3Aregular%2Citalic%2C700%2C700italic|font_style:400%20regular%3A400%3Anormal&#8221;][vc_separator color=&#8221;custom&#8221; border_width=&#8221;2&#8243; accent_color=&#8221;#da007a&#8221;][\/vc_column][\/vc_row] [&#8230;]<\/p>\n<p><a class=\"btn btn-secondary understrap-read-more-link\" href=\"https:\/\/us.edu.pl\/wydzial\/wh\/en\/admissions\/programme-catalogue\/english-information-and-library-studies\/\">Read More&#8230;<\/a><\/p>\n","protected":false},"author":2429,"featured_media":0,"parent":183955,"menu_order":0,"comment_status":"closed","ping_status":"closed","template":"","meta":{"_expiration-date-status":"","_expiration-date":0,"_expiration-date-type":"","_expiration-date-categories":[],"_expiration-date-options":[]},"acf":[],"_links":{"self":[{"href":"https:\/\/us.edu.pl\/wydzial\/wh\/en\/wp-json\/wp\/v2\/pages\/185302"}],"collection":[{"href":"https:\/\/us.edu.pl\/wydzial\/wh\/en\/wp-json\/wp\/v2\/pages"}],"about":[{"href":"https:\/\/us.edu.pl\/wydzial\/wh\/en\/wp-json\/wp\/v2\/types\/page"}],"author":[{"embeddable":true,"href":"https:\/\/us.edu.pl\/wydzial\/wh\/en\/wp-json\/wp\/v2\/users\/2429"}],"replies":[{"embeddable":true,"href":"https:\/\/us.edu.pl\/wydzial\/wh\/en\/wp-json\/wp\/v2\/comments?post=185302"}],"version-history":[{"count":1,"href":"https:\/\/us.edu.pl\/wydzial\/wh\/en\/wp-json\/wp\/v2\/pages\/185302\/revisions"}],"predecessor-version":[{"id":185307,"href":"https:\/\/us.edu.pl\/wydzial\/wh\/en\/wp-json\/wp\/v2\/pages\/185302\/revisions\/185307"}],"up":[{"embeddable":true,"href":"https:\/\/us.edu.pl\/wydzial\/wh\/en\/wp-json\/wp\/v2\/pages\/183955"}],"wp:attachment":[{"href":"https:\/\/us.edu.pl\/wydzial\/wh\/en\/wp-json\/wp\/v2\/media?parent=185302"}],"curies":[{"name":"wp","href":"https:\/\/api.w.org\/{rel}","templated":true}]}}