{"id":332,"date":"2019-10-03T11:03:39","date_gmt":"2019-10-03T09:03:39","guid":{"rendered":"https:\/\/us.edu.pl\/wydzial\/wh\/?page_id=332"},"modified":"2019-10-03T11:09:47","modified_gmt":"2019-10-03T09:09:47","slug":"miedzy-interakcja-a-innowacja-kreowanie-przestrzeni-komunikacyjnej-w-swiecie-cyfrowym","status":"publish","type":"page","link":"https:\/\/us.edu.pl\/wydzial\/wh\/en\/innowacje-dydaktyczne\/miedzy-interakcja-a-innowacja-kreowanie-przestrzeni-komunikacyjnej-w-swiecie-cyfrowym\/","title":{"rendered":"(Polski) Mi\u0119dzy interakcj\u0105 a innowacj\u0105 \u2013 kreowanie przestrzeni komunikacyjnej w \u015bwiecie cyfrowym"},"content":{"rendered":"<p class=\"qtranxs-available-languages-message qtranxs-available-languages-message-en\">Sorry, this entry is only available in <a href=\"https:\/\/us.edu.pl\/wydzial\/wh\/pl\/wp-json\/wp\/v2\/pages\/332\" class=\"qtranxs-available-language-link qtranxs-available-language-link-pl\" title=\"Polski\">Polish<\/a>.<\/p>","protected":false},"excerpt":{"rendered":"<p>Sorry, this entry is only available in Polish. [&#8230;]<\/p>\n<p><a class=\"btn btn-secondary understrap-read-more-link\" href=\"https:\/\/us.edu.pl\/wydzial\/wh\/en\/innowacje-dydaktyczne\/miedzy-interakcja-a-innowacja-kreowanie-przestrzeni-komunikacyjnej-w-swiecie-cyfrowym\/\">Read More&#8230;<\/a><\/p>\n","protected":false},"author":1,"featured_media":0,"parent":241,"menu_order":2,"comment_status":"closed","ping_status":"closed","template":"page-templates\/inner-page.php","meta":{"_expiration-date-status":"","_expiration-date":0,"_expiration-date-type":"","_expiration-date-categories":[],"_expiration-date-options":[]},"acf":[],"_links":{"self":[{"href":"https:\/\/us.edu.pl\/wydzial\/wh\/en\/wp-json\/wp\/v2\/pages\/332"}],"collection":[{"href":"https:\/\/us.edu.pl\/wydzial\/wh\/en\/wp-json\/wp\/v2\/pages"}],"about":[{"href":"https:\/\/us.edu.pl\/wydzial\/wh\/en\/wp-json\/wp\/v2\/types\/page"}],"author":[{"embeddable":true,"href":"https:\/\/us.edu.pl\/wydzial\/wh\/en\/wp-json\/wp\/v2\/users\/1"}],"replies":[{"embeddable":true,"href":"https:\/\/us.edu.pl\/wydzial\/wh\/en\/wp-json\/wp\/v2\/comments?post=332"}],"version-history":[{"count":1,"href":"https:\/\/us.edu.pl\/wydzial\/wh\/en\/wp-json\/wp\/v2\/pages\/332\/revisions"}],"predecessor-version":[{"id":333,"href":"https:\/\/us.edu.pl\/wydzial\/wh\/en\/wp-json\/wp\/v2\/pages\/332\/revisions\/333"}],"up":[{"embeddable":true,"href":"https:\/\/us.edu.pl\/wydzial\/wh\/en\/wp-json\/wp\/v2\/pages\/241"}],"wp:attachment":[{"href":"https:\/\/us.edu.pl\/wydzial\/wh\/en\/wp-json\/wp\/v2\/media?parent=332"}],"curies":[{"name":"wp","href":"https:\/\/api.w.org\/{rel}","templated":true}]}}