{"id":9320,"date":"2021-01-21T16:32:49","date_gmt":"2021-01-21T15:32:49","guid":{"rendered":"https:\/\/us.edu.pl\/wydzial\/wh\/?page_id=9320"},"modified":"2024-08-09T12:34:14","modified_gmt":"2024-08-09T10:34:14","slug":"wspolpraca-z-zagranica","status":"publish","type":"page","link":"https:\/\/us.edu.pl\/wydzial\/wh\/en\/kierunki-studiow\/msp\/wspolpraca-z-otoczeniem\/wspolpraca-z-zagranica\/","title":{"rendered":"(Polski) Wsp\u00f3\u0142praca z zagranic\u0105"},"content":{"rendered":"<p>[\/vc_column_text][\/vc_column][\/vc_row][vc_row][vc_column][vc_column_text][\/vc_column_text][\/vc_column][\/vc_row][vc_row][vc_column][vc_column_text][\/vc_column_text][\/vc_column][\/vc_row][\/vc_column_text][\/vc_column][\/vc_row][vc_row][vc_column][vc_column_text][\/vc_column_text][\/vc_column][\/vc_row][\/vc_column_text][\/vc_column][\/vc_row][\/vc_column_text][\/vc_column][\/vc_row][vc_row][vc_column][vc_column_text][\/vc_column_text][\/vc_column][\/vc_row][vc_row][vc_column][vc_column_text][\/vc_column_text][\/vc_column][\/vc_row][\/vc_column_text][\/vc_column][\/vc_row][vc_row][vc_column][vc_column_text][\/vc_column_text][\/vc_column][\/vc_row][\/vc_column_text][\/vc_column][\/vc_row]<\/p>","protected":false},"excerpt":{"rendered":"<p>[\/vc_column_text][\/vc_column][\/vc_row][vc_row][vc_column][vc_column_text][\/vc_column_text][\/vc_column][\/vc_row][vc_row][vc_column][vc_column_text][\/vc_column_text][\/vc_column][\/vc_row][\/vc_column_text][\/vc_column][\/vc_row][vc_row][vc_column][vc_column_text][\/vc_column_text][\/vc_column][\/vc_row][\/vc_column_text][\/vc_column][\/vc_row][\/vc_column_text][\/vc_column][\/vc_row][vc_row][vc_column][vc_column_text][\/vc_column_text][\/vc_column][\/vc_row][vc_row][vc_column][vc_column_text][\/vc_column_text][\/vc_column][\/vc_row][\/vc_column_text][\/vc_column][\/vc_row][vc_row][vc_column][vc_column_text][\/vc_column_text][\/vc_column][\/vc_row][\/vc_column_text][\/vc_column][\/vc_row] [&#8230;]<\/p>\n<p><a class=\"btn btn-secondary understrap-read-more-link\" href=\"https:\/\/us.edu.pl\/wydzial\/wh\/en\/kierunki-studiow\/msp\/wspolpraca-z-otoczeniem\/wspolpraca-z-zagranica\/\">Read More&#8230;<\/a><\/p>\n","protected":false},"author":1,"featured_media":0,"parent":9007,"menu_order":0,"comment_status":"closed","ping_status":"closed","template":"","meta":{"_expiration-date-status":"","_expiration-date":0,"_expiration-date-type":"","_expiration-date-categories":[],"_expiration-date-options":[]},"acf":[],"_links":{"self":[{"href":"https:\/\/us.edu.pl\/wydzial\/wh\/en\/wp-json\/wp\/v2\/pages\/9320"}],"collection":[{"href":"https:\/\/us.edu.pl\/wydzial\/wh\/en\/wp-json\/wp\/v2\/pages"}],"about":[{"href":"https:\/\/us.edu.pl\/wydzial\/wh\/en\/wp-json\/wp\/v2\/types\/page"}],"author":[{"embeddable":true,"href":"https:\/\/us.edu.pl\/wydzial\/wh\/en\/wp-json\/wp\/v2\/users\/1"}],"replies":[{"embeddable":true,"href":"https:\/\/us.edu.pl\/wydzial\/wh\/en\/wp-json\/wp\/v2\/comments?post=9320"}],"version-history":[{"count":0,"href":"https:\/\/us.edu.pl\/wydzial\/wh\/en\/wp-json\/wp\/v2\/pages\/9320\/revisions"}],"up":[{"embeddable":true,"href":"https:\/\/us.edu.pl\/wydzial\/wh\/en\/wp-json\/wp\/v2\/pages\/9007"}],"wp:attachment":[{"href":"https:\/\/us.edu.pl\/wydzial\/wh\/en\/wp-json\/wp\/v2\/media?parent=9320"}],"curies":[{"name":"wp","href":"https:\/\/api.w.org\/{rel}","templated":true}]}}