{"id":1010,"date":"2019-10-06T12:59:35","date_gmt":"2019-10-06T10:59:35","guid":{"rendered":"https:\/\/us.edu.pl\/wydzial\/wh\/?page_id=1010"},"modified":"2019-10-11T11:36:51","modified_gmt":"2019-10-11T09:36:51","slug":"regulaminy","status":"publish","type":"page","link":"https:\/\/us.edu.pl\/wydzial\/wh\/kierunki-studiow\/regulaminy\/","title":{"rendered":"Regulaminy"},"content":{"rendered":"<p><\/p>\n<ul>\n<li><a href=\"http:\/\/bip.us.edu.pl\/regulamin\/regulamin-studiow-2017\">Regulamin studi\u00f3w w\u00a0Uniwersytecie \u015al\u0105skim obowi\u0105zuj\u0105cy od\u00a0pa\u017adziernika 2017\u00a0roku<\/a><\/li>\n<li>Regulamin dyplomowania na Wydziale Humanistycznym:<\/li>\n<\/ul>\n<p>\u2192\u00a0<a href=\"https:\/\/us.edu.pl\/wydzial\/wh\/wp-content\/uploads\/sites\/15\/Nieprzypisane\/regulamin_dyplomowania_WF.pdf\" class=\"mtli_attachment mtli_pdf\" data-mtli=\"mtli_filesize381,52kB\">tre\u015b\u0107 dokumentu<\/a> (skan pdf, 382 kB)<br \/>\n\u2192\u00a0<a href=\"https:\/\/us.edu.pl\/wydzial\/wh\/wp-content\/uploads\/sites\/15\/Nieprzypisane\/Regulamin-dyplomowania_WF.doc\" class=\"mtli_attachment mtli_doc\" data-mtli=\"mtli_filesize36,00kB\">tre\u015b\u0107 dokumentu<\/a> (doc, 36 kB)<\/p>\n<style type=\"text\/css\">a[data-mtli~=\"mtli_filesize381,52kB\"]:after {content:\" (381,52 kB)\"}a[data-mtli~=\"mtli_filesize36,00kB\"]:after {content:\" (36,00 kB)\"}<\/style>","protected":false},"excerpt":{"rendered":"<p>Regulamin studi\u00f3w w\u00a0Uniwersytecie \u015al\u0105skim obowi\u0105zuj\u0105cy od\u00a0pa\u017adziernika 2017\u00a0roku Regulamin dyplomowania na Wydziale Humanistycznym: \u2192\u00a0tre\u015b\u0107 dokumentu (skan pdf, 382 kB) \u2192\u00a0tre\u015b\u0107 dokumentu (doc, 36 kB) [&#8230;]<\/p>\n<p><a class=\"btn btn-secondary understrap-read-more-link\" href=\"https:\/\/us.edu.pl\/wydzial\/wh\/kierunki-studiow\/regulaminy\/\">Read More&#8230;<\/a><\/p>\n","protected":false},"author":32,"featured_media":0,"parent":997,"menu_order":0,"comment_status":"closed","ping_status":"closed","template":"","meta":{"_expiration-date-status":"","_expiration-date":0,"_expiration-date-type":"","_expiration-date-categories":[],"_expiration-date-options":[]},"acf":[],"_links":{"self":[{"href":"https:\/\/us.edu.pl\/wydzial\/wh\/wp-json\/wp\/v2\/pages\/1010"}],"collection":[{"href":"https:\/\/us.edu.pl\/wydzial\/wh\/wp-json\/wp\/v2\/pages"}],"about":[{"href":"https:\/\/us.edu.pl\/wydzial\/wh\/wp-json\/wp\/v2\/types\/page"}],"author":[{"embeddable":true,"href":"https:\/\/us.edu.pl\/wydzial\/wh\/wp-json\/wp\/v2\/users\/32"}],"replies":[{"embeddable":true,"href":"https:\/\/us.edu.pl\/wydzial\/wh\/wp-json\/wp\/v2\/comments?post=1010"}],"version-history":[{"count":2,"href":"https:\/\/us.edu.pl\/wydzial\/wh\/wp-json\/wp\/v2\/pages\/1010\/revisions"}],"predecessor-version":[{"id":1014,"href":"https:\/\/us.edu.pl\/wydzial\/wh\/wp-json\/wp\/v2\/pages\/1010\/revisions\/1014"}],"up":[{"embeddable":true,"href":"https:\/\/us.edu.pl\/wydzial\/wh\/wp-json\/wp\/v2\/pages\/997"}],"wp:attachment":[{"href":"https:\/\/us.edu.pl\/wydzial\/wh\/wp-json\/wp\/v2\/media?parent=1010"}],"curies":[{"name":"wp","href":"https:\/\/api.w.org\/{rel}","templated":true}]}}