{"id":10318,"date":"2021-02-12T14:59:13","date_gmt":"2021-02-12T13:59:13","guid":{"rendered":"https:\/\/us.edu.pl\/wydzial\/wh\/?page_id=10318"},"modified":"2021-02-12T14:59:13","modified_gmt":"2021-02-12T13:59:13","slug":"prof-dr-hab-przemyslaw-marciniak-w-strone-bizantynskiej-zoopoetyki-ludzie-i-zwierzeta-w-bizancjum-x-xii-wiek","status":"publish","type":"page","link":"https:\/\/us.edu.pl\/wydzial\/wh\/en\/najwazniejsze-osiagniecia-badawcze\/prof-dr-hab-przemyslaw-marciniak-w-strone-bizantynskiej-zoopoetyki-ludzie-i-zwierzeta-w-bizancjum-x-xii-wiek\/","title":{"rendered":"(Polski) prof. dr hab. Przemys\u0142aw Marciniak &#8211; &#8220;W stron\u0119 bizanty\u0144skiej zoopoetyki. Ludzie i zwierz\u0119ta w Bizancjum (X\u2013XII wiek)&#8221;"},"content":{"rendered":"<p class=\"qtranxs-available-languages-message qtranxs-available-languages-message-en\">Sorry, this entry is only available in <a href=\"https:\/\/us.edu.pl\/wydzial\/wh\/pl\/wp-json\/wp\/v2\/pages\/10318\" class=\"qtranxs-available-language-link qtranxs-available-language-link-pl\" title=\"Polski\">Polish<\/a>.<\/p>","protected":false},"excerpt":{"rendered":"<p>Sorry, this entry is only available in Polish. [&#8230;]<\/p>\n<p><a class=\"btn btn-secondary understrap-read-more-link\" href=\"https:\/\/us.edu.pl\/wydzial\/wh\/en\/najwazniejsze-osiagniecia-badawcze\/prof-dr-hab-przemyslaw-marciniak-w-strone-bizantynskiej-zoopoetyki-ludzie-i-zwierzeta-w-bizancjum-x-xii-wiek\/\">Read More&#8230;<\/a><\/p>\n","protected":false},"author":1,"featured_media":0,"parent":9930,"menu_order":0,"comment_status":"closed","ping_status":"closed","template":"","meta":{"_expiration-date-status":"saved","_expiration-date":0,"_expiration-date-type":"","_expiration-date-categories":[],"_expiration-date-options":[]},"acf":[],"_links":{"self":[{"href":"https:\/\/us.edu.pl\/wydzial\/wh\/en\/wp-json\/wp\/v2\/pages\/10318"}],"collection":[{"href":"https:\/\/us.edu.pl\/wydzial\/wh\/en\/wp-json\/wp\/v2\/pages"}],"about":[{"href":"https:\/\/us.edu.pl\/wydzial\/wh\/en\/wp-json\/wp\/v2\/types\/page"}],"author":[{"embeddable":true,"href":"https:\/\/us.edu.pl\/wydzial\/wh\/en\/wp-json\/wp\/v2\/users\/1"}],"replies":[{"embeddable":true,"href":"https:\/\/us.edu.pl\/wydzial\/wh\/en\/wp-json\/wp\/v2\/comments?post=10318"}],"version-history":[{"count":0,"href":"https:\/\/us.edu.pl\/wydzial\/wh\/en\/wp-json\/wp\/v2\/pages\/10318\/revisions"}],"up":[{"embeddable":true,"href":"https:\/\/us.edu.pl\/wydzial\/wh\/en\/wp-json\/wp\/v2\/pages\/9930"}],"wp:attachment":[{"href":"https:\/\/us.edu.pl\/wydzial\/wh\/en\/wp-json\/wp\/v2\/media?parent=10318"}],"curies":[{"name":"wp","href":"https:\/\/api.w.org\/{rel}","templated":true}]}}