{"id":10607,"date":"2021-02-18T10:17:36","date_gmt":"2021-02-18T09:17:36","guid":{"rendered":"https:\/\/us.edu.pl\/wydzial\/wh\/?page_id=10607"},"modified":"2021-02-18T10:17:36","modified_gmt":"2021-02-18T09:17:36","slug":"dr-hab-magdalena-bartlomiejczyk-prof-us-ile-halasu-mozna-zrobic-za-posrednictwem-tlumacza","status":"publish","type":"page","link":"https:\/\/us.edu.pl\/wydzial\/wh\/en\/najwazniejsze-osiagniecia-badawcze\/dr-hab-magdalena-bartlomiejczyk-prof-us-ile-halasu-mozna-zrobic-za-posrednictwem-tlumacza\/","title":{"rendered":"(Polski) dr hab. Magdalena Bart\u0142omiejczyk, prof. U\u015a &#8211; Ile ha\u0142asu mo\u017cna zrobi\u0107 za po\u015brednictwem t\u0142umacza?"},"content":{"rendered":"<p class=\"qtranxs-available-languages-message qtranxs-available-languages-message-en\">Sorry, this entry is only available in <a href=\"https:\/\/us.edu.pl\/wydzial\/wh\/pl\/wp-json\/wp\/v2\/pages\/10607\" class=\"qtranxs-available-language-link qtranxs-available-language-link-pl\" title=\"Polski\">Polish<\/a>.<\/p>","protected":false},"excerpt":{"rendered":"<p>Sorry, this entry is only available in Polish. [&#8230;]<\/p>\n<p><a class=\"btn btn-secondary understrap-read-more-link\" href=\"https:\/\/us.edu.pl\/wydzial\/wh\/en\/najwazniejsze-osiagniecia-badawcze\/dr-hab-magdalena-bartlomiejczyk-prof-us-ile-halasu-mozna-zrobic-za-posrednictwem-tlumacza\/\">Read More&#8230;<\/a><\/p>\n","protected":false},"author":1,"featured_media":0,"parent":9930,"menu_order":0,"comment_status":"closed","ping_status":"closed","template":"","meta":{"_expiration-date-status":"saved","_expiration-date":0,"_expiration-date-type":"","_expiration-date-categories":[],"_expiration-date-options":[]},"acf":[],"_links":{"self":[{"href":"https:\/\/us.edu.pl\/wydzial\/wh\/en\/wp-json\/wp\/v2\/pages\/10607"}],"collection":[{"href":"https:\/\/us.edu.pl\/wydzial\/wh\/en\/wp-json\/wp\/v2\/pages"}],"about":[{"href":"https:\/\/us.edu.pl\/wydzial\/wh\/en\/wp-json\/wp\/v2\/types\/page"}],"author":[{"embeddable":true,"href":"https:\/\/us.edu.pl\/wydzial\/wh\/en\/wp-json\/wp\/v2\/users\/1"}],"replies":[{"embeddable":true,"href":"https:\/\/us.edu.pl\/wydzial\/wh\/en\/wp-json\/wp\/v2\/comments?post=10607"}],"version-history":[{"count":0,"href":"https:\/\/us.edu.pl\/wydzial\/wh\/en\/wp-json\/wp\/v2\/pages\/10607\/revisions"}],"up":[{"embeddable":true,"href":"https:\/\/us.edu.pl\/wydzial\/wh\/en\/wp-json\/wp\/v2\/pages\/9930"}],"wp:attachment":[{"href":"https:\/\/us.edu.pl\/wydzial\/wh\/en\/wp-json\/wp\/v2\/media?parent=10607"}],"curies":[{"name":"wp","href":"https:\/\/api.w.org\/{rel}","templated":true}]}}