{"id":118,"date":"2019-10-02T13:30:49","date_gmt":"2019-10-02T11:30:49","guid":{"rendered":"https:\/\/us.edu.pl\/wydzial\/wh\/?page_id=118"},"modified":"2026-05-12T10:43:50","modified_gmt":"2026-05-12T08:43:50","slug":"dziekan-i-prodziekani","status":"publish","type":"page","link":"https:\/\/us.edu.pl\/wydzial\/wh\/strona-glowna\/dziekan-i-prodziekani\/","title":{"rendered":"Dziekan i prodziekani"},"content":{"rendered":"<p>[vc_row el_class=&#8221;container&#8221;][vc_column el_class=&#8221;container&#8221;]\r\n                <div class=\"text-modules reverse\">\r\n                    <div class=\"container\">\r\n                        <h3 class=\"section-title section-title_border-bottom\">Dziekan Wydzia\u0142u Humanistycznego<\/h3> \r\n                        <div class=\"row m-0\">\r\n                            <div class=\"text-modules__content\">\r\n                                <\/p>\n<h4>prof. dr hab. Adam Dziadek<\/h4>\n<p><span style=\"font-size: 12pt;\">e-mail: <a href=\"mailto:adam.dziadek@us.edu.pl\">adam.dziadek@us.edu.pl<\/a><\/span><\/p>\n<p><span style=\"font-size: 12pt;\">Katowice, ul. Uniwersytecka 4, pok. B1.14<br \/>\n<\/span><span style=\"font-size: 12pt;\">tel.: 32 2009 263 | 32 2009 267<br \/>\n<\/span><span style=\"font-size: 12pt;\"><strong>DY\u017bURY: <\/strong><\/span><span style=\"font-size: 12pt;\">\u015brody od 9:00 do 11:00<\/span><\/p>\n<p>&nbsp;<\/p>\n<p><span style=\"font-size: 12pt;\">Sosnowiec, ul. Grota-Roweckiego 5, pok. 1.8<\/span><br \/>\n<span style=\"font-size: 12pt;\">tel.: 32 364 08 28<br \/>\n<\/span><span style=\"font-size: 12pt;\"><strong>DY\u017bURY:<br \/>\n<\/strong><\/span><span style=\"font-size: 12pt;\">\u015broda od 9:30 do 11:00 <span style=\"font-size: 10pt;\">(pierwsza \u015broda miesi\u0105ca)<br \/>\n<\/span><\/span><span style=\"font-size: 12pt;\">czwartek od 9:30 do 11:00 <span style=\"font-size: 10pt;\">(za wyj\u0105tkiem pierwszego czwartku miesi\u0105ca)<br \/>\n<\/span><\/span><\/p>\n<div class=\"mt-3\"><\/div>\r\n                            <\/div>\r\n                            \r\n                            <div class=\"text-modules__img\"><img src=\"https:\/\/us.edu.pl\/wydzial\/wh\/wp-content\/uploads\/sites\/15\/Nieprzypisane\/prof.-dr-hab.-Adam-Dziadek-225x300.jpg\" alt=\"img\"><\/div>\r\n                        <\/div>\r\n                    <\/div>\r\n                <\/div>[\/vc_column][\/vc_row][vc_row][vc_column]\r\n                <div class=\"text-modules reverse\">\r\n                    <div class=\"container\">\r\n                        <h3 class=\"section-title section-title_border-bottom\">Prodziekan ds. bada\u0144 naukowych<\/h3> \r\n                        <div class=\"row m-0\">\r\n                            <div class=\"text-modules__content\">\r\n                                <\/p>\n<h4>prof. dr hab. Leszek Drong<\/h4>\n<p><span style=\"font-size: 12pt;\">e-mail: <a href=\"mailto:leszek.drong@us.edu.pl\">leszek.drong@us.edu.pl<\/a><\/span><\/p>\n<p><span style=\"font-size: 12pt;\">Katowice, ul. Uniwersytecka 4, pok. B1.20<br \/>\n<\/span><span style=\"font-size: 12pt;\">tel.: 32 2009 221<br \/>\n<\/span><span style=\"font-size: 12pt;\"><strong>DY\u017bURY: <\/strong><\/span>czwartek 13:00-14:00<\/p>\n<p>&nbsp;<\/p>\n<p><span style=\"font-size: 12pt;\">Sosnowiec, ul. Grota-Roweckiego 5, pok. 1.6<br \/>\n<\/span><span style=\"font-size: 12pt;\"><strong>DY\u017bURY: <\/strong><\/span>\u015broda 13:00-14:00 \r\n                                <div class=\"mt-3\"><\/div>\r\n                            <\/div>\r\n                            \r\n                            <div class=\"text-modules__img\"><img src=\"https:\/\/us.edu.pl\/wydzial\/wh\/wp-content\/uploads\/sites\/15\/Nieprzypisane\/dr-hab.-Leszek-Drong-prof.-U\u015a-214x300.jpg\" alt=\"img\"><\/div>\r\n                        <\/div>\r\n                    <\/div>\r\n                <\/div>[\/vc_column][\/vc_row][vc_row][vc_column]\r\n                <div class=\"text-modules reverse\">\r\n                    <div class=\"container\">\r\n                        <h3 class=\"section-title section-title_border-bottom\">Prodziekan ds. studenckich i kszta\u0142cenia - Katowice<\/h3> \r\n                        <div class=\"row m-0\">\r\n                            <div class=\"text-modules__content\">\r\n                                <\/p>\n<h4>dr hab. Anna Ka\u0142u\u017ca, prof. U\u015a<\/h4>\n<p><span style=\"font-size: 12pt;\">e-mail: <a href=\"mailto:anna.kaluza@us.edu.pl\">anna.kaluza@us.edu.pl<\/a><br \/>\n<\/span><\/p>\n<p><span style=\"font-size: 12pt;\">Katowice, ul. Uniwersytecka 4, pok. B1.19<br \/>\n<\/span><span style=\"font-size: 12pt;\">tel.: 32 2009 267<br \/>\n<\/span><span style=\"font-size: 12pt;\"><strong>DY\u017bURY:<\/strong> \u015brody 11:00-12:30 (stacjonarnie)<\/span><\/p>\n<div class=\"mt-3\"><\/div>\r\n                            <\/div>\r\n                            \r\n                            <div class=\"text-modules__img\"><img src=\"https:\/\/us.edu.pl\/wydzial\/wh\/wp-content\/uploads\/sites\/15\/Nieprzypisane\/dr-hab.-Anna-Ka\u0142u\u017ca-prof.-U\u015a-225x300.jpg\" alt=\"img\"><\/div>\r\n                        <\/div>\r\n                    <\/div>\r\n                <\/div>[\/vc_column][\/vc_row][vc_row][vc_column]\r\n                <div class=\"text-modules reverse\">\r\n                    <div class=\"container\">\r\n                        <h3 class=\"section-title section-title_border-bottom\">Prodziekan ds. studenckich i kszta\u0142cenia - Sosnowiec<\/h3> \r\n                        <div class=\"row m-0\">\r\n                            <div class=\"text-modules__content\">\r\n                                <\/p>\n<h4>prof. dr hab. Renata Dampc-Jarosz<\/h4>\n<p>e-mail:\u00a0<a href=\"mailto:renata.dampc-jarosz@us.edu.pl\">renata.dampc-jarosz@us.edu.pl<\/a><\/p>\n<p>Sosnowiec, ul. Grota-Roweckiego 5, pok. 1.9<br \/>\ntel.: 32 364 08 28 \/ 32 364 08 07<\/p>\n<p><strong>DY\u017bURY: <\/strong>\u015b<span style=\"color: #000000;\">rody 9:00-11:00<\/span><\/p>\n<p><span style=\"color: #ff0000;\"><strong>Dy\u017cur dnia <u>13 maja 2026 roku (\u015broda)<\/u> odwo\u0142any.<\/strong><\/span><\/p>\n<p><span style=\"color: #ff0000;\"><strong>Mo\u017cliwy kontakt z Pani\u0105 Prodziekan przez aplikacj\u0119 Microsoft Teams.<\/strong><\/span> \r\n                                <div class=\"mt-3\"><\/div>\r\n                            <\/div>\r\n                            \r\n                            <div class=\"text-modules__img\"><img src=\"https:\/\/us.edu.pl\/wydzial\/wh\/wp-content\/uploads\/sites\/15\/Nieprzypisane\/dr-hab.-Renata-Dampc-Jarosz-prof.-U\u015a-228x300.jpg\" alt=\"img\"><\/div>\r\n                        <\/div>\r\n                    <\/div>\r\n                <\/div>[\/vc_column][\/vc_row][vc_row el_class=&#8221;container&#8221;][\/vc_row][vc_column][\/vc_column]\r\n                <div class=\"text-modules reverse\">\r\n                    <div class=\"container\">\r\n                        <h3 class=\"section-title section-title_border-bottom\">Prodziekan ds. rozwoju<\/h3> \r\n                        <div class=\"row m-0\">\r\n                            <div class=\"text-modules__content\">\r\n                                <\/p>\n<h4>dr hab. Lucyna Sadzikowska, prof. U\u015a<\/h4>\n<p>e-mail:\u00a0<a href=\"mailto:lucyna.sadzikowska@us.edu.pl\">lucyna.sadzikowska@us.edu.pl<\/a><\/p>\n<p>Katowice, ul. Uniwersytecka 4, pok. B1.23<br \/>\ntel.: 32 2009 229<\/p>\n<p><strong>DY\u017bURY: <\/strong>czwartki 13:00 &#8211; 14:00 \r\n                                <div class=\"mt-3\"><\/div>\r\n                            <\/div>\r\n                            \r\n                            <div class=\"text-modules__img\"><img src=\"https:\/\/us.edu.pl\/wydzial\/wh\/wp-content\/uploads\/sites\/15\/Nieprzypisane\/dr-hab.-Lucyna-Sadzikowska-prof.-U\u015a-225x300.jpg\" alt=\"img\"><\/div>\r\n                        <\/div>\r\n                    <\/div>\r\n                <\/div><\/p>","protected":false},"excerpt":{"rendered":"<p>[vc_row el_class=&#8221;container&#8221;][vc_column el_class=&#8221;container&#8221;][\/vc_column][\/vc_row][vc_row][vc_column][\/vc_column][\/vc_row][vc_row][vc_column][\/vc_column][\/vc_row][vc_row][vc_column][\/vc_column][\/vc_row][vc_row el_class=&#8221;container&#8221;][\/vc_row][vc_column][\/vc_column] [&#8230;]<\/p>\n<p><a class=\"btn btn-secondary understrap-read-more-link\" href=\"https:\/\/us.edu.pl\/wydzial\/wh\/strona-glowna\/dziekan-i-prodziekani\/\">Read More&#8230;<\/a><\/p>\n","protected":false},"author":1,"featured_media":0,"parent":106,"menu_order":0,"comment_status":"closed","ping_status":"closed","template":"","meta":{"_expiration-date-status":"","_expiration-date":0,"_expiration-date-type":"","_expiration-date-categories":[],"_expiration-date-options":[]},"acf":[],"_links":{"self":[{"href":"https:\/\/us.edu.pl\/wydzial\/wh\/wp-json\/wp\/v2\/pages\/118"}],"collection":[{"href":"https:\/\/us.edu.pl\/wydzial\/wh\/wp-json\/wp\/v2\/pages"}],"about":[{"href":"https:\/\/us.edu.pl\/wydzial\/wh\/wp-json\/wp\/v2\/types\/page"}],"author":[{"embeddable":true,"href":"https:\/\/us.edu.pl\/wydzial\/wh\/wp-json\/wp\/v2\/users\/1"}],"replies":[{"embeddable":true,"href":"https:\/\/us.edu.pl\/wydzial\/wh\/wp-json\/wp\/v2\/comments?post=118"}],"version-history":[{"count":17,"href":"https:\/\/us.edu.pl\/wydzial\/wh\/wp-json\/wp\/v2\/pages\/118\/revisions"}],"predecessor-version":[{"id":197313,"href":"https:\/\/us.edu.pl\/wydzial\/wh\/wp-json\/wp\/v2\/pages\/118\/revisions\/197313"}],"up":[{"embeddable":true,"href":"https:\/\/us.edu.pl\/wydzial\/wh\/wp-json\/wp\/v2\/pages\/106"}],"wp:attachment":[{"href":"https:\/\/us.edu.pl\/wydzial\/wh\/wp-json\/wp\/v2\/media?parent=118"}],"curies":[{"name":"wp","href":"https:\/\/api.w.org\/{rel}","templated":true}]}}