{"id":11969,"date":"2021-04-14T08:12:11","date_gmt":"2021-04-14T06:12:11","guid":{"rendered":"https:\/\/us.edu.pl\/wydzial\/wh\/?page_id=11969"},"modified":"2026-04-10T14:56:51","modified_gmt":"2026-04-10T12:56:51","slug":"egzamin-certyfikowany-z-jezyka-czeskiego","status":"publish","type":"page","link":"https:\/\/us.edu.pl\/wydzial\/wh\/kierunki-studiow\/filologia-slowianska\/wspolpraca-z-otoczeniem\/egzamin-certyfikowany-z-jezyka-czeskiego\/","title":{"rendered":"Egzamin certyfikowany z j\u0119zyka czeskiego"},"content":{"rendered":"<p>[vc_row el_class=&#8221;container&#8221;][vc_column width=&#8221;2\/3&#8243;][vc_custom_heading text=&#8221;CCE \u2013 Certyfikowany egzamin z j\u0119zyka czeskiego&#8221; font_container=&#8221;tag:h2|text_align:center|color:%23002e5a&#8221; google_fonts=&#8221;font_family:PT%20Sans%3Aregular%2Citalic%2C700%2C700italic|font_style:400%20regular%3A400%3Anormal&#8221;][vc_separator color=&#8221;custom&#8221; accent_color=&#8221;#0095db&#8221;][\/vc_column][vc_column width=&#8221;1\/3&#8243;][\/vc_column][\/vc_row][vc_row el_class=&#8221;container&#8221;][vc_column width=&#8221;2\/3&#8243;]\r\n                <div class=\"text-modules\">\r\n                    <div class=\"container\">\r\n                        \r\n                        <div class=\"text-modules__content\"><p>Egzamin CCE sprawdza poziom kompetencji j\u0119zykowych na poziomach A1 \u2013 C1 zgodnie ze <a href=\"https:\/\/rm.coe.int\/cefr-companion-volume-with-new-descriptors-2018\/1680787989\">Wsp\u00f3lnym Europejskim Systemem Opisu Kszta\u0142cenia J\u0119zykowego (Companion Volume 2018)<\/a>. Egzamin spe\u0142nia <u><a href=\"https:\/\/alte.wildapricot.org\/Setting-Standards\">17 minimalnych standard\u00f3w jako\u015bci<\/a><\/u>\u00a0mi\u0119dzynarodowej organizacji\u00a0<a href=\"http:\/\/www.alte.org\/\">ALTE\u00a0<\/a> i otrzyma\u0142 znak jako\u015bci Q przyznawany egzaminom, kt\u00f3re pomy\u015blnie przesz\u0142y audyt.<\/p>\n<p>Uniwersytet \u015al\u0105ski w Katowicach od roku 2014 posiada uprawnienia do organizacji i przeprowadzania na Wydziale Humanistycznym U\u015a certyfikowanych egzamin\u00f3w z j\u0119zyka czeskiego (CCE).<\/p>\n<p><strong>\u00a0<\/strong><\/p>\n<h4><span style=\"color: #0095db;\">Kto certyfikuje?<\/span><\/h4>\n<hr \/>\n<p>Jednostk\u0105 certyfikuj\u0105c\u0105 jest Uniwersytet Karola w Pradze za po\u015brednictwem swojej dedykowanej jednostki certyfikuj\u0105cej, kt\u00f3r\u0105 jest \u00dastav jazykov\u00e9 a odborn\u00e9 p\u0159\u00edpravy (<a href=\"http:\/\/ujop.cuni.cz\/\">http:\/\/ujop.cuni.cz\/<\/a>), przeprowadzaj\u0105cy egzaminy z j\u0119zyka czeskiego dla obcokrajowc\u00f3w w ca\u0142ej Europie.<\/p>\n<p>Kierunek filologia s\u0142owia\u0144ska, jako jednostka wskazana po stronie Uniwersytetu \u015al\u0105skiego do obs\u0142ugi egzamin\u00f3w, stanowi zagraniczny o\u015brodek egzaminacyjny w zakresie certyfikowanych egzamin\u00f3w z j\u0119zyka czeskiego dla obcokrajowc\u00f3w (CCE).<\/p>\n<h4><span style=\"color: #0095db;\">Kto przeprowadza egzamin?<\/span><\/h4>\n<hr \/>\n<p>Egzaminatorami s\u0105 pracownicy jednostki certyfikuj\u0105cej (tj. Uniwersytetu Karola w Pradze), kt\u00f3rzy \u0142\u0105cz\u0105 si\u0119 z kandydatami i administratorem egzaminu za pomoc\u0105 wideokonferencji. Testy egzaminacyjne, po uzupe\u0142nieniu, zostaj\u0105 zakodowane i przes\u0142ane do jednostki certyfikuj\u0105cej w\u00a0Pradze. Cz\u0119\u015b\u0107 ustna egzaminu odbywa si\u0119 za pomoc\u0105 wideokonferencji. Egzaminatorami tej cz\u0119\u015bci egzaminu s\u0105 wy\u0142\u0105cznie pracownicy Uniwersytetu Karola. Pracownicy filologii s\u0142owia\u0144skiej U\u015a, przeszkoleni przez jednostk\u0119 certyfikuj\u0105c\u0105, czuwaj\u0105 nad kompleksow\u0105 organizacj\u0105 egzaminu, nie dokonuj\u0105 jednak weryfikacji ani oceny test\u00f3w egzaminacyjnych i wypowiedzi ustnych.<\/p>\n<h4><span style=\"color: #0095db;\">Kto wydaje certyfikat?<\/span><\/h4>\n<hr \/>\n<p>Certyfikat wydaje jednostka certyfikuj\u0105ca, tj. \u00dastav jazykov\u00e9 a odborn\u00e9 p\u0159\u00edpravy (Univerzita Karlova v Praze). Certyfikat uzyskany w wyniku egzaminu w o\u015brodku egzaminacyjnym na Uniwersytecie \u015al\u0105skim to ten sam dokument, kt\u00f3ry wydawany jest w przypadku przyst\u0105pienia do egzaminu na Uniwersytecie Karola w Pradze.<\/p>\n<p>Po weryfikacji test\u00f3w egzaminacyjnych przez jednostk\u0119 certyfikuj\u0105c\u0105 w Pradze i uzyskaniu przez kandydata wymaganej liczby punkt\u00f3w procentowych, jednostka certyfikuj\u0105ca wydaje certyfikat j\u0119zykowy (CCE) i przesy\u0142a go w terminie do 7 tygodni od daty egzaminu do o\u015brodka egzaminacyjnego w Katowicach. U\u015a dostarcza dokumenty bezpo\u015brednio do kandydat\u00f3w, kt\u00f3rzy przyst\u0105pili do egzaminu w tym o\u015brodku egzaminacyjnym. Je\u017celi kandydat mieszka na terenie Republiki Czeskiej certyfikat mo\u017ce by\u0107 przes\u0142any bezpo\u015brednio przez Uniwersytet Karola.<\/p>\n<h4><span style=\"color: #0095db;\">Jak wygl\u0105da egzamin?<\/span><\/h4>\n<hr \/>\n<p>Egzamin sk\u0142ada si\u0119 z cz\u0119\u015bci pisemnej i ustnej. Podczas egzaminu kandydaci pisz\u0105 egzamin w sali, w kt\u00f3rej znajduje si\u0119 administrator egzaminu i dwa komputery z kamerami, kt\u00f3re rejestruj\u0105 poprawny przebieg egzaminu.<\/p>\n<p>Cz\u0119\u015b\u0107 ustna odbywa si\u0119 w tym samym pomieszczeniu. Po wprowadzeniu kandydata do pomieszczenia, administrator egzaminu wychodzi, natomiast sam egzamin przeprowadza egzaminator z Uniwersytetu Karola z wykorzystaniem transmisji wideo. Cz\u0119\u015b\u0107 ustna egzaminu jest zawsze nagrywana a nast\u0119pnie oceniana przez dw\u00f3ch do\u015bwiadczonych egzaminator\u00f3w wed\u0142ug jednolitej, obiektywnej skali. Kolejno\u015b\u0107, w jakiej uczestnicy zdaj\u0105 egzamin ustny znana jest dopiero w dniu egzaminu, poniewa\u017c okre\u015blana jest na podstawie losowania.<\/p>\n<p>Dla poziom\u00f3w A1, A2 i B1 wszystkie cz\u0119\u015bci egzaminu odbywaj\u0105 si\u0119 w ten sam dzie\u0144 (cz\u0119\u015b\u0107 pisemna i ustna). Dla poziom\u00f3w B2 oraz C1 nale\u017cy zarezerwowa\u0107 2 dni na zdawanie egzaminu. W pierwszy dzie\u0144 odbywa si\u0119 cz\u0119\u015b\u0107 pisemna, w drugi dzie\u0144 \u2013 ustna. Czas trwania egzaminu uzale\u017cniony jest od poziomu bieg\u0142o\u015bci j\u0119zykowej.<\/p>\n<p>Egzamin uznaje si\u0119 za zdany, je\u017celi kandydat uzyska\u0142 co najmniej 60% punkt\u00f3w z ka\u017cdego z komponent\u00f3w egzaminu.<\/p>\n<p>Wyniki egzaminu ka\u017cdy kandydat sprawdza samodzielnie online pod adresem:\u00a0<a href=\"http:\/\/ujop.cuni.cz\/zkousky\/results\/cce\">http:\/\/ujop.cuni.cz\/zkousky\/results\/cce<\/a><\/p>\n<p>Wyniki s\u0105 dost\u0119pne nie wcze\u015bniej ni\u017c 30 dni od daty egzaminu.<\/p>\n<p>Ani Uniwersytet \u015al\u0105ski, ani \u00dastav jazykov\u00e9 a odborn\u00e9 p\u0159\u00edpravy UK nie udzielaj\u0105 telefonicznej lub e-mailowej informacji na temat wynik\u00f3w egzaminu danego kandydata.<\/p>\n<p>Pod tym\u00a0<a href=\"http:\/\/ujop.cuni.cz\/zkouska\/informace\/certifikovana-zkouska-z-cestiny-pro-cizince-cce#modelove-varianty-zkousek-a-dalsi-materialy-ke-stazeni\">linkiem<\/a>\u00a0(dolna cz\u0119\u015b\u0107 strony) znajduj\u0105 si\u0119 modelowe testy egzaminacyjne dla wszystkich poziom\u00f3w bieg\u0142o\u015bci j\u0119zykowej.<\/p>\n<h4><span style=\"color: #0095db;\">Gdzie odbywa si\u0119 egzamin?<\/span><\/h4>\n<hr \/>\n<p>Egzamin odbywa si\u0119 w budynku Wydzia\u0142u Humanistycznego Uniwersytetu \u015al\u0105skiego przy ul. Grota-Roweckiego 5 w Sosnowcu. <a href=\"https:\/\/maps.app.goo.gl\/GQoKux2JopxbRVkA9\">MAPA<\/a><\/p>\n<p>Informacja o godzinie i sali, w kt\u00f3rej odbywa si\u0119 egzamin, zostanie przekazana kandydatom w wiadomo\u015bci mailowej.<\/p>\n<h4><span style=\"color: #0095db;\">Jak wygl\u0105da rejestracja?<\/span><\/h4>\n<hr \/>\n<p>Kandydaci rejestruj\u0105 si\u0119 na egzamin online na stronie jednostki certyfikuj\u0105cej pod adresem:\u00a0<a href=\"http:\/\/ujop.cuni.cz\/cce\">http:\/\/ujop.cuni.cz\/cce<\/a>.<\/p>\n<p>Po rejestracji kandydat otrzymuje wiadomo\u015b\u0107 mailow\u0105 z Uniwersytetu \u015al\u0105skiego z instrukcj\u0105 dotycz\u0105c\u0105 p\u0142atno\u015bci. Czas na dokonanie op\u0142aty to 3 dni od otrzymania wiadomo\u015bci mailowej. Rejestracja os\u00f3b, kt\u00f3re nie op\u0142ac\u0105 udzia\u0142u w egzaminie w tym terminie, zostanie anulowana.<\/p>\n<p>Uniwersytet \u015al\u0105ski jako o\u015brodek egzaminacyjny jest odpowiedzialny za bie\u017c\u0105cy kontakt z kandydatami, kt\u00f3rzy przyst\u0119puj\u0105 do egzaminu na Uniwersytecie \u015al\u0105skim, oraz kompleksow\u0105 organizacj\u0119 tego egzaminu. Ka\u017cdy kandydat, kt\u00f3ry zarejestruje si\u0119 na egzamin, otrzymuje regulamin egzaminu oraz szczeg\u00f3\u0142owe instrukcje dotycz\u0105ce jego przebiegu.<\/p>\n<h4><span style=\"color: #0095db;\">Jaka jest op\u0142ata za egzamin?<\/span><\/h4>\n<hr \/>\n<p>Op\u0142ata za egzamin w 2026 roku wynosi <strong>1500 z\u0142<\/strong> (z VAT). Op\u0142ata wnoszona jest na konto Uniwersytetu \u015al\u0105skiego w Katowicach. Szczeg\u00f3\u0142y dotycz\u0105ce p\u0142atno\u015bci kandydaci otrzymaj\u0105 w wiadomo\u015bci mailowej. Termin przes\u0142ania op\u0142aty egzaminacyjnej wynosi 3 dni od otrzymania wiadomo\u015bci mailowej.<\/p>\n<p>Je\u017celi do egzaminu nie przyst\u0105pi minimalna wymagana liczba kandydat\u00f3w (tj. 13 kandydat\u00f3w og\u00f3\u0142em bez wzgl\u0119du na poziom bieg\u0142o\u015bci j\u0119zykowej), Uniwersytet \u015al\u0105ski zwraca wniesion\u0105 op\u0142at\u0119 w pe\u0142nej wysoko\u015bci. Je\u017celi kt\u00f3ry\u015b z kandydat\u00f3w spo\u015br\u00f3d tych, kt\u00f3rzy ui\u015bcili op\u0142at\u0119 egzaminacyjn\u0105, nie stawi si\u0119 na egzamin CCE i w ci\u0105gu 5 dni kalendarzowych od daty egzaminu usprawiedliwi swoj\u0105 nieobecno\u015b\u0107 na podstawie zwolnienia lekarskiego, centrum egzaminacyjne zwr\u00f3ci 500 z\u0142 z op\u0142aty egzaminacyjnej.<\/p>\n<p>Po zamkni\u0119ciu rejestracji online nie mo\u017cna anulowa\u0107 zg\u0142oszenia. Nie ma mo\u017cliwo\u015bci przesuni\u0119cia op\u0142aty egzaminacyjnej na inny termin w innym o\u015brodku egzaminacyjnym.<\/p>\n<p><strong>Dane do przelewu op\u0142aty egzaminacyjnej:<\/strong><\/p>\n<p>Uniwersytet \u015al\u0105ski w Katowicach, ul. Bankowa 12, 40-007 Katowice<\/p>\n<p>Nr rachunku: 74 1050 1214 1000 0007 0000 7909<\/p>\n<p>Tytu\u0142 przelewu: 500701001 \u2013 za egzamin z j. czeskiego<\/p>\n<p>Kwota przelewu: 1500 PLN<\/p>\n<p>Nr rachunku dla przelew\u00f3w zagranicznych: PL\u202f74 1050 1214 1000 0007 0000 7909<\/p>\n<p>SWIFT: INGBPLPW<\/p>\n<h4><span style=\"color: #0095db;\">Kiedy odb\u0119dzie si\u0119 najbli\u017cszy egzamin?<\/span><\/h4>\n<hr \/>\n<p>Najbli\u017cszy certyfikowany egzamin z j\u0119zyka czeskiego (CCE) odb\u0119dzie si\u0119 w dniach <strong>12-13 czerwca 2026 r.<\/strong> (pi\u0105tek \u2013 sobota) w budynku Wydzia\u0142u Humanistycznego U\u015a w Sosnowcu, ul. Grota-Roweckiego 5.<\/p>\n<p><strong>Rejestracja <\/strong>online odbywa si\u0119 od 14 kwietnia 2026 r. <strong>do 22 maja 2026 r.<\/strong><\/p>\n<p>&nbsp;<\/p>\n<h4><span style=\"color: #0095db;\">Jak wygl\u0105da ca\u0142y proces krok po kroku?<\/span><\/h4>\n<hr \/>\n<p>Kandydat: Rejestracja online 14.04.2026 \u2013 22.05.2026 pod adresem <a href=\"http:\/\/ujop.cuni.cz\/cce\">http:\/\/ujop.cuni.cz\/cce<\/a>.<\/p>\n<p>Uniwersytet \u015al\u0105ski: Po rejestracji wysy\u0142a mail z instrukcj\u0105 p\u0142atno\u015bci.<\/p>\n<p>Kandydat: P\u0142atno\u015b\u0107 do 3 dni od otrzymania wiadomo\u015bci mailowej.<\/p>\n<p>Uniwersytet \u015al\u0105ski: Potwierdzenie, \u017ce zaksi\u0119gowano p\u0142atno\u015b\u0107.<\/p>\n<p>Kandydat: Udzia\u0142 w egzaminie (ul. Grota-Roweckiego 5, 41-200 Sosnowiec).<\/p>\n<p>Kandydat: 30 dni po egzaminie &#8211; sprawdzenie wynik\u00f3w na stronie <a href=\"http:\/\/ujop.cuni.cz\/zkousky\/results\/cce\">http:\/\/ujop.cuni.cz\/zkousky\/results\/cce<\/a><\/p>\n<p>Uniwersytet \u015al\u0105ski lub Uniwersytet Karola: wys\u0142anie certyfikatu.<\/p>\n<h4><\/h4>\n<hr \/>\n<p>Kontakt w sprawach dotycz\u0105cych egzaminu na Uniwersytecie \u015al\u0105skim: dr Ma\u0142gorzata Kalita, prof. U\u015a <a href=\"mailto:malgorzata.kalita@us.edu.pl\">malgorzata.kalita@us.edu.pl<\/a><\/p>\n<p>Szczeg\u00f3\u0142owe informacje w j\u0119zyku czeskim:<br \/>\n<a href=\"http:\/\/ujop.cuni.cz\/zkouska\/certifikovana-zkouska-z-cestiny-pro-cizince-cce\">http:\/\/ujop.cuni.cz\/zkouska\/certifikovana-zkouska-z-cestiny-pro-cizince-cce<\/a><\/p>\n<p>\n<\/div>\r\n                    <\/div>\r\n                <\/div>[\/vc_column][vc_column width=&#8221;1\/3&#8243;][\/vc_column][\/vc_row]<\/p>","protected":false},"excerpt":{"rendered":"<p>[vc_row el_class=&#8221;container&#8221;][vc_column width=&#8221;2\/3&#8243;][vc_custom_heading text=&#8221;CCE \u2013 Certyfikowany egzamin z j\u0119zyka czeskiego&#8221; font_container=&#8221;tag:h2|text_align:center|color:%23002e5a&#8221; google_fonts=&#8221;font_family:PT%20Sans%3Aregular%2Citalic%2C700%2C700italic|font_style:400%20regular%3A400%3Anormal&#8221;][vc_separator color=&#8221;custom&#8221; accent_color=&#8221;#0095db&#8221;][\/vc_column][vc_column width=&#8221;1\/3&#8243;][\/vc_column][\/vc_row][vc_row el_class=&#8221;container&#8221;][vc_column width=&#8221;2\/3&#8243;][\/vc_column][vc_column width=&#8221;1\/3&#8243;][\/vc_column][\/vc_row] [&#8230;]<\/p>\n<p><a class=\"btn btn-secondary understrap-read-more-link\" href=\"https:\/\/us.edu.pl\/wydzial\/wh\/kierunki-studiow\/filologia-slowianska\/wspolpraca-z-otoczeniem\/egzamin-certyfikowany-z-jezyka-czeskiego\/\">Read More&#8230;<\/a><\/p>\n","protected":false},"author":1,"featured_media":0,"parent":2667,"menu_order":0,"comment_status":"closed","ping_status":"closed","template":"","meta":{"_expiration-date-status":"","_expiration-date":0,"_expiration-date-type":"","_expiration-date-categories":[],"_expiration-date-options":[]},"acf":[],"_links":{"self":[{"href":"https:\/\/us.edu.pl\/wydzial\/wh\/wp-json\/wp\/v2\/pages\/11969"}],"collection":[{"href":"https:\/\/us.edu.pl\/wydzial\/wh\/wp-json\/wp\/v2\/pages"}],"about":[{"href":"https:\/\/us.edu.pl\/wydzial\/wh\/wp-json\/wp\/v2\/types\/page"}],"author":[{"embeddable":true,"href":"https:\/\/us.edu.pl\/wydzial\/wh\/wp-json\/wp\/v2\/users\/1"}],"replies":[{"embeddable":true,"href":"https:\/\/us.edu.pl\/wydzial\/wh\/wp-json\/wp\/v2\/comments?post=11969"}],"version-history":[{"count":11,"href":"https:\/\/us.edu.pl\/wydzial\/wh\/wp-json\/wp\/v2\/pages\/11969\/revisions"}],"predecessor-version":[{"id":196796,"href":"https:\/\/us.edu.pl\/wydzial\/wh\/wp-json\/wp\/v2\/pages\/11969\/revisions\/196796"}],"up":[{"embeddable":true,"href":"https:\/\/us.edu.pl\/wydzial\/wh\/wp-json\/wp\/v2\/pages\/2667"}],"wp:attachment":[{"href":"https:\/\/us.edu.pl\/wydzial\/wh\/wp-json\/wp\/v2\/media?parent=11969"}],"curies":[{"name":"wp","href":"https:\/\/api.w.org\/{rel}","templated":true}]}}