{"id":12807,"date":"2021-05-21T14:05:27","date_gmt":"2021-05-21T12:05:27","guid":{"rendered":"https:\/\/us.edu.pl\/wydzial\/wh\/?page_id=12807"},"modified":"2025-05-12T14:42:55","modified_gmt":"2025-05-12T12:42:55","slug":"otwarte-konkursy-grantowe","status":"publish","type":"page","link":"https:\/\/us.edu.pl\/wydzial\/wh\/otwarte-konkursy-grantowe\/","title":{"rendered":"OTWARTE KONKURSY GRANTOWE"},"content":{"rendered":"<p>[vc_row el_class=&#8221;container&#8221;][vc_column width=&#8221;2\/3&#8243;]\r\n                <div class=\"text-modules\">\r\n                    <div class=\"container\">\r\n                        \r\n                        <div class=\"text-modules__content\"><p>Zesp\u00f3\u0142 ds. projekt\u00f3w jest do Pa\u0144stwa dyspozycji na platformie TEAMS, mailowo i telefonicznie.<br \/>\nZapraszamy do konsultacji na ka\u017cdym etapie przygotowania wniosku o finasowanie projektu:<\/p>\n<ul>\n<li>Anna Dziadek: <a href=\"mailto:anna.dziadek@us.edu.pl\">anna.dziadek@us.edu.pl<\/a>; tel. 503 048 685,<\/li>\n<li>Aleksandra Faruga: <a href=\"mailto:aleksandra.wilk@us.edu.pl\">aleksandra.wilk@us.edu.pl<\/a>; tel. 32 2009 440,<\/li>\n<li>Marcin Kie\u0142basi\u0144ski: <a href=\"mailto:marcin.kielbasinski@us.edu.pl\">marcin.kielbasinski@us.edu.pl<\/a>; tel. 32 2009 440.<\/li>\n<\/ul>\n<p>Uprzejmie prosimy, by w systemie OSF dodawali Pa\u0144stwo Zesp\u00f3\u0142 ds. projekt\u00f3w jako redaktora pomocniczego wniosku &#8211; <strong>login ad123<\/strong>\u00a0oraz na czytelnika wniosku dzia\u0142 projekt\u00f3w &#8211; <strong>login dnb<\/strong>, zgodnie z Zarz\u0105dzeniem 69\/2021 JM Rektora z dnia 19-04-2021 Rektora U\u015a w sprawie przygotowywania, realizacji i rozliczania projekt\u00f3w i zada\u0144 finansowanych lub wsp\u00f3\u0142finansowanych ze \u015brodk\u00f3w zewn\u0119trznych (z p\u00f3\u017an. zm.).<\/p>\n<\/div>\r\n                    <\/div>\r\n                <\/div>[vc_row_inner disable_element=&#8221;yes&#8221;][vc_column_inner]\r\n                <div class='sidebar_moduls sidebar_links color-white' style='background-color: #002E5A'>\r\n                    <h3><\/h3>\r\n                    <ul class='angle-list'>\r\n                    <li><a href=\"https:\/\/www.ncn.gov.pl\/aktualnosci\/2022-12-19-harmonogram-konkursow\">Harmonogram konkurs\u00f3w NCN w 2023 r.<\/a><\/li>\r\n                <\/ul>\r\n            <\/div>[\/vc_column_inner][\/vc_row_inner]\r\n                <div class=\"text-modules\">\r\n                    <div class=\"container\">\r\n                        <h3 class=\"page-title text__title\">OTWARTE KONKURSY GRANTOWE<\/h3>\r\n                        <div class=\"text-modules__content\"><\/div>\r\n                    <\/div>\r\n                <\/div>[\/vc_column][vc_column width=&#8221;1\/3&#8243;]\r\n                <div class=\"text-modules\">\r\n                    <div class=\"container\">\r\n                        \r\n                        <div class=\"text-modules__content\"><p><img class=\"alignnone wp-image-4707 size-full\" src=\"https:\/\/us.edu.pl\/wydzial\/wh\/wp-content\/uploads\/sites\/15\/Nieprzypisane\/laptop-3196481_640.jpg\" alt=\"zbli\u017cenie na d\u0142onie kobiety i m\u0119\u017cczyzny trzymaj\u0105cych d\u0142ugopisy i dokumenty nad biurkiem\" width=\"640\" height=\"426\" srcset=\"https:\/\/us.edu.pl\/wydzial\/wh\/wp-content\/uploads\/sites\/15\/Nieprzypisane\/laptop-3196481_640.jpg 640w, https:\/\/us.edu.pl\/wydzial\/wh\/wp-content\/uploads\/sites\/15\/Nieprzypisane\/laptop-3196481_640-300x200.jpg 300w, https:\/\/us.edu.pl\/wydzial\/wh\/wp-content\/uploads\/sites\/15\/Nieprzypisane\/laptop-3196481_640-575x383.jpg 575w\" sizes=\"(max-width: 640px) 100vw, 640px\" \/><\/p>\n<\/div>\r\n                    <\/div>\r\n                <\/div>[\/vc_column][\/vc_row][vc_row el_class=&#8221;container&#8221;][vc_column width=&#8221;2\/3&#8243;]\r\n                <div class=\"title-with-link color-blue\" style=\"background: #EBEBEB\">\r\n                    <div class=\"container\">\r\n                        <div class=\"title-with-link-container links-align-left\">\r\n                            <div class=\"title-with-link__title\"><span><\/span><\/div>\r\n                            <a href=\"https:\/\/forumakademickie.pl\/sprawy-nauki\/konkurs-msca-postdoctoral-fellowships-2025-juz-otwarty\/\" class=\"title-with-link__link\">Konkurs MSCA Postdoctoral Fellowships 2025<\/a>\r\n                        <\/div>\r\n                    <\/div>\r\n                <\/div>\r\n            \r\n                <div class=\"title-with-link color-blue\" style=\"background: #EBEBEB\">\r\n                    <div class=\"container\">\r\n                        <div class=\"title-with-link-container links-align-left\">\r\n                            <div class=\"title-with-link__title\"><span><\/span><\/div>\r\n                            <a href=\"https:\/\/us.edu.pl\/student\/komunikaty\/stypendia-polsko-amerykanskiej-komisji-fulbrighta-na-wyjazd-do-usa\/\" class=\"title-with-link__link\">Stypendia Polsko-Ameryka\u0144skiej Komisji Fulbrighta na wyjazd do USA<\/a>\r\n                        <\/div>\r\n                    <\/div>\r\n                <\/div>\r\n            \r\n                <div class=\"title-with-link color-blue\" style=\"background: #EBEBEB\">\r\n                    <div class=\"container\">\r\n                        <div class=\"title-with-link-container links-align-left\">\r\n                            <div class=\"title-with-link__title\"><span><\/span><\/div>\r\n                            <a href=\"https:\/\/us.edu.pl\/wydzial\/wh\/2021\/09\/22\/program-nauka-dla-spoleczenstwa\/\" class=\"title-with-link__link\">Program Nauka dla Spo\u0142ecze\u0144stwa<\/a>\r\n                        <\/div>\r\n                    <\/div>\r\n                <\/div>\r\n            \r\n                <div class=\"title-with-link color-blue\" style=\"background: #EBEBEB\">\r\n                    <div class=\"container\">\r\n                        <div class=\"title-with-link-container links-align-left\">\r\n                            <div class=\"title-with-link__title\"><span><\/span><\/div>\r\n                            <a href=\"https:\/\/us.edu.pl\/wydzial\/wh\/2021\/09\/22\/nawa-preludium-bis\/\" class=\"title-with-link__link\">NAWA PRELUDIUM BIS<\/a>\r\n                        <\/div>\r\n                    <\/div>\r\n                <\/div>\r\n            [\/vc_column][vc_column width=&#8221;1\/3&#8243;][\/vc_column][\/vc_row]<\/p>","protected":false},"excerpt":{"rendered":"<p>[vc_row el_class=&#8221;container&#8221;][vc_column width=&#8221;2\/3&#8243;][vc_row_inner disable_element=&#8221;yes&#8221;][vc_column_inner][\/vc_column_inner][\/vc_row_inner][\/vc_column][vc_column width=&#8221;1\/3&#8243;][\/vc_column][\/vc_row][vc_row el_class=&#8221;container&#8221;][vc_column width=&#8221;2\/3&#8243;][\/vc_column][vc_column width=&#8221;1\/3&#8243;][\/vc_column][\/vc_row] [&#8230;]<\/p>\n<p><a class=\"btn btn-secondary understrap-read-more-link\" href=\"https:\/\/us.edu.pl\/wydzial\/wh\/otwarte-konkursy-grantowe\/\">Read More&#8230;<\/a><\/p>\n","protected":false},"author":1,"featured_media":0,"parent":0,"menu_order":0,"comment_status":"closed","ping_status":"closed","template":"","meta":{"_expiration-date-status":"","_expiration-date":0,"_expiration-date-type":"","_expiration-date-categories":[],"_expiration-date-options":[]},"acf":[],"_links":{"self":[{"href":"https:\/\/us.edu.pl\/wydzial\/wh\/wp-json\/wp\/v2\/pages\/12807"}],"collection":[{"href":"https:\/\/us.edu.pl\/wydzial\/wh\/wp-json\/wp\/v2\/pages"}],"about":[{"href":"https:\/\/us.edu.pl\/wydzial\/wh\/wp-json\/wp\/v2\/types\/page"}],"author":[{"embeddable":true,"href":"https:\/\/us.edu.pl\/wydzial\/wh\/wp-json\/wp\/v2\/users\/1"}],"replies":[{"embeddable":true,"href":"https:\/\/us.edu.pl\/wydzial\/wh\/wp-json\/wp\/v2\/comments?post=12807"}],"version-history":[{"count":11,"href":"https:\/\/us.edu.pl\/wydzial\/wh\/wp-json\/wp\/v2\/pages\/12807\/revisions"}],"predecessor-version":[{"id":188323,"href":"https:\/\/us.edu.pl\/wydzial\/wh\/wp-json\/wp\/v2\/pages\/12807\/revisions\/188323"}],"wp:attachment":[{"href":"https:\/\/us.edu.pl\/wydzial\/wh\/wp-json\/wp\/v2\/media?parent=12807"}],"curies":[{"name":"wp","href":"https:\/\/api.w.org\/{rel}","templated":true}]}}