{"id":143,"date":"2019-10-02T15:35:47","date_gmt":"2019-10-02T13:35:47","guid":{"rendered":"https:\/\/us.edu.pl\/wydzial\/wh\/?page_id=143"},"modified":"2024-01-26T09:33:06","modified_gmt":"2024-01-26T08:33:06","slug":"historia-fakty-i-liczby","status":"publish","type":"page","link":"https:\/\/us.edu.pl\/wydzial\/wh\/strona-glowna\/wydzial-dawniej-i-dzis\/historia-fakty-i-liczby\/","title":{"rendered":"Historia. Fakty i liczby"},"content":{"rendered":"<p>[vc_row el_class=&#8221;container&#8221;][vc_column]\r\n                <div class=\"text-modules\">\r\n                    <div class=\"container\">\r\n                        <h3 class=\"page-title text__title\">Historia. Fakty i liczby<\/h3>\r\n                        <div class=\"text-modules__content\"><p>Wydzia\u0142 Humanistyczny Uniwersytetu \u015al\u0105skiego w Katowicach powr\u00f3ci\u0142 do nazwy, kt\u00f3r\u0105 nosi\u0142 do 1973 roku. Do 30 wrze\u015bnia 2019 roku nosi\u0142 nazw\u0119 Wydzia\u0142 Filologiczny, kt\u00f3ry rozpoczynaj\u0105c swoj\u0105 dzia\u0142alno\u015b\u0107, nawi\u0105zywa\u0142 do wcze\u015bniejszych tradycji i struktur organizacyjnych. Jego podstaw\u0105 by\u0142y: istniej\u0105cy od 1969 roku Instytut Filologii Polskiej na Wydziale Humanistycznym oraz filia U\u015a w Sosnowcu, dzia\u0142aj\u0105ca na zasadach organizacyjnych Wy\u017cszego Studium Nauczycielskiego.<\/p>\n<p>Od tamtego czasu nast\u0119powa\u0142y liczne przekszta\u0142cenia struktury jednostki, na kt\u00f3r\u0105 sk\u0142ada\u0142y si\u0119 w\u00f3wczas Instytut Filologii Polskiej oraz Instytut Filologii Obcych. Z biegiem lat w sk\u0142ad wydzia\u0142u wchodzi\u0142o 10 instytut\u00f3w (Instytut Nauk o Literaturze Polskiej im. Ireneusza Opackiego, Instytut J\u0119zyka Polskiego im. Ireny Bajerowej, Instytut Nauk o Kulturze i Studi\u00f3w Interdyscyplinarnych, Instytut Bibliotekoznawstwa i Informacji Naukowej, Instytut J\u0119zyka Angielskiego, Instytut Kultur i Literatur Angloj\u0119zycznych, Instytut J\u0119zyk\u00f3w Roma\u0144skich i Translatoryki, Instytut Filologii Germa\u0144skiej, Instytut Filologii Wschodnios\u0142owia\u0144skiej, Instytut Filologii S\u0142owia\u0144skiej) oraz 4 katedry (Katedra Dydaktyki J\u0119zyka i Literatury Polskiej, Katedra Literatury Por\u00f3wnawczej, Katedra Filologii Klasycznej, Katedra Mi\u0119dzynarodowych Studi\u00f3w Polskich). W pa\u017adzierniku 2019 roku \u2013 na skutek reformy \u201eKonstytucja dla nauki\u201d (Ustawa z dnia 20 lipca 2018 r. \u2013 Prawo o szkolnictwie wy\u017cszym i nauce) \u2013 zmieni\u0142 nazw\u0119 i struktur\u0119 wewn\u0119trzn\u0105, kt\u00f3r\u0105 tworzy sze\u015b\u0107 instytut\u00f3w: Instytut Filozofii, Instytut Historii, \u00a0Instytut J\u0119zykoznawstwa, Instytut Literaturoznawstwa, Instytut Nauk o Kulturze, Instytut Nauk o Sztuce.<\/p>\n<p>Do roku 1991 Wydzia\u0142 mia\u0142 swoj\u0105 siedzib\u0119 w Sosnowcu, od roku 1991 mie\u015bci si\u0119 r\u00f3wnie\u017c w Katowicach. Cz\u0119\u015b\u0107 wydzia\u0142u usytuowana w Sosnowcu mie\u015bci si\u0119 w nowoczesnym budynku, kt\u00f3ry wyposa\u017cony jest w baz\u0119 sprz\u0119tow\u0105 umo\u017cliwiaj\u0105c\u0105 prowadzenie zaj\u0119\u0107 o charakterze specjalistycznym. Dysponujemy tam kabinami t\u0142umaczeniowymi i nowoczesnymi laboratoriami dostosowanymi na przyk\u0142ad do projektowania gier komputerowych. Cz\u0119\u015b\u0107 katowicka to \u015bcis\u0142e centrum miasta, budynek po\u0142o\u017cony jest w bezpo\u015brednim s\u0105siedztwie instytucji kultury i przyjaznym pobli\u017cu studenckiego \u017cycia klubowego.<\/p>\n<p>Dzi\u015b Wydzia\u0142 Humanistyczny jest najwi\u0119kszym wydzia\u0142em Uniwersytetu \u015al\u0105skiego zar\u00f3wno pod wzgl\u0119dem liczby pracownik\u00f3w naukowych, jak i student\u00f3w kszta\u0142c\u0105cych si\u0119 w trybie stacjonarnym.<\/p>\n<p>Wydzia\u0142 Humanistyczny kszta\u0142ci student\u00f3w na 24 kierunkach studi\u00f3w, oferuj\u0105c bogat\u0105 i unikatowa ofert\u0119 dydaktyczn\u0105 (m.in. j\u0119zyki: chi\u0144ski, arabski, japo\u0144ski, hindi, szwedzki, j\u0119zyki specjalistyczne, w tym: prawniczy, ekonomiczny, j\u0119zyk dyplomacji, projektowanie rozrywki interaktywnej oraz lokalizacja gier i oprogramowania [SPRINT-WRITE]). W ofercie dydaktycznej znajduj\u0105 si\u0119 tak\u017ce mi\u0119dzy innymi europejskie studia leksykograficzne (EMLex) prowadzone wsp\u00f3lnie przez: Uniwersytet \u015al\u0105ski w Katowicach, Friedrich-Alexander-Universit\u00e4t Erlangen-N\u00fcrnberg (Niemcy), K\u00e1roli G\u00e1sp\u00e1r Reform\u00e1tus Egyetem Budapest (W\u0119gry), Universit\u00e9 de Lorraine (Nancy, Francja), Universidade do Minho (Braga, Portugalia), Universit\u00e0 degli Studi Roma Tre (W\u0142ochy), Universidade de Santiago de Compostela (Hiszpania), Stellenbosch University (Republika Po\u0142udniowej Afryki). Nie zabrak\u0142o r\u00f3wnie\u017c rozwijaj\u0105cych kompetencje studi\u00f3w podyplomowych (m.in. z zakresu logopedii, zarz\u0105dzania i marketingu w bibliotekach), kt\u00f3re co roku dopasowujemy do zmieniaj\u0105cych si\u0119 potrzeb rynku pracy. W konsekwencji w ostatnim czasie kszta\u0142cili\u015bmy np. w zakresie komunikacji perswazyjnej: reklamy, public relations, negocjacji kryzysowych, negocjacji w biznesie czy sztuki retoryki i kreowania wizerunku dla prawnik\u00f3w, a tak\u017ce doradztwa filozoficznego i coachingu, kognitywistyki i turystyki historycznej.<\/p>\n<p>Wydzia\u0142 Humanistyczny wsp\u00f3\u0142pracuje zar\u00f3wno z instytucjami krajowymi (w\u015br\u00f3d kt\u00f3rych znajduj\u0105 si\u0119 instytucje kultury, instytucje o\u015bwiatowe, media, organizacje pozarz\u0105dowe, biznes, samorz\u0105d terytorialny), jak i zagranicznymi. Mamy podpisanych kilkadziesi\u0105t um\u00f3w, m.in. z Goethe Institut w Krakowie, Muzeum Romantyzmu w Opiniog\u00f3rze, Fundacj\u0105 Krzy\u017cow\u0105 dla Porozumienia Europejskiego, Stowarzyszeniem Wsp\u00f3\u0142pracy Polska \u2013 Wsch\u00f3d, Akademi\u0105 Ostrogsk\u0105, \u015al\u0105skim Towarzystwem Marketingowym, Radiem Katowice, Poczt\u0105 Polsk\u0105, Oper\u0105 \u015al\u0105sk\u0105, Silesia Film, Muzeum Zamkowym w Pszczynie, Kopalni\u0105 Guido, Regionalnym Instytutem Kultury w Katowicach czy TVP3 Katowice i Manufaktur\u0105 Wiedzy Estakada, dzi\u0119ki kt\u00f3rym nasi studenci otrzymuj\u0105 mo\u017cliwo\u015b\u0107 odbywania ciekawych praktyk zawodowych, sta\u017cy, szkole\u0144 i warsztat\u00f3w, poznawania oczekiwa\u0144 rynku i rozwijania umiej\u0119tno\u015bci praktycznych. Wyjazdy mo\u017cliwe s\u0105 w ramach um\u00f3w bilateralnych, program\u00f3w Erasmus+, CEEPUS, oraz wielu innych program\u00f3w stypendialnych oferowanych przez Biuro Uznawalno\u015bci Wykszta\u0142cenia i Wymiany Mi\u0119dzynarodowej. Studenci wyje\u017cd\u017caj\u0105 tak\u017ce na tzw. letnie szko\u0142y j\u0119zykowe do wielu kraj\u00f3w, poszerzaj\u0105c swoje kompetencje j\u0119zykowe.<\/p>\n<p>Studenci naszego Wydzia\u0142u korzystaj\u0105 z program\u00f3w mobilno\u015bci akademickiej, m.in. MOST (dzi\u0119ki kt\u00f3remu mog\u0105 studiowa\u0107 na innych uczelniach w kraju) oraz unijnego programu Erasmus+, kt\u00f3ry umo\u017cliwia podj\u0119cie nauki w jednym z 21 zagranicznych uniwersytet\u00f3w. Swoje zainteresowania rozwijaj\u0105 ponadto dzia\u0142aj\u0105c w 45 ko\u0142ach naukowych, powi\u0105zanych z r\u00f3\u017cnymi kierunkami studi\u00f3w i pozwalaj\u0105cych na rozwini\u0119cie indywidualnych zainteresowa\u0144 naukowych oraz zaanga\u017cowanie si\u0119 w organizacj\u0119 ciekawych wydarze\u0144 (takich, jak np. cyklicznie odbywaj\u0105ce si\u0119: Frankofonia, Hispanofonia, Italofonia, Dzie\u0144 \u015bw. \u0141ucji, Dni Kultury Kanadyjskiej, Festiwal J\u0119zyka Ojczystego, Logopedyczne Dni U\u015a, Festiwal Nauki). Bogata oferta konferencji naukowych, wyk\u0142ad\u00f3w, spotka\u0144 autorskich i paneli dyskusyjnych pozwala poszerza\u0107 horyzonty badawcze i poznawa\u0107 interesuj\u0105cych ludzi. Studenci naszego Wydzia\u0142u anga\u017cuj\u0105 si\u0119 te\u017c \u2013 cz\u0119sto wsp\u00f3\u0142dzia\u0142aj\u0105c z Samorz\u0105dem Studenckim i innymi organizacjami studenckimi \u2013 w dzia\u0142ania spo\u0142eczne. W\u015br\u00f3d takich wydarze\u0144 znale\u017a\u0107 mo\u017cna zar\u00f3wno kiermasze ksi\u0105\u017cek czy wypiek\u00f3w \u015bwi\u0105tecznych, organizowane na rzecz stowarzysze\u0144 dbaj\u0105cych o prawa zwierz\u0105t, gry terenowe organizowane dla uczni\u00f3w szk\u00f3\u0142 naszego regionu, jak i turnieje gier wideo.<\/p>\n<p>Z kolei absolwenci prowadzonych na naszym Wydziale kierunk\u00f3w maj\u0105 szerokie mo\u017cliwo\u015bci, mog\u0105c znale\u017a\u0107 zatrudnienie w instytucjach o\u015bwiatowych, kulturalnych, mediach, dyplomacji czy biznesie. Kszta\u0142cimy mi\u0119dzy innymi: nauczycieli, t\u0142umaczy, copywriter\u00f3w, historyk\u00f3w, dziennikarzy, rzecznik\u00f3w prasowych, specjalist\u00f3w do spraw promocji wizerunku, towar\u00f3w, us\u0142ug, idei, pracownik\u00f3w agencji PR, archiw\u00f3w, bibliotek i sektora turystycznego, doradc\u00f3w w administracji pa\u0144stwowej, samorz\u0105dowej, unijnej, a tak\u017ce w mi\u0119dzynarodowych instytucjach promuj\u0105cych cywilizacj\u0119 \u015br\u00f3dziemnomorsk\u0105, specjalist\u00f3w zarz\u0105dzania informacj\u0105, analityk\u00f3w raport\u00f3w medialnych, mened\u017cer\u00f3w zawarto\u015bci serwis\u00f3w internetowych, broker\u00f3w informacji, logoped\u00f3w, negocjator\u00f3w w sytuacjach kryzysowych, pracownik\u00f3w firm i instytucji zajmuj\u0105cych si\u0119 organizacj\u0105 imprez masowych i widowisk medialnych, autor\u00f3w tekst\u00f3w estradowych.<\/p>\n<p>Obecnie Wydzia\u0142 Humanistyczny to:<\/p>\n<ul style=\"list-style-type: square;\">\n<li>kategoria<strong> A<\/strong> w ocenie parametrycznej jednostek naukowych,<\/li>\n<li><strong>24<\/strong> kierunki studi\u00f3w,<\/li>\n<li>ponad <strong>6 000<\/strong> student\u00f3w,<\/li>\n<li>ponad<strong> 250<\/strong> doktorant\u00f3w,<\/li>\n<li><strong>600<\/strong> nauczycieli akademickich,<\/li>\n<li><strong>unikatowa oferta dydaktyczna<\/strong>, w tym mi\u0119dzy innymi j\u0119zyki: chi\u0144ski, arabski, japo\u0144ski, hindi, szwedzki, logopedia, komunikacja perswazyjna i kryzysowa, kognitywistyka czy turystyka historyczna,<\/li>\n<li><strong>specjalistyczne j\u0119zyki<\/strong>: prawniczy, ekonomiczny, dyplomatyczny,<\/li>\n<li>projektowanie rozrywki interaktywnej oraz lokalizacja gier i oprogramowania (<strong>SPRINT \u2013 WRITE<\/strong>),<\/li>\n<li>bogata oferta studi\u00f3w <strong>podyplomowych<\/strong>,<\/li>\n<li><strong>45<\/strong> k\u00f3\u0142 naukowych,<\/li>\n<li><strong>innowacyjne narz\u0119dzia dydaktyczne<\/strong>: laboratoria j\u0119zykowe, kszta\u0142cenie na odleg\u0142o\u015b\u0107: e-learning (platforma <em>moodle<\/em> wspomagaj\u0105ca kszta\u0142cenie), tablice interaktywne,<\/li>\n<li>aktywny <strong>program mobilno\u015bci<\/strong> student\u00f3w i doktorant\u00f3w (MOST),<\/li>\n<li>mo\u017cliwo\u015b\u0107 wyjazdu na cz\u0119\u015b\u0107 studi\u00f3w za granic\u0119 oraz odbycia <strong>praktyk<\/strong> mi\u0119dzy innymi w o\u015brodkach kultury, muzeach, organizacjach pozarz\u0105dowych czy przedsi\u0119biorstwach (europejski program Erasmus+),<\/li>\n<li>aktywna <strong>wsp\u00f3\u0142praca z zagranicznymi o\u015brodkami<\/strong> bada\u0144 naukowych i mi\u0119dzynarodowym \u015brodowiskiem uczonych,<\/li>\n<li><strong>dobre perspektywy zatrudnienia<\/strong> absolwent\u00f3w w: instytucjach kultury, wydawnictwach, mediach masowych i interaktywnych, sektorze turystycznym, agencjach PR, korporacjach wymagaj\u0105cych znajomo\u015bci j\u0119zyk\u00f3w obcych, administracji pa\u0144stwowej, samorz\u0105dowej, unijnej,<\/li>\n<li>infrastruktura <strong>dostosowana<\/strong> do potrzeb os\u00f3b niepe\u0142nosprawnych.<\/li>\n<\/ul>\n<p>&nbsp;<\/p>\n<p><a href=\"https:\/\/us.edu.pl\/wydzial\/wh\/strona-glowna\/wydzial-dawniej-i-dzis\/historia-fakty-i-liczby\/dziekani-wydzialu-humanistycznego\/\"><strong>Dziekani Wydzia\u0142u Humanistycznego<\/strong><\/a><\/p>\n<\/div>\r\n                    <\/div>\r\n                <\/div>[\/vc_column][\/vc_row]<\/p>","protected":false},"excerpt":{"rendered":"<p>[vc_row el_class=&#8221;container&#8221;][vc_column][\/vc_column][\/vc_row] [&#8230;]<\/p>\n<p><a class=\"btn btn-secondary understrap-read-more-link\" href=\"https:\/\/us.edu.pl\/wydzial\/wh\/strona-glowna\/wydzial-dawniej-i-dzis\/historia-fakty-i-liczby\/\">Read More&#8230;<\/a><\/p>\n","protected":false},"author":1,"featured_media":0,"parent":125,"menu_order":0,"comment_status":"closed","ping_status":"closed","template":"","meta":{"_expiration-date-status":"","_expiration-date":0,"_expiration-date-type":"","_expiration-date-categories":[],"_expiration-date-options":[]},"acf":[],"_links":{"self":[{"href":"https:\/\/us.edu.pl\/wydzial\/wh\/wp-json\/wp\/v2\/pages\/143"}],"collection":[{"href":"https:\/\/us.edu.pl\/wydzial\/wh\/wp-json\/wp\/v2\/pages"}],"about":[{"href":"https:\/\/us.edu.pl\/wydzial\/wh\/wp-json\/wp\/v2\/types\/page"}],"author":[{"embeddable":true,"href":"https:\/\/us.edu.pl\/wydzial\/wh\/wp-json\/wp\/v2\/users\/1"}],"replies":[{"embeddable":true,"href":"https:\/\/us.edu.pl\/wydzial\/wh\/wp-json\/wp\/v2\/comments?post=143"}],"version-history":[{"count":10,"href":"https:\/\/us.edu.pl\/wydzial\/wh\/wp-json\/wp\/v2\/pages\/143\/revisions"}],"predecessor-version":[{"id":1583,"href":"https:\/\/us.edu.pl\/wydzial\/wh\/wp-json\/wp\/v2\/pages\/143\/revisions\/1583"}],"up":[{"embeddable":true,"href":"https:\/\/us.edu.pl\/wydzial\/wh\/wp-json\/wp\/v2\/pages\/125"}],"wp:attachment":[{"href":"https:\/\/us.edu.pl\/wydzial\/wh\/wp-json\/wp\/v2\/media?parent=143"}],"curies":[{"name":"wp","href":"https:\/\/api.w.org\/{rel}","templated":true}]}}