{"id":156702,"date":"2022-06-27T13:13:53","date_gmt":"2022-06-27T11:13:53","guid":{"rendered":"https:\/\/us.edu.pl\/wydzial\/wh\/?page_id=156702"},"modified":"2025-10-23T11:29:23","modified_gmt":"2025-10-23T09:29:23","slug":"informacja-naukowa-i-bibliotekoznawstwo","status":"publish","type":"page","link":"https:\/\/us.edu.pl\/wydzial\/wh\/kandydat-wh\/kierunki-studiow\/informacja-naukowa-i-bibliotekoznawstwo\/","title":{"rendered":"informacja naukowa i bibliotekoznawstwo"},"content":{"rendered":"<p>[vc_row el_class=&#8221;container&#8221;][vc_column width=&#8221;1\/2&#8243; css=&#8221;.vc_custom_1653565298692{margin-right: 0px !important;margin-left: 0px !important;border-right-width: 0px !important;border-left-width: 0px !important;}&#8221;][vc_single_image image=&#8221;157218&#8243; img_size=&#8221;full&#8221;][\/vc_column][vc_column width=&#8221;1\/2&#8243; css=&#8221;.vc_custom_1653642837519{background-color: #dfe2ec !important;border-radius: 15px !important;}&#8221;][vc_empty_space][vc_custom_heading text=&#8221;INFORMACJA NAUKOWA I BIBLIOTEKOZNAWSTWO&#8221; font_container=&#8221;tag:h3|text_align:center|color:%23002e5a&#8221; google_fonts=&#8221;font_family:PT%20Sans%20Caption%3Aregular%2C700|font_style:700%20bold%20regular%3A700%3Anormal&#8221;][vc_empty_space height=&#8221;15px&#8221;][vc_separator color=&#8221;custom&#8221; style=&#8221;shadow&#8221; accent_color=&#8221;#002e5a&#8221;]\r\n                <div class=\"text-modules\">\r\n                    <div class=\"container\">\r\n                        \r\n                        <div class=\"text-modules__content\"><p>Studia na kierunku\u00a0<strong>informacja naukowa i bibliotekoznawstwo<\/strong>\u00a0przygotowuj\u0105 do zawod\u00f3w, w kt\u00f3rych niezb\u0119dne s\u0105 wiedza, a tak\u017ce zbi\u00f3r umiej\u0119tno\u015bci z zakresu organizacji i przebiegu komunikacji spo\u0142ecznej za po\u015brednictwem dokument\u00f3w pi\u015bmienniczych (tradycyjnych oraz elektronicznych) i niepi\u015bmienniczych (d\u017awi\u0119kowych, graficznych, kartograficznych, audiowizualnych), wspomagaj\u0105cych b\u0105d\u017a zaspokajaj\u0105cych potrzeby edukacyjne, wiedzotw\u00f3rcze, artystyczne, rozrywkowe, kompensacyjne w sferze \u017cycia jednostek oraz spo\u0142ecze\u0144stwa systematycznie d\u0105\u017c\u0105cego do og\u00f3lnego post\u0119pu.<\/p>\n<p>W trakcie studi\u00f3w student przewa\u017caj\u0105c\u0105 liczb\u0119 godzin zaj\u0119\u0107 odbywa praktycznie. Zdobywa te\u017c do\u015bwiadczenie uczestnicz\u0105c w pracy wybranych bibliotek, praktykuj\u0105c na stanowiskach podstawowych proces\u00f3w bibliotecznych oraz informacyjnych, w tym w bezpo\u015brednim kontakcie z pracownikami i u\u017cytkownikami bibliotek. Podnosi umiej\u0119tno\u015bci wyst\u0105pie\u0144 publicznych, formu\u0142uj\u0105c wypowiedzi s\u0142ownie oraz pisemnie. Zdobywa te\u017c podstawy pisemnej wypowiedzi naukowej, gromadz\u0105c \u017ar\u00f3d\u0142a informacji, przeprowadzaj\u0105c ich krytyk\u0119, interpretuj\u0105c fakty oraz redaguj\u0105c prac\u0119 dyplomow\u0105.<\/p>\n<p><strong>Studia prowadzone s\u0105 zar\u00f3wno w trybie stacjonarnym, jak i niestacjonarnym.<\/strong><\/p>\n<\/div>\r\n                    <\/div>\r\n                <\/div>[vc_row_inner][vc_column_inner][vc_btn title=&#8221;Karta kierunku &#8211; program studi\u00f3w&#8221; style=&#8221;custom&#8221; custom_background=&#8221;#002e5a&#8221; custom_text=&#8221;#ffffff&#8221; size=&#8221;lg&#8221; align=&#8221;center&#8221; i_icon_fontawesome=&#8221;fas fa-arrow-right&#8221; button_block=&#8221;true&#8221; add_icon=&#8221;true&#8221; link=&#8221;url:https%3A%2F%2Finformator.us.edu.pl%2Fprogrammes%2Flist%2Ffaculties%2FW1%2FBN%2F|target:_blank&#8221;][\/vc_column_inner][\/vc_row_inner][\/vc_column][\/vc_row][vc_row el_class=&#8221;container&#8221; css=&#8221;.vc_custom_1684319335399{border-left-width: 3px !important;border-left-color: #dda654 !important;border-left-style: solid !important;border-radius: 3px !important;}&#8221;][vc_column width=&#8221;2\/3&#8243; css=&#8221;.vc_custom_1689082305616{background-color: #f8f8f8 !important;}&#8221;][vc_row_inner][vc_column_inner][vc_empty_space height=&#8221;15px&#8221;][vc_custom_heading text=&#8221;Co wyr\u00f3\u017cnia nasz kierunek?&#8221; font_container=&#8221;tag:h2|text_align:left|color:%23002e5a&#8221; google_fonts=&#8221;font_family:PT%20Sans%3Aregular%2Citalic%2C700%2C700italic|font_style:700%20bold%20regular%3A700%3Anormal&#8221;][vc_separator color=&#8221;custom&#8221; accent_color=&#8221;#dfe2ec&#8221;][\/vc_column_inner][\/vc_row_inner][vc_empty_space height=&#8221;30px&#8221;][vc_tta_pageable no_fill_content_area=&#8221;1&#8243; autoplay=&#8221;10&#8243; active_section=&#8221;1&#8243; pagination_style=&#8221;flat-round&#8221; pagination_color=&#8221;mulled-wine&#8221; css=&#8221;.vc_custom_1653648333197{background-color: #dfe2ec !important;border-radius: 15px !important;}&#8221;][vc_tta_section tab_id=&#8221;1656324500537-6ddb339e-30f8&#8243;]\r\n                <div class=\"text-modules\">\r\n                    <div class=\"container\">\r\n                        \r\n                        <div class=\"text-modules__content\"><\/p>\n<p style=\"text-align: justify;\"><strong>\u201eEdukowanie przez dzia\u0142anie. Ochrona i selekcjonowanie dokument\u00f3w\u201d<\/strong> to projekt wsp\u00f3\u0142realizowany przez Uniwersytet \u015al\u0105ski w Katowicach, Muzeum Zag\u0142\u0119bia w B\u0119dzinie oraz Bibliotek\u0119 \u015al\u0105sk\u0105.<\/p>\n<p style=\"text-align: justify;\">Za spraw\u0105 tr\u00f3jstronnej umowy zawartej przez instytucje nauki i kultury studenci nabywaj\u0105 praktycznego do\u015bwiadczenia w zakresie zabezpieczania dokument\u00f3w na pod\u0142o\u017cu papierowym, a wyselekcjonowane pami\u0105tki muzealne poddawane s\u0105 konserwacji pasywnej i zachowawczej.<\/p>\n<p>\n<\/div>\r\n                    <\/div>\r\n                <\/div>[\/vc_tta_section][vc_tta_section tab_id=&#8221;1653647625681-7376b375-6297&#8243;]\r\n                <div class=\"text-modules\">\r\n                    <div class=\"container\">\r\n                        \r\n                        <div class=\"text-modules__content\"><\/p>\n<p style=\"text-align: justify;\">W konkursie Stowarzyszenia Bibliotekarzy Polskich na Bibliotekarza Roku wielokrotnie laureatami zostawali absolwenci i absolwentki naszego kierunku.<\/p>\n<p style=\"text-align: justify;\">Celem Konkursu jest prezentowanie w og\u00f3lnopolskim \u015brodowisku bibliotekarskim oraz w\u015br\u00f3d szerokiej publiczno\u015bci tych pracownik\u00f3w bibliotek, kt\u00f3rzy w danym roku wyr\u00f3\u017cnili si\u0119 wyj\u0105tkowymi osi\u0105gni\u0119ciami, zas\u0142uguj\u0105c na wysok\u0105 ocen\u0119 i popularyzacj\u0119 swoich dokona\u0144.<\/p>\n<p>\n<\/div>\r\n                    <\/div>\r\n                <\/div>[\/vc_tta_section][vc_tta_section tab_id=&#8221;1653648123865-9f05f354-217e&#8221;]\r\n                <div class=\"text-modules\">\r\n                    <div class=\"container\">\r\n                        \r\n                        <div class=\"text-modules__content\"><p>W siatce zaj\u0119\u0107 mamy j\u0119zyk specjalistyczny &#8211; <strong>terminologia w j\u0119zyku angielskim<\/strong>, w kt\u00f3rym k\u0142adziemy nacisk na wiedz\u0119 i umiej\u0119tno\u015bci zwi\u0105zane z terminologi\u0105 fachow\u0105.<\/p>\n<\/div>\r\n                    <\/div>\r\n                <\/div>[\/vc_tta_section][vc_tta_section tab_id=&#8221;1656324483201-a35feb5f-efba&#8221;]\r\n                <div class=\"text-modules\">\r\n                    <div class=\"container\">\r\n                        \r\n                        <div class=\"text-modules__content\"><p>W ramach poszczeg\u00f3lnych modu\u0142\u00f3w praktykujemy <strong>zaj\u0119cia terenowe<\/strong>, kt\u00f3re pozwalaj\u0105 studentom na bezpo\u015bredni kontakt z omawianymi zagadnieniami zwi\u0105zanymi z instytucjami ksi\u0105\u017cki (bibliotekami, archiwa, muzea, wydawnictwa) czy ochron\u0105 dziedzictwa.<\/p>\n<\/div>\r\n                    <\/div>\r\n                <\/div>[\/vc_tta_section][vc_tta_section tab_id=&#8221;1656073747684-72c9b085-397a&#8221;]\r\n                <div class=\"text-modules\">\r\n                    <div class=\"container\">\r\n                        \r\n                        <div class=\"text-modules__content\"><\/p>\n<p style=\"text-align: justify;\">Jako jedyny kierunek Polsce dysponujemy w\u0142asnym <strong>Laboratorium Ochrony i Konserwacji Zbior\u00f3w Bibliotecznych<\/strong>, w kt\u00f3rym pracowano nad zabezpieczeniem cennych starodruk\u00f3w z bibliotek klasztornych na Jasnej G\u00f3rze w Cz\u0119stochowie i Ska\u0142ce w Krakowie. Pracownia ta jest wykorzystywana przez student\u00f3w do zaj\u0119\u0107 praktycznych.<\/p>\n<p style=\"text-align: justify;\">Do dyspozycji naszych student\u00f3w jest r\u00f3wnie\u017c nowocze\u015bnie wyposa\u017cona <strong>Pracownia Digitalizacji<\/strong>, w kt\u00f3rej uczymy profesjonalnego skanowania, opracowania graficznego i publikowania obiekt\u00f3w cyfrowych. Publikacje zdigitalizowane przez student\u00f3w wzbogacaj\u0105 zasoby \u015al\u0105skiej Biblioteki Cyfrowej.<\/p>\n<p>\n<\/div>\r\n                    <\/div>\r\n                <\/div>[\/vc_tta_section][vc_tta_section title=&#8221;Dzia\u0142&#8221; tab_id=&#8221;1750757223718-0af694cf-d6ed&#8221;]\r\n                <div class=\"text-modules\">\r\n                    <div class=\"container\">\r\n                        \r\n                        <div class=\"text-modules__content\"><p>W ramach programu Erasmus+ studenci kierunku mog\u0105 zrealizowa\u0107 zagraniczn\u0105 praktyk\u0119 w r\u00f3\u017cnych instytucjach, w 31 pa\u0144stwach uczestnicz\u0105cych w programie lub cz\u0119\u015b\u0107 studi\u00f3w w zagranicznej uczelni partnerskiej w krajach takich jak: <strong>Bu\u0142garia, Czechy, Estonia, Francja, Hiszpania, Litwa, \u0141otwa, Niemcy, Portugalia, S\u0142owacja, S\u0142owenia, W\u0142ochy.<\/strong><\/p>\n<\/div>\r\n                    <\/div>\r\n                <\/div>[\/vc_tta_section][\/vc_tta_pageable][vc_row_inner][vc_column_inner][vc_separator color=&#8221;custom&#8221; accent_color=&#8221;#0095db&#8221;]\r\n                <div class=\"text-modules\">\r\n                    <div class=\"container\">\r\n                        \r\n                        <div class=\"text-modules__content\"><\/p>\n<h3 style=\"text-align: center;\"><span style=\"color: #002e5a;\">Zapisz si\u0119!<\/span><\/h3>\n<p>\n<\/div>\r\n                    <\/div>\r\n                <\/div>[\/vc_column_inner][\/vc_row_inner][vc_row_inner disable_element=&#8221;yes&#8221;][vc_column_inner width=&#8221;1\/2&#8243;][vc_btn title=&#8221;<b>studia stacjonarne I stopnia<\/b>&#8221; style=&#8221;outline-custom&#8221; outline_custom_color=&#8221;#002e5a&#8221; outline_custom_hover_background=&#8221;#fbb900&#8243; outline_custom_hover_text=&#8221;#ffffff&#8221; size=&#8221;lg&#8221; align=&#8221;center&#8221; i_icon_fontawesome=&#8221;fas fa-arrow-right&#8221; button_block=&#8221;true&#8221; add_icon=&#8221;true&#8221; link=&#8221;url:https%3A%2F%2Firk.us.edu.pl%2Fpl%2Foffer%2FSW-2025-Z%2Fprogramme%2FW1-S1BN19%2F%3Ffrom%3Dorg-unit%3AW1|target:_blank&#8221;]\r\n                <div class=\"text-modules\">\r\n                    <div class=\"container\">\r\n                        \r\n                        <div class=\"text-modules__content\"><\/p>\n<h6><span style=\"color: #9b132a;\">I tura rekrutacji <strong class=\"active-turn\">02.06.2025 12:00 \u2013 18.09.2025 23:59<\/strong><\/span><\/h6>\n<p>\n<\/div>\r\n                    <\/div>\r\n                <\/div>[\/vc_column_inner][vc_column_inner width=&#8221;1\/2&#8243;][vc_btn title=&#8221;<b>studia niestacjonarne I stopnia<\/b>&#8221; style=&#8221;outline-custom&#8221; outline_custom_color=&#8221;#002e5a&#8221; outline_custom_hover_background=&#8221;#fbb900&#8243; outline_custom_hover_text=&#8221;#ffffff&#8221; size=&#8221;lg&#8221; align=&#8221;center&#8221; i_icon_fontawesome=&#8221;fas fa-arrow-right&#8221; button_block=&#8221;true&#8221; add_icon=&#8221;true&#8221; link=&#8221;url:https%3A%2F%2Firk.us.edu.pl%2Fpl%2Foffer%2FSW-2025-Z%2Fprogramme%2FW1-N1BN19%2F%3Ffrom%3Dorg-unit%3AW1|target:_blank&#8221;]\r\n                <div class=\"text-modules\">\r\n                    <div class=\"container\">\r\n                        \r\n                        <div class=\"text-modules__content\"><\/p>\n<h6><span style=\"color: #9b132a;\">I tura rekrutacji <strong class=\"active-turn\">02.06.2025 12:00 \u2013 18.09.2025 23:59<\/strong><\/span><\/h6>\n<p>\n<\/div>\r\n                    <\/div>\r\n                <\/div>[\/vc_column_inner][\/vc_row_inner][vc_row_inner][vc_column_inner][vc_separator color=&#8221;custom&#8221; accent_color=&#8221;#0095db&#8221;][\/vc_column_inner][\/vc_row_inner][vc_row_inner disable_element=&#8221;yes&#8221;][vc_column_inner width=&#8221;1\/2&#8243;][vc_btn title=&#8221;<b>studia stacjonarne II stopnia<\/b>&#8221; style=&#8221;outline-custom&#8221; outline_custom_color=&#8221;#002e5a&#8221; outline_custom_hover_background=&#8221;#fbb900&#8243; outline_custom_hover_text=&#8221;#ffffff&#8221; size=&#8221;lg&#8221; align=&#8221;center&#8221; i_icon_fontawesome=&#8221;fas fa-arrow-right&#8221; button_block=&#8221;true&#8221; add_icon=&#8221;true&#8221; link=&#8221;url:https%3A%2F%2Firk.us.edu.pl%2Fpl%2Foffer%2FSW-2025-Z%2Fprogramme%2FW1-S2BN19%2F%3Ffrom%3Dorg-unit%3AW1|target:_blank&#8221;]\r\n                <div class=\"text-modules\">\r\n                    <div class=\"container\">\r\n                        \r\n                        <div class=\"text-modules__content\"><\/p>\n<h6><span style=\"color: #9b132a;\">I tura rekrutacji <strong class=\"active-turn\">02.06.2025 12:00 \u2013 18.09.2025 23:59<\/strong><\/span><\/h6>\n<p>\n<\/div>\r\n                    <\/div>\r\n                <\/div>[\/vc_column_inner][vc_column_inner width=&#8221;1\/2&#8243;][vc_btn title=&#8221;<b>studia niestacjonarne II stopnia<\/b>&#8221; style=&#8221;outline-custom&#8221; outline_custom_color=&#8221;#002e5a&#8221; outline_custom_hover_background=&#8221;#fbb900&#8243; outline_custom_hover_text=&#8221;#ffffff&#8221; size=&#8221;lg&#8221; align=&#8221;center&#8221; i_icon_fontawesome=&#8221;fas fa-arrow-right&#8221; button_block=&#8221;true&#8221; add_icon=&#8221;true&#8221; link=&#8221;url:https%3A%2F%2Firk.us.edu.pl%2Fpl%2Foffer%2FSW-2025-Z%2Fprogramme%2FW1-N2BN19%2F%3Ffrom%3Dorg-unit%3AW1|target:_blank&#8221;]\r\n                <div class=\"text-modules\">\r\n                    <div class=\"container\">\r\n                        \r\n                        <div class=\"text-modules__content\"><\/p>\n<h6><span style=\"color: #9b132a;\">I tura rekrutacji <strong class=\"active-turn\">02.06.2025 12:00 \u2013 18.09.2025 23:59<\/strong><\/span><\/h6>\n<p>\n<\/div>\r\n                    <\/div>\r\n                <\/div>[\/vc_column_inner][\/vc_row_inner][vc_row_inner][vc_column_inner][vc_separator color=&#8221;custom&#8221; accent_color=&#8221;#0095db&#8221;][\/vc_column_inner][\/vc_row_inner][vc_row_inner][vc_column_inner width=&#8221;2\/3&#8243;][vc_custom_heading text=&#8221;Kampus Katowice&#8221; font_container=&#8221;tag:h2|text_align:left|color:%23002e5a&#8221; google_fonts=&#8221;font_family:PT%20Sans%3Aregular%2Citalic%2C700%2C700italic|font_style:700%20bold%20regular%3A700%3Anormal&#8221;][vc_separator color=&#8221;custom&#8221; accent_color=&#8221;#dfe2ec&#8221;][vc_video link=&#8221;https:\/\/www.youtube.com\/watch?v=azMUt0AE-Uw&#8221;][\/vc_column_inner][\/vc_row_inner][\/vc_column][vc_column width=&#8221;1\/3&#8243; css=&#8221;.vc_custom_1684319759751{margin-left: 3px !important;}&#8221;][vc_empty_space height=&#8221;20px&#8221;][vc_hoverbox image=&#8221;20932&#8243; primary_title=&#8221;&#8221; primary_align=&#8221;left&#8221; hover_title=&#8221;&#8221; hover_align=&#8221;left&#8221; shape=&#8221;square&#8221; hover_background_color=&#8221;custom&#8221; align=&#8221;left&#8221; hover_custom_background=&#8221;#f8f8f8&#8243;]<\/p>\n<p style=\"text-align: left;\">&#8211; bibliotekarz (w bibliotekach naukowych, fachowych, publicznych, szkolnych, specjalnych),<\/p>\n<p style=\"text-align: left;\">&#8211; specjalista informacji naukowej,<\/p>\n<p style=\"text-align: left;\">&#8211; specjalista zarz\u0105dzania informacj\u0105,<\/p>\n<p style=\"text-align: left;\">&#8211; pracownik wydawnictwa.<\/p>\n<p>[\/vc_hoverbox][vc_empty_space][vc_custom_heading text=&#8221;Poznaj nas lepiej&#8221; font_container=&#8221;tag:h2|text_align:left|color:%23002e5a&#8221; google_fonts=&#8221;font_family:PT%20Sans%3Aregular%2Citalic%2C700%2C700italic|font_style:700%20bold%20regular%3A700%3Anormal&#8221;][vc_separator color=&#8221;custom&#8221; accent_color=&#8221;#dfe2ec&#8221;]            \r\n            <div class=\"sidebar_moduls sidebar_moduls_facebok fb-page\"\r\n              data-href=\"https:\/\/www.facebook.com\/ibinus\" \r\n              data-width=\"330\"\r\n              data-hide-cover=\"false\"\r\n              data-show-facepile=\"true\"><\/div>\r\n             \r\n             <div id=\"fb-root\"><\/div>\r\n            <script async defer crossorigin=\"anonymous\" src=\" https:\/\/connect.facebook.net\/pl_PL\/sdk.js#xfbml=1&version=v4.0 \">                        \r\n            <\/script>\r\n            [vc_empty_space height=&#8221;20px&#8221;]            \r\n            <div class=\"sidebar_moduls sidebar_moduls_facebok fb-page\"\r\n              data-href=\"https:\/\/www.facebook.com\/wydz.humanistyczny.us\" \r\n              data-width=\"330\"\r\n              data-hide-cover=\"false\"\r\n              data-show-facepile=\"true\"><\/div>\r\n             \r\n             <div id=\"fb-root\"><\/div>\r\n            <script async defer crossorigin=\"anonymous\" src=\" https:\/\/connect.facebook.net\/pl_PL\/sdk.js#xfbml=1&version=v4.0 \">                        \r\n            <\/script>\r\n            [vc_empty_space height=&#8221;20px&#8221;][vc_custom_heading text=&#8221;Ko\u0142o naukowe&#8221; font_container=&#8221;tag:h2|text_align:left|color:%23002e5a&#8221; google_fonts=&#8221;font_family:PT%20Sans%3Aregular%2Citalic%2C700%2C700italic|font_style:700%20bold%20regular%3A700%3Anormal&#8221;][vc_separator color=&#8221;custom&#8221; accent_color=&#8221;#dfe2ec&#8221;]            \r\n            <div class=\"sidebar_moduls sidebar_moduls_facebok fb-page\"\r\n              data-href=\"https:\/\/www.facebook.com\/KoloNaukoweInfologowUS\" \r\n              data-width=\"330\"\r\n              data-hide-cover=\"false\"\r\n              data-show-facepile=\"true\"><\/div>\r\n             \r\n             <div id=\"fb-root\"><\/div>\r\n            <script async defer crossorigin=\"anonymous\" src=\" https:\/\/connect.facebook.net\/pl_PL\/sdk.js#xfbml=1&version=v4.0 \">                        \r\n            <\/script>\r\n            [\/vc_column][\/vc_row][vc_row][vc_column][vc_empty_space height=&#8221;30px&#8221;][\/vc_column][\/vc_row][vc_row el_class=&#8221;container&#8221;][vc_column][vc_separator color=&#8221;custom&#8221; accent_color=&#8221;#dfe2ec&#8221;][\/vc_column][\/vc_row][vc_row el_class=&#8221;container&#8221;][vc_column width=&#8221;2\/3&#8243;][vc_tta_pageable no_fill_content_area=&#8221;1&#8243; active_section=&#8221;1&#8243; pagination_style=&#8221;&#8221; title=&#8221;Gdzie b\u0119dziesz studiowa\u0107?&#8221; css=&#8221;.vc_custom_1653586849789{background-position: center !important;background-repeat: no-repeat !important;background-size: cover !important;}&#8221;][vc_tta_section tab_id=&#8221;1653479712065-2c52f2ca-364e&#8221;][vc_images_carousel images=&#8221;16189,16190,16160&#8243; img_size=&#8221;full&#8221; onclick=&#8221;link_no&#8221; speed=&#8221;3500&#8243; autoplay=&#8221;yes&#8221; hide_pagination_control=&#8221;yes&#8221; wrap=&#8221;yes&#8221;][\/vc_tta_section][\/vc_tta_pageable][\/vc_column][vc_column width=&#8221;1\/3&#8243;][vc_tta_pageable no_fill_content_area=&#8221;1&#8243; active_section=&#8221;1&#8243; pagination_style=&#8221;&#8221; title=&#8221;Skontaktuj si\u0119 z nami:&#8221; css=&#8221;.vc_custom_1653587776587{background-position: center !important;background-repeat: no-repeat !important;background-size: contain !important;border-radius: 20px !important;}&#8221;][vc_tta_section tab_id=&#8221;1653479581419-652d0e5d-0dd6&#8243;]\r\n                <div class=\"text-modules\">\r\n                    <div class=\"container\">\r\n                        \r\n                        <div class=\"text-modules__content\"><p><strong>lic. Agnieszka Korczak<\/strong><strong><br \/>\n<\/strong>e-mail:\u00a0<a href=\"mailto:agnieszka.korczak@us.edu.pl\">agnieszka.korczak@us.edu.pl<\/a><br \/>\ntel.: 32 2009 441<br \/>\nul. Uniwersytecka 4, 40-007 Katowice<br \/>\npok\u00f3j:B1.6<\/p>\n<\/div>\r\n                    <\/div>\r\n                <\/div>[\/vc_tta_section][\/vc_tta_pageable][vc_tta_pageable no_fill_content_area=&#8221;1&#8243; active_section=&#8221;1&#8243; pagination_style=&#8221;&#8221; title=&#8221;Sprawd\u017a jeszcze:&#8221; css=&#8221;.vc_custom_1653587768868{background-position: center !important;background-repeat: no-repeat !important;background-size: contain !important;}&#8221;][vc_tta_section tab_id=&#8221;1653483573124-ea9e9979-8940&#8243;][vc_btn title=&#8221;architektura informacji&#8221; color=&#8221;orange&#8221; size=&#8221;lg&#8221; link=&#8221;url:https%3A%2F%2Fus.edu.pl%2Fwydzial%2Fwh%2Fkandydat-wh%2Fkierunki-studiow%2Farchitektura-informacji%2F|title:architektura%20informacji|target:_blank&#8221;][vc_empty_space height=&#8221;1px&#8221;][vc_btn title=&#8221;komunikacja promocyjna i kryzysowa&#8221; color=&#8221;orange&#8221; size=&#8221;lg&#8221; link=&#8221;url:https%3A%2F%2Fus.edu.pl%2Fwydzial%2Fwh%2Fkandydat-wh%2Fkierunki-studiow%2Fkomunikacja-promocyjna-i-kryzysowa%2F|title:komunikacja%20promocyjna%20i%20kryzysowa|target:_blank&#8221;][vc_empty_space height=&#8221;1px&#8221;][vc_btn title=&#8221;kultury medi\u00f3w&#8221; color=&#8221;orange&#8221; size=&#8221;lg&#8221; link=&#8221;url:https%3A%2F%2Fus.edu.pl%2Fwydzial%2Fwh%2Fkandydat-wh%2Fkierunki-studiow%2Fkultury-mediow%2F|title:kultury%20medi%C3%B3w|target:_blank&#8221;][vc_empty_space height=&#8221;1px&#8221;][vc_btn title=&#8221;komunikacja cyfrowa&#8221; color=&#8221;orange&#8221; size=&#8221;lg&#8221; link=&#8221;url:https%3A%2F%2Fus.edu.pl%2Fwydzial%2Fwh%2Fkandydat-wh%2Fkierunki-studiow%2Fkomunikacja-cyfrowa%2F|title:komunikacja%20cyfrowa|target:_blank&#8221;][\/vc_tta_section][\/vc_tta_pageable][\/vc_column][\/vc_row][vc_row el_class=&#8221;container&#8221;][vc_column][vc_gmaps link=&#8221;#E-8_JTNDaWZyYW1lJTIwc3JjJTNEJTIyaHR0cHMlM0ElMkYlMkZ3d3cuZ29vZ2xlLmNvbSUyRm1hcHMlMkZlbWJlZCUzRnBiJTNEJTIxMW0xOCUyMTFtMTIlMjExbTMlMjExZDI1NTAuNjM2ODIzNzQzOTQzOCUyMTJkMTkuMDIxMzM1ODM0NDM2OTkzJTIxM2Q1MC4yNjEzNjY5NDMxMjg2NjQlMjEybTMlMjExZjAlMjEyZjAlMjEzZjAlMjEzbTIlMjExaTEwMjQlMjEyaTc2OCUyMTRmMTMuMSUyMTNtMyUyMTFtMiUyMTFzMHg0NzE2Y2U0OTQ1ZWNkMTlkJTI1M0EweGRmMWIwODY3YTVmYmMzZmIlMjEyc1d5ZHppYSUyNUM1JTI1ODIlMjUyMEh1bWFuaXN0eWN6bnklMjUyMFVuaXdlcnN5dGV0dSUyNTIwJTI1QzUlMjU5QWwlMjVDNCUyNTg1c2tpZWdvJTIxNWUwJTIxM20yJTIxMXNwbCUyMTJzcGwlMjE0djE2NTQwODQyNzk2MTQlMjE1bTIlMjExc3BsJTIxMnNwbCUyMiUyMHdpZHRoJTNEJTIyNjAwJTIyJTIwaGVpZ2h0JTNEJTIyNDUwJTIyJTIwc3R5bGUlM0QlMjJib3JkZXIlM0EwJTNCJTIyJTIwYWxsb3dmdWxsc2NyZWVuJTNEJTIyJTIyJTIwbG9hZGluZyUzRCUyMmxhenklMjIlMjByZWZlcnJlcnBvbGljeSUzRCUyMm5vLXJlZmVycmVyLXdoZW4tZG93bmdyYWRlJTIyJTNFJTNDJTJGaWZyYW1lJTNF&#8221; size=&#8221;&#8221;][\/vc_column][\/vc_row][vc_column][\/vc_column][vc_column][\/vc_column]<\/p>","protected":false},"excerpt":{"rendered":"<p>[vc_row el_class=&#8221;container&#8221;][vc_column width=&#8221;1\/2&#8243; css=&#8221;.vc_custom_1653565298692{margin-right: 0px !important;margin-left: 0px !important;border-right-width: 0px !important;border-left-width: 0px !important;}&#8221;][vc_single_image image=&#8221;157218&#8243; img_size=&#8221;full&#8221;][\/vc_column][vc_column width=&#8221;1\/2&#8243; css=&#8221;.vc_custom_1653642837519{background-color: #dfe2ec !important;border-radius: 15px !important;}&#8221;][vc_empty_space][vc_custom_heading text=&#8221;INFORMACJA NAUKOWA I BIBLIOTEKOZNAWSTWO&#8221; font_container=&#8221;tag:h3|text_align:center|color:%23002e5a&#8221; google_fonts=&#8221;font_family:PT%20Sans%20Caption%3Aregular%2C700|font_style:700%20bold%20regular%3A700%3Anormal&#8221;][vc_empty_space height=&#8221;15px&#8221;][vc_separator color=&#8221;custom&#8221; style=&#8221;shadow&#8221; accent_color=&#8221;#002e5a&#8221;][vc_row_inner][vc_column_inner][vc_btn title=&#8221;Karta kierunku &#8211; program studi\u00f3w&#8221; style=&#8221;custom&#8221; custom_background=&#8221;#002e5a&#8221; custom_text=&#8221;#ffffff&#8221; size=&#8221;lg&#8221; align=&#8221;center&#8221; i_icon_fontawesome=&#8221;fas fa-arrow-right&#8221; button_block=&#8221;true&#8221; add_icon=&#8221;true&#8221; link=&#8221;url:https%3A%2F%2Finformator.us.edu.pl%2Fprogrammes%2Flist%2Ffaculties%2FW1%2FBN%2F|target:_blank&#8221;][\/vc_column_inner][\/vc_row_inner][\/vc_column][\/vc_row][vc_row el_class=&#8221;container&#8221; css=&#8221;.vc_custom_1684319335399{border-left-width: 3px !important;border-left-color: #dda654 !important;border-left-style: solid !important;border-radius: 3px !important;}&#8221;][vc_column [&#8230;]<\/p>\n<p><a class=\"btn btn-secondary understrap-read-more-link\" href=\"https:\/\/us.edu.pl\/wydzial\/wh\/kandydat-wh\/kierunki-studiow\/informacja-naukowa-i-bibliotekoznawstwo\/\">Read More&#8230;<\/a><\/p>\n","protected":false},"author":1,"featured_media":0,"parent":989,"menu_order":0,"comment_status":"closed","ping_status":"closed","template":"","meta":{"_expiration-date-status":"","_expiration-date":0,"_expiration-date-type":"","_expiration-date-categories":[],"_expiration-date-options":[]},"acf":[],"_links":{"self":[{"href":"https:\/\/us.edu.pl\/wydzial\/wh\/wp-json\/wp\/v2\/pages\/156702"}],"collection":[{"href":"https:\/\/us.edu.pl\/wydzial\/wh\/wp-json\/wp\/v2\/pages"}],"about":[{"href":"https:\/\/us.edu.pl\/wydzial\/wh\/wp-json\/wp\/v2\/types\/page"}],"author":[{"embeddable":true,"href":"https:\/\/us.edu.pl\/wydzial\/wh\/wp-json\/wp\/v2\/users\/1"}],"replies":[{"embeddable":true,"href":"https:\/\/us.edu.pl\/wydzial\/wh\/wp-json\/wp\/v2\/comments?post=156702"}],"version-history":[{"count":12,"href":"https:\/\/us.edu.pl\/wydzial\/wh\/wp-json\/wp\/v2\/pages\/156702\/revisions"}],"predecessor-version":[{"id":193184,"href":"https:\/\/us.edu.pl\/wydzial\/wh\/wp-json\/wp\/v2\/pages\/156702\/revisions\/193184"}],"up":[{"embeddable":true,"href":"https:\/\/us.edu.pl\/wydzial\/wh\/wp-json\/wp\/v2\/pages\/989"}],"wp:attachment":[{"href":"https:\/\/us.edu.pl\/wydzial\/wh\/wp-json\/wp\/v2\/media?parent=156702"}],"curies":[{"name":"wp","href":"https:\/\/api.w.org\/{rel}","templated":true}]}}