{"id":156746,"date":"2022-06-27T13:41:38","date_gmt":"2022-06-27T11:41:38","guid":{"rendered":"https:\/\/us.edu.pl\/wydzial\/wh\/?page_id=156746"},"modified":"2025-10-23T11:44:08","modified_gmt":"2025-10-23T09:44:08","slug":"historia","status":"publish","type":"page","link":"https:\/\/us.edu.pl\/wydzial\/wh\/kandydat-wh\/kierunki-studiow\/historia\/","title":{"rendered":"historia"},"content":{"rendered":"<p>[vc_row el_class=&#8221;container&#8221;][vc_column width=&#8221;1\/2&#8243; css=&#8221;.vc_custom_1653565298692{margin-right: 0px !important;margin-left: 0px !important;border-right-width: 0px !important;border-left-width: 0px !important;}&#8221;][vc_single_image image=&#8221;157210&#8243; img_size=&#8221;full&#8221; alignment=&#8221;center&#8221;][vc_row_inner css=&#8221;.vc_custom_1684849102411{border-bottom-width: 0px !important;background-color: #f8f8f8 !important;}&#8221;][vc_column_inner][vc_empty_space height=&#8221;15px&#8221;][vc_custom_heading text=&#8221;SPECJALNO\u015aCI&#8221; font_container=&#8221;tag:h3|text_align:center|color:%23002e5a&#8221; google_fonts=&#8221;font_family:PT%20Sans%20Caption%3Aregular%2C700|font_style:700%20bold%20regular%3A700%3Anormal&#8221;][vc_separator color=&#8221;custom&#8221; style=&#8221;shadow&#8221; el_width=&#8221;60&#8243; accent_color=&#8221;#002e5a&#8221;]\r\n                <div class=\"text-modules\">\r\n                    <div class=\"container\">\r\n                        \r\n                        <div class=\"text-modules__content\"><p>Na obu stopniach studi\u00f3w na kierunku historia oferowane s\u0105 do wyboru trzy specjalno\u015bci:<\/p>\n<ul>\n<li>administracyjno-samorz\u0105dowa,<\/li>\n<li>archiwalna i zarz\u0105dzania dokumentacj\u0105,<\/li>\n<li>nauczycielska.<\/li>\n<\/ul>\n<p>\n<\/div>\r\n                    <\/div>\r\n                <\/div>[\/vc_column_inner][\/vc_row_inner][vc_row_inner css=&#8221;.vc_custom_1747655261970{background-color: #f8f8f8 !important;}&#8221;][vc_column_inner][vc_separator color=&#8221;custom&#8221; accent_color=&#8221;#0095db&#8221;]\r\n                <div class=\"text-modules\">\r\n                    <div class=\"container\">\r\n                        \r\n                        <div class=\"text-modules__content\"><\/p>\n<h3><span style=\"color: #002e5a;\">Zapisz si\u0119!<\/span><\/h3>\n<p>\n<\/div>\r\n                    <\/div>\r\n                <\/div>[\/vc_column_inner][\/vc_row_inner][vc_row_inner disable_element=&#8221;yes&#8221; css=&#8221;.vc_custom_1753711976226{background-color: #f8f8f8 !important;}&#8221;][vc_column_inner width=&#8221;1\/2&#8243;][vc_btn title=&#8221;<b>studia stacjonarne I stopnia<\/b>&#8221; style=&#8221;outline-custom&#8221; outline_custom_color=&#8221;#002e5a&#8221; outline_custom_hover_background=&#8221;#fbb900&#8243; outline_custom_hover_text=&#8221;#ffffff&#8221; size=&#8221;lg&#8221; align=&#8221;center&#8221; i_icon_fontawesome=&#8221;fas fa-arrow-right&#8221; button_block=&#8221;true&#8221; add_icon=&#8221;true&#8221; link=&#8221;url:https%3A%2F%2Firk.us.edu.pl%2Fpl%2Foffer%2FSW-2025-Z%2Fprogramme%2FW1-S1HI19%2F%3Ffrom%3Dorg-unit%3AW1|target:_blank&#8221;][\/vc_column_inner][vc_column_inner width=&#8221;1\/2&#8243;]\r\n                <div class=\"text-modules\">\r\n                    <div class=\"container\">\r\n                        \r\n                        <div class=\"text-modules__content\"><\/p>\n<h6><span style=\"color: #9b132a;\">II tura rekrutacji:<br \/>\n<strong>23.07.2025 12:00 \u2013 27.07.2025 23:59<\/strong><br \/>\n<\/span><\/h6>\n<p>\n<\/div>\r\n                    <\/div>\r\n                <\/div>[\/vc_column_inner][\/vc_row_inner][vc_row_inner disable_element=&#8221;yes&#8221; css=&#8221;.vc_custom_1761212631162{background-color: #f8f8f8 !important;}&#8221;][vc_column_inner width=&#8221;1\/2&#8243;][vc_btn title=&#8221;<b>studia stacjonarne II stopnia<\/b>&#8221; style=&#8221;outline-custom&#8221; outline_custom_color=&#8221;#002e5a&#8221; outline_custom_hover_background=&#8221;#fbb900&#8243; outline_custom_hover_text=&#8221;#ffffff&#8221; size=&#8221;lg&#8221; align=&#8221;center&#8221; i_icon_fontawesome=&#8221;fas fa-arrow-right&#8221; button_block=&#8221;true&#8221; add_icon=&#8221;true&#8221; link=&#8221;url:https%3A%2F%2Firk.us.edu.pl%2Fpl%2Foffer%2FSW-2025-Z%2Fprogramme%2FW1-S2HI19%2F%3Ffrom%3Dorg-unit%3AW1|target:_blank&#8221;][\/vc_column_inner][vc_column_inner width=&#8221;1\/2&#8243;]\r\n                <div class=\"text-modules\">\r\n                    <div class=\"container\">\r\n                        \r\n                        <div class=\"text-modules__content\"><\/p>\n<h6><span style=\"color: #9b132a;\">II tura rekrutacji:<br \/>\n<strong>25.07.<\/strong>2025 00:00 \u2013 <strong>18.09<\/strong>.2025 23:59<\/span><\/h6>\n<p>\n<\/div>\r\n                    <\/div>\r\n                <\/div>[\/vc_column_inner][\/vc_row_inner][vc_row_inner css=&#8221;.vc_custom_1747655285186{background-color: #f8f8f8 !important;}&#8221;][vc_column_inner][vc_separator color=&#8221;custom&#8221; accent_color=&#8221;#0095db&#8221;][\/vc_column_inner][\/vc_row_inner][vc_row_inner css=&#8221;.vc_custom_1684849941216{background-color: #ffffff !important;}&#8221;][vc_column_inner][vc_empty_space][vc_custom_heading text=&#8221;Kampus Katowice&#8221; font_container=&#8221;tag:h2|text_align:left|color:%23002e5a&#8221; google_fonts=&#8221;font_family:PT%20Sans%3Aregular%2Citalic%2C700%2C700italic|font_style:700%20bold%20regular%3A700%3Anormal&#8221;][vc_separator color=&#8221;custom&#8221; accent_color=&#8221;#dfe2ec&#8221;][vc_video link=&#8221;https:\/\/www.youtube.com\/watch?v=azMUt0AE-Uw&#8221;][\/vc_column_inner][\/vc_row_inner][\/vc_column][vc_column width=&#8221;1\/2&#8243;][vc_row_inner css=&#8221;.vc_custom_1684847750220{background-color: #dfe2ec !important;border-radius: 15px !important;}&#8221;][vc_column_inner][vc_empty_space][vc_custom_heading text=&#8221;HISTORIA&#8221; font_container=&#8221;tag:h3|text_align:center|color:%23002e5a&#8221; google_fonts=&#8221;font_family:PT%20Sans%20Caption%3Aregular%2C700|font_style:700%20bold%20regular%3A700%3Anormal&#8221;][vc_empty_space height=&#8221;15px&#8221;][vc_separator color=&#8221;custom&#8221; style=&#8221;shadow&#8221; el_width=&#8221;60&#8243; accent_color=&#8221;#002e5a&#8221;]\r\n                <div class=\"text-modules\">\r\n                    <div class=\"container\">\r\n                        \r\n                        <div class=\"text-modules__content\"><p>Kierunek skierowany jest dla os\u00f3b, kt\u00f3re wi\u0105\u017c\u0105 swoj\u0105 przysz\u0142o\u015b\u0107 z prac\u0105 archiwisty, nauczyciela albo pracownika samorz\u0105du\/administracji, w tych jednostkach, kt\u00f3re podczas realizacji swoich dzia\u0142a\u0144 potrzebuj\u0105 specjalist\u00f3w o gruntowej znajomo\u015bci przesz\u0142o\u015bci.<\/p>\n<p>Studia na kierunku pozwalaj\u0105 zdoby\u0107 przede wszystkim wiedz\u0119 nt. wydarze\u0144 i proces\u00f3w z przesz\u0142o\u015bci Polski i \u015bwiata (od staro\u017cytno\u015bci po wiek XX), ale r\u00f3wnie\u017c rozumie\u0107 przesz\u0142o\u015b\u0107 i jej wp\u0142yw na tera\u017aniejszo\u015b\u0107 i przysz\u0142o\u015b\u0107 (m.in. dostrzega\u0107 zwi\u0105zki przyczynowo-skutkowe czy przewidywa\u0107 konsekwencje wydarze\u0144) oraz wykszta\u0142ci\u0107 szereg umiej\u0119tno\u015bci (np. tworzenia projekt\u00f3w uwzgl\u0119dniaj\u0105cych historyczny kontekst).<\/p>\n<p>Dzi\u0119ki realizacji tre\u015bci z zakresu innych dyscyplin zaj\u0119cia na kierunku pozwalaj\u0105 wyposa\u017cy\u0107 absolwent\u00f3w w katalog og\u00f3lnych kompetencji z zakresu nauk humanistycznych i spo\u0142ecznych (m.in. filozofii, socjologii i nauk politycznych).<\/p>\n<p>Du\u017ca liczba zaj\u0119\u0107 uwzgl\u0119dniaj\u0105cych indywidualne zainteresowania uczestnik\u00f3w (zw\u0142aszcza w toku studi\u00f3w II stopnia) pozwala studiuj\u0105cym na rozw\u00f3j predyspozycji oraz kszta\u0142towanie samodzielnej aktywno\u015bci intelektualnej i badawczej, a tak\u017ce przygotowanie do w\u0142a\u015bciwego odbioru dorobku kulturowego i czynnego uczestnictwa w jego kreowaniu.<\/p>\n<p>Uzyskane wiedz\u0119 i umiej\u0119tno\u015bci studenci mog\u0105 pog\u0142\u0119bia\u0107 i weryfikowa\u0107 uczestnicz\u0105c w projektach, wyjazdach naukowych b\u0105d\u017a zaj\u0119ciach realizowanych poza murami Instytutu Historii. Swoje kompetencje mog\u0105 r\u00f3wnie\u017c pog\u0142\u0119bia\u0107 dzi\u0119ki programowi wymiany mi\u0119dzynarodowej\u00a0<strong>Erasmus+, <\/strong>studenci kierunku mog\u0105 zrealizowa\u0107 zagraniczn\u0105 praktyk\u0119 w r\u00f3\u017cnych instytucjach, w 31 pa\u0144stwach uczestnicz\u0105cych w programie lub cz\u0119\u015b\u0107 studi\u00f3w w zagranicznej uczelni partnerskiej w krajach takich jak: <strong>Bu\u0142garia, Czechy, Dania, Estonia, Francja, Hiszpania, Litwa, \u0141otwa, Niemcy, Norwegia, Portugalia, Rumunia, S\u0142owacja, S\u0142owenia, W\u0142ochy.<\/strong><\/p>\n<\/div>\r\n                    <\/div>\r\n                <\/div>[\/vc_column_inner][\/vc_row_inner][vc_row_inner css=&#8221;.vc_custom_1684847596396{background-color: #ffffff !important;}&#8221;][vc_column_inner][vc_empty_space height=&#8221;20px&#8221;][vc_hoverbox image=&#8221;20932&#8243; primary_title=&#8221;&#8221; primary_align=&#8221;left&#8221; hover_title=&#8221;&#8221; hover_align=&#8221;left&#8221; shape=&#8221;square&#8221; hover_background_color=&#8221;custom&#8221; align=&#8221;left&#8221; hover_custom_background=&#8221;#f8f8f8&#8243;]<\/p>\n<ul>\n<li style=\"text-align: left;\">jednostki r\u00f3\u017cnych szczebli administracji pa\u0144stwowej i samorz\u0105dowej<\/li>\n<li style=\"text-align: left;\">archiwa pa\u0144stwowe i zak\u0142adowe<\/li>\n<li style=\"text-align: left;\">instytucje wymagaj\u0105ce procesu zarz\u0105dzania dokumentacj\u0105<\/li>\n<li style=\"text-align: left;\">nauczyciel historii i wiedzy o spo\u0142ecze\u0144stwie<\/li>\n<\/ul>\n<p>[\/vc_hoverbox][vc_empty_space][vc_btn title=&#8221;Karta kierunku &#8211; program studi\u00f3w&#8221; style=&#8221;custom&#8221; custom_background=&#8221;#002e5a&#8221; custom_text=&#8221;#ffffff&#8221; size=&#8221;lg&#8221; align=&#8221;center&#8221; i_icon_fontawesome=&#8221;fas fa-arrow-right&#8221; button_block=&#8221;true&#8221; add_icon=&#8221;true&#8221; link=&#8221;url:https%3A%2F%2Finformator.us.edu.pl%2Fprogrammes%2Flist%2Ffaculties%2FW1%2FHI%2F|target:_blank&#8221;][vc_empty_space][\/vc_column_inner][\/vc_row_inner][vc_row_inner css=&#8221;.vc_custom_1684851595063{border-left-width: 3px !important;padding-left: 3px !important;border-left-color: #fbb900 !important;border-left-style: solid !important;border-radius: 5px !important;}&#8221;][vc_column_inner][vc_custom_heading text=&#8221;Poznaj nas lepiej&#8221; font_container=&#8221;tag:h2|text_align:left|color:%23002e5a&#8221; google_fonts=&#8221;font_family:PT%20Sans%3Aregular%2Citalic%2C700%2C700italic|font_style:700%20bold%20regular%3A700%3Anormal&#8221;][vc_separator color=&#8221;custom&#8221; accent_color=&#8221;#dfe2ec&#8221;]            \r\n            <div class=\"sidebar_moduls sidebar_moduls_facebok fb-page\"\r\n              data-href=\"https:\/\/www.facebook.com\/wydz.humanistyczny.us\" \r\n              data-width=\"330\"\r\n              data-hide-cover=\"false\"\r\n              data-show-facepile=\"true\"><\/div>\r\n             \r\n             <div id=\"fb-root\"><\/div>\r\n            <script async defer crossorigin=\"anonymous\" src=\" https:\/\/connect.facebook.net\/pl_PL\/sdk.js#xfbml=1&version=v4.0 \">                        \r\n            <\/script>\r\n            [vc_empty_space height=&#8221;20px&#8221;]            \r\n            <div class=\"sidebar_moduls sidebar_moduls_facebok fb-page\"\r\n              data-href=\"https:\/\/www.facebook.com\/InstytutHistoriiUniwersytetuSlaskiego\" \r\n              data-width=\"330\"\r\n              data-hide-cover=\"false\"\r\n              data-show-facepile=\"true\"><\/div>\r\n             \r\n             <div id=\"fb-root\"><\/div>\r\n            <script async defer crossorigin=\"anonymous\" src=\" https:\/\/connect.facebook.net\/pl_PL\/sdk.js#xfbml=1&version=v4.0 \">                        \r\n            <\/script>\r\n            [vc_custom_heading text=&#8221;Ko\u0142o naukowe&#8221; font_container=&#8221;tag:h2|text_align:left|color:%23002e5a&#8221; google_fonts=&#8221;font_family:PT%20Sans%3Aregular%2Citalic%2C700%2C700italic|font_style:700%20bold%20regular%3A700%3Anormal&#8221;][vc_separator color=&#8221;custom&#8221; accent_color=&#8221;#dfe2ec&#8221;]            \r\n            <div class=\"sidebar_moduls sidebar_moduls_facebok fb-page\"\r\n              data-href=\"https:\/\/www.facebook.com\/SKNHUS\" \r\n              data-width=\"330\"\r\n              data-hide-cover=\"false\"\r\n              data-show-facepile=\"true\"><\/div>\r\n             \r\n             <div id=\"fb-root\"><\/div>\r\n            <script async defer crossorigin=\"anonymous\" src=\" https:\/\/connect.facebook.net\/pl_PL\/sdk.js#xfbml=1&version=v4.0 \">                        \r\n            <\/script>\r\n            [\/vc_column_inner][\/vc_row_inner][\/vc_column][\/vc_row][vc_row][vc_column][vc_empty_space height=&#8221;20px&#8221;][\/vc_column][\/vc_row][vc_row el_class=&#8221;container&#8221;][vc_column][vc_custom_heading text=&#8221;Aktywno\u015b\u0107 student\u00f3w&#8221; font_container=&#8221;tag:h2|text_align:left|color:%23002e5a&#8221; google_fonts=&#8221;font_family:PT%20Sans%3Aregular%2Citalic%2C700%2C700italic|font_style:700%20bold%20regular%3A700%3Anormal&#8221;][vc_separator color=&#8221;custom&#8221; accent_color=&#8221;#dfe2ec&#8221;][vc_row_inner][vc_column_inner width=&#8221;1\/3&#8243;][vc_single_image image=&#8221;156768&#8243; img_size=&#8221;full&#8221; alignment=&#8221;center&#8221; style=&#8221;vc_box_circle_2&#8243;]\r\n                <div class=\"text-modules\">\r\n                    <div class=\"container\">\r\n                        \r\n                        <div class=\"text-modules__content\"><\/p>\n<p style=\"text-align: left;\"><strong>Projekty w kt\u00f3rych uczestniczyli nasi studenci:<\/strong><\/p>\n<ul>\n<li style=\"text-align: left;\">Wyjazdy historyczne<\/li>\n<li style=\"text-align: left;\">Udzia\u0142 w konferencjach studencko-doktoranckich<\/li>\n<li style=\"text-align: left;\">Mo\u017cliwo\u015b\u0107 publikowania w studenckim czasopi\u015bmie naukowym \u201eFax Historica\u201d<\/li>\n<li style=\"text-align: left;\">praktyki zawodowe<\/li>\n<li style=\"text-align: left;\">warsztaty po\u015bwi\u0119cony nowoczesnym metodom popularyzacji przesz\u0142o\u015bci<\/li>\n<li style=\"text-align: left;\">spotkania z uznanymi historykami<\/li>\n<\/ul>\n<p>\n<\/div>\r\n                    <\/div>\r\n                <\/div>[\/vc_column_inner][vc_column_inner width=&#8221;1\/3&#8243;][vc_single_image image=&#8221;156776&#8243; img_size=&#8221;full&#8221; alignment=&#8221;center&#8221; style=&#8221;vc_box_circle_2&#8243;]\r\n                <div class=\"text-modules\">\r\n                    <div class=\"container\">\r\n                        \r\n                        <div class=\"text-modules__content\"><\/p>\n<p style=\"text-align: left;\"><strong>Miasta, w kt\u00f3rych studiuj\u0105 nasi studenci to m.in:<\/strong><\/p>\n<p style=\"text-align: left;\">Berlin, Oslo, Ostrawa, Bochum, Sofia, Sewilla, Valladolid, Florencja, Treist, Saarbr\u00fccken, Regensburg, Walencja, Saint-Etienne, Suczawa, Hradec Kralove, Usti nad \u0141ab\u0105, Ba\u0144ska Bystrzyca, Kowno.<\/p>\n<p>\n<\/div>\r\n                    <\/div>\r\n                <\/div>[\/vc_column_inner][vc_column_inner width=&#8221;1\/3&#8243;][vc_single_image image=&#8221;156769&#8243; img_size=&#8221;full&#8221; alignment=&#8221;center&#8221; style=&#8221;vc_box_circle_2&#8243;]\r\n                <div class=\"text-modules\">\r\n                    <div class=\"container\">\r\n                        \r\n                        <div class=\"text-modules__content\"><p><strong>Festiwale<\/strong><\/p>\n<p>Nasi pracownicy oraz studenci poprzez udzia\u0142 w r\u00f3\u017cnego rodzaju festiwalach (np. \u015al\u0105ski Festiwal Nauki), dniach otwartych U\u015a, rekonstrukcjach staraj\u0105 si\u0119 popularyzowa\u0107 histori\u0119.<\/p>\n<\/div>\r\n                    <\/div>\r\n                <\/div>[\/vc_column_inner][\/vc_row_inner][\/vc_column][\/vc_row][vc_row el_class=&#8221;container&#8221;][vc_column][vc_separator color=&#8221;custom&#8221; accent_color=&#8221;#dfe2ec&#8221;][\/vc_column][\/vc_row][vc_row el_class=&#8221;container&#8221;][vc_column width=&#8221;2\/3&#8243;][vc_tta_pageable no_fill_content_area=&#8221;1&#8243; active_section=&#8221;1&#8243; pagination_style=&#8221;&#8221; title=&#8221;Gdzie b\u0119dziesz studiowa\u0107?&#8221; css=&#8221;.vc_custom_1653586849789{background-position: center !important;background-repeat: no-repeat !important;background-size: cover !important;}&#8221;][vc_tta_section tab_id=&#8221;1653479712065-2c52f2ca-364e&#8221;][vc_images_carousel images=&#8221;21042,21043&#8243; img_size=&#8221;full&#8221; onclick=&#8221;link_no&#8221; speed=&#8221;3500&#8243; autoplay=&#8221;yes&#8221; hide_pagination_control=&#8221;yes&#8221; wrap=&#8221;yes&#8221;][\/vc_tta_section][\/vc_tta_pageable][\/vc_column][vc_column width=&#8221;1\/3&#8243;][vc_tta_pageable no_fill_content_area=&#8221;1&#8243; active_section=&#8221;1&#8243; pagination_style=&#8221;&#8221; title=&#8221;Skontaktuj si\u0119 z nami:&#8221; css=&#8221;.vc_custom_1653587776587{background-position: center !important;background-repeat: no-repeat !important;background-size: contain !important;border-radius: 20px !important;}&#8221;][vc_tta_section tab_id=&#8221;1653479581419-652d0e5d-0dd6&#8243;]\r\n                <div class=\"text-modules\">\r\n                    <div class=\"container\">\r\n                        \r\n                        <div class=\"text-modules__content\"><\/p>\n<div class=\"vc_row wpb_row vc_inner vc_row-fluid\">\n<div class=\"wpb_column vc_column_container vc_col-sm-12\">\n<div class=\"vc_column-inner\">\n<div class=\"wpb_wrapper\">\n<div class=\"vc_toggle vc_toggle_default vc_toggle_color_default vc_toggle_size_md vc_custom_1729847844009 vc_toggle_active\">\n<div class=\"vc_toggle_content\">\n<p><strong>Katarzyna Iwanow<\/strong><strong><br \/>\n<\/strong>e-mail:\u00a0<a href=\"mailto:katarzyna.iwanow@us.edu.pl\">katarzyna.iwanow@us.edu.pl<\/a><br \/>\ntel.: 32 359 17 24<br \/>\nul. Bankowa 11, 40-007 Katowice<br \/>\npok\u00f3j: 22<\/p>\n<\/div>\n<\/div>\n<\/div>\n<\/div>\n<\/div>\n<\/div>\n<p>\n<\/div>\r\n                    <\/div>\r\n                <\/div>[\/vc_tta_section][\/vc_tta_pageable][vc_tta_pageable no_fill_content_area=&#8221;1&#8243; active_section=&#8221;1&#8243; pagination_style=&#8221;&#8221; title=&#8221;Sprawd\u017a jeszcze:&#8221; css=&#8221;.vc_custom_1653587768868{background-position: center !important;background-repeat: no-repeat !important;background-size: contain !important;}&#8221;][vc_tta_section tab_id=&#8221;1653483573124-ea9e9979-8940&#8243;][vc_btn title=&#8221;historia sztuki&#8221; color=&#8221;orange&#8221; size=&#8221;lg&#8221; link=&#8221;url:https%3A%2F%2Fus.edu.pl%2Fwydzial%2Fwh%2Fkandydat-wh%2Fkierunki-studiow%2Fhistoria-sztuki%2F|title:historia%20sztuki|target:_blank&#8221;][vc_empty_space height=&#8221;1px&#8221;][vc_btn title=&#8221;\u015brodkowoeuropejskie studia historyczne&#8221; color=&#8221;orange&#8221; size=&#8221;lg&#8221; link=&#8221;url:https%3A%2F%2Fus.edu.pl%2Fwydzial%2Fwh%2Fkandydat-wh%2Fkierunki-studiow%2Fsrodkowoeuropejskie-studia-historyczne%2F|title:%C5%9Brodkowoeuropejskie%20studia%20historyczne|target:_blank&#8221;][vc_empty_space height=&#8221;1px&#8221;][vc_btn title=&#8221;turystyka historyczna&#8221; color=&#8221;orange&#8221; size=&#8221;lg&#8221; link=&#8221;url:https%3A%2F%2Fus.edu.pl%2Fwydzial%2Fwh%2Fkandydat-wh%2Fkierunki-studiow%2Fturystyka-historyczna%2F|title:turystyka%20historyczna|target:_blank&#8221;][vc_empty_space height=&#8221;1px&#8221;][vc_btn title=&#8221;mediteranistyka&#8221; color=&#8221;orange&#8221; size=&#8221;lg&#8221; link=&#8221;url:https%3A%2F%2Fus.edu.pl%2Fwydzial%2Fwh%2Fkandydat-wh%2Fkierunki-studiow%2Fmediteranistyka%2F|title:logopedia|target:_blank&#8221;][\/vc_tta_section][\/vc_tta_pageable][\/vc_column][\/vc_row][vc_row el_class=&#8221;container&#8221;][vc_column][vc_gmaps link=&#8221;#E-8_JTNDaWZyYW1lJTIwc3JjJTNEJTIyaHR0cHMlM0ElMkYlMkZ3d3cuZ29vZ2xlLmNvbSUyRm1hcHMlMkZlbWJlZCUzRnBiJTNEJTIxMW0xOCUyMTFtMTIlMjExbTMlMjExZDI1NTAuNjc0NDMyMjY1NTU3NyUyMTJkMTkuMDI5MTc2MjAwMDAwMDAyJTIxM2Q1MC4yNjA2NjQ2JTIxMm0zJTIxMWYwJTIxMmYwJTIxM2YwJTIxM20yJTIxMWkxMDI0JTIxMmk3NjglMjE0ZjEzLjElMjEzbTMlMjExbTIlMjExczB4NDcxNmNlMzY5ZGJkYmJlMSUyNTNBMHgxYWI3MmNmZjg5OGFjNTU4JTIxMnNCYW5rb3dhJTI1MjAxMSUyNTJDJTI1MjA0MC0wMDclMjUyMEthdG93aWNlJTIxNWUwJTIxM20yJTIxMXNwbCUyMTJzcGwlMjE0djE2NTYzMjk4MjY4NTglMjE1bTIlMjExc3BsJTIxMnNwbCUyMiUyMHdpZHRoJTNEJTIyNjAwJTIyJTIwaGVpZ2h0JTNEJTIyNDUwJTIyJTIwc3R5bGUlM0QlMjJib3JkZXIlM0EwJTNCJTIyJTIwYWxsb3dmdWxsc2NyZWVuJTNEJTIyJTIyJTIwbG9hZGluZyUzRCUyMmxhenklMjIlMjByZWZlcnJlcnBvbGljeSUzRCUyMm5vLXJlZmVycmVyLXdoZW4tZG93bmdyYWRlJTIyJTNFJTNDJTJGaWZyYW1lJTNF&#8221; size=&#8221;&#8221;][\/vc_column][\/vc_row]<\/p>","protected":false},"excerpt":{"rendered":"<p>[vc_row el_class=&#8221;container&#8221;][vc_column width=&#8221;1\/2&#8243; css=&#8221;.vc_custom_1653565298692{margin-right: 0px !important;margin-left: 0px !important;border-right-width: 0px !important;border-left-width: 0px !important;}&#8221;][vc_single_image image=&#8221;157210&#8243; img_size=&#8221;full&#8221; alignment=&#8221;center&#8221;][vc_row_inner css=&#8221;.vc_custom_1684849102411{border-bottom-width: 0px !important;background-color: #f8f8f8 !important;}&#8221;][vc_column_inner][vc_empty_space height=&#8221;15px&#8221;][vc_custom_heading text=&#8221;SPECJALNO\u015aCI&#8221; font_container=&#8221;tag:h3|text_align:center|color:%23002e5a&#8221; google_fonts=&#8221;font_family:PT%20Sans%20Caption%3Aregular%2C700|font_style:700%20bold%20regular%3A700%3Anormal&#8221;][vc_separator color=&#8221;custom&#8221; style=&#8221;shadow&#8221; el_width=&#8221;60&#8243; accent_color=&#8221;#002e5a&#8221;][\/vc_column_inner][\/vc_row_inner][vc_row_inner css=&#8221;.vc_custom_1747655261970{background-color: #f8f8f8 !important;}&#8221;][vc_column_inner][vc_separator color=&#8221;custom&#8221; accent_color=&#8221;#0095db&#8221;][\/vc_column_inner][\/vc_row_inner][vc_row_inner disable_element=&#8221;yes&#8221; css=&#8221;.vc_custom_1753711976226{background-color: #f8f8f8 !important;}&#8221;][vc_column_inner width=&#8221;1\/2&#8243;][vc_btn title=&#8221;studia stacjonarne I stopnia&#8221; style=&#8221;outline-custom&#8221; outline_custom_color=&#8221;#002e5a&#8221; outline_custom_hover_background=&#8221;#fbb900&#8243; outline_custom_hover_text=&#8221;#ffffff&#8221; size=&#8221;lg&#8221; align=&#8221;center&#8221; i_icon_fontawesome=&#8221;fas fa-arrow-right&#8221; button_block=&#8221;true&#8221; add_icon=&#8221;true&#8221; link=&#8221;url:https%3A%2F%2Firk.us.edu.pl%2Fpl%2Foffer%2FSW-2025-Z%2Fprogramme%2FW1-S1HI19%2F%3Ffrom%3Dorg-unit%3AW1|target:_blank&#8221;][\/vc_column_inner][vc_column_inner width=&#8221;1\/2&#8243;][\/vc_column_inner][\/vc_row_inner][vc_row_inner disable_element=&#8221;yes&#8221; [&#8230;]<\/p>\n<p><a class=\"btn btn-secondary understrap-read-more-link\" href=\"https:\/\/us.edu.pl\/wydzial\/wh\/kandydat-wh\/kierunki-studiow\/historia\/\">Read More&#8230;<\/a><\/p>\n","protected":false},"author":2429,"featured_media":0,"parent":989,"menu_order":0,"comment_status":"closed","ping_status":"closed","template":"","meta":{"_expiration-date-status":"","_expiration-date":0,"_expiration-date-type":"","_expiration-date-categories":[],"_expiration-date-options":[]},"acf":[],"_links":{"self":[{"href":"https:\/\/us.edu.pl\/wydzial\/wh\/wp-json\/wp\/v2\/pages\/156746"}],"collection":[{"href":"https:\/\/us.edu.pl\/wydzial\/wh\/wp-json\/wp\/v2\/pages"}],"about":[{"href":"https:\/\/us.edu.pl\/wydzial\/wh\/wp-json\/wp\/v2\/types\/page"}],"author":[{"embeddable":true,"href":"https:\/\/us.edu.pl\/wydzial\/wh\/wp-json\/wp\/v2\/users\/2429"}],"replies":[{"embeddable":true,"href":"https:\/\/us.edu.pl\/wydzial\/wh\/wp-json\/wp\/v2\/comments?post=156746"}],"version-history":[{"count":10,"href":"https:\/\/us.edu.pl\/wydzial\/wh\/wp-json\/wp\/v2\/pages\/156746\/revisions"}],"predecessor-version":[{"id":193204,"href":"https:\/\/us.edu.pl\/wydzial\/wh\/wp-json\/wp\/v2\/pages\/156746\/revisions\/193204"}],"up":[{"embeddable":true,"href":"https:\/\/us.edu.pl\/wydzial\/wh\/wp-json\/wp\/v2\/pages\/989"}],"wp:attachment":[{"href":"https:\/\/us.edu.pl\/wydzial\/wh\/wp-json\/wp\/v2\/media?parent=156746"}],"curies":[{"name":"wp","href":"https:\/\/api.w.org\/{rel}","templated":true}]}}