{"id":156775,"date":"2022-06-28T13:06:47","date_gmt":"2022-06-28T11:06:47","guid":{"rendered":"https:\/\/us.edu.pl\/wydzial\/wh\/?page_id=156775"},"modified":"2025-07-25T15:15:38","modified_gmt":"2025-07-25T13:15:38","slug":"sztuka-pisania","status":"publish","type":"page","link":"https:\/\/us.edu.pl\/wydzial\/wh\/kandydat-wh\/kierunki-studiow\/sztuka-pisania\/","title":{"rendered":"sztuka pisania"},"content":{"rendered":"<p>[vc_row el_class=&#8221;container&#8221;][vc_column width=&#8221;1\/2&#8243; css=&#8221;.vc_custom_1653565298692{margin-right: 0px !important;margin-left: 0px !important;border-right-width: 0px !important;border-left-width: 0px !important;}&#8221;][vc_single_image image=&#8221;12795&#8243; img_size=&#8221;full&#8221; alignment=&#8221;center&#8221;][vc_row_inner][vc_column_inner][vc_separator color=&#8221;custom&#8221; accent_color=&#8221;#0095db&#8221;][\/vc_column_inner][\/vc_row_inner][vc_row_inner disable_element=&#8221;yes&#8221;][vc_column_inner]\r\n                <div class=\"text-modules\">\r\n                    <div class=\"container\">\r\n                        \r\n                        <div class=\"text-modules__content\"><\/p>\n<h3 style=\"text-align: center;\"><span style=\"color: #002e5a;\">Rekrutacja na rok akademicki 2025\/2026<\/span><\/h3>\n<p>\n<\/div>\r\n                    <\/div>\r\n                <\/div>[\/vc_column_inner][\/vc_row_inner][vc_row_inner disable_element=&#8221;yes&#8221;][vc_column_inner width=&#8221;1\/2&#8243;]\r\n                <div class=\"text-modules\">\r\n                    <div class=\"container\">\r\n                        \r\n                        <div class=\"text-modules__content\"><\/p>\n<h6 style=\"text-align: left;\"><span style=\"color: #9b132a;\">I tura rekrutacji:<br \/>\n02.06.2025 12:00 \u2013 11.07.2025 23:59<\/span><\/h6>\n<p>\n<\/div>\r\n                    <\/div>\r\n                <\/div>[\/vc_column_inner][vc_column_inner width=&#8221;1\/2&#8243;][vc_btn title=&#8221;<b>studia stacjonarne I stopnia<\/b>&#8221; style=&#8221;outline-custom&#8221; outline_custom_color=&#8221;#002e5a&#8221; outline_custom_hover_background=&#8221;#fbb900&#8243; outline_custom_hover_text=&#8221;#ffffff&#8221; size=&#8221;lg&#8221; align=&#8221;center&#8221; i_icon_fontawesome=&#8221;fas fa-arrow-right&#8221; button_block=&#8221;true&#8221; add_icon=&#8221;true&#8221; link=&#8221;url:https%3A%2F%2Firk.us.edu.pl%2Fpl%2Foffer%2FSW-2025-Z%2Fprogramme%2FW1-S1PI19%2F%3Ffrom%3Dorg-unit%3AW1|target:_blank&#8221;][\/vc_column_inner][\/vc_row_inner][vc_row_inner disable_element=&#8221;yes&#8221;][vc_column_inner][vc_separator color=&#8221;custom&#8221; accent_color=&#8221;#0095db&#8221;][\/vc_column_inner][\/vc_row_inner][\/vc_column][vc_column width=&#8221;1\/2&#8243; css=&#8221;.vc_custom_1653642837519{background-color: #dfe2ec !important;border-radius: 15px !important;}&#8221;][vc_empty_space][vc_custom_heading text=&#8221;SZTUKA PISANIA&#8221; font_container=&#8221;tag:h3|text_align:center|color:%23002e5a&#8221; google_fonts=&#8221;font_family:PT%20Sans%20Caption%3Aregular%2C700|font_style:700%20bold%20regular%3A700%3Anormal&#8221;][vc_empty_space height=&#8221;15px&#8221;][vc_separator color=&#8221;custom&#8221; style=&#8221;shadow&#8221; el_width=&#8221;60&#8243; accent_color=&#8221;#002e5a&#8221;]\r\n                <div class=\"text-modules\">\r\n                    <div class=\"container\">\r\n                        \r\n                        <div class=\"text-modules__content\"><p>Kierunek <strong>sztuka pisania<\/strong> przeznaczony jest z jednej strony dla os\u00f3b, kt\u00f3re chc\u0105 w przysz\u0142o\u015bci pracowa\u0107 w mediach (redakcjach gazet i czasopism, portalach internetowych, agencjach reklamowych, wydawnictwach itd.), z drugiej dla wszystkich tych, kt\u00f3rzy my\u015bl\u0105 o samodzielnej karierze pisarskiej lub scenopisarskiej.<\/p>\n<p>W programie studi\u00f3w kandydaci na studia znajd\u0105 <strong>warsztaty<\/strong> prowadzone przez nauczycieli akademickich z wieloletni\u0105 praktyk\u0105 pisarsk\u0105 oraz zawodowych, wielokrotnie nagradzanych pisarzy, poet\u00f3w i scenarzyst\u00f3w (Anna Cieplak, Miko\u0142aj Marcela, Grzegorz Olsza\u0144ski, Ingmar Villiqist i inni). Na sztuce pisania nie zabraknie tak\u017ce przedmiot\u00f3w teoretycznych przybli\u017caj\u0105cych podstawow\u0105 wiedz\u0119 z zakresu historii i teorii literatury, j\u0119zykoznawstwa, kultury nowych medi\u00f3w oraz storytellingu czy poetyki reklamy.<\/p>\n<p>Dzi\u0119ki takiemu programowi studi\u00f3w studenci nab\u0119d\u0105 umiej\u0119tno\u015bci tworzenia tekst\u00f3w u\u017cytkowych, publicystycznych czy artystycznych oraz zyskaj\u0105 \u015bwiadomo\u015b\u0107 dotycz\u0105c\u0105 funkcjonowania rozmaitych obieg\u00f3w wydawniczych, wsp\u00f3\u0142czesnych medi\u00f3w, rynku ksi\u0105\u017cki, \u017cycia literackiego i dziennikarstwa w dobie Internetu. Pomo\u017ce w tym tak\u017ce <strong>udzia\u0142 w projektach artystycznych realizowanych wsp\u00f3lnie z Akademi\u0105 Sztuk Pi\u0119knych w Katowicach<\/strong>.<\/p>\n<p>Absolwent studi\u00f3w b\u0119dzie przygotowany do pracy w redakcjach, agencjach prasowych, portalach internetowych, wydawnictwach, sektorze us\u0142ug medialnych, ale r\u00f3wnie\u017c jako samodzielny tw\u00f3rca. Przede wszystkim b\u0119dzie jednak cz\u0142owiekiem lepiej rozumiej\u0105cym \u015bwiat wok\u00f3\u0142 niego i potrafi\u0105cym w tw\u00f3rczy spos\u00f3b odpowiedzie\u0107 na wyzwania stoj\u0105ce przed nami w XXI wieku.<\/p>\n<p>W ramach programu Erasmus+ studenci kierunku mog\u0105 zrealizowa\u0107 zagraniczn\u0105 praktyk\u0119 w r\u00f3\u017cnych instytucjach, w 31 pa\u0144stwach uczestnicz\u0105cych w programie lub cz\u0119\u015b\u0107 studi\u00f3w w zagranicznej uczelni partnerskiej w krajach takich jak: <strong>Bu\u0142garia, Estonia, Francja, Hiszpania, Litwa, Niemcy, Portugalia, S\u0142owacja, S\u0142owenia, Turcja, W\u0142ochy.<\/strong><\/p>\n<\/div>\r\n                    <\/div>\r\n                <\/div>[\/vc_column][\/vc_row][vc_row el_class=&#8221;container&#8221;][vc_column width=&#8221;2\/3&#8243;][vc_empty_space][vc_custom_heading text=&#8221;Aktywno\u015b\u0107 student\u00f3w&#8221; font_container=&#8221;tag:h2|text_align:left|color:%23002e5a&#8221; google_fonts=&#8221;font_family:PT%20Sans%3Aregular%2Citalic%2C700%2C700italic|font_style:700%20bold%20regular%3A700%3Anormal&#8221;][vc_separator color=&#8221;custom&#8221; accent_color=&#8221;#dfe2ec&#8221;][vc_row_inner][vc_column_inner width=&#8221;1\/3&#8243;][vc_single_image image=&#8221;156818&#8243; img_size=&#8221;full&#8221;][\/vc_column_inner][vc_column_inner width=&#8221;2\/3&#8243;]\r\n                <div class=\"text-modules\">\r\n                    <div class=\"container\">\r\n                        \r\n                        <div class=\"text-modules__content\"><p><strong>Studencka antologia tekst\u00f3w nie-ludzkich \u201ePoza\u015bwiat\u201d<\/strong><\/p>\n<p>Publikacja wydana w ramach 5. edycji \u015al\u0105skiego Festiwalu Nauki KATOWICE, na kt\u00f3r\u0105 sk\u0142adaj\u0105 si\u0119 utwory literackie studentek i student\u00f3w sztuki pisania, powsta\u0142e w ramach zaj\u0119\u0107 \u201eKamie\u0144, kt\u00f3ry m\u00f3wi. Narracje nieantropocentryczne\u201d, prowadzonych przez absolwenta kierunku, a obecnie doktoranta w Szkole Doktorskiej \u2013 Piotra Piekutowskiego.<\/p>\n<p>Wersja online publikacji: <a href=\"https:\/\/issuu.com\/uniwersytetslaski\/docs\/pozaswiat_calosc_web\">ISSUU<\/a><\/p>\n<p>Spotkanie wok\u00f3\u0142 antologii: <a href=\"https:\/\/www.youtube.com\/watch?v=f4HBLdNIXjg\">YouTube<\/a><\/p>\n<\/div>\r\n                    <\/div>\r\n                <\/div>[\/vc_column_inner][\/vc_row_inner][vc_separator][vc_row_inner][vc_column_inner width=&#8221;2\/3&#8243;]\r\n                <div class=\"text-modules\">\r\n                    <div class=\"container\">\r\n                        \r\n                        <div class=\"text-modules__content\"><p><strong>Szpol \u2013 magazyn internetowy<\/strong><\/p>\n<p>Ruch artystyczny wsp\u00f3\u0142tworzony przez studentki i student\u00f3w tw\u00f3rczego pisania i marketingu wydawniczego oraz sztuki pisania.<\/p>\n<\/div>\r\n                    <\/div>\r\n                <\/div>[\/vc_column_inner][vc_column_inner width=&#8221;1\/3&#8243;][vc_single_image image=&#8221;156837&#8243; img_size=&#8221;full&#8221;][\/vc_column_inner][\/vc_row_inner][\/vc_column][vc_column width=&#8221;1\/3&#8243;][vc_empty_space][vc_tta_pageable no_fill_content_area=&#8221;1&#8243; active_section=&#8221;1&#8243; pagination_style=&#8221;&#8221; css=&#8221;.vc_custom_1656411375786{border-left-width: 3px !important;padding-left: 20px !important;border-left-color: #fbb900 !important;border-left-style: solid !important;border-radius: 3px !important;}&#8221;][vc_tta_section tab_id=&#8221;1656411346437-e5e8cd63-92ec&#8221;][vc_hoverbox image=&#8221;20932&#8243; primary_title=&#8221;&#8221; primary_align=&#8221;left&#8221; hover_title=&#8221;&#8221; hover_align=&#8221;left&#8221; shape=&#8221;square&#8221; hover_background_color=&#8221;custom&#8221; align=&#8221;left&#8221; hover_custom_background=&#8221;#f8f8f8&#8243;]<\/p>\n<p style=\"text-align: left;\">&#8211; pracownik agencji prasowych;<\/p>\n<p style=\"text-align: left;\">&#8211; pracownik portali internetowych;<\/p>\n<p style=\"text-align: left;\">&#8211; pracownik wydawnictw;<\/p>\n<p style=\"text-align: left;\">&#8211; pracownik sektora us\u0142ug medialnych;<\/p>\n<p style=\"text-align: left;\">&#8211; rzecznik prasowy;<\/p>\n<p style=\"text-align: left;\">&#8211; prozaik;<\/p>\n<p style=\"text-align: left;\">&#8211; autor tekst\u00f3w estradowych.<\/p>\n<p>[\/vc_hoverbox][vc_empty_space height=&#8221;30px&#8221;][vc_btn title=&#8221;Karta kierunku &#8211; program studi\u00f3w&#8221; style=&#8221;custom&#8221; custom_background=&#8221;#002e5a&#8221; custom_text=&#8221;#ffffff&#8221; size=&#8221;lg&#8221; align=&#8221;center&#8221; i_icon_fontawesome=&#8221;fas fa-arrow-right&#8221; button_block=&#8221;true&#8221; add_icon=&#8221;true&#8221; link=&#8221;url:https%3A%2F%2Finformator.us.edu.pl%2Fprogrammes%2Flist%2Ffaculties%2FW1%2FPI%2F|target:_blank&#8221;][vc_empty_space height=&#8221;10px&#8221;][vc_custom_heading text=&#8221;Poznaj nas lepiej&#8221; font_container=&#8221;tag:h2|text_align:left|color:%23002e5a&#8221; google_fonts=&#8221;font_family:PT%20Sans%3Aregular%2Citalic%2C700%2C700italic|font_style:700%20bold%20regular%3A700%3Anormal&#8221;][vc_separator color=&#8221;custom&#8221; accent_color=&#8221;#dfe2ec&#8221;]            \r\n            <div class=\"sidebar_moduls sidebar_moduls_facebok fb-page\"\r\n              data-href=\"https:\/\/www.facebook.com\/sztuka.pisania.us\" \r\n              data-width=\"330\"\r\n              data-hide-cover=\"false\"\r\n              data-show-facepile=\"true\"><\/div>\r\n             \r\n             <div id=\"fb-root\"><\/div>\r\n            <script async defer crossorigin=\"anonymous\" src=\" https:\/\/connect.facebook.net\/pl_PL\/sdk.js#xfbml=1&version=v4.0 \">                        \r\n            <\/script>\r\n                        \r\n            <div class=\"sidebar_moduls sidebar_moduls_facebok fb-page\"\r\n              data-href=\"https:\/\/www.facebook.com\/szpolmag\" \r\n              data-width=\"330\"\r\n              data-hide-cover=\"false\"\r\n              data-show-facepile=\"true\"><\/div>\r\n             \r\n             <div id=\"fb-root\"><\/div>\r\n            <script async defer crossorigin=\"anonymous\" src=\" https:\/\/connect.facebook.net\/pl_PL\/sdk.js#xfbml=1&version=v4.0 \">                        \r\n            <\/script>\r\n            [\/vc_tta_section][\/vc_tta_pageable][\/vc_column][\/vc_row][vc_row][vc_column][vc_empty_space height=&#8221;30px&#8221;][\/vc_column][\/vc_row][vc_row el_class=&#8221;container&#8221;][vc_column][vc_separator color=&#8221;custom&#8221; accent_color=&#8221;#dfe2ec&#8221;][\/vc_column][\/vc_row][vc_row el_class=&#8221;container&#8221;][vc_column width=&#8221;2\/3&#8243;][vc_tta_pageable no_fill_content_area=&#8221;1&#8243; active_section=&#8221;1&#8243; pagination_style=&#8221;&#8221; title=&#8221;Gdzie b\u0119dziesz studiowa\u0107?&#8221; css=&#8221;.vc_custom_1653586849789{background-position: center !important;background-repeat: no-repeat !important;background-size: cover !important;}&#8221;][vc_tta_section tab_id=&#8221;1653479712065-2c52f2ca-364e&#8221;][vc_images_carousel images=&#8221;16189,16190,16160&#8243; img_size=&#8221;full&#8221; onclick=&#8221;link_no&#8221; speed=&#8221;3500&#8243; autoplay=&#8221;yes&#8221; hide_pagination_control=&#8221;yes&#8221; wrap=&#8221;yes&#8221;][\/vc_tta_section][\/vc_tta_pageable][\/vc_column][vc_column width=&#8221;1\/3&#8243;][vc_tta_pageable no_fill_content_area=&#8221;1&#8243; active_section=&#8221;1&#8243; pagination_style=&#8221;&#8221; title=&#8221;Skontaktuj si\u0119 z nami:&#8221; css=&#8221;.vc_custom_1653587776587{background-position: center !important;background-repeat: no-repeat !important;background-size: contain !important;border-radius: 20px !important;}&#8221;][vc_tta_section tab_id=&#8221;1653479581419-652d0e5d-0dd6&#8243;]\r\n                <div class=\"text-modules\">\r\n                    <div class=\"container\">\r\n                        \r\n                        <div class=\"text-modules__content\"><p><strong>Marzena Musia\u0142<\/strong><br \/>\ne-mail: <a href=\"mailto:marzena.musial@us.edu.pl\">marzena.musial@us.edu.pl<\/a><br \/>\ntel.: 32 2009 316<\/p>\n<p>ul. Uniwersytecka 4, 40-007 Katowice<\/p>\n<\/div>\r\n                    <\/div>\r\n                <\/div>[\/vc_tta_section][\/vc_tta_pageable][vc_tta_pageable no_fill_content_area=&#8221;1&#8243; active_section=&#8221;1&#8243; pagination_style=&#8221;&#8221; title=&#8221;Sprawd\u017a jeszcze:&#8221; css=&#8221;.vc_custom_1653587768868{background-position: center !important;background-repeat: no-repeat !important;background-size: contain !important;}&#8221;][vc_tta_section tab_id=&#8221;1653483573124-ea9e9979-8940&#8243;][vc_btn title=&#8221;filologia polska&#8221; color=&#8221;orange&#8221; size=&#8221;lg&#8221; link=&#8221;url:https%3A%2F%2Fus.edu.pl%2Fwydzial%2Fwh%2Fkandydat-wh%2Fkierunki-studiow%2Ffilologia-polska%2F|title:filologia%20polska|target:_blank&#8221;][vc_empty_space height=&#8221;1px&#8221;][vc_btn title=&#8221;komunikacja promocyjna i kryzysowa&#8221; color=&#8221;orange&#8221; size=&#8221;lg&#8221; link=&#8221;url:https%3A%2F%2Fus.edu.pl%2Fwydzial%2Fwh%2Fkandydat-wh%2Fkierunki-studiow%2Fkomunikacja-promocyjna-i-kryzysowa%2F|title:komunikacja%20promocyjna%20i%20kryzysowa|target:_blank&#8221;][vc_empty_space height=&#8221;1px&#8221;][vc_btn title=&#8221;architektura informacji&#8221; color=&#8221;orange&#8221; size=&#8221;lg&#8221; link=&#8221;url:https%3A%2F%2Fus.edu.pl%2Fwydzial%2Fwh%2Fkandydat-wh%2Fkierunki-studiow%2Farchitektura-informacji%2F|title:architektura%20informacji|target:_blank&#8221;][vc_empty_space height=&#8221;1px&#8221;][vc_btn title=&#8221;tw\u00f3rcze pisanie i marketing wydawniczy&#8221; color=&#8221;orange&#8221; size=&#8221;lg&#8221; link=&#8221;url:https%3A%2F%2Fus.edu.pl%2Fwydzial%2Fwh%2Fkandydat-wh%2Fkierunki-studiow%2Ftworcze-pisanie-i-marketing-wydawniczy%2F|title:tw%C3%B3rcze%20pisanie%20i%20marketing%20wydawniczy|target:_blank&#8221;][\/vc_tta_section][\/vc_tta_pageable][\/vc_column][\/vc_row][vc_row el_class=&#8221;container&#8221;][vc_column][vc_gmaps link=&#8221;#E-8_JTNDaWZyYW1lJTIwc3JjJTNEJTIyaHR0cHMlM0ElMkYlMkZ3d3cuZ29vZ2xlLmNvbSUyRm1hcHMlMkZlbWJlZCUzRnBiJTNEJTIxMW0xOCUyMTFtMTIlMjExbTMlMjExZDI1NTAuNjM2ODIzNzQzOTQzOCUyMTJkMTkuMDIxMzM1ODM0NDM2OTkzJTIxM2Q1MC4yNjEzNjY5NDMxMjg2NjQlMjEybTMlMjExZjAlMjEyZjAlMjEzZjAlMjEzbTIlMjExaTEwMjQlMjEyaTc2OCUyMTRmMTMuMSUyMTNtMyUyMTFtMiUyMTFzMHg0NzE2Y2U0OTQ1ZWNkMTlkJTI1M0EweGRmMWIwODY3YTVmYmMzZmIlMjEyc1d5ZHppYSUyNUM1JTI1ODIlMjUyMEh1bWFuaXN0eWN6bnklMjUyMFVuaXdlcnN5dGV0dSUyNTIwJTI1QzUlMjU5QWwlMjVDNCUyNTg1c2tpZWdvJTIxNWUwJTIxM20yJTIxMXNwbCUyMTJzcGwlMjE0djE2NTQwODQyNzk2MTQlMjE1bTIlMjExc3BsJTIxMnNwbCUyMiUyMHdpZHRoJTNEJTIyNjAwJTIyJTIwaGVpZ2h0JTNEJTIyNDUwJTIyJTIwc3R5bGUlM0QlMjJib3JkZXIlM0EwJTNCJTIyJTIwYWxsb3dmdWxsc2NyZWVuJTNEJTIyJTIyJTIwbG9hZGluZyUzRCUyMmxhenklMjIlMjByZWZlcnJlcnBvbGljeSUzRCUyMm5vLXJlZmVycmVyLXdoZW4tZG93bmdyYWRlJTIyJTNFJTNDJTJGaWZyYW1lJTNF&#8221; size=&#8221;&#8221;][\/vc_column][\/vc_row][vc_column][\/vc_column]<\/p>","protected":false},"excerpt":{"rendered":"<p>[vc_row el_class=&#8221;container&#8221;][vc_column width=&#8221;1\/2&#8243; css=&#8221;.vc_custom_1653565298692{margin-right: 0px !important;margin-left: 0px !important;border-right-width: 0px !important;border-left-width: 0px !important;}&#8221;][vc_single_image image=&#8221;12795&#8243; img_size=&#8221;full&#8221; alignment=&#8221;center&#8221;][vc_row_inner][vc_column_inner][vc_separator color=&#8221;custom&#8221; accent_color=&#8221;#0095db&#8221;][\/vc_column_inner][\/vc_row_inner][vc_row_inner disable_element=&#8221;yes&#8221;][vc_column_inner][\/vc_column_inner][\/vc_row_inner][vc_row_inner disable_element=&#8221;yes&#8221;][vc_column_inner width=&#8221;1\/2&#8243;][\/vc_column_inner][vc_column_inner width=&#8221;1\/2&#8243;][vc_btn title=&#8221;studia stacjonarne I stopnia&#8221; style=&#8221;outline-custom&#8221; outline_custom_color=&#8221;#002e5a&#8221; outline_custom_hover_background=&#8221;#fbb900&#8243; outline_custom_hover_text=&#8221;#ffffff&#8221; size=&#8221;lg&#8221; align=&#8221;center&#8221; i_icon_fontawesome=&#8221;fas fa-arrow-right&#8221; button_block=&#8221;true&#8221; add_icon=&#8221;true&#8221; link=&#8221;url:https%3A%2F%2Firk.us.edu.pl%2Fpl%2Foffer%2FSW-2025-Z%2Fprogramme%2FW1-S1PI19%2F%3Ffrom%3Dorg-unit%3AW1|target:_blank&#8221;][\/vc_column_inner][\/vc_row_inner][vc_row_inner disable_element=&#8221;yes&#8221;][vc_column_inner][vc_separator color=&#8221;custom&#8221; accent_color=&#8221;#0095db&#8221;][\/vc_column_inner][\/vc_row_inner][\/vc_column][vc_column width=&#8221;1\/2&#8243; css=&#8221;.vc_custom_1653642837519{background-color: #dfe2ec !important;border-radius: 15px !important;}&#8221;][vc_empty_space][vc_custom_heading text=&#8221;SZTUKA PISANIA&#8221; font_container=&#8221;tag:h3|text_align:center|color:%23002e5a&#8221; google_fonts=&#8221;font_family:PT%20Sans%20Caption%3Aregular%2C700|font_style:700%20bold%20regular%3A700%3Anormal&#8221;][vc_empty_space height=&#8221;15px&#8221;][vc_separator color=&#8221;custom&#8221; style=&#8221;shadow&#8221; el_width=&#8221;60&#8243; accent_color=&#8221;#002e5a&#8221;][\/vc_column][\/vc_row][vc_row el_class=&#8221;container&#8221;][vc_column [&#8230;]<\/p>\n<p><a class=\"btn btn-secondary understrap-read-more-link\" href=\"https:\/\/us.edu.pl\/wydzial\/wh\/kandydat-wh\/kierunki-studiow\/sztuka-pisania\/\">Read More&#8230;<\/a><\/p>\n","protected":false},"author":1,"featured_media":0,"parent":989,"menu_order":0,"comment_status":"closed","ping_status":"closed","template":"","meta":{"_expiration-date-status":"","_expiration-date":0,"_expiration-date-type":"","_expiration-date-categories":[],"_expiration-date-options":[]},"acf":[],"_links":{"self":[{"href":"https:\/\/us.edu.pl\/wydzial\/wh\/wp-json\/wp\/v2\/pages\/156775"}],"collection":[{"href":"https:\/\/us.edu.pl\/wydzial\/wh\/wp-json\/wp\/v2\/pages"}],"about":[{"href":"https:\/\/us.edu.pl\/wydzial\/wh\/wp-json\/wp\/v2\/types\/page"}],"author":[{"embeddable":true,"href":"https:\/\/us.edu.pl\/wydzial\/wh\/wp-json\/wp\/v2\/users\/1"}],"replies":[{"embeddable":true,"href":"https:\/\/us.edu.pl\/wydzial\/wh\/wp-json\/wp\/v2\/comments?post=156775"}],"version-history":[{"count":10,"href":"https:\/\/us.edu.pl\/wydzial\/wh\/wp-json\/wp\/v2\/pages\/156775\/revisions"}],"predecessor-version":[{"id":191120,"href":"https:\/\/us.edu.pl\/wydzial\/wh\/wp-json\/wp\/v2\/pages\/156775\/revisions\/191120"}],"up":[{"embeddable":true,"href":"https:\/\/us.edu.pl\/wydzial\/wh\/wp-json\/wp\/v2\/pages\/989"}],"wp:attachment":[{"href":"https:\/\/us.edu.pl\/wydzial\/wh\/wp-json\/wp\/v2\/media?parent=156775"}],"curies":[{"name":"wp","href":"https:\/\/api.w.org\/{rel}","templated":true}]}}