{"id":156920,"date":"2022-06-29T13:31:49","date_gmt":"2022-06-29T11:31:49","guid":{"rendered":"https:\/\/us.edu.pl\/wydzial\/wh\/?page_id=156920"},"modified":"2025-10-06T14:32:13","modified_gmt":"2025-10-06T12:32:13","slug":"komunikacja-cyfrowa","status":"publish","type":"page","link":"https:\/\/us.edu.pl\/wydzial\/wh\/kandydat-wh\/kierunki-studiow\/komunikacja-cyfrowa\/","title":{"rendered":"komunikacja cyfrowa"},"content":{"rendered":"<p>[vc_row el_class=&#8221;container&#8221;][vc_column width=&#8221;1\/2&#8243; css=&#8221;.vc_custom_1653565298692{margin-right: 0px !important;margin-left: 0px !important;border-right-width: 0px !important;border-left-width: 0px !important;}&#8221;][vc_single_image image=&#8221;157227&#8243; img_size=&#8221;full&#8221; alignment=&#8221;center&#8221;][\/vc_column][vc_column width=&#8221;1\/2&#8243; css=&#8221;.vc_custom_1653642837519{background-color: #dfe2ec !important;border-radius: 15px !important;}&#8221;][vc_empty_space][vc_custom_heading text=&#8221;KOMUNIKACJA CYFROWA&#8221; font_container=&#8221;tag:h3|text_align:center|color:%23002e5a&#8221; google_fonts=&#8221;font_family:PT%20Sans%20Caption%3Aregular%2C700|font_style:700%20bold%20regular%3A700%3Anormal&#8221;][vc_empty_space height=&#8221;15px&#8221;][vc_separator color=&#8221;custom&#8221; style=&#8221;shadow&#8221; el_width=&#8221;60&#8243; accent_color=&#8221;#002e5a&#8221;]\r\n                <div class=\"text-modules\">\r\n                    <div class=\"container\">\r\n                        \r\n                        <div class=\"text-modules__content\"><\/p>\n<div>\n<div>\n<div>\n<div>\n<div>\n<div>\n<div>\n<p style=\"text-align: left;\">Kierunek\u00a0<strong>komunikacja cyfrowa<\/strong>\u00a0zak\u0142ada symbiotyczne i synergiczne po\u0142\u0105czenie w procesie dydaktycznym kompetencji w\u0142a\u015bciwych dziedzinom nauk humanistycznych oraz \u015bcis\u0142ych i technicznych.<\/p>\n<p>Kierunek jest prowadzony we wsp\u00f3\u0142pracy z <strong>Wydzia\u0142em Nauk \u015acis\u0142ych i Technicznych<\/strong> i w zwi\u0105zku z tym cz\u0119\u015b\u0107 zaj\u0119\u0107 odbywa si\u0119 w <strong>\u015al\u0105skim Mi\u0119dzyuczelnianym Centrum Edukacji i Bada\u0144 Interdyscyplinarnych<\/strong> <strong>(SMCEBI) w Chorzowie<\/strong>. Wi\u0119kszo\u015b\u0107 zaj\u0119\u0107 jest realizowana na Wydziale Humanistycznym w Katowicach.<\/p>\n<p style=\"text-align: left;\">Uczestnicy studi\u00f3w nabywaj\u0105 wiedz\u0119 i umiej\u0119tno\u015bci z puli modu\u0142\u00f3w <strong>komunikacyjnych, og\u00f3lnorozwojowych i cyfrowych<\/strong>.<\/p>\n<\/div>\n<\/div>\n<\/div>\n<\/div>\n<\/div>\n<\/div>\n<\/div>\n<div style=\"text-align: left;\">\n<div>\n<div>\n<div>\n<div>\n<div>\n<div>\n<p>Program dw\u00f3ch pierwszych obejmuje zagadnienia dotycz\u0105ce m.in. teorii komunikacji, humanistyki cyfrowej, j\u0119zyka w zachowaniach spo\u0142ecznych, zr\u00f3\u017cnicowania przestrzeni komunikacyjnej, autoprezentacji i budowania wizerunku, retoryki, argumentacji, perswazji, podstaw wiedzy o nowych mediach i cybersztuce, wiedzy o kulturze, fundraisingu i pozyskiwania funduszy, b\u0142\u0119d\u00f3w i barier w komunikacji.<\/p>\n<p>Blok cyfrowy \u2013 tre\u015bci dotycz\u0105ce programowania, analizy danych, podstaw informatyki, podstaw grafiki komputerowej i projektowania graficznego, neuronauki czy projektowania tre\u015bci audiowizualnych.<\/p>\n<p><strong>Studia prowadzone s\u0105 wy\u0142\u0105cznie w trybie stacjonarnym.<\/strong><\/p>\n<p>W ramach programu Erasmus+ studenci kierunku mog\u0105 zrealizowa\u0107 zagraniczn\u0105 praktyk\u0119 w r\u00f3\u017cnych instytucjach, w 31 pa\u0144stwach uczestnicz\u0105cych w programie lub cz\u0119\u015b\u0107 studi\u00f3w w zagranicznej uczelni partnerskiej w krajach takich jak: <strong>Bu\u0142garia, Estonia, Francja, Hiszpania, Litwa, Niemcy, Portugalia, S\u0142owenia, W\u0142ochy.<\/strong><\/p>\n<\/div>\n<\/div>\n<\/div>\n<\/div>\n<\/div>\n<\/div>\n<\/div>\n<p>\n<\/div>\r\n                    <\/div>\r\n                <\/div>[vc_row_inner][vc_column_inner][vc_btn title=&#8221;Karta kierunku &#8211; program studi\u00f3w&#8221; style=&#8221;custom&#8221; custom_background=&#8221;#002e5a&#8221; custom_text=&#8221;#ffffff&#8221; size=&#8221;lg&#8221; align=&#8221;center&#8221; i_icon_fontawesome=&#8221;fas fa-arrow-right&#8221; button_block=&#8221;true&#8221; add_icon=&#8221;true&#8221; link=&#8221;url:https%3A%2F%2Finformator.us.edu.pl%2Fprogrammes%2Flist%2Fall%2FKC%2F&#8221;][\/vc_column_inner][\/vc_row_inner][\/vc_column][\/vc_row][vc_row el_class=&#8221;container&#8221;][vc_column][vc_empty_space height=&#8221;20px&#8221;][\/vc_column][\/vc_row][vc_row el_class=&#8221;container&#8221;][vc_column width=&#8221;2\/3&#8243; css=&#8221;.vc_custom_1653643334119{background-color: #f8f8f8 !important;border-radius: 15px !important;}&#8221;][vc_row_inner][vc_column_inner]\r\n                <div class=\"text-modules\">\r\n                    <div class=\"container\">\r\n                        \r\n                        <div class=\"text-modules__content\"><\/p>\n<div>\n<div>\n<div>\n<div>\n<div>\n<div>\n<div><\/div>\n<\/div>\n<\/div>\n<\/div>\n<\/div>\n<\/div>\n<\/div>\n<div style=\"text-align: left;\">\n<div>\n<div>\n<div>\n<div>\n<div>\n<div>\n<p>Absolwent kierunku na poziomie licencjatu b\u0119dzie wyposa\u017cony w interdyscyplinarn\u0105 wiedz\u0119 odnosz\u0105c\u0105 si\u0119 do nauk humanistycznych, spo\u0142ecznych, \u015bcis\u0142ych i technicznych, co umo\u017cliwi mu zar\u00f3wno krytyczn\u0105 analiz\u0119 tre\u015bci cyfrowych, jak r\u00f3wnie\u017c osi\u0105ganie zamierzonych cel\u00f3w komunikacyjnych w r\u00f3\u017cnych typach interakcji spo\u0142ecznych (w tym zapo\u015bredniczonych cyfrowo). Przekazana w toku studi\u00f3w wiedza umo\u017cliwi absolwentowi sprawne tworzenie oraz interpretacj\u0119 i integracj\u0119 komunikat\u00f3w w dzia\u0142alno\u015bci kulturalnej, medialnej i biznesowej przy wykorzystaniu najnowszych osi\u0105gni\u0119\u0107 z zakresu technik informatycznych. Absolwenci kierunku, maj\u0105c szerok\u0105 interdyscyplinarn\u0105 wiedz\u0119 i jednocze\u015bnie zr\u00f3\u017cnicowane praktyczne umiej\u0119tno\u015bci b\u0119d\u0105 mogli znale\u017a\u0107 zatrudnienie zar\u00f3wno w sektorze publicznym, jak i prywatnym. Studia przygotuj\u0105 ich do pracy w agencjach PR, mediach, firmach sektora kreatywnego, sektorze IT, instytucjach kultury i innych.<\/p>\n<\/div>\n<\/div>\n<\/div>\n<\/div>\n<\/div>\n<\/div>\n<\/div>\n<div>\n<p style=\"text-align: left;\">Absolwenci b\u0119d\u0105 mie\u0107 tak\u017ce mo\u017cliwo\u015b\u0107 do kontynuowania nauki na studiach II stopnia na kierunkach zwi\u0105zanych z informatyk\u0105, projektowaniem gier, zarz\u0105dzaniem, komunikacj\u0105, nowymi mediami i innych.<\/p>\n<\/div>\n<p>\n<\/div>\r\n                    <\/div>\r\n                <\/div>[\/vc_column_inner][\/vc_row_inner][vc_row_inner disable_element=&#8221;yes&#8221;][vc_column_inner][vc_separator color=&#8221;sky&#8221; border_width=&#8221;2&#8243;][\/vc_column_inner][\/vc_row_inner][vc_row_inner disable_element=&#8221;yes&#8221;][vc_column_inner width=&#8221;1\/2&#8243;]\r\n                <div class=\"text-modules\">\r\n                    <div class=\"container\">\r\n                        \r\n                        <div class=\"text-modules__content\"><\/p>\n<h3 style=\"text-align: right;\"><span style=\"color: #002e5a;\">Zapisz si\u0119!<\/span><\/h3>\n<p>\n<\/div>\r\n                    <\/div>\r\n                <\/div>[\/vc_column_inner][vc_column_inner width=&#8221;1\/2&#8243;][vc_btn title=&#8221;<b>studia stacjonarne I stopnia<\/b>&#8221; style=&#8221;outline-custom&#8221; outline_custom_color=&#8221;#002e5a&#8221; outline_custom_hover_background=&#8221;#fbb900&#8243; outline_custom_hover_text=&#8221;#ffffff&#8221; size=&#8221;lg&#8221; align=&#8221;left&#8221; i_icon_fontawesome=&#8221;fas fa-arrow-right&#8221; button_block=&#8221;true&#8221; add_icon=&#8221;true&#8221; link=&#8221;url:https%3A%2F%2Firk.us.edu.pl%2Fpl%2Foffer%2FSW-2025-Z%2Fprogramme%2FW1-S1KC20%2F%3Ffrom%3Dorg-unit%3AW1|target:_blank&#8221;]\r\n                <div class=\"text-modules\">\r\n                    <div class=\"container\">\r\n                        \r\n                        <div class=\"text-modules__content\"><\/p>\n<h6><span style=\"color: #9b132a;\">I tura rekrutacji:<br \/>\n02.06.2025 12:00 \u2013 11.07.2025 23:59<\/span><\/h6>\n<p>\n<\/div>\r\n                    <\/div>\r\n                <\/div>[\/vc_column_inner][\/vc_row_inner][vc_row_inner][vc_column_inner][vc_separator color=&#8221;sky&#8221; border_width=&#8221;2&#8243;][\/vc_column_inner][\/vc_row_inner][\/vc_column][vc_column width=&#8221;1\/3&#8243;][vc_empty_space height=&#8221;15px&#8221;][vc_hoverbox image=&#8221;20932&#8243; primary_title=&#8221;&#8221; primary_align=&#8221;left&#8221; hover_title=&#8221;&#8221; hover_align=&#8221;left&#8221; shape=&#8221;square&#8221; hover_background_color=&#8221;custom&#8221; align=&#8221;left&#8221; hover_custom_background=&#8221;#f8f8f8&#8243;]<\/p>\n<ul>\n<li style=\"text-align: left;\">specjali\u015bci w zakresie kontakt\u00f3w z interesariuszami<\/li>\n<li style=\"text-align: left;\">specjali\u015bci w zakresie komunikacji wewn\u0119trznej<\/li>\n<li style=\"text-align: left;\">specjali\u015bci service \/ help desk\u00f3w<\/li>\n<li style=\"text-align: left;\">specjali\u015bci UEX (user experience)<\/li>\n<li style=\"text-align: left;\">specjali\u015bci w zakresie zarz\u0105dzania wiedz\u0105<\/li>\n<li style=\"text-align: left;\">specjali\u015bci w zespo\u0142ach projektowych<\/li>\n<li style=\"text-align: left;\">copywriterzy<\/li>\n<li style=\"text-align: left;\">brokerzy informacji<\/li>\n<li style=\"text-align: left;\">specjali\u015bci ds. marketingu internetowego<\/li>\n<li style=\"text-align: left;\">specjali\u015bci ds. social media<\/li>\n<li style=\"text-align: left;\">webmasterzy<\/li>\n<\/ul>\n<p>[\/vc_hoverbox][vc_empty_space height=&#8221;20px&#8221;][\/vc_column][\/vc_row][vc_row el_class=&#8221;container&#8221;][vc_column][vc_empty_space height=&#8221;50px&#8221;][\/vc_column][\/vc_row][vc_row el_class=&#8221;container&#8221;][vc_column width=&#8221;2\/3&#8243;][vc_custom_heading text=&#8221;Kampus Katowice&#8221; font_container=&#8221;tag:h2|text_align:left|color:%23002c56&#8243; google_fonts=&#8221;font_family:PT%20Sans%3Aregular%2Citalic%2C700%2C700italic|font_style:700%20bold%20regular%3A700%3Anormal&#8221;][vc_separator][vc_video link=&#8221;https:\/\/www.youtube.com\/watch?v=azMUt0AE-Uw&#8221;][\/vc_column][vc_column width=&#8221;1\/3&#8243;][vc_custom_heading text=&#8221;Poznaj nas lepiej&#8221; font_container=&#8221;tag:h2|text_align:left|color:%23002c56&#8243; google_fonts=&#8221;font_family:PT%20Sans%3Aregular%2Citalic%2C700%2C700italic|font_style:700%20bold%20regular%3A700%3Anormal&#8221;][vc_separator]            \r\n            <div class=\"sidebar_moduls sidebar_moduls_facebok fb-page\"\r\n              data-href=\"https:\/\/www.facebook.com\/wydz.humanistyczny.us\" \r\n              data-width=\"330\"\r\n              data-hide-cover=\"false\"\r\n              data-show-facepile=\"true\"><\/div>\r\n             \r\n             <div id=\"fb-root\"><\/div>\r\n            <script async defer crossorigin=\"anonymous\" src=\" https:\/\/connect.facebook.net\/pl_PL\/sdk.js#xfbml=1&version=v4.0 \">                        \r\n            <\/script>\r\n            [\/vc_column][\/vc_row][vc_row el_class=&#8221;container&#8221;][vc_column][vc_empty_space height=&#8221;30px&#8221;][\/vc_column][\/vc_row][vc_row el_class=&#8221;container&#8221;][vc_column][vc_separator][\/vc_column][\/vc_row][vc_row el_class=&#8221;container&#8221;][vc_column width=&#8221;2\/3&#8243;][vc_tta_pageable no_fill_content_area=&#8221;1&#8243; active_section=&#8221;1&#8243; pagination_style=&#8221;&#8221; title=&#8221;Gdzie b\u0119dziesz studiowa\u0107?&#8221; css=&#8221;.vc_custom_1653586849789{background-position: center !important;background-repeat: no-repeat !important;background-size: cover !important;}&#8221;][vc_tta_section tab_id=&#8221;1653479712065-2c52f2ca-364e&#8221;][vc_images_carousel images=&#8221;16189,16160,192596&#8243; img_size=&#8221;full&#8221; onclick=&#8221;link_no&#8221; speed=&#8221;3500&#8243; autoplay=&#8221;yes&#8221; hide_pagination_control=&#8221;yes&#8221; wrap=&#8221;yes&#8221;][\/vc_tta_section][\/vc_tta_pageable][\/vc_column][vc_column width=&#8221;1\/3&#8243;][vc_tta_pageable no_fill_content_area=&#8221;1&#8243; active_section=&#8221;1&#8243; pagination_style=&#8221;&#8221; title=&#8221;Skontaktuj si\u0119 z nami:&#8221; css=&#8221;.vc_custom_1653587776587{background-position: center !important;background-repeat: no-repeat !important;background-size: contain !important;border-radius: 20px !important;}&#8221;][vc_tta_section tab_id=&#8221;1653479581419-652d0e5d-0dd6&#8243;]\r\n                <div class=\"text-modules\">\r\n                    <div class=\"container\">\r\n                        \r\n                        <div class=\"text-modules__content\"><p><strong>lic. Anna Grolik-\u0141uszczek<br \/>\n<\/strong>e-mail:\u00a0<a href=\"mailto:anna.grolik-luszczek@us.edu.pl\">anna.grolik-luszczek@us.edu.pl<\/a><\/p>\n<p><strong>mgr Karolina Syniawa<\/strong><br \/>\ne-mail:\u00a0<a href=\"mailto:karolina.syniawa@us.edu.pl\">karolina.syniawa@us.edu.pl<\/a><\/p>\n<p>tel.: 32 2009 512<br \/>\nKatowice, ul. Uniwersytecka 4<br \/>\npok.\u00a0B1.6<\/p>\n<\/div>\r\n                    <\/div>\r\n                <\/div>[\/vc_tta_section][\/vc_tta_pageable][vc_tta_pageable no_fill_content_area=&#8221;1&#8243; active_section=&#8221;1&#8243; pagination_style=&#8221;&#8221; title=&#8221;Sprawd\u017a jeszcze:&#8221; css=&#8221;.vc_custom_1653587768868{background-position: center !important;background-repeat: no-repeat !important;background-size: contain !important;}&#8221;][vc_tta_section tab_id=&#8221;1653483573124-ea9e9979-8940&#8243;][vc_btn title=&#8221;kultury medi\u00f3w&#8221; color=&#8221;orange&#8221; size=&#8221;lg&#8221; link=&#8221;url:https%3A%2F%2Fus.edu.pl%2Fwydzial%2Fwh%2Fkandydat-wh%2Fkierunki-studiow%2Fkultury-mediow%2F|target:_blank&#8221;][vc_empty_space height=&#8221;1px&#8221;][vc_btn title=&#8221;komunikacja promocyjna i kryzysowa&#8221; color=&#8221;orange&#8221; size=&#8221;lg&#8221; link=&#8221;url:https%3A%2F%2Fus.edu.pl%2Fwydzial%2Fwh%2Fkandydat-wh%2Fkierunki-studiow%2Fkomunikacja-promocyjna-i-kryzysowa%2F|target:_blank&#8221;][vc_empty_space height=&#8221;1px&#8221;][vc_btn title=&#8221;architektura informacji&#8221; color=&#8221;orange&#8221; size=&#8221;lg&#8221; link=&#8221;url:https%3A%2F%2Fus.edu.pl%2Fwydzial%2Fwh%2Fkandydat-wh%2Fkierunki-studiow%2Farchitektura-informacji%2F|target:_blank&#8221;][vc_empty_space height=&#8221;1px&#8221;][vc_btn title=&#8221;kognitywistyka&#8221; color=&#8221;orange&#8221; size=&#8221;lg&#8221; link=&#8221;url:https%3A%2F%2Fus.edu.pl%2Fwydzial%2Fwh%2Fkandydat-wh%2Fkierunki-studiow%2Fkognitywistyka%2F|target:_blank&#8221;][\/vc_tta_section][\/vc_tta_pageable][\/vc_column][\/vc_row][vc_row el_class=&#8221;container&#8221;][vc_column width=&#8221;1\/2&#8243;][vc_gmaps link=&#8221;#E-8_JTNDaWZyYW1lJTIwc3JjJTNEJTIyaHR0cHMlM0ElMkYlMkZ3d3cuZ29vZ2xlLmNvbSUyRm1hcHMlMkZlbWJlZCUzRnBiJTNEJTIxMW0xOCUyMTFtMTIlMjExbTMlMjExZDI1NTAuNjM3MDAzODYwNTE4MiUyMTJkMTkuMDIzNjMxODE1NzI0NTUlMjEzZDUwLjI2MTM2MzU3OTQ0OTclMjEybTMlMjExZjAlMjEyZjAlMjEzZjAlMjEzbTIlMjExaTEwMjQlMjEyaTc2OCUyMTRmMTMuMSUyMTNtMyUyMTFtMiUyMTFzMHg0NzE2Y2U0OTQ1ZWNkMTlkJTI1M0EweGRmMWIwODY3YTVmYmMzZmIlMjEyc1d5ZHppYSUyNUM1JTI1ODIlMjUyMEh1bWFuaXN0eWN6bnklMjUyMFVuaXdlcnN5dGV0dSUyNTIwJTI1QzUlMjU5QWwlMjVDNCUyNTg1c2tpZWdvJTI1MjB3JTI1MjBLYXRvd2ljYWNoJTIxNWUwJTIxM20yJTIxMXNwbCUyMTJzcGwlMjE0djE2NTYwNzM0ODE4MzYlMjE1bTIlMjExc3BsJTIxMnNwbCUyMiUyMHdpZHRoJTNEJTIyNjAwJTIyJTIwaGVpZ2h0JTNEJTIyNDUwJTIyJTIwc3R5bGUlM0QlMjJib3JkZXIlM0EwJTNCJTIyJTIwYWxsb3dmdWxsc2NyZWVuJTNEJTIyJTIyJTIwbG9hZGluZyUzRCUyMmxhenklMjIlMjByZWZlcnJlcnBvbGljeSUzRCUyMm5vLXJlZmVycmVyLXdoZW4tZG93bmdyYWRlJTIyJTNFJTNDJTJGaWZyYW1lJTNF&#8221; size=&#8221;&#8221;][\/vc_column][vc_column width=&#8221;1\/2&#8243;][vc_gmaps link=&#8221;#E-8_JTNDaWZyYW1lJTIwc3JjJTNEJTIyaHR0cHMlM0ElMkYlMkZ3d3cuZ29vZ2xlLmNvbSUyRm1hcHMlMkZlbWJlZCUzRnBiJTNEJTIxMW0xOCUyMTFtMTIlMjExbTMlMjExZDEwMTk1LjM3NzAyNjcxOTY5NiUyMTJkMTguOTMzNTkyNTc1MjE4OTI4JTIxM2Q1MC4yOTQ4MzUwMjgwODIxNyUyMTJtMyUyMTFmMCUyMTJmMCUyMTNmMCUyMTNtMiUyMTFpMTAyNCUyMTJpNzY4JTIxNGYxMy4xJTIxM20zJTIxMW0yJTIxMXMweDQ3MTZkMjdmZmMxMDVlMmQlMjUzQTB4NGM1YjU2NzUyNTQxMmJiJTIxMnMlMjVDNSUyNTlBbCUyNUM0JTI1ODVza2llJTI1MjBNaSUyNUM0JTI1OTlkenl1Y3plbG5pYW5lJTI1MjBDZW50cnVtJTI1MjBFZHVrYWNqaSUyNTIwaSUyNTIwQmFkYSUyNUM1JTI1ODQlMjUyMEludGVyZHlzY3lwbGluYXJueWNoJTIxNWUwJTIxM20yJTIxMXNwbCUyMTJzcGwlMjE0djE3NTk3NTM2MjY4NjMlMjE1bTIlMjExc3BsJTIxMnNwbCUyMiUyMHdpZHRoJTNEJTIyNjAwJTIyJTIwaGVpZ2h0JTNEJTIyNDUwJTIyJTIwc3R5bGUlM0QlMjJib3JkZXIlM0EwJTNCJTIyJTIwYWxsb3dmdWxsc2NyZWVuJTNEJTIyJTIyJTIwbG9hZGluZyUzRCUyMmxhenklMjIlMjByZWZlcnJlcnBvbGljeSUzRCUyMm5vLXJlZmVycmVyLXdoZW4tZG93bmdyYWRlJTIyJTNFJTNDJTJGaWZyYW1lJTNF&#8221; size=&#8221;&#8221;][\/vc_column][\/vc_row][vc_column][\/vc_column][vc_column][\/vc_column]<\/p>","protected":false},"excerpt":{"rendered":"<p>[vc_row el_class=&#8221;container&#8221;][vc_column width=&#8221;1\/2&#8243; css=&#8221;.vc_custom_1653565298692{margin-right: 0px !important;margin-left: 0px !important;border-right-width: 0px !important;border-left-width: 0px !important;}&#8221;][vc_single_image image=&#8221;157227&#8243; img_size=&#8221;full&#8221; alignment=&#8221;center&#8221;][\/vc_column][vc_column width=&#8221;1\/2&#8243; css=&#8221;.vc_custom_1653642837519{background-color: #dfe2ec !important;border-radius: 15px !important;}&#8221;][vc_empty_space][vc_custom_heading text=&#8221;KOMUNIKACJA CYFROWA&#8221; font_container=&#8221;tag:h3|text_align:center|color:%23002e5a&#8221; google_fonts=&#8221;font_family:PT%20Sans%20Caption%3Aregular%2C700|font_style:700%20bold%20regular%3A700%3Anormal&#8221;][vc_empty_space height=&#8221;15px&#8221;][vc_separator color=&#8221;custom&#8221; style=&#8221;shadow&#8221; el_width=&#8221;60&#8243; accent_color=&#8221;#002e5a&#8221;][vc_row_inner][vc_column_inner][vc_btn title=&#8221;Karta kierunku &#8211; program studi\u00f3w&#8221; style=&#8221;custom&#8221; custom_background=&#8221;#002e5a&#8221; custom_text=&#8221;#ffffff&#8221; size=&#8221;lg&#8221; align=&#8221;center&#8221; i_icon_fontawesome=&#8221;fas fa-arrow-right&#8221; button_block=&#8221;true&#8221; add_icon=&#8221;true&#8221; link=&#8221;url:https%3A%2F%2Finformator.us.edu.pl%2Fprogrammes%2Flist%2Fall%2FKC%2F&#8221;][\/vc_column_inner][\/vc_row_inner][\/vc_column][\/vc_row][vc_row el_class=&#8221;container&#8221;][vc_column][vc_empty_space height=&#8221;20px&#8221;][\/vc_column][\/vc_row][vc_row el_class=&#8221;container&#8221;][vc_column width=&#8221;2\/3&#8243; css=&#8221;.vc_custom_1653643334119{background-color: #f8f8f8 !important;border-radius: 15px !important;}&#8221;][vc_row_inner][vc_column_inner][\/vc_column_inner][\/vc_row_inner][vc_row_inner disable_element=&#8221;yes&#8221;][vc_column_inner][vc_separator [&#8230;]<\/p>\n<p><a class=\"btn btn-secondary understrap-read-more-link\" href=\"https:\/\/us.edu.pl\/wydzial\/wh\/kandydat-wh\/kierunki-studiow\/komunikacja-cyfrowa\/\">Read More&#8230;<\/a><\/p>\n","protected":false},"author":2429,"featured_media":0,"parent":989,"menu_order":0,"comment_status":"closed","ping_status":"closed","template":"","meta":{"_expiration-date-status":"","_expiration-date":0,"_expiration-date-type":"","_expiration-date-categories":[],"_expiration-date-options":[]},"acf":[],"_links":{"self":[{"href":"https:\/\/us.edu.pl\/wydzial\/wh\/wp-json\/wp\/v2\/pages\/156920"}],"collection":[{"href":"https:\/\/us.edu.pl\/wydzial\/wh\/wp-json\/wp\/v2\/pages"}],"about":[{"href":"https:\/\/us.edu.pl\/wydzial\/wh\/wp-json\/wp\/v2\/types\/page"}],"author":[{"embeddable":true,"href":"https:\/\/us.edu.pl\/wydzial\/wh\/wp-json\/wp\/v2\/users\/2429"}],"replies":[{"embeddable":true,"href":"https:\/\/us.edu.pl\/wydzial\/wh\/wp-json\/wp\/v2\/comments?post=156920"}],"version-history":[{"count":11,"href":"https:\/\/us.edu.pl\/wydzial\/wh\/wp-json\/wp\/v2\/pages\/156920\/revisions"}],"predecessor-version":[{"id":192597,"href":"https:\/\/us.edu.pl\/wydzial\/wh\/wp-json\/wp\/v2\/pages\/156920\/revisions\/192597"}],"up":[{"embeddable":true,"href":"https:\/\/us.edu.pl\/wydzial\/wh\/wp-json\/wp\/v2\/pages\/989"}],"wp:attachment":[{"href":"https:\/\/us.edu.pl\/wydzial\/wh\/wp-json\/wp\/v2\/media?parent=156920"}],"curies":[{"name":"wp","href":"https:\/\/api.w.org\/{rel}","templated":true}]}}