{"id":157,"date":"2019-10-02T15:58:33","date_gmt":"2019-10-02T13:58:33","guid":{"rendered":"https:\/\/us.edu.pl\/wydzial\/wh\/?page_id=157"},"modified":"2019-10-04T11:49:40","modified_gmt":"2019-10-04T09:49:40","slug":"misja-uniwersytetu-slaskiego","status":"publish","type":"page","link":"https:\/\/us.edu.pl\/wydzial\/wh\/strona-glowna\/wydzial-dawniej-i-dzis\/misja-uniwersytetu-slaskiego\/","title":{"rendered":"Misja Uniwersytetu \u015al\u0105skiego"},"content":{"rendered":"<p>[vc_row el_class=&#8221;container&#8221;][vc_column el_class=&#8221;container&#8221;]\r\n                <div class=\"text-modules\">\r\n                    <div class=\"container\">\r\n                        <h3 class=\"page-title text__title\">Misja Uniwersytetu \u015al\u0105skiego<\/h3>\r\n                        <div class=\"text-modules__content\"><p>Uniwersytet \u015al\u0105ski, dzia\u0142aj\u0105c w\u00a0my\u015bl najlepszej tradycji etosu nauki europejskiej, przyjmuje, i\u017c jako wsp\u00f3lnota uczonych i\u00a0student\u00f3w, z\u0142\u0105czonych wzajemnym szacunkiem i\u00a0zaufaniem, nie\u00a0tylko\u00a0odpowiada na\u00a0wzrastaj\u0105ce edukacyjne potrzeby spo\u0142eczno\u015bci, kt\u00f3rym\u00a0czyni zado\u015b\u0107, kszta\u0142c\u0105c na\u00a0najwy\u017cszym mo\u017cliwym poziomie i\u00a0prowadz\u0105c badania naukowe w\u00a0poszanowaniu podstawowego prawa akademickiej wolno\u015bci w\u00a0dociekaniu Prawdy, lecz\u00a0tak\u017ce wype\u0142nia istotn\u0105 s\u0142u\u017cb\u0119 spo\u0142eczn\u0105 polegaj\u0105c\u0105 na\u00a0wszechstronnym rozwijaniu osobowo\u015bci oraz\u00a0formowaniu tw\u00f3rczych postaw i\u00a0duchowych aspiracji ludzi z\u00a0nim zwi\u0105zanych, oddzia\u0142uj\u0105c w\u00a0ten spos\u00f3b na\u00a0kulturowe oblicze Regionu i\u00a0ca\u0142ej Polski.<\/p>\n<p>Uniwersytet \u015al\u0105ski s\u0142u\u017cy nie\u00a0tylko\u00a0wielkiej idei chronienia i\u00a0przekazywania my\u015bli stanowi\u0105cej efekt pracy przesz\u0142ych pokole\u0144, lecz\u00a0wnosi sw\u00f3j wk\u0142ad do\u00a0kulturowego dziedzictwa spo\u0142ecze\u0144stwa poprzez tw\u00f3rcz\u0105 prac\u0119 badawcz\u0105 i\u00a0artystyczn\u0105, interpretacj\u0119 wsp\u00f3\u0142czesnej rzeczywisto\u015bci i\u00a0analiz\u0119 ewolucji warto\u015bci kszta\u0142tuj\u0105cych bezpo\u015brednie otoczenie. Geograficzna i\u00a0kulturowa lokalizacja Uniwersytetu na\u00a0pograniczach region\u00f3w, kt\u00f3rym\u00a0historia przeznaczy\u0142a odr\u0119bne losy, lecz\u00a0kt\u00f3re przez\u00a0stulecia rozwija\u0142y swoj\u0105 kultur\u0119 we\u00a0wzajemnym przenikaniu si\u0119 i\u00a0dialogu, sprzyja europejskiemu wymiarowi Uczelni jako miejsca, kt\u00f3rego\u00a0to\u017csamo\u015b\u0107 konstytuuje si\u0119 nie\u00a0poprzez izolacj\u0119, lecz\u00a0dzi\u0119ki gotowo\u015bci go\u015bcinnego przyj\u0119cia tego, co Inne i\u00a0Odmienne. Uznaj\u0105c warto\u015bci zapisane w\u00a0preambule Misji Uniwersytetu \u015al\u0105skiego, wyra\u017caj\u0105ce przekonania ca\u0142ej spo\u0142eczno\u015bci akademickiej, ustalono powinno\u015bci Wydzia\u0142u Filologicznego Uniwersytetu \u015al\u0105skiego: Wydzia\u0142 Filologiczny Uniwersytetu \u015al\u0105skiego, wpisuj\u0105c si\u0119 w\u00a0tradycj\u0119 szkolnictwa r\u00f3\u017cnych szczebli na\u00a0G\u00f3rnym \u015al\u0105sku i\u00a0w\u00a0Zag\u0142\u0119biu D\u0105browskim, d\u0105\u017cy do\u00a0r\u00f3wnego, sprawiedliwego i\u00a0otwartego na\u00a0spo\u0142eczne zapotrzebowanie dost\u0119pu do\u00a0wiedzy akademickiej wszystkich, kt\u00f3rych\u00a0prawo do\u00a0nauki nie\u00a0jest ogra-niczone \u017cadnymi przeszkodami. Wydzia\u0142 Filologiczny Uniwersytetu \u015al\u0105skiego kszta\u0142ci elity intelektualne, kt\u00f3re s\u0142u\u017cy\u0107 b\u0119d\u0105 instytucjom pa\u0144stwa, samorz\u0105dom terytorialnym, gminom i\u00a0organizacjom po\u017cytku publicznego. Wydzia\u0142 Filologiczny Uniwersytetu \u015al\u0105skiego \u015bwiadomy kulturowego miejsca, w\u00a0jakim funkcjonuje, d\u0105\u017cy do\u00a0kreowania, utrwalania i\u00a0piel\u0119gnowania uniwersalnych warto\u015bci j\u0119zyka, literatury i\u00a0kultury w\u00a0\u015bcis\u0142ym zwi\u0105zku z\u00a0warto\u015bciami lokalnymi.<\/p>\n<p>Wydzia\u0142 Filologiczny Uniwersytetu \u015al\u0105skiego dba o\u00a0to, aby efekty bada\u0144 naukowych jego pracownik\u00f3w znalaz\u0142y swoje odbicie w\u00a0procesie nauczania. Misj\u0119 sw\u0105 Wydzia\u0142 Filologiczny Uniwersytetu \u015al\u0105skiego realizuje, opieraj\u0105c si\u0119 na\u00a0tradycjach rodzi-mych, jak te\u017c europejskich i\u00a0\u015bwiatowych. Misja Wydzia\u0142u Filologicznego Uniwersytetu \u015al\u0105skiego, zatwierdzona zosta\u0142a na\u00a0posiedzeniu Rady Wydzia\u0142u w\u00a0dniu 15\u00a0stycznia 2013\u00a0r. i\u00a0jest zgodna ze\u00a0Misj\u0105 Uniwersytetu \u015al\u0105skiego, uchwalon\u0105 przez\u00a0Senat uczelni na\u00a0posiedzeniu w\u00a0dniu 20\u00a0maja 1997\u00a0r.<\/p>\n<\/div>\r\n                    <\/div>\r\n                <\/div>[myprefix_functional_icons print_icon=&#8221;yes&#8221;][\/vc_column][\/vc_row]<\/p>","protected":false},"excerpt":{"rendered":"<p>[vc_row el_class=&#8221;container&#8221;][vc_column el_class=&#8221;container&#8221;][myprefix_functional_icons print_icon=&#8221;yes&#8221;][\/vc_column][\/vc_row] [&#8230;]<\/p>\n<p><a class=\"btn btn-secondary understrap-read-more-link\" href=\"https:\/\/us.edu.pl\/wydzial\/wh\/strona-glowna\/wydzial-dawniej-i-dzis\/misja-uniwersytetu-slaskiego\/\">Read More&#8230;<\/a><\/p>\n","protected":false},"author":1,"featured_media":0,"parent":125,"menu_order":0,"comment_status":"closed","ping_status":"closed","template":"","meta":{"_expiration-date-status":"","_expiration-date":0,"_expiration-date-type":"","_expiration-date-categories":[],"_expiration-date-options":[]},"acf":[],"_links":{"self":[{"href":"https:\/\/us.edu.pl\/wydzial\/wh\/wp-json\/wp\/v2\/pages\/157"}],"collection":[{"href":"https:\/\/us.edu.pl\/wydzial\/wh\/wp-json\/wp\/v2\/pages"}],"about":[{"href":"https:\/\/us.edu.pl\/wydzial\/wh\/wp-json\/wp\/v2\/types\/page"}],"author":[{"embeddable":true,"href":"https:\/\/us.edu.pl\/wydzial\/wh\/wp-json\/wp\/v2\/users\/1"}],"replies":[{"embeddable":true,"href":"https:\/\/us.edu.pl\/wydzial\/wh\/wp-json\/wp\/v2\/comments?post=157"}],"version-history":[{"count":3,"href":"https:\/\/us.edu.pl\/wydzial\/wh\/wp-json\/wp\/v2\/pages\/157\/revisions"}],"predecessor-version":[{"id":733,"href":"https:\/\/us.edu.pl\/wydzial\/wh\/wp-json\/wp\/v2\/pages\/157\/revisions\/733"}],"up":[{"embeddable":true,"href":"https:\/\/us.edu.pl\/wydzial\/wh\/wp-json\/wp\/v2\/pages\/125"}],"wp:attachment":[{"href":"https:\/\/us.edu.pl\/wydzial\/wh\/wp-json\/wp\/v2\/media?parent=157"}],"curies":[{"name":"wp","href":"https:\/\/api.w.org\/{rel}","templated":true}]}}