{"id":157008,"date":"2022-06-30T11:50:14","date_gmt":"2022-06-30T09:50:14","guid":{"rendered":"https:\/\/us.edu.pl\/wydzial\/wh\/?page_id=157008"},"modified":"2025-07-28T16:03:55","modified_gmt":"2025-07-28T14:03:55","slug":"srodkowoeuropejskie-studia-historyczne","status":"publish","type":"page","link":"https:\/\/us.edu.pl\/wydzial\/wh\/kandydat-wh\/kierunki-studiow\/srodkowoeuropejskie-studia-historyczne\/","title":{"rendered":"\u015brodkowoeuropejskie studia historyczne"},"content":{"rendered":"<p>[vc_row el_class=&#8221;container&#8221;][vc_column width=&#8221;1\/2&#8243; css=&#8221;.vc_custom_1653565298692{margin-right: 0px !important;margin-left: 0px !important;border-right-width: 0px !important;border-left-width: 0px !important;}&#8221;][vc_single_image image=&#8221;157174&#8243; img_size=&#8221;full&#8221;][vc_empty_space height=&#8221;20px&#8221;][vc_custom_heading text=&#8221;STUDIA II STOPNIA&#8221; font_container=&#8221;tag:h2|text_align:center|color:%23ffffff&#8221; google_fonts=&#8221;font_family:PT%20Sans%3Aregular%2Citalic%2C700%2C700italic|font_style:400%20regular%3A400%3Anormal&#8221; css=&#8221;.vc_custom_1685024786699{background-color: #002e5a !important;border-radius: 10px !important;}&#8221;][\/vc_column][vc_column width=&#8221;1\/2&#8243; css=&#8221;.vc_custom_1653642837519{background-color: #dfe2ec !important;border-radius: 15px !important;}&#8221;][vc_empty_space][vc_custom_heading text=&#8221;\u015aRODKOWOEUROPEJSKIE STUDIA HISTORYCZNE&#8221; font_container=&#8221;tag:h3|text_align:center|color:%23002e5a&#8221; google_fonts=&#8221;font_family:PT%20Sans%20Caption%3Aregular%2C700|font_style:700%20bold%20regular%3A700%3Anormal&#8221;][vc_empty_space height=&#8221;15px&#8221;][vc_separator color=&#8221;custom&#8221; style=&#8221;shadow&#8221; el_width=&#8221;90&#8243; accent_color=&#8221;#002e5a&#8221;]\r\n                <div class=\"text-modules\">\r\n                    <div class=\"container\">\r\n                        \r\n                        <div class=\"text-modules__content\"><\/p>\n<div>\n<p style=\"text-align: justify;\">Kierunek jest wsp\u00f3ln\u0105 inicjatyw\u0105 <strong>Uniwersytet\u00f3w w Ostrawie<\/strong>, <strong>Ba\u0144skiej Bystrzycy<\/strong> i <strong>Uniwersytetu \u015al\u0105skiego w Katowicach i p<\/strong><strong>ozwala na studiowanie w trzech krajach partnerskich<\/strong>.<\/p>\n<h4>j\u0119zyki wyk\u0142adowe: polski, czeski, s\u0142owacki<\/h4>\n<p style=\"text-align: justify;\">Wsp\u00f3lne \u015arodkowoeuropejskie studia historyczne maj\u0105 przygotowa\u0107 historyka, kt\u00f3ry zna dobrze dzieje tego regionu Europy, a tak\u017ce tajniki warsztatu zawodowego historyk\u00f3w dziej\u00f3w Czech, Polski i S\u0142owacji.<\/p>\n<p><span style=\"text-align: justify;\">Prowadzone na wszystkich uczelniach Czech, Polski i S\u0142owacji studia historyczne zamykaj\u0105 si\u0119 w swoich \u201epa\u0144stwowych\u201d czy \u201enarodowych\u201d granicach. Wyk\u0142adana tam historia powszechna rzadko odnosi si\u0119 do kraj\u00f3w s\u0105siednich. Zak\u0142adamy, \u017ce istnieje spora grupa absolwent\u00f3w studi\u00f3w licencjackich z szeroko poj\u0119tego pogranicza polsko-czesko-s\u0142owackiego, kt\u00f3rzy b\u0119d\u0105 zainteresowani pog\u0142\u0119bieniem swej wiedzy i mo\u017cliwo\u015bci\u0105 studiowania nie tylko w kraju, ale za granic\u0105.<\/span><\/p>\n<h4>studia mi\u0119dzynarodowe<\/h4>\n<\/div>\n<div>\n<p>Dzi\u0119ki wsp\u00f3\u0142pracy uczonych z trzech kraj\u00f3w partnerskich podczas studi\u00f3w uczestnik b\u0119dzie m\u00f3g\u0142 zapozna\u0107 si\u0119 z dorobkiem badawczym, kt\u00f3ry da mu kompetencje pozwalaj\u0105ce na prowadzenie docieka\u0144 nie tylko nad dziejami pa\u0144stw i narod\u00f3w <strong>\u015arodkowej Europy<\/strong>, ale tak\u017ce ich wzajemnymi relacjami, stosunkami politycznymi, gospodarczymi, spo\u0142ecznymi, kulturalnymi, nad kszta\u0142towaniem si\u0119 i specyfik\u0105 pograniczy. Wiedza o przesz\u0142o\u015bci Europy \u015arodkowej b\u0119dzie przydatna przyk\u0142adowo dla socjolog\u00f3w, filolog\u00f3w czy absolwent\u00f3w innych studi\u00f3w zawodowych.<\/p>\n<\/div>\n<p>\n<\/div>\r\n                    <\/div>\r\n                <\/div>[\/vc_column][\/vc_row][vc_row][vc_column][vc_empty_space][\/vc_column][\/vc_row][vc_row el_class=&#8221;container&#8221;][vc_column width=&#8221;2\/3&#8243; el_class=&#8221;container&#8221; css=&#8221;.vc_custom_1685025693839{background-color: #f8f8f8 !important;border-radius: 10px !important;}&#8221;][vc_row_inner css=&#8221;.vc_custom_1685025707921{background-color: #f8f8f8 !important;border-radius: 10px !important;}&#8221;][vc_column_inner][vc_empty_space]\r\n                <div class=\"text-modules\">\r\n                    <div class=\"container\">\r\n                        \r\n                        <div class=\"text-modules__content\"><p>Ofert\u0119 studi\u00f3w mi\u0119dzynarodowych kierujemy przede wszystkim do absolwent\u00f3w studi\u00f3w historycznych pierwszego stopnia, pragn\u0105cych kontynuowa\u0107 sw\u0105 edukacj\u0119 historyczn\u0105, ale r\u00f3wnie\u017c do absolwent\u00f3w innych kierunk\u00f3w studi\u00f3w humanistycznych czy z dziedziny nauk spo\u0142ecznych, kt\u00f3rzy b\u0119d\u0105 chcieli poszerzy\u0107 swe kompetencje zawodowe.<\/p>\n<p><strong>Studia prowadzone s\u0105 wy\u0142\u0105cznie w trybie stacjonarnym.<\/strong><\/p>\n<p>W ramach programu Erasmus+ studenci kierunku mog\u0105 zrealizowa\u0107 zagraniczn\u0105 praktyk\u0119 w r\u00f3\u017cnych instytucjach, w 31 pa\u0144stwach uczestnicz\u0105cych w programie lub cz\u0119\u015b\u0107 studi\u00f3w w zagranicznej uczelni partnerskiej w krajach takich jak: <strong>Bu\u0142garia, Czechy, Estonia, Francja, Hiszpania, Litwa, Niemcy, Portugalia, S\u0142owacja, S\u0142owenia, Turcja, W\u0142ochy.<\/strong><\/p>\n<\/div>\r\n                    <\/div>\r\n                <\/div>[\/vc_column_inner][\/vc_row_inner][vc_row_inner css=&#8221;.vc_custom_1717499667989{background-color: #f8f8f8 !important;border-radius: 10px !important;}&#8221;][vc_column_inner][vc_separator color=&#8221;custom&#8221; accent_color=&#8221;#0095db&#8221;][\/vc_column_inner][\/vc_row_inner][vc_row_inner disable_element=&#8221;yes&#8221; css=&#8221;.vc_custom_1753711406600{background-color: #f8f8f8 !important;}&#8221;][vc_column_inner]\r\n                <div class=\"text-modules\">\r\n                    <div class=\"container\">\r\n                        \r\n                        <div class=\"text-modules__content\"><\/p>\n<h3 style=\"text-align: center;\"><span style=\"color: #002e5a;\">Rekrutacja na rok akademicki 2025\/2026<\/span><\/h3>\n<p>\n<\/div>\r\n                    <\/div>\r\n                <\/div>[\/vc_column_inner][\/vc_row_inner][vc_row_inner disable_element=&#8221;yes&#8221; css=&#8221;.vc_custom_1753711413786{background-color: #f8f8f8 !important;}&#8221;][vc_column_inner width=&#8221;1\/2&#8243;]\r\n                <div class=\"text-modules\">\r\n                    <div class=\"container\">\r\n                        \r\n                        <div class=\"text-modules__content\"><\/p>\n<h6 style=\"text-align: left; padding-left: 80px;\"><span style=\"color: #9b132a;\">I tura rekrutacji:<br \/>\n02.06.2025 00:00 \u2013 19.07.2025 23:59<\/span><\/h6>\n<p>\n<\/div>\r\n                    <\/div>\r\n                <\/div>[\/vc_column_inner][vc_column_inner width=&#8221;1\/2&#8243;][vc_btn title=&#8221;studia stacjonarne II stopnia&#8221; style=&#8221;outline-custom&#8221; outline_custom_color=&#8221;#002e5a&#8221; outline_custom_hover_background=&#8221;#ffb900&#8243; outline_custom_hover_text=&#8221;#ffffff&#8221; size=&#8221;lg&#8221; align=&#8221;left&#8221; i_icon_fontawesome=&#8221;fas fa-arrow-right&#8221; add_icon=&#8221;true&#8221; link=&#8221;url:https%3A%2F%2Firk.us.edu.pl%2Fpl%2Foffer%2FSW-2025-Z%2Fprogramme%2FW1-S2ES19%2F%3Ffrom%3Dorg-unit%3AW1|target:_blank&#8221;][\/vc_column_inner][\/vc_row_inner][vc_row_inner disable_element=&#8221;yes&#8221; css=&#8221;.vc_custom_1753711422704{background-color: #f8f8f8 !important;border-radius: 10px !important;}&#8221;][vc_column_inner][vc_separator color=&#8221;custom&#8221; accent_color=&#8221;#0095db&#8221;][\/vc_column_inner][\/vc_row_inner][\/vc_column][vc_column width=&#8221;1\/3&#8243;][vc_tta_pageable no_fill_content_area=&#8221;1&#8243; active_section=&#8221;1&#8243; pagination_style=&#8221;&#8221; css=&#8221;.vc_custom_1683893765024{padding-left: 20px !important;}&#8221;][vc_tta_section tab_id=&#8221;1653645747194-f6bf557b-7889&#8243;][vc_hoverbox image=&#8221;20932&#8243; primary_title=&#8221;&#8221; hover_title=&#8221;&#8221; shape=&#8221;square&#8221; hover_background_color=&#8221;custom&#8221; hover_custom_background=&#8221;#f8f8f8&#8243;]<\/p>\n<p style=\"text-align: left;\">Absolwent kierunku mo\u017ce znale\u017a\u0107 zatrudnienie w r\u00f3\u017cnego rodzaju instytucjach, jako historyk-specjalista, potrafi\u0105cy uwzgl\u0119dni\u0107 w swojej pracy tradycje historyczne i dorobek kulturowy Europy \u015arodkowej, rozumiej\u0105cy specyfik\u0119 tego obszaru i przygotowany (tak\u017ce j\u0119zykowo) do prac w zakresie upowszechniania historii.<\/p>\n<p>[\/vc_hoverbox][\/vc_tta_section][\/vc_tta_pageable][vc_empty_space height=&#8221;20px&#8221;][vc_btn title=&#8221;Karta kierunku &#8211; program studi\u00f3w&#8221; style=&#8221;custom&#8221; custom_background=&#8221;#002e5a&#8221; custom_text=&#8221;#ffffff&#8221; size=&#8221;lg&#8221; align=&#8221;center&#8221; i_icon_fontawesome=&#8221;fas fa-arrow-right&#8221; button_block=&#8221;true&#8221; add_icon=&#8221;true&#8221; link=&#8221;url:https%3A%2F%2Finformator.us.edu.pl%2Fprogrammes%2Flist%2Ffaculties%2FW1%2FES%2F&#8221;][vc_empty_space][\/vc_column][\/vc_row][vc_row el_class=&#8221;container&#8221;][vc_column width=&#8221;2\/3&#8243;][vc_empty_space][vc_custom_heading text=&#8221;Poznaj nas lepiej&#8221; font_container=&#8221;tag:h2|text_align:left|color:%23002e5a&#8221; google_fonts=&#8221;font_family:PT%20Sans%3Aregular%2Citalic%2C700%2C700italic|font_style:700%20bold%20regular%3A700%3Anormal&#8221;][vc_separator][vc_row_inner el_class=&#8221;container&#8221;][vc_column_inner width=&#8221;1\/2&#8243;]            \r\n            <div class=\"sidebar_moduls sidebar_moduls_facebok fb-page\"\r\n              data-href=\"https:\/\/www.facebook.com\/InstytutHistoriiUniwersytetuSlaskiego\" \r\n              data-width=\"330\"\r\n              data-hide-cover=\"false\"\r\n              data-show-facepile=\"true\"><\/div>\r\n             \r\n             <div id=\"fb-root\"><\/div>\r\n            <script async defer crossorigin=\"anonymous\" src=\" https:\/\/connect.facebook.net\/pl_PL\/sdk.js#xfbml=1&version=v4.0 \">                        \r\n            <\/script>\r\n            [\/vc_column_inner][vc_column_inner width=&#8221;1\/2&#8243;]            \r\n            <div class=\"sidebar_moduls sidebar_moduls_facebok fb-page\"\r\n              data-href=\"https:\/\/www.facebook.com\/wydz.humanistyczny.us\" \r\n              data-width=\"330\"\r\n              data-hide-cover=\"false\"\r\n              data-show-facepile=\"true\"><\/div>\r\n             \r\n             <div id=\"fb-root\"><\/div>\r\n            <script async defer crossorigin=\"anonymous\" src=\" https:\/\/connect.facebook.net\/pl_PL\/sdk.js#xfbml=1&version=v4.0 \">                        \r\n            <\/script>\r\n            [\/vc_column_inner][\/vc_row_inner][vc_custom_heading text=&#8221;Ko\u0142o naukowe&#8221; font_container=&#8221;tag:h2|text_align:left|color:%23002e5a&#8221; google_fonts=&#8221;font_family:PT%20Sans%3Aregular%2Citalic%2C700%2C700italic|font_style:700%20bold%20regular%3A700%3Anormal&#8221;][vc_separator][vc_row_inner el_class=&#8221;container&#8221;][vc_column_inner width=&#8221;1\/2&#8243;]            \r\n            <div class=\"sidebar_moduls sidebar_moduls_facebok fb-page\"\r\n              data-href=\"https:\/\/www.facebook.com\/SKNHUS\/\" \r\n              data-width=\"330\"\r\n              data-hide-cover=\"false\"\r\n              data-show-facepile=\"true\"><\/div>\r\n             \r\n             <div id=\"fb-root\"><\/div>\r\n            <script async defer crossorigin=\"anonymous\" src=\" https:\/\/connect.facebook.net\/pl_PL\/sdk.js#xfbml=1&version=v4.0 \">                        \r\n            <\/script>\r\n            [\/vc_column_inner][\/vc_row_inner][\/vc_column][vc_column width=&#8221;1\/3&#8243;][vc_custom_heading text=&#8221;Kampus Katowice&#8221; font_container=&#8221;tag:h2|text_align:left|color:%23002e5a&#8221; google_fonts=&#8221;font_family:PT%20Sans%3Aregular%2Citalic%2C700%2C700italic|font_style:700%20bold%20regular%3A700%3Anormal&#8221; css=&#8221;.vc_custom_1683893957194{padding-left: 20px !important;}&#8221;][vc_separator css=&#8221;.vc_custom_1683893978527{padding-left: 20px !important;}&#8221;][vc_video link=&#8221;https:\/\/www.youtube.com\/watch?v=azMUt0AE-Uw&#8221; css=&#8221;.vc_custom_1683893967637{padding-left: 20px !important;}&#8221;][\/vc_column][\/vc_row][vc_row][vc_column][vc_empty_space][\/vc_column][\/vc_row][vc_row el_class=&#8221;container&#8221;][vc_column width=&#8221;2\/3&#8243;][vc_custom_heading text=&#8221;Aktywno\u015bci dodatkowe&#8221; font_container=&#8221;tag:h2|text_align:left|color:%23002e5a&#8221; google_fonts=&#8221;font_family:PT%20Sans%3Aregular%2Citalic%2C700%2C700italic|font_style:700%20bold%20regular%3A700%3Anormal&#8221;][vc_separator color=&#8221;custom&#8221; accent_color=&#8221;#dfe2ec&#8221;][vc_row_inner el_class=&#8221;container&#8221;][vc_column_inner width=&#8221;1\/2&#8243;][vc_single_image image=&#8221;156662&#8243; img_size=&#8221;full&#8221; alignment=&#8221;center&#8221; style=&#8221;vc_box_circle_2&#8243;]\r\n                <div class=\"text-modules\">\r\n                    <div class=\"container\">\r\n                        \r\n                        <div class=\"text-modules__content\"><\/p>\n<p style=\"text-align: center;\"><strong><span class=\"d2edcug0 hpfvmrgz qv66sw1b c1et5uql lr9zc1uh a8c37x1j fe6kdd0r mau55g9w c8b282yb keod5gw0 nxhoafnm aigsh9s9 d3f4x2em iv3no6db jq4qci2q a3bd9o3v b1v8xokw oo9gr5id hzawbc8m\" dir=\"auto\">Turniej Trzech Uniwersytet\u00f3w<\/span><\/strong><\/p>\n<p style=\"text-align: justify;\">Tradycja zawod\u00f3w sportowych, w kt\u00f3rych na murawie spotykaj\u0105 si\u0119 reprezentacje Katedry Historii Uniwersytetu Ostrawskiego, Katedry Historii Uniwersytetu Mateja Bela w Ba\u0144skiej Bystrzycy oraz Instytutu Historii Uniwersytetu \u015al\u0105skiego w Katowicach, si\u0119ga roku 2018. Pierwszy turniej zosta\u0142 rozegrany w Katowicach, w nast\u0119pnym roku na S\u0142owacji, a we wrze\u015bniu 2021 roku reprezentacje spotka\u0142y si\u0119 w Czechach.<\/p>\n<p>\n<\/div>\r\n                    <\/div>\r\n                <\/div>[\/vc_column_inner][vc_column_inner width=&#8221;1\/2&#8243;][vc_single_image image=&#8221;157012&#8243; img_size=&#8221;full&#8221; alignment=&#8221;center&#8221; style=&#8221;vc_box_circle_2&#8243;]\r\n                <div class=\"text-modules\">\r\n                    <div class=\"container\">\r\n                        \r\n                        <div class=\"text-modules__content\"><\/p>\n<p style=\"text-align: center;\"><strong>Studia w trzech krajach<\/strong><\/p>\n<p style=\"text-align: justify;\"><span class=\"d2edcug0 hpfvmrgz qv66sw1b c1et5uql lr9zc1uh a8c37x1j fe6kdd0r mau55g9w c8b282yb keod5gw0 nxhoafnm aigsh9s9 d3f4x2em iv3no6db jq4qci2q a3bd9o3v b1v8xokw oo9gr5id hzawbc8m\" dir=\"auto\">Za\u0142o\u017cenie kierunku jest takie, \u017ce przez dwa lata nauki studenci s\u0105 w ruchu \u2013 przez pierwsze p\u00f3\u0142 roku studiuj\u0105 na U\u015a, intensywnie ucz\u0105c si\u0119 j\u0119zyka czeskiego i s\u0142owackiego. Kolejne dwa semestry sp\u0119dzaj\u0105 na naszych uczelniach partnerskich w Ba\u0144skiej Bystrzycy i Ostrawie, a nast\u0119pnie wracaj\u0105 na ostatni semestr do Instytutu Historii U\u015a.<\/span><\/p>\n<p>\n<\/div>\r\n                    <\/div>\r\n                <\/div>[\/vc_column_inner][\/vc_row_inner][\/vc_column][vc_column width=&#8221;1\/3&#8243; el_class=&#8221;container&#8221;][vc_custom_heading text=&#8221;Perspektywa student\u00f3w&#8221; google_fonts=&#8221;font_family:PT%20Sans%3Aregular%2Citalic%2C700%2C700italic|font_style:700%20bold%20regular%3A700%3Anormal&#8221;][vc_separator color=&#8221;custom&#8221; accent_color=&#8221;#dfe2ec&#8221;][vc_tta_pageable no_fill_content_area=&#8221;true&#8221; active_section=&#8221;1&#8243; pagination_style=&#8221;&#8221; css=&#8221;.vc_custom_1657027283324{background-color: #dfe2ec !important;border-radius: 15px !important;}&#8221; el_class=&#8221;container&#8221;][vc_tta_section tab_id=&#8221;1656319594922-303056d2-6689&#8243;]\r\n                <div class=\"text-modules\">\r\n                    <div class=\"container\">\r\n                        \r\n                        <div class=\"text-modules__content\"><\/p>\n<p style=\"text-align: justify;\"><span style=\"font-size: 10pt;\"><em>Pozytywnym zaskoczeniem zwi\u0105zanym ze \u015arodkowoeuropejskim Studiami Historycznymi okaza\u0142a si\u0119 du\u017ca doza zaufania ze strony kadry naukowej, zar\u00f3wno pracownik\u00f3w U\u015a jak i ich koleg\u00f3w z uniwersytet\u00f3w w Ostrawie i Ba\u0144skiej Bystrzycy. Przejawem tego zaufania by\u0142a znaczna swoboda w dobrze zaj\u0119\u0107 i sposob\u00f3w ich realizacji, zar\u00f3wno w czasie wyjazd\u00f3w jak i pobytu w kraju.<\/em><\/span><\/p>\n<p style=\"text-align: justify;\"><span style=\"font-size: 10pt;\"><em>Dobrze zorganizowane zaplecze finansowe wyjazd\u00f3w do Czech i na S\u0142owacj\u0119, pozwoli\u0142o ze spokojem poznawa\u0107 te kraje, zar\u00f3wno pod wzgl\u0119dem ich kultury jak i zasob\u00f3w archiwalnych oraz bibliotecznych, dodatkowo daj\u0105c okazj\u0105 do nawi\u0105zania wielu ciekawych mi\u0119dzynarodowych znajomo\u015bci.<\/em><\/span><\/p>\n<p style=\"text-align: justify;\"><span style=\"font-size: 10pt;\"><em>O jako\u015bci kszta\u0142cenia, zar\u00f3wno w czasie wyjazd\u00f3w jak i pobytu w kraju najlepiej \u015bwiadczy to, \u017ce po studiach, mimo niesprzyjaj\u0105cej sytuacji na \u015bwiecie zwi\u0105zanej z pandemi\u0105, uda\u0142o mi si\u0119 odnale\u017a\u0107 satysfakcjonuj\u0105c\u0105 prac\u0119 w zawodzie historyka.<\/em><\/span><\/p>\n<p style=\"text-align: justify;\"><span style=\"font-size: 10pt;\"><em>Powy\u017csze elementy pozwoli\u0142y mi by w czasie studi\u00f3w lepiej pozna\u0107 naszych po\u0142udniowych s\u0105siad\u00f3w oraz dog\u0142\u0119bnie przestudiowa\u0107 interesuj\u0105ce mnie zagadnienia historyczne.<\/em><\/span><\/p>\n<p><span style=\"font-size: 10pt;\"><strong>Karol Krajewski, absolwent \u015arodkowoeuropejskich Studi\u00f3w Historycznych U\u015a<\/strong><\/span><\/p>\n<\/div>\r\n                    <\/div>\r\n                <\/div>[\/vc_tta_section][\/vc_tta_pageable][\/vc_column][\/vc_row][vc_row el_class=&#8221;container&#8221;][vc_column][vc_separator color=&#8221;custom&#8221; accent_color=&#8221;#dfe2ec&#8221;][\/vc_column][\/vc_row][vc_row el_class=&#8221;container&#8221;][vc_column width=&#8221;2\/3&#8243;][vc_tta_pageable no_fill_content_area=&#8221;1&#8243; active_section=&#8221;1&#8243; pagination_style=&#8221;&#8221; title=&#8221;Gdzie b\u0119dziesz studiowa\u0107?&#8221; css=&#8221;.vc_custom_1653586849789{background-position: center !important;background-repeat: no-repeat !important;background-size: cover !important;}&#8221;][vc_tta_section tab_id=&#8221;1653479712065-2c52f2ca-364e&#8221;][vc_images_carousel images=&#8221;21043,21042&#8243; img_size=&#8221;full&#8221; onclick=&#8221;link_no&#8221; speed=&#8221;3500&#8243; autoplay=&#8221;yes&#8221; hide_pagination_control=&#8221;yes&#8221; wrap=&#8221;yes&#8221;][\/vc_tta_section][\/vc_tta_pageable][\/vc_column][vc_column width=&#8221;1\/3&#8243;][vc_tta_pageable no_fill_content_area=&#8221;1&#8243; active_section=&#8221;1&#8243; pagination_style=&#8221;&#8221; title=&#8221;Skontaktuj si\u0119 z nami:&#8221; css=&#8221;.vc_custom_1653587776587{background-position: center !important;background-repeat: no-repeat !important;background-size: contain !important;border-radius: 20px !important;}&#8221;][vc_tta_section tab_id=&#8221;1653479581419-652d0e5d-0dd6&#8243;]\r\n                <div class=\"text-modules\">\r\n                    <div class=\"container\">\r\n                        \r\n                        <div class=\"text-modules__content\"><p><strong>Agnieszka Bartnik<\/strong><\/p>\n<p><span style=\"font-size: 10pt;\">tel.: 663 103 437<br \/>\n<\/span><\/p>\n<p><span style=\"font-size: 10pt;\">e-mail: <a href=\"mailto:agnieszka.bartnik@us.edu.pl\">agnieszka.bartnik@us.edu.pl\u00a0<\/a><\/span><\/p>\n<p><span style=\"font-size: 10pt;\">ul. Bankowa 11, 40-007 Katowice<\/span><\/p>\n<\/div>\r\n                    <\/div>\r\n                <\/div>[\/vc_tta_section][\/vc_tta_pageable][vc_tta_pageable no_fill_content_area=&#8221;1&#8243; active_section=&#8221;1&#8243; pagination_style=&#8221;&#8221; title=&#8221;Sprawd\u017a jeszcze:&#8221; css=&#8221;.vc_custom_1653587768868{background-position: center !important;background-repeat: no-repeat !important;background-size: contain !important;}&#8221;][vc_tta_section tab_id=&#8221;1653483573124-ea9e9979-8940&#8243;][vc_btn title=&#8221;historia&#8221; color=&#8221;orange&#8221; size=&#8221;lg&#8221; link=&#8221;url:https%3A%2F%2Firk.us.edu.pl%2Firk%2Fapplication%2Fprogram%3Fid%3D1672|target:_blank&#8221;][vc_empty_space height=&#8221;1px&#8221;][vc_btn title=&#8221;filologia s\u0142owia\u0144ska&#8221; color=&#8221;orange&#8221; size=&#8221;lg&#8221; link=&#8221;url:https%3A%2F%2Firk.us.edu.pl%2Firk%2Fapplication%2Fprogram%3Fid%3D1612|target:_blank&#8221;][vc_empty_space height=&#8221;1px&#8221;][vc_btn title=&#8221;turystyka historyczna&#8221; color=&#8221;orange&#8221; size=&#8221;lg&#8221; link=&#8221;url:https%3A%2F%2Firk.us.edu.pl%2Firk%2Fapplication%2Fprogram%3Fid%3D1666|target:_blank&#8221;][vc_empty_space height=&#8221;1px&#8221;][vc_btn title=&#8221;mediteranistyka&#8221; color=&#8221;orange&#8221; size=&#8221;lg&#8221; link=&#8221;url:https%3A%2F%2Firk.us.edu.pl%2Firk%2Fapplication%2Fprogram%3Fid%3D1590|target:_blank&#8221;][\/vc_tta_section][\/vc_tta_pageable][\/vc_column][\/vc_row][vc_row el_class=&#8221;container&#8221;][vc_column][vc_gmaps link=&#8221;#E-8_JTNDaWZyYW1lJTIwc3JjJTNEJTIyaHR0cHMlM0ElMkYlMkZ3d3cuZ29vZ2xlLmNvbSUyRm1hcHMlMkZlbWJlZCUzRnBiJTNEJTIxMW0xOCUyMTFtMTIlMjExbTMlMjExZDUxMDEuMzI0NzAyMjAzMTY2JTIxMmQxOS4wMjQ2OTkzMjgwMTIwNDglMjEzZDUwLjI2MDg5MDIxNzc5ODUyNiUyMTJtMyUyMTFmMCUyMTJmMCUyMTNmMCUyMTNtMiUyMTFpMTAyNCUyMTJpNzY4JTIxNGYxMy4xJTIxM20zJTIxMW0yJTIxMXMweDQ3MTZjZjVjOWIxNWExMGYlMjUzQTB4ZDFjYzU1NmI1OTRkMTIwMyUyMTJzV3lkemlhJTI1QzUlMjU4MiUyNTIwSHVtYW5pc3R5Y3pueSUyNTIwVW5pd2Vyc3l0ZXR1JTI1MjAlMjVDNSUyNTlBbCUyNUM0JTI1ODVza2llZ28lMjUyMHclMjUyMEthdG93aWNhY2glMjE1ZTAlMjEzbTIlMjExc3BsJTIxMnNwbCUyMTR2MTY1NjU4Mjc3Mjc1MyUyMTVtMiUyMTFzcGwlMjEyc3BsJTIyJTIwd2lkdGglM0QlMjI2MDAlMjIlMjBoZWlnaHQlM0QlMjI0NTAlMjIlMjBzdHlsZSUzRCUyMmJvcmRlciUzQTAlM0IlMjIlMjBhbGxvd2Z1bGxzY3JlZW4lM0QlMjIlMjIlMjBsb2FkaW5nJTNEJTIybGF6eSUyMiUyMHJlZmVycmVycG9saWN5JTNEJTIybm8tcmVmZXJyZXItd2hlbi1kb3duZ3JhZGUlMjIlM0UlM0MlMkZpZnJhbWUlM0U=&#8221; size=&#8221;&#8221;][\/vc_column][\/vc_row][vc_column][\/vc_column]<\/p>","protected":false},"excerpt":{"rendered":"<p>[vc_row el_class=&#8221;container&#8221;][vc_column width=&#8221;1\/2&#8243; css=&#8221;.vc_custom_1653565298692{margin-right: 0px !important;margin-left: 0px !important;border-right-width: 0px !important;border-left-width: 0px !important;}&#8221;][vc_single_image image=&#8221;157174&#8243; img_size=&#8221;full&#8221;][vc_empty_space height=&#8221;20px&#8221;][vc_custom_heading text=&#8221;STUDIA II STOPNIA&#8221; font_container=&#8221;tag:h2|text_align:center|color:%23ffffff&#8221; google_fonts=&#8221;font_family:PT%20Sans%3Aregular%2Citalic%2C700%2C700italic|font_style:400%20regular%3A400%3Anormal&#8221; css=&#8221;.vc_custom_1685024786699{background-color: #002e5a !important;border-radius: 10px !important;}&#8221;][\/vc_column][vc_column width=&#8221;1\/2&#8243; css=&#8221;.vc_custom_1653642837519{background-color: #dfe2ec !important;border-radius: 15px !important;}&#8221;][vc_empty_space][vc_custom_heading text=&#8221;\u015aRODKOWOEUROPEJSKIE STUDIA HISTORYCZNE&#8221; font_container=&#8221;tag:h3|text_align:center|color:%23002e5a&#8221; google_fonts=&#8221;font_family:PT%20Sans%20Caption%3Aregular%2C700|font_style:700%20bold%20regular%3A700%3Anormal&#8221;][vc_empty_space height=&#8221;15px&#8221;][vc_separator color=&#8221;custom&#8221; style=&#8221;shadow&#8221; el_width=&#8221;90&#8243; accent_color=&#8221;#002e5a&#8221;][\/vc_column][\/vc_row][vc_row][vc_column][vc_empty_space][\/vc_column][\/vc_row][vc_row el_class=&#8221;container&#8221;][vc_column width=&#8221;2\/3&#8243; el_class=&#8221;container&#8221; css=&#8221;.vc_custom_1685025693839{background-color: #f8f8f8 !important;border-radius: 10px !important;}&#8221;][vc_row_inner css=&#8221;.vc_custom_1685025707921{background-color: #f8f8f8 !important;border-radius: 10px !important;}&#8221;][vc_column_inner][vc_empty_space][\/vc_column_inner][\/vc_row_inner][vc_row_inner css=&#8221;.vc_custom_1717499667989{background-color: [&#8230;]<\/p>\n<p><a class=\"btn btn-secondary understrap-read-more-link\" href=\"https:\/\/us.edu.pl\/wydzial\/wh\/kandydat-wh\/kierunki-studiow\/srodkowoeuropejskie-studia-historyczne\/\">Read More&#8230;<\/a><\/p>\n","protected":false},"author":2430,"featured_media":0,"parent":989,"menu_order":0,"comment_status":"closed","ping_status":"closed","template":"","meta":{"_expiration-date-status":"","_expiration-date":0,"_expiration-date-type":"","_expiration-date-categories":[],"_expiration-date-options":[]},"acf":[],"_links":{"self":[{"href":"https:\/\/us.edu.pl\/wydzial\/wh\/wp-json\/wp\/v2\/pages\/157008"}],"collection":[{"href":"https:\/\/us.edu.pl\/wydzial\/wh\/wp-json\/wp\/v2\/pages"}],"about":[{"href":"https:\/\/us.edu.pl\/wydzial\/wh\/wp-json\/wp\/v2\/types\/page"}],"author":[{"embeddable":true,"href":"https:\/\/us.edu.pl\/wydzial\/wh\/wp-json\/wp\/v2\/users\/2430"}],"replies":[{"embeddable":true,"href":"https:\/\/us.edu.pl\/wydzial\/wh\/wp-json\/wp\/v2\/comments?post=157008"}],"version-history":[{"count":11,"href":"https:\/\/us.edu.pl\/wydzial\/wh\/wp-json\/wp\/v2\/pages\/157008\/revisions"}],"predecessor-version":[{"id":191134,"href":"https:\/\/us.edu.pl\/wydzial\/wh\/wp-json\/wp\/v2\/pages\/157008\/revisions\/191134"}],"up":[{"embeddable":true,"href":"https:\/\/us.edu.pl\/wydzial\/wh\/wp-json\/wp\/v2\/pages\/989"}],"wp:attachment":[{"href":"https:\/\/us.edu.pl\/wydzial\/wh\/wp-json\/wp\/v2\/media?parent=157008"}],"curies":[{"name":"wp","href":"https:\/\/api.w.org\/{rel}","templated":true}]}}