{"id":157266,"date":"2022-07-13T15:46:26","date_gmt":"2022-07-13T13:46:26","guid":{"rendered":"https:\/\/us.edu.pl\/wydzial\/wh\/?page_id=157266"},"modified":"2025-09-09T11:57:55","modified_gmt":"2025-09-09T09:57:55","slug":"awanse-naukowe","status":"publish","type":"page","link":"https:\/\/us.edu.pl\/wydzial\/wh\/awanse-naukowe\/","title":{"rendered":"Awanse naukowe"},"content":{"rendered":"<p>[vc_row][vc_column]\r\n                <div class=\"text-modules\">\r\n                    <div class=\"container\">\r\n                        <h3 class=\"page-title text__title\">AWANSE NAUKOWE<\/h3>\r\n                        <div class=\"text-modules__content\"><\/div>\r\n                    <\/div>\r\n                <\/div>[\/vc_column][\/vc_row][vc_row el_class=&#8221;container&#8221;][vc_column width=&#8221;2\/3&#8243; css=&#8221;.vc_custom_1657718411943{border-right-width: 3px !important;padding-right: 20px !important;}&#8221;]<div class=\"container\"><div class=\"separator\" style=\"background-color: #EBEBEB\"><\/div><\/div>\r\n                <div class='sidebar_moduls sidebar_one_header' style='color:#002E5A;background-color: #EBEBEB'>\r\n                    <a href='' class='link'>DOKTORAT - PROCEDURA<\/a>\r\n                <\/div>[vc_tta_accordion title_tag=&#8221;h3&#8243; style=&#8221;modern&#8221; spacing=&#8221;4&#8243; gap=&#8221;4&#8243; c_icon=&#8221;triangle&#8221; active_section=&#8221;5&#8243;][vc_tta_section title=&#8221;Uzyskanie stopnia doktora \u2013 procedury&#8221; tab_id=&#8221;1662106788994-6d5f46d3-3b44&#8243;][vc_btn title=&#8221;SZCZEG\u00d3\u0141OWE INFORMACJE TUTAJ&#8221; color=&#8221;sky&#8221; size=&#8221;lg&#8221; align=&#8221;center&#8221; link=&#8221;url:https%3A%2F%2Fus.edu.pl%2Fdoktorant%2Fmobilnosc-rozwoj%2Fuzyskanie-stopnia-doktora%2F&#8221;][\/vc_tta_section][vc_tta_section title=&#8221;Zako\u0144czenie kszta\u0142cenia w Szkole Doktorskiej&#8221; tab_id=&#8221;1757410707439-c9debf93-d3a0&#8243;][vc_btn title=&#8221;SZCZEG\u00d3\u0141OWE INFORMACJE TUTAJ&#8221; color=&#8221;sky&#8221; size=&#8221;lg&#8221; align=&#8221;center&#8221; link=&#8221;url:https%3A%2F%2Fus.edu.pl%2Fszkola-doktorska%2Fzakonczenie-ksztalcenia%2F&#8221;][\/vc_tta_section][\/vc_tta_accordion]<div class=\"container\"><div class=\"separator\" style=\"background-color: #EBEBEB\"><\/div><\/div>[\/vc_column][vc_column width=&#8221;1\/3&#8243;][vc_custom_heading text=&#8221;KONTAKT&#8221; font_container=&#8221;tag:h2|text_align:center|color:%23ffffff&#8221; google_fonts=&#8221;font_family:PT%20Sans%3Aregular%2Citalic%2C700%2C700italic|font_style:400%20regular%3A400%3Anormal&#8221; css=&#8221;.vc_custom_1657719589937{background-color: #002e5a !important;border-radius: 5px !important;}&#8221;][vc_tta_pageable no_fill_content_area=&#8221;true&#8221; active_section=&#8221;1&#8243; pagination_style=&#8221;&#8221; css=&#8221;.vc_custom_1657719101601{background-color: #f8f8f8 !important;border-radius: 10px !important;}&#8221;][vc_tta_section tab_id=&#8221;1657718535369-593d548e-6317&#8243;]\r\n                <div class=\"text-modules\">\r\n                    <div class=\"container\">\r\n                        \r\n                        <div class=\"text-modules__content\"><\/p>\n<h4><strong><span style=\"color: #002e5a;\">HABILITACJE<\/span><\/strong><\/h4>\n<hr \/>\n<p><strong>dr Daria D\u0105browska-Gruchlik<\/strong><br \/>\ne-mail:\u00a0<a href=\"mailto:daria.dabrowska-gruchlik@us.edu.pl\">daria.dabrowska-gruchlik@us.edu.pl<\/a><br \/>\ntel.: 32 364 08 23<br \/>\nSosnowiec, ul. Grota-Roweckiego 5, pok. 2.10<\/p>\n<\/div>\r\n                    <\/div>\r\n                <\/div>[\/vc_tta_section][\/vc_tta_pageable][vc_tta_pageable no_fill_content_area=&#8221;true&#8221; active_section=&#8221;1&#8243; pagination_style=&#8221;&#8221; css=&#8221;.vc_custom_1657719127569{background-color: #f8f8f8 !important;border-radius: 10px !important;}&#8221;][vc_tta_section tab_id=&#8221;1657718901432-07740a39-cdfe&#8221;]\r\n                <div class=\"text-modules\">\r\n                    <div class=\"container\">\r\n                        \r\n                        <div class=\"text-modules__content\"><\/p>\n<h4><span style=\"color: #002e5a;\"><strong>DOKTORATY<\/strong><\/span><\/h4>\n<hr \/>\n<p><strong>mgr Karolina Konieczna-Montak<\/strong><br \/>\ne-mail:\u00a0<a href=\"mailto:karolina.konieczna@us.edu.pl\">karolina.konieczna@us.edu.pl<\/a><br \/>\ntel.: 32 364 09 65<br \/>\nSosnowiec, ul. Grota-Roweckiego 5, pok. 2.49<\/p>\n<\/div>\r\n                    <\/div>\r\n                <\/div>[\/vc_tta_section][\/vc_tta_pageable][\/vc_column][\/vc_row]<\/p>","protected":false},"excerpt":{"rendered":"<p>[vc_row][vc_column][\/vc_column][\/vc_row][vc_row el_class=&#8221;container&#8221;][vc_column width=&#8221;2\/3&#8243; css=&#8221;.vc_custom_1657718411943{border-right-width: 3px !important;padding-right: 20px !important;}&#8221;][vc_tta_accordion title_tag=&#8221;h3&#8243; style=&#8221;modern&#8221; spacing=&#8221;4&#8243; gap=&#8221;4&#8243; c_icon=&#8221;triangle&#8221; active_section=&#8221;5&#8243;][vc_tta_section title=&#8221;Uzyskanie stopnia doktora \u2013 procedury&#8221; tab_id=&#8221;1662106788994-6d5f46d3-3b44&#8243;][vc_btn title=&#8221;SZCZEG\u00d3\u0141OWE INFORMACJE TUTAJ&#8221; color=&#8221;sky&#8221; size=&#8221;lg&#8221; align=&#8221;center&#8221; link=&#8221;url:https%3A%2F%2Fus.edu.pl%2Fdoktorant%2Fmobilnosc-rozwoj%2Fuzyskanie-stopnia-doktora%2F&#8221;][\/vc_tta_section][vc_tta_section title=&#8221;Zako\u0144czenie kszta\u0142cenia w Szkole Doktorskiej&#8221; tab_id=&#8221;1757410707439-c9debf93-d3a0&#8243;][vc_btn title=&#8221;SZCZEG\u00d3\u0141OWE INFORMACJE TUTAJ&#8221; color=&#8221;sky&#8221; size=&#8221;lg&#8221; align=&#8221;center&#8221; link=&#8221;url:https%3A%2F%2Fus.edu.pl%2Fszkola-doktorska%2Fzakonczenie-ksztalcenia%2F&#8221;][\/vc_tta_section][\/vc_tta_accordion][\/vc_column][vc_column width=&#8221;1\/3&#8243;][vc_custom_heading text=&#8221;KONTAKT&#8221; font_container=&#8221;tag:h2|text_align:center|color:%23ffffff&#8221; google_fonts=&#8221;font_family:PT%20Sans%3Aregular%2Citalic%2C700%2C700italic|font_style:400%20regular%3A400%3Anormal&#8221; css=&#8221;.vc_custom_1657719589937{background-color: #002e5a !important;border-radius: 5px !important;}&#8221;][vc_tta_pageable no_fill_content_area=&#8221;true&#8221; active_section=&#8221;1&#8243; pagination_style=&#8221;&#8221; css=&#8221;.vc_custom_1657719101601{background-color: #f8f8f8 !important;border-radius: [&#8230;]<\/p>\n<p><a class=\"btn btn-secondary understrap-read-more-link\" href=\"https:\/\/us.edu.pl\/wydzial\/wh\/awanse-naukowe\/\">Read More&#8230;<\/a><\/p>\n","protected":false},"author":1,"featured_media":0,"parent":0,"menu_order":0,"comment_status":"closed","ping_status":"closed","template":"","meta":{"_expiration-date-status":"","_expiration-date":0,"_expiration-date-type":"","_expiration-date-categories":[],"_expiration-date-options":[]},"acf":[],"_links":{"self":[{"href":"https:\/\/us.edu.pl\/wydzial\/wh\/wp-json\/wp\/v2\/pages\/157266"}],"collection":[{"href":"https:\/\/us.edu.pl\/wydzial\/wh\/wp-json\/wp\/v2\/pages"}],"about":[{"href":"https:\/\/us.edu.pl\/wydzial\/wh\/wp-json\/wp\/v2\/types\/page"}],"author":[{"embeddable":true,"href":"https:\/\/us.edu.pl\/wydzial\/wh\/wp-json\/wp\/v2\/users\/1"}],"replies":[{"embeddable":true,"href":"https:\/\/us.edu.pl\/wydzial\/wh\/wp-json\/wp\/v2\/comments?post=157266"}],"version-history":[{"count":11,"href":"https:\/\/us.edu.pl\/wydzial\/wh\/wp-json\/wp\/v2\/pages\/157266\/revisions"}],"predecessor-version":[{"id":191696,"href":"https:\/\/us.edu.pl\/wydzial\/wh\/wp-json\/wp\/v2\/pages\/157266\/revisions\/191696"}],"wp:attachment":[{"href":"https:\/\/us.edu.pl\/wydzial\/wh\/wp-json\/wp\/v2\/media?parent=157266"}],"curies":[{"name":"wp","href":"https:\/\/api.w.org\/{rel}","templated":true}]}}