{"id":157598,"date":"2022-09-01T13:22:31","date_gmt":"2022-09-01T11:22:31","guid":{"rendered":"https:\/\/us.edu.pl\/wydzial\/wh\/?page_id=157598"},"modified":"2022-11-16T14:39:01","modified_gmt":"2022-11-16T13:39:01","slug":"instytut-filozofii-zespoly-badawcze","status":"publish","type":"page","link":"https:\/\/us.edu.pl\/wydzial\/wh\/instytuty-naukowe\/instytut-filozofii-zespoly-badawcze\/","title":{"rendered":"Instytut Filozofii | zespo\u0142y badawcze"},"content":{"rendered":"<p>[vc_row el_class=&#8221;container&#8221;][vc_column]\r\n                <div class=\"text-modules\">\r\n                    <div class=\"container\">\r\n                        <h3 class=\"page-title text__title\">Instytut Filozofii | zespo\u0142y badawcze<\/h3>\r\n                        <div class=\"text-modules__content\"><\/div>\r\n                    <\/div>\r\n                <\/div>[\/vc_column][\/vc_row][vc_row el_class=&#8221;container&#8221;][vc_column width=&#8221;1\/3&#8243;]\r\n                <div class=\"text-modules\">\r\n                    <div class=\"container\">\r\n                        \r\n                        <div class=\"text-modules__content\"><\/p>\n<p style=\"text-align: left;\"><strong><small><span style=\"letter-spacing: 0.6mm; color: #333333; font-size: 14pt;\">NAJWA\u017bNIEJSZE OBSZARY BADAWCZE W DYSCYPLINIE<\/span><\/small><\/strong><\/p>\n<p>\n<\/div>\r\n                    <\/div>\r\n                <\/div>[vc_empty_space height=&#8221;1px&#8221; css=&#8221;.vc_custom_1618905480050{background-color: #011535 !important;}&#8221;][vc_empty_space height=&#8221;8px&#8221;][vc_column_text css=&#8221;.vc_custom_1662121524030{padding-top: 20px !important;padding-right: 20px !important;padding-bottom: 20px !important;padding-left: 20px !important;background-color: #f2f2f2 !important;}&#8221;]<\/p>\n<div style=\"font-family: 'PT Sans';\">\n<ul>\n<li style=\"text-align: left;\"><span style=\"color: #000000;\"><strong><small><span style=\"font-size: 130%;\">Filozofia teoretyczna.<\/span><\/small><\/strong><\/span><\/li>\n<li style=\"text-align: left;\"><span style=\"color: #000000;\"><strong><small><span style=\"font-size: 130%;\">Filozofia praktyczna.<\/span><\/small><\/strong><\/span><\/li>\n<li style=\"text-align: left;\"><span style=\"color: #000000;\"><strong><small><span style=\"font-size: 130%;\">Historia filozofii.<\/span><\/small><\/strong><\/span><\/li>\n<\/ul>\n<\/div>\n<p>[\/vc_column_text][vc_empty_space height=&#8221;8px&#8221;][vc_btn title=&#8221;STRONA INSTYTUTU FILOZOFII&#8221; style=&#8221;classic&#8221; shape=&#8221;square&#8221; color=&#8221;blue&#8221; size=&#8221;lg&#8221; align=&#8221;right&#8221; link=&#8221;url:http%3A%2F%2Fus.edu.pl%2Finstytut%2Fifil|||&#8221; css=&#8221;.vc_custom_1618906467850{margin-top: 0px !important;margin-bottom: 30px !important;border-top-width: 0px !important;padding-top: 0px !important;}&#8221;][\/vc_column][vc_column width=&#8221;2\/3&#8243;]\r\n                <div class=\"text-modules\">\r\n                    <div class=\"container\">\r\n                        \r\n                        <div class=\"text-modules__content\"><\/p>\n<p>Badania prowadzone w ramach dyscypliny Filozofia powinny by\u0107 w 2025 prowadzone na najwy\u017cszym \u015bwiatowym poziomie. Mo\u017cna przewidywa\u0107 \u2013 z racji specyfiki dyscypliny \u2013 \u017ce ich charakter przebiega\u0107 b\u0119dzie dwutorowo. Z jednej strony badania te wpisz\u0105 si\u0119 w trendy \u015bwiatowe (niewykluczone te\u017c \u017ce te trendy mog\u0105 nawet inicjowa\u0107), a z drugiej b\u0119d\u0105 mia\u0142y charakter niszowy, kulminuj\u0105cy si\u0119 w specyfice bada\u0144 poszczeg\u00f3lnych zespo\u0142\u00f3w badawczych. Nie jeste\u015bmy w stanie opisa\u0107 zawarto\u015bci problemowej tych bada\u0144, poniewa\u017c rudymentarn\u0105 zasad\u0105 w ekspresji naukowej jest wolno\u015b\u0107 bada\u0144 naukowych. Mo\u017cna jednak za\u0142o\u017cy\u0107, bior\u0105c pod uwag\u0119 dotychczasowe dokonania i priorytety pracownik\u00f3w zaliczanych do liczby N oraz strategi\u0119 dyrekcji Instytutu, \u017ce b\u0119d\u0105 to badania o charakterze mi\u0119dzynarodowym na bazie obecnych kontakt\u00f3w, a tak\u017ce we wsp\u00f3\u0142pracy z nowymi, wkr\u00f3tce inicjowanymi, badaczami o renomie \u015bwiatowej.<\/p>\n<p>Instytut Filozofii ju\u017c od dawna uzna\u0142 za priorytetow\u0105 kwesti\u0119 wsp\u00f3\u0142pracy mi\u0119dzynarodowej, o czym najlepiej \u015bwiadczy ilo\u015b\u0107 visiting professors odwiedzaj\u0105cych i prowadz\u0105cych zaj\u0119cia w naszym instytucie, a tak\u017ce ilo\u015b\u0107 wyjazd\u00f3w zagranicznych. Na tej bazie znacz\u0105co poprawi\u0107 powinna si\u0119 aktywno\u015b\u0107 wydawnicza poza granicami naszego kraju, w szczeg\u00f3lno\u015bci publikacje w renomowanych zagranicznych czasopismach.<\/p>\n<p>Powinna si\u0119 tak\u017ce zwi\u0119kszy\u0107 ilo\u015b\u0107 zg\u0142aszanych wniosk\u00f3w grantowych, szczeg\u00f3lnie przez osoby kt\u00f3re nigdy tego nie robi\u0142y lub robi\u0142y to akcydentalnie. Polityka naukowa Instytutu zmierza do wykreowania \u015bcie\u017cki grantowej jako prymarnego sposobu pozyskiwania \u015brodk\u00f3w na badania naukowe.<\/p>\n<p>Potencja\u0142 naukowy dyscypliny powinien zosta\u0107 poszerzony o osoby m\u0142ode z du\u017cym potencja\u0142em naukowym oraz o do\u015bwiadczonych badaczy, kt\u00f3rzy z racji tytu\u0142u profesorskiego (posiadanego lub szybko spodziewanego) mog\u0105 ubiega\u0107 si\u0119 o granty europejskie i skupia\u0107 wok\u00f3\u0142 siebie m\u0142odszych badaczy.<\/p>\n<hr \/>\n<p>\n<\/div>\r\n                    <\/div>\r\n                <\/div>[vc_row_inner][vc_column_inner width=&#8221;1\/2&#8243;]\r\n                <div class='sidebar_moduls sidebar_dropdown color-blue' style='background-color: #EBEBEB'>\r\n                    <h3><\/h3>\r\n                  \r\n                        <div id='sidebar_dropdown'>\r\n                          <div class='angle-list'>\r\n                            <div>\r\n                              <h5>\r\n                                <a class='dropdown_header_title' href=''>\r\n                                 w\u0142adze instytutu\r\n                                <\/a>\r\n                              <\/h5>\r\n                            <\/div>\r\n                        \r\n                            <div>\r\n                              <div class='sidebar__textarea'>\r\n                           \r\n                                 <div>\r\n                                    <p style=\"font-family: 'PT Sans'; font-size: 100%;\"><strong>Dyrektor Instytutu<\/strong><\/br>\n\ndr hab. Dariusz Kubok, prof. U\u015a<\/br>\ne-mail:\u00a0<a href=\"mailto:dariusz.kubok@us.edu.pl\">dariusz.kubok@us.edu.pl<\/a><\/br>\n<\/br>\n<strong>Zast\u0119pca Dyrektora Instytutu<\/strong><\/br>\n\ndr hab. Tomasz Kubalica, prof. U\u015a<\/br>\ne-mail:\u00a0<a href=\"mailto:tomasz.kubalica@us.edu.pl\">tomasz.kubalica@us.edu.pl<\/a><\/br><\/p>\r\n                                 <\/div>\r\n                                  \r\n                              <\/div>\r\n                            <\/div>\r\n                          <\/div><!--.card-->\r\n                        <\/div><!--#dslide_ropdown-->\r\n                \r\n            <\/div> <!--.sidebar_moduls-->\r\n            [\/vc_column_inner][vc_column_inner width=&#8221;1\/2&#8243;]\r\n                <div class='sidebar_moduls sidebar_dropdown color-blue' style='background-color: #EBEBEB'>\r\n                    <h3><\/h3>\r\n                  \r\n                        <div id='sidebar_dropdown'>\r\n                          <div class='angle-list'>\r\n                            <div>\r\n                              <h5>\r\n                                <a class='dropdown_header_title' href=''>\r\n                                 kontakt\r\n                                <\/a>\r\n                              <\/h5>\r\n                            <\/div>\r\n                        \r\n                            <div>\r\n                              <div class='sidebar__textarea'>\r\n                           \r\n                                 <div>\r\n                                    <p style=\"font-family: 'PT Sans'; font-size: 100%;\">e-mail:\u00a0<a href=\"mailto:ewa.gluszek@us.edu.pl\">ewa.gluszek@us.edu.pl<\/a>\n<\/br>\nul. Bankowa 11<\/br>\n40-007 Katowice (pok\u00f3j 325)<\/br>\n<\/br>\ntel.: +48 32 359 21 29 | +48 32 359 18 24<\/br><\/p>\r\n                                 <\/div>\r\n                                  \r\n                              <\/div>\r\n                            <\/div>\r\n                          <\/div><!--.card-->\r\n                        <\/div><!--#dslide_ropdown-->\r\n                \r\n            <\/div> <!--.sidebar_moduls-->\r\n            [\/vc_column_inner][\/vc_row_inner][\/vc_column][\/vc_row][vc_row][vc_column]<div class=\"container\"><div class=\"separator\" style=\"background-color: #EBEBEB\"><\/div><\/div>[\/vc_column][\/vc_row][vc_row el_class=&#8221;container&#8221;][vc_column]\r\n                <div class=\"text-modules\">\r\n                    <div class=\"container\">\r\n                        <h3 class=\"page-title text__title\">zespo\u0142y badawcze<\/h3>\r\n                        <div class=\"text-modules__content\"><\/div>\r\n                    <\/div>\r\n                <\/div>[vc_empty_space height=&#8221;16px&#8221;][\/vc_column][\/vc_row][vc_row content_placement=&#8221;top&#8221; el_class=&#8221;container linki&#8221;][vc_column width=&#8221;1\/3&#8243; el_class=&#8221;shadow&#8221;][vc_empty_space height=&#8221;16px&#8221;]\r\n                <div class=\"text-modules\">\r\n                    <div class=\"container\">\r\n                        \r\n                        <div class=\"text-modules__content\"><\/p>\n<h4><strong>dr hab. Dariusz Kubok, prof. U\u015a<\/strong><\/h4>\n<p style=\"font-size: 90%;\">kontakt: <a href=\"mailto:dariusz.kubok@us.edu.pl\">dariusz.kubok@us.edu.pl<\/a><\/p>\n<p><strong>nazwa zespo\u0142u badawczego<br \/>\n<\/strong>ZESP\u00d3\u0141 DS. BADA\u0143 NAD MY\u015aLENIEM KRYTYCZNYM (ZBMK)<\/p>\n<\/div>\r\n                    <\/div>\r\n                <\/div>[\/vc_column][vc_column width=&#8221;1\/3&#8243; el_class=&#8221;shadow&#8221;][vc_empty_space height=&#8221;16px&#8221;]\r\n                <div class=\"text-modules\">\r\n                    <div class=\"container\">\r\n                        \r\n                        <div class=\"text-modules__content\"><\/p>\n<h4><strong>prof. dr hab. Hanna Wojtczak<\/strong><\/h4>\n<p style=\"font-size: 90%;\">kontakt: <a href=\"mailto:hanna.wojtczak@us.edu.pl\">hanna.wojtczak@us.edu.pl<\/a><\/p>\n<p><strong>nazwa zespo\u0142u badawczego<br \/>\n<\/strong>ZESP\u00d3\u0141 BADA\u0143 MEDIEWISTYCZNYCH (ZBM)<\/p>\n<\/div>\r\n                    <\/div>\r\n                <\/div>[\/vc_column][vc_column width=&#8221;1\/3&#8243; el_class=&#8221;shadow&#8221;][vc_empty_space height=&#8221;16px&#8221;]\r\n                <div class=\"text-modules\">\r\n                    <div class=\"container\">\r\n                        \r\n                        <div class=\"text-modules__content\"><\/p>\n<h4><strong>dr hab. Mariusz Wojewoda, prof. U\u015a<\/strong><\/h4>\n<p style=\"font-size: 90%;\">kontakt: <a href=\"mailto:mariusz.wojewoda@us.edu.pl\">mariusz.wojewoda@us.edu.pl<\/a><\/p>\n<p><strong>nazwa zespo\u0142u badawczego<br \/>\n<\/strong>FILOZOFIA WOBEC CYWILIZACYJNYCH WYZWA\u0143 WSP\u00d3\u0141CZESNO\u015aCI<\/p>\n<\/div>\r\n                    <\/div>\r\n                <\/div>[\/vc_column][\/vc_row][vc_row][vc_column][vc_empty_space height=&#8221;10px&#8221;][\/vc_column][\/vc_row]<\/p>","protected":false},"excerpt":{"rendered":"<p>[vc_row el_class=&#8221;container&#8221;][vc_column][\/vc_column][\/vc_row][vc_row el_class=&#8221;container&#8221;][vc_column width=&#8221;1\/3&#8243;][vc_empty_space height=&#8221;1px&#8221; css=&#8221;.vc_custom_1618905480050{background-color: #011535 !important;}&#8221;][vc_empty_space height=&#8221;8px&#8221;][vc_column_text css=&#8221;.vc_custom_1662121524030{padding-top: 20px !important;padding-right: 20px !important;padding-bottom: 20px !important;padding-left: 20px !important;background-color: #f2f2f2 !important;}&#8221;] Filozofia teoretyczna. Filozofia praktyczna. Historia filozofii. [\/vc_column_text][vc_empty_space height=&#8221;8px&#8221;][vc_btn title=&#8221;STRONA INSTYTUTU FILOZOFII&#8221; style=&#8221;classic&#8221; shape=&#8221;square&#8221; color=&#8221;blue&#8221; size=&#8221;lg&#8221; align=&#8221;right&#8221; link=&#8221;url:http%3A%2F%2Fus.edu.pl%2Finstytut%2Fifil|||&#8221; css=&#8221;.vc_custom_1618906467850{margin-top: 0px !important;margin-bottom: 30px !important;border-top-width: 0px !important;padding-top: 0px !important;}&#8221;][\/vc_column][vc_column width=&#8221;2\/3&#8243;][vc_row_inner][vc_column_inner width=&#8221;1\/2&#8243;][\/vc_column_inner][vc_column_inner width=&#8221;1\/2&#8243;][\/vc_column_inner][\/vc_row_inner][\/vc_column][\/vc_row][vc_row][vc_column][\/vc_column][\/vc_row][vc_row el_class=&#8221;container&#8221;][vc_column][vc_empty_space height=&#8221;16px&#8221;][\/vc_column][\/vc_row][vc_row content_placement=&#8221;top&#8221; el_class=&#8221;container linki&#8221;][vc_column width=&#8221;1\/3&#8243; [&#8230;]<\/p>\n<p><a class=\"btn btn-secondary understrap-read-more-link\" href=\"https:\/\/us.edu.pl\/wydzial\/wh\/instytuty-naukowe\/instytut-filozofii-zespoly-badawcze\/\">Read More&#8230;<\/a><\/p>\n","protected":false},"author":139,"featured_media":0,"parent":157679,"menu_order":0,"comment_status":"closed","ping_status":"closed","template":"","meta":{"_expiration-date-status":"","_expiration-date":0,"_expiration-date-type":"","_expiration-date-categories":[],"_expiration-date-options":[]},"acf":[],"_links":{"self":[{"href":"https:\/\/us.edu.pl\/wydzial\/wh\/wp-json\/wp\/v2\/pages\/157598"}],"collection":[{"href":"https:\/\/us.edu.pl\/wydzial\/wh\/wp-json\/wp\/v2\/pages"}],"about":[{"href":"https:\/\/us.edu.pl\/wydzial\/wh\/wp-json\/wp\/v2\/types\/page"}],"author":[{"embeddable":true,"href":"https:\/\/us.edu.pl\/wydzial\/wh\/wp-json\/wp\/v2\/users\/139"}],"replies":[{"embeddable":true,"href":"https:\/\/us.edu.pl\/wydzial\/wh\/wp-json\/wp\/v2\/comments?post=157598"}],"version-history":[{"count":10,"href":"https:\/\/us.edu.pl\/wydzial\/wh\/wp-json\/wp\/v2\/pages\/157598\/revisions"}],"predecessor-version":[{"id":157831,"href":"https:\/\/us.edu.pl\/wydzial\/wh\/wp-json\/wp\/v2\/pages\/157598\/revisions\/157831"}],"up":[{"embeddable":true,"href":"https:\/\/us.edu.pl\/wydzial\/wh\/wp-json\/wp\/v2\/pages\/157679"}],"wp:attachment":[{"href":"https:\/\/us.edu.pl\/wydzial\/wh\/wp-json\/wp\/v2\/media?parent=157598"}],"curies":[{"name":"wp","href":"https:\/\/api.w.org\/{rel}","templated":true}]}}