{"id":157600,"date":"2022-09-02T13:47:14","date_gmt":"2022-09-02T11:47:14","guid":{"rendered":"https:\/\/us.edu.pl\/wydzial\/wh\/?page_id=157600"},"modified":"2022-11-16T14:39:13","modified_gmt":"2022-11-16T13:39:13","slug":"instytut-nauk-o-sztuce","status":"publish","type":"page","link":"https:\/\/us.edu.pl\/wydzial\/wh\/instytuty-naukowe\/instytut-nauk-o-sztuce\/","title":{"rendered":"Instytut Nauk o Sztuce | badacze indywidualni"},"content":{"rendered":"<p>[vc_row el_class=&#8221;container&#8221;][vc_column]\r\n                <div class=\"text-modules\">\r\n                    <div class=\"container\">\r\n                        <h3 class=\"page-title text__title\">Instytut Nauk o Sztuce | badacze indywidualni<\/h3>\r\n                        <div class=\"text-modules__content\"><\/div>\r\n                    <\/div>\r\n                <\/div>[\/vc_column][\/vc_row][vc_row el_class=&#8221;container&#8221;][vc_column width=&#8221;1\/3&#8243;]\r\n                <div class=\"text-modules\">\r\n                    <div class=\"container\">\r\n                        \r\n                        <div class=\"text-modules__content\"><\/p>\n<p style=\"text-align: left;\"><strong><small><span style=\"letter-spacing: 0.6mm; color: #333333; font-size: 14pt;\">NAJWA\u017bNIEJSZE OBSZARY BADAWCZE W DYSCYPLINIE<\/span><\/small><\/strong><\/p>\n<p>\n<\/div>\r\n                    <\/div>\r\n                <\/div>[vc_empty_space height=&#8221;1px&#8221; css=&#8221;.vc_custom_1618905480050{background-color: #011535 !important;}&#8221;][vc_empty_space height=&#8221;8px&#8221;][vc_column_text css=&#8221;.vc_custom_1662121524030{padding-top: 20px !important;padding-right: 20px !important;padding-bottom: 20px !important;padding-left: 20px !important;background-color: #f2f2f2 !important;}&#8221;]<\/p>\n<div style=\"font-family: 'PT Sans';\">\n<ul>\n<li style=\"text-align: left;\"><span style=\"color: #000000;\"><strong><small><span style=\"font-size: 130%;\">Semiotyki tekst\u00f3w kultury. Konteksty i interpretacje.<\/span><\/small><\/strong><\/span><\/li>\n<li style=\"text-align: left;\"><span style=\"color: #000000;\"><strong><small><span style=\"font-size: 130%;\">Dyskursy sztuki. Uniwersalizm versus lokalno\u015b\u0107.<\/span><\/small><\/strong><\/span><\/li>\n<li style=\"text-align: left;\"><span style=\"color: #000000;\"><strong><small><span style=\"font-size: 130%;\">Obszary dzia\u0142alno\u015bci artystycznej na skrzy\u017cowaniu r\u00f3\u017cnych sztuk.<\/span><\/small><\/strong><\/span><\/li>\n<li style=\"text-align: left;\"><span style=\"color: #000000;\"><strong><small><span style=\"font-size: 130%;\">Dziedzictwo kulturowe \u2013 kultura industrialna, kultura pami\u0119ci.<\/span><\/small><\/strong><\/span><\/li>\n<\/ul>\n<\/div>\n<p>[\/vc_column_text][vc_empty_space height=&#8221;8px&#8221;][vc_btn title=&#8221;STRONA INSTYTUTU&#8221; style=&#8221;classic&#8221; shape=&#8221;square&#8221; color=&#8221;blue&#8221; size=&#8221;lg&#8221; align=&#8221;right&#8221; link=&#8221;url:https%3A%2F%2Fus.edu.pl%2Finstytut%2Finos%2F&#8221; css=&#8221;.vc_custom_1662122001534{margin-top: 0px !important;margin-bottom: 30px !important;border-top-width: 0px !important;padding-top: 0px !important;}&#8221;][\/vc_column][vc_column width=&#8221;2\/3&#8243;]\r\n                <div class=\"text-modules\">\r\n                    <div class=\"container\">\r\n                        \r\n                        <div class=\"text-modules__content\"><p>Instytut Nauk o Sztuce prowadzi badania nad zjawiskami artystycznymi z terenu Europy \u015arodkowej ze szczeg\u00f3lnym uwzgl\u0119dnieniem \u015al\u0105ska. Zakres tych bada\u0144 obejmuje nie tylko sztuki wizualne, histori\u0119 i teori\u0119 sztuki, ale tak\u017ce kultur\u0119 muzyczn\u0105, sceniczn\u0105, filmow\u0105 i muzykologi\u0119. Szczeg\u00f3lne miejsce w refleksji naukowej zajmuje kultura i sztuka industrialna i postindustrialna oraz zagadnienia\u00a0 heritologii. Badane jest miejsce sztuki w kulturze industrialnej, rola i znaczenie nowo\u015bci dla dzia\u0142a\u0144 artystycznych oraz wp\u0142yw post\u0119pu przemys\u0142owego na sposoby kszta\u0142towania wytwor\u00f3w sztuki wizualnej i d\u017awi\u0119kowej. Celem Instytutu jest stworzenia wiod\u0105cego w kraju o\u015brodka bada\u0144 w tym obszarze.<\/p>\n<p>Badania muzykologiczne obejmuj\u0105 recepcj\u0119 sztuki d\u017awi\u0119ku, jej konteksty spo\u0142eczne i kulturowe (unikatowe w skali kraju pod wzgl\u0119dem penetracji wsp\u00f3lnego obszaru muzykologii i socjologii muzyki), komunikacyjn\u0105 funkcj\u0119 muzyki, zagadnienia publiczno\u015bci muzycznej oraz refleksj\u0119 nad muzyk\u0105 dawn\u0105 i wsp\u00f3\u0142czesn\u0105.<\/p>\n<p>Strategicznym priorytetem Instytutu jest intensyfikacja bada\u0144 interdyscyplinarnych rozumianych jako platforma wsp\u00f3\u0142pracy badaczy \u0142\u0105cz\u0105cych do\u015bwiadczenie sztuki, muzyki i filmu z pokrewnymi obszarami refleksji naukowej.<\/p>\n<hr \/>\n<p>\n<\/div>\r\n                    <\/div>\r\n                <\/div>[vc_row_inner][vc_column_inner width=&#8221;1\/2&#8243;]\r\n                <div class='sidebar_moduls sidebar_dropdown color-blue' style='background-color: #EBEBEB'>\r\n                    <h3><\/h3>\r\n                  \r\n                        <div id='sidebar_dropdown'>\r\n                          <div class='angle-list'>\r\n                            <div>\r\n                              <h5>\r\n                                <a class='dropdown_header_title' href=''>\r\n                                 w\u0142adze instytutu\r\n                                <\/a>\r\n                              <\/h5>\r\n                            <\/div>\r\n                        \r\n                            <div>\r\n                              <div class='sidebar__textarea'>\r\n                           \r\n                                 <div>\r\n                                    <p style=\"font-family: 'PT Sans'; font-size: 100%;\"><strong>Dyrektor Instytutu<\/strong><\/br>\n\ndr hab. Bogumi\u0142a Mika, prof. U\u015a<\/br>\ne-mail: <a href=\"mailto: bogumila.mika@us.edu.pl\">bogumila.mika@us.edu.pl<\/a><\/br>\n<\/br>\n<strong>Zast\u0119pca Dyrektora Instytutu<\/strong><\/br>\n\ndr Miros\u0142awa Sobczy\u0144ska-Szczepa\u0144ska<\/br>\ne-mail: <a href=\"mailto: miroslawa.sobczynska-szczepanska@us.edu.pl\">miroslawa.sobczynska-szczepanska@us.edu.pl<\/a><\/br><\/p>\n\r\n                                 <\/div>\r\n                                  \r\n                              <\/div>\r\n                            <\/div>\r\n                          <\/div><!--.card-->\r\n                        <\/div><!--#dslide_ropdown-->\r\n                \r\n            <\/div> <!--.sidebar_moduls-->\r\n            [\/vc_column_inner][vc_column_inner width=&#8221;1\/2&#8243;]\r\n                <div class='sidebar_moduls sidebar_dropdown color-blue' style='background-color: #EBEBEB'>\r\n                    <h3><\/h3>\r\n                  \r\n                        <div id='sidebar_dropdown'>\r\n                          <div class='angle-list'>\r\n                            <div>\r\n                              <h5>\r\n                                <a class='dropdown_header_title' href=''>\r\n                                 kontakt\r\n                                <\/a>\r\n                              <\/h5>\r\n                            <\/div>\r\n                        \r\n                            <div>\r\n                              <div class='sidebar__textarea'>\r\n                           \r\n                                 <div>\r\n                                    <p style=\"font-family: 'PT Sans'; font-size: 100%;\"><strong> e-mail: <a href=\"mailto: lidia.zalinska@us.edu.pl\"> lidia.zalinska@us.edu.pl<\/a><\/strong><\/br>\n\nul. Bankowa 11 (p. 122) <\/br> 40-007 Katowice <\/br>tel.: +48 32 359 13 14<\/p>\n\r\n                                 <\/div>\r\n                                  \r\n                              <\/div>\r\n                            <\/div>\r\n                          <\/div><!--.card-->\r\n                        <\/div><!--#dslide_ropdown-->\r\n                \r\n            <\/div> <!--.sidebar_moduls-->\r\n            [\/vc_column_inner][\/vc_row_inner][\/vc_column][\/vc_row][vc_row][vc_column]<div class=\"container\"><div class=\"separator\" style=\"background-color: #EBEBEB\"><\/div><\/div>[\/vc_column][\/vc_row][vc_row el_class=&#8221;container&#8221;][vc_column]\r\n                <div class=\"text-modules\">\r\n                    <div class=\"container\">\r\n                        <h3 class=\"page-title text__title\">badacze indywidualni<\/h3>\r\n                        <div class=\"text-modules__content\"><\/div>\r\n                    <\/div>\r\n                <\/div>[vc_empty_space height=&#8221;16px&#8221;][\/vc_column][\/vc_row][vc_row content_placement=&#8221;top&#8221; el_class=&#8221;container linki&#8221;][vc_column width=&#8221;1\/3&#8243; el_class=&#8221;shadow&#8221;][vc_empty_space height=&#8221;16px&#8221;]\r\n                <div class=\"text-modules\">\r\n                    <div class=\"container\">\r\n                        \r\n                        <div class=\"text-modules__content\"><\/p>\n<h4><strong>dr Aneta Borowik<\/strong><\/h4>\n<p style=\"font-size: 90%;\">kontakt: <a href=\"mailto:aneta.borowik@us.edu.pl\">aneta.borowik@us.edu.pl<\/a><\/p>\n<p><strong>temat zadania badawczego<br \/>\n<\/strong>Socrealizm. Studia i materia\u0142y do dziej\u00f3w architektury polskiej.<\/p>\n<hr \/>\n<p><span style=\"color: #333333; font-size: small;\">s\u0142owa kluczowe: <em>socrealizm, architektura polska<\/em><\/span><\/p>\n<\/div>\r\n                    <\/div>\r\n                <\/div>[\/vc_column][vc_column width=&#8221;1\/3&#8243; el_class=&#8221;shadow&#8221;][vc_empty_space height=&#8221;16px&#8221;]\r\n                <div class=\"text-modules\">\r\n                    <div class=\"container\">\r\n                        \r\n                        <div class=\"text-modules__content\"><\/p>\n<h4><strong>dr hab. Ewa G\u0119bicka, prof. U\u015a<\/strong><\/h4>\n<p style=\"font-size: 90%;\">kontakt: <a href=\"mailto:ewa.gebicka@us.edu.pl\">ewa.gebicka@us.edu.pl<\/a><\/p>\n<p><strong>temat zadania badawczego<br \/>\n<\/strong>Polski i europejski przemys\u0142 audiowizualny. Historia i wsp\u00f3\u0142czesno\u015b\u0107.<\/p>\n<hr \/>\n<p><span style=\"color: #333333; font-size: small;\">s\u0142owa kluczowe: <em>polski przemys\u0142 audiowizualny, europejski przemys\u0142 audiowizualny<\/em><\/span><\/p>\n<\/div>\r\n                    <\/div>\r\n                <\/div>[\/vc_column][vc_column width=&#8221;1\/3&#8243; el_class=&#8221;shadow&#8221;][vc_empty_space height=&#8221;16px&#8221;]\r\n                <div class=\"text-modules\">\r\n                    <div class=\"container\">\r\n                        \r\n                        <div class=\"text-modules__content\"><\/p>\n<h4><strong>dr hab. Aleksandra Gie\u0142do\u0144-Paszek, prof. U\u015a<\/strong><\/h4>\n<p style=\"font-size: 90%;\">kontakt: <a href=\"mailto:aleksandra.gieldon-paszek@us.edu.pl\">aleksandra.gieldon-paszek@us.edu.pl<\/a><\/p>\n<p><strong>temat zadania badawczego<br \/>\n<\/strong>Tw\u00f3rczo\u015b\u0107 w kontek\u015bcie przemian stylistycznych sztuki i uwarunkowa\u0144 spo\u0142eczno-kulturowych.<\/p>\n<hr \/>\n<p><span style=\"color: #333333; font-size: small;\">s\u0142owa kluczowe: <em>sztuka, przemiany stylistyczne, tw\u00f3rczo\u015b\u0107<\/em><\/span><\/p>\n<\/div>\r\n                    <\/div>\r\n                <\/div>[\/vc_column][\/vc_row][vc_row][vc_column][vc_empty_space height=&#8221;10px&#8221;][\/vc_column][\/vc_row][vc_row content_placement=&#8221;top&#8221; el_class=&#8221;container linki&#8221;][vc_column width=&#8221;1\/3&#8243; el_class=&#8221;shadow&#8221;][vc_empty_space height=&#8221;16px&#8221;]\r\n                <div class=\"text-modules\">\r\n                    <div class=\"container\">\r\n                        \r\n                        <div class=\"text-modules__content\"><\/p>\n<h4><strong>dr Jerzy Gorzelik<\/strong><\/h4>\n<p style=\"font-size: 90%;\">kontakt: <a href=\"mailto:jerzy.gorzelik@us.edu.pl\">jerzy.gorzelik@us.edu.pl<\/a><\/p>\n<p><strong>temat zadania badawczego<br \/>\n<\/strong>Rola sztuki, dziedzictwa i publicznych rytua\u0142\u00f3w w procesach to\u017csamo\u015bciowych na G\u00f3rnym \u015al\u0105sku od 1918 roku.<\/p>\n<hr \/>\n<p><span style=\"color: #333333; font-size: small;\">s\u0142owa kluczowe: <em>sztuka, dziedzictwo, rytua\u0142y publiczne, G\u00f3rny \u015al\u0105sk, procesy to\u017csamo\u015bciowe<\/em><\/span><\/p>\n<\/div>\r\n                    <\/div>\r\n                <\/div>[\/vc_column][vc_column width=&#8221;1\/3&#8243; el_class=&#8221;shadow&#8221;][vc_empty_space height=&#8221;16px&#8221;]\r\n                <div class=\"text-modules\">\r\n                    <div class=\"container\">\r\n                        \r\n                        <div class=\"text-modules__content\"><\/p>\n<h4><strong>dr Artur Kolbiarz<\/strong><\/h4>\n<p style=\"font-size: 90%;\">kontakt: <a href=\"mailto:artur.kolbiarz@us.edu.pl\">artur.kolbiarz@us.edu.pl<\/a><\/p>\n<p><strong>temat zadania badawczego<br \/>\n<\/strong>Rze\u017aba barokowa oraz rokokowa na \u015al\u0105sku oraz jej europejskie konteksty.<\/p>\n<hr \/>\n<p><span style=\"color: #333333; font-size: small;\">s\u0142owa kluczowe: <em>rze\u017aba barokowa, rze\u017aba rokokowa, \u015al\u0105sk<\/em><\/span><\/p>\n<\/div>\r\n                    <\/div>\r\n                <\/div>[\/vc_column][vc_column width=&#8221;1\/3&#8243; el_class=&#8221;shadow&#8221;][vc_empty_space height=&#8221;16px&#8221;]\r\n                <div class=\"text-modules\">\r\n                    <div class=\"container\">\r\n                        \r\n                        <div class=\"text-modules__content\"><\/p>\n<h4><strong>dr hab. Bogumi\u0142a Mika, prof. U\u015a<\/strong><\/h4>\n<p style=\"font-size: 90%;\">kontakt: <a href=\"mailto:bogumila.mika@us.edu.pl\">bogumila.mika@us.edu.pl<\/a><\/p>\n<p><strong>temat zadania badawczego<br \/>\n<\/strong>Dzie\u0142o muzyczne jako tekst kultury. Mi\u0119dzy znaczeniem a recepcj\u0105.<\/p>\n<hr \/>\n<p><span style=\"color: #333333; font-size: small;\">s\u0142owa kluczowe: <em>dzie\u0142o muzyczne, znaczenie, recepcja, tekst kultury<\/em><\/span><\/p>\n<\/div>\r\n                    <\/div>\r\n                <\/div>[\/vc_column][\/vc_row][vc_row][vc_column][vc_empty_space height=&#8221;10px&#8221;][\/vc_column][\/vc_row][vc_row content_placement=&#8221;top&#8221; el_class=&#8221;container linki&#8221;][vc_column width=&#8221;1\/3&#8243; el_class=&#8221;shadow&#8221;][vc_empty_space height=&#8221;16px&#8221;]\r\n                <div class=\"text-modules\">\r\n                    <div class=\"container\">\r\n                        \r\n                        <div class=\"text-modules__content\"><\/p>\n<h4><strong>dr Marta Ostrowska-Bies<\/strong><\/h4>\n<p style=\"font-size: 90%;\">kontakt: <a href=\"mailto:marta.ostrowska-bies@us.edu.pl\">marta.ostrowska-bies@us.edu.pl<\/a><\/p>\n<p><strong>temat zadania badawczego<br \/>\n<\/strong>Architektura na \u015al\u0105sku w XIX i pierwszej po\u0142owie XX wieku.<\/p>\n<hr \/>\n<p><span style=\"color: #333333; font-size: small;\">s\u0142owa kluczowe: <em>\u015al\u0105sk, architektura, XIX wiek, XX wiek<\/em><\/span><\/p>\n<\/div>\r\n                    <\/div>\r\n                <\/div>[\/vc_column][vc_column width=&#8221;1\/3&#8243; el_class=&#8221;shadow&#8221;][vc_empty_space height=&#8221;16px&#8221;]\r\n                <div class=\"text-modules\">\r\n                    <div class=\"container\">\r\n                        \r\n                        <div class=\"text-modules__content\"><\/p>\n<h4><strong>dr Patryk Oczko<\/strong><\/h4>\n<p style=\"font-size: 90%;\">kontakt: <a href=\"mailto:patryk.oczko@us.edu.pl\">patryk.oczko@us.edu.pl<\/a><\/p>\n<p><strong>temat zadania badawczego<br \/>\n<\/strong>System kontroli produkcji film\u00f3w animowanych dla doros\u0142ych realizowanych w Studiu Film\u00f3w Rysunkowych w Bielsku-Bia\u0142ej w latach 1947-1989-od autocenzury do cenzury prewencyjnej.<\/p>\n<hr \/>\n<p><span style=\"color: #333333; font-size: small;\">s\u0142owa kluczowe: <em>Studio Film\u00f3w Rysunkowych, film animowany, Bielsko-Bia\u0142a, cenzura, autocenzura<\/em><\/span><\/p>\n<\/div>\r\n                    <\/div>\r\n                <\/div>[\/vc_column][vc_column width=&#8221;1\/3&#8243; el_class=&#8221;shadow&#8221;][vc_empty_space height=&#8221;16px&#8221;]\r\n                <div class=\"text-modules\">\r\n                    <div class=\"container\">\r\n                        \r\n                        <div class=\"text-modules__content\"><\/p>\n<h4><strong>dr Oskar Rojewski<\/strong><\/h4>\n<p style=\"font-size: 90%;\">kontakt: <a href=\"mailto:oskar.rojewski@us.edu.pl\">oskar.rojewski@us.edu.pl<\/a><\/p>\n<p><strong>temat zadania badawczego<br \/>\n<\/strong>Malarstwo dworskie w XV i XVI wieku w kregu Habsburg\u00f3w.<\/p>\n<hr \/>\n<p><span style=\"color: #333333; font-size: small;\">s\u0142owa kluczowe: <em>malarstwo dworskie, XV wiek, XVI wiek, kr\u0105g Habsburg\u00f3w<\/em><\/span><\/p>\n<\/div>\r\n                    <\/div>\r\n                <\/div>[\/vc_column][\/vc_row][vc_row][vc_column][vc_empty_space height=&#8221;10px&#8221;][\/vc_column][\/vc_row][vc_row content_placement=&#8221;top&#8221; el_class=&#8221;container linki&#8221;][vc_column width=&#8221;1\/3&#8243; el_class=&#8221;shadow&#8221;][vc_empty_space height=&#8221;16px&#8221;]\r\n                <div class=\"text-modules\">\r\n                    <div class=\"container\">\r\n                        \r\n                        <div class=\"text-modules__content\"><\/p>\n<h4><strong>dr Miros\u0142awa Sobczy\u0144ska-Szczepa\u0144ska<\/strong><\/h4>\n<p style=\"font-size: 90%;\">kontakt: <a href=\"mailto:miroslawa.sobczynska-szczepanska@us.edu.pl\">miroslawa.sobczynska-szczepanska@us.edu.pl<\/a><\/p>\n<p><strong>temat zadania badawczego<br \/>\n<\/strong>Malarstwo w Europie \u015arodkowej w XVIII wieku.<\/p>\n<hr \/>\n<p><span style=\"color: #333333; font-size: small;\">s\u0142owa kluczowe: <em>malarstwo, XVIII wiek, Europa \u015arodkowa<\/em><\/span><\/p>\n<\/div>\r\n                    <\/div>\r\n                <\/div>[\/vc_column][vc_column width=&#8221;1\/3&#8243; el_class=&#8221;shadow&#8221;][vc_empty_space height=&#8221;16px&#8221;]\r\n                <div class=\"text-modules\">\r\n                    <div class=\"container\">\r\n                        \r\n                        <div class=\"text-modules__content\"><\/p>\n<h4><strong>dr hab. Ryszard Solik, prof. U\u015a<\/strong><\/h4>\n<p style=\"font-size: 90%;\">kontakt: <a href=\"mailto:ryszard.solik@us.edu.pl\">ryszard.solik@us.edu.pl<\/a><\/p>\n<p><strong>temat zadania badawczego<br \/>\n<\/strong>Mi\u0119dzy mow\u0105 a milczeniem. Hermeneutyka obrazu.<\/p>\n<hr \/>\n<p><span style=\"color: #333333; font-size: small;\">s\u0142owa kluczowe: <em>sztuka, klasyczny paradygmat artystyczny, interpretacja, strategie interpretacyjne, znaczenie, rezonans odbiorczy, wsp\u00f3lnoty interpretacyjne<\/em><\/span><\/p>\n<\/div>\r\n                    <\/div>\r\n                <\/div>[\/vc_column][vc_column width=&#8221;1\/3&#8243; el_class=&#8221;shadow&#8221;][vc_empty_space height=&#8221;16px&#8221;]\r\n                <div class=\"text-modules\">\r\n                    <div class=\"container\">\r\n                        \r\n                        <div class=\"text-modules__content\"><\/p>\n<h4><strong>dr Karolina Tomczak<\/strong><\/h4>\n<p style=\"font-size: 90%;\">kontakt: <a href=\"mailto:karolina.tomczak@us.edu.pl\">karolina.tomczak@us.edu.pl<\/a><\/p>\n<p><strong>temat zadania badawczego<br \/>\n<\/strong>Rze\u017aba wroc\u0142awskiej Akademii Sztuk Pi\u0119knych.<\/p>\n<hr \/>\n<p><span style=\"color: #333333; font-size: small;\">s\u0142owa kluczowe: <em>muzyka protestancka, G\u00f3rny \u015al\u0105sk, konteksty, czasy nowo\u017cytne<\/em><\/span><\/p>\n<\/div>\r\n                    <\/div>\r\n                <\/div>[\/vc_column][\/vc_row][vc_row][vc_column][vc_empty_space height=&#8221;10px&#8221;][\/vc_column][\/vc_row][vc_row content_placement=&#8221;top&#8221; el_class=&#8221;container linki&#8221;][vc_column width=&#8221;1\/3&#8243; el_class=&#8221;shadow&#8221;][vc_empty_space height=&#8221;16px&#8221;]\r\n                <div class=\"text-modules\">\r\n                    <div class=\"container\">\r\n                        \r\n                        <div class=\"text-modules__content\"><\/p>\n<h4><strong>dr Zenon Moj\u017cysz<\/strong><\/h4>\n<p style=\"font-size: 90%;\">kontakt: <a href=\"mailto:zenon.mojzysz@us.edu.pl\">zenon.mojzysz@us.edu.pl<\/a><\/p>\n<p><strong>temat zadania badawczego<br \/>\n<\/strong>Muzyka protestancka na G\u00f3rnym \u015al\u0105sku w czasach nowo\u017cytnych (XVI\u2013XVIII) i jej kontekst lokalny i og\u00f3lnoeuropejski.<\/p>\n<hr \/>\n<p><span style=\"color: #333333; font-size: small;\">s\u0142owa kluczowe: <em>muzyka protestancka, G\u00f3rny \u015al\u0105sk, konteksty, czasy nowo\u017cytne<\/em><\/span><\/p>\n<\/div>\r\n                    <\/div>\r\n                <\/div>[\/vc_column][vc_column width=&#8221;1\/3&#8243; el_class=&#8221;shadow&#8221;][vc_empty_space height=&#8221;16px&#8221;]\r\n                <div class=\"text-modules\">\r\n                    <div class=\"container\">\r\n                        \r\n                        <div class=\"text-modules__content\"><\/p>\n<h4><strong>dr Agata Stronciwilk<\/strong><\/h4>\n<p style=\"font-size: 90%;\">kontakt: <a href=\"mailto:agata.stronciwilk@us.edu.pl\">agata.stronciwilk@us.edu.pl<\/a><\/p>\n<p><strong>temat zadania badawczego<br \/>\n<\/strong>Awangarda. Antropologia, Antropografia. Motywy (auto)kanibalistyczne w sztuce od awangardy do wsp\u00f3\u0142czesno\u015bci.<\/p>\n<hr \/>\n<p><span style=\"color: #333333; font-size: small;\">s\u0142owa kluczowe: <em>awangarda, antropologia, antropografia<\/em><\/span><\/p>\n<\/div>\r\n                    <\/div>\r\n                <\/div>[\/vc_column][vc_column width=&#8221;1\/3&#8243;][\/vc_column][\/vc_row][vc_row][vc_column][vc_empty_space height=&#8221;10px&#8221;][\/vc_column][\/vc_row]<\/p>","protected":false},"excerpt":{"rendered":"<p>[vc_row el_class=&#8221;container&#8221;][vc_column][\/vc_column][\/vc_row][vc_row el_class=&#8221;container&#8221;][vc_column width=&#8221;1\/3&#8243;][vc_empty_space height=&#8221;1px&#8221; css=&#8221;.vc_custom_1618905480050{background-color: #011535 !important;}&#8221;][vc_empty_space height=&#8221;8px&#8221;][vc_column_text css=&#8221;.vc_custom_1662121524030{padding-top: 20px !important;padding-right: 20px !important;padding-bottom: 20px !important;padding-left: 20px !important;background-color: #f2f2f2 !important;}&#8221;] Semiotyki tekst\u00f3w kultury. Konteksty i interpretacje. Dyskursy sztuki. Uniwersalizm versus lokalno\u015b\u0107. Obszary dzia\u0142alno\u015bci artystycznej na skrzy\u017cowaniu r\u00f3\u017cnych sztuk. Dziedzictwo kulturowe \u2013 kultura industrialna, kultura pami\u0119ci. [\/vc_column_text][vc_empty_space height=&#8221;8px&#8221;][vc_btn title=&#8221;STRONA INSTYTUTU&#8221; style=&#8221;classic&#8221; shape=&#8221;square&#8221; color=&#8221;blue&#8221; size=&#8221;lg&#8221; align=&#8221;right&#8221; link=&#8221;url:https%3A%2F%2Fus.edu.pl%2Finstytut%2Finos%2F&#8221; [&#8230;]<\/p>\n<p><a class=\"btn btn-secondary understrap-read-more-link\" href=\"https:\/\/us.edu.pl\/wydzial\/wh\/instytuty-naukowe\/instytut-nauk-o-sztuce\/\">Read More&#8230;<\/a><\/p>\n","protected":false},"author":139,"featured_media":0,"parent":157679,"menu_order":0,"comment_status":"closed","ping_status":"closed","template":"","meta":{"_expiration-date-status":"","_expiration-date":0,"_expiration-date-type":"","_expiration-date-categories":[],"_expiration-date-options":[]},"acf":[],"_links":{"self":[{"href":"https:\/\/us.edu.pl\/wydzial\/wh\/wp-json\/wp\/v2\/pages\/157600"}],"collection":[{"href":"https:\/\/us.edu.pl\/wydzial\/wh\/wp-json\/wp\/v2\/pages"}],"about":[{"href":"https:\/\/us.edu.pl\/wydzial\/wh\/wp-json\/wp\/v2\/types\/page"}],"author":[{"embeddable":true,"href":"https:\/\/us.edu.pl\/wydzial\/wh\/wp-json\/wp\/v2\/users\/139"}],"replies":[{"embeddable":true,"href":"https:\/\/us.edu.pl\/wydzial\/wh\/wp-json\/wp\/v2\/comments?post=157600"}],"version-history":[{"count":11,"href":"https:\/\/us.edu.pl\/wydzial\/wh\/wp-json\/wp\/v2\/pages\/157600\/revisions"}],"predecessor-version":[{"id":160312,"href":"https:\/\/us.edu.pl\/wydzial\/wh\/wp-json\/wp\/v2\/pages\/157600\/revisions\/160312"}],"up":[{"embeddable":true,"href":"https:\/\/us.edu.pl\/wydzial\/wh\/wp-json\/wp\/v2\/pages\/157679"}],"wp:attachment":[{"href":"https:\/\/us.edu.pl\/wydzial\/wh\/wp-json\/wp\/v2\/media?parent=157600"}],"curies":[{"name":"wp","href":"https:\/\/api.w.org\/{rel}","templated":true}]}}