{"id":161348,"date":"2023-01-11T09:35:42","date_gmt":"2023-01-11T08:35:42","guid":{"rendered":"https:\/\/us.edu.pl\/wydzial\/wh\/?page_id=161348"},"modified":"2025-11-24T13:24:42","modified_gmt":"2025-11-24T12:24:42","slug":"uchwaly-rady-dydaktycznej-i-raporty","status":"publish","type":"page","link":"https:\/\/us.edu.pl\/wydzial\/wh\/kierunki-studiow\/kulturoznawstwo\/uchwaly-rady-dydaktycznej-i-raporty\/","title":{"rendered":"Uchwa\u0142y Rady Dydaktycznej i Raporty"},"content":{"rendered":"<p>[vc_row el_class=&#8221;container&#8221;][vc_column width=&#8221;2\/3&#8243;]\r\n                <div class=\"text-modules\">\r\n                    <div class=\"container\">\r\n                        \r\n                        <div class=\"text-modules__content\"><p><a href=\"https:\/\/us.edu.pl\/wydzial\/wh\/wp-content\/uploads\/sites\/15\/Bez-kategorii\/KU-jakosc-ksztalcenia-raport-2024-2025.pdf\" class=\"mtli_attachment mtli_pdf\" data-mtli=\"mtli_filesize457,74kB\" class=\"mtli_attachment mtli_pdf\" data-mtli=\"mtli_filesize457,74kB\">Raport z oceny kierunku KULTUROZNAWSTWO w zakresie jako\u015bci kszta\u0142cenia w roku akademickim 2024-2025<\/a><\/p>\n<p><a href=\"https:\/\/us.edu.pl\/wydzial\/wh\/wp-content\/uploads\/sites\/15\/2025\/11\/KU-raport-z-praktyk-2024-2025.pdf\" class=\"mtli_attachment mtli_pdf\" data-mtli=\"mtli_filesize221,17kB\" class=\"mtli_attachment mtli_pdf\" data-mtli=\"mtli_filesize221,17kB\">Raport z praktyk zawodowych na kierunku kulturoznawstwo (rok akademicki 2024-2025)<\/a><\/p>\n<p><a href=\"https:\/\/us.edu.pl\/wydzial\/wh\/wp-content\/uploads\/sites\/15\/2025\/11\/KU-analiza-sesji-i-dyplomowania-2024-2025.pdf\" class=\"mtli_attachment mtli_pdf\" data-mtli=\"mtli_filesize319,90kB\" class=\"mtli_attachment mtli_pdf\" data-mtli=\"mtli_filesize319,90kB\">Analiza wynik\u00f3w sesji i procesu dyplomowania na kierunku kulturoznawstwo (rok akademicki 2024-2025)<\/a><\/p>\n<p><a href=\"https:\/\/us.edu.pl\/wydzial\/wh\/wp-content\/uploads\/sites\/15\/Bez-kategorii\/Uchwala-10-2025.pdf\" class=\"mtli_attachment mtli_pdf\" data-mtli=\"mtli_filesize199,24kB\" class=\"mtli_attachment mtli_pdf\" data-mtli=\"mtli_filesize199,24kB\">Uchwa\u0142a nr 10 Rady Dydaktycznej Kierunku z dn. 7 pa\u017adziernika 2025 roku w sprawie modyfikacji kryteri\u00f3w przyj\u0119\u0107 na pierwszy rok studi\u00f3w na kierunku kulturoznawstwo II stopnia w roku akademickim 2026-2027<\/a><\/p>\n<p><a href=\"https:\/\/us.edu.pl\/wydzial\/wh\/wp-content\/uploads\/sites\/15\/Bez-kategorii\/Uchwala-9-2025.pdf\" class=\"mtli_attachment mtli_pdf\" data-mtli=\"mtli_filesize195,73kB\" class=\"mtli_attachment mtli_pdf\" data-mtli=\"mtli_filesize195,73kB\">Uchwa\u0142a nr 9 Rady Dydaktycznej Kierunku z dn. 26 wrze\u015bnia 2025 roku w sprawie wydania pozytywnej opinii nt. modyfikacji programu kszta\u0142cenia kierunku kulturoznawstwo II stopnia<\/a><\/p>\n<p><a href=\"https:\/\/us.edu.pl\/wydzial\/wh\/wp-content\/uploads\/sites\/15\/Bez-kategorii\/Zal.-1_9-2025.pdf\" class=\"mtli_attachment mtli_pdf\" data-mtli=\"mtli_filesize126,46kB\" class=\"mtli_attachment mtli_pdf\" data-mtli=\"mtli_filesize126,46kB\">Za\u0142\u0105cznik nr 1 do uchwa\u0142y nr 9\/2025 Rady Dydaktycznej kierunk\u00f3w kulturoznawstwo, kultury medi\u00f3w i historia sztuki z dn. 26.09.2025 r.<\/a><\/p>\n<p><a href=\"https:\/\/us.edu.pl\/wydzial\/wh\/wp-content\/uploads\/sites\/15\/Bez-kategorii\/Uchwala-8-2025-1.pdf\" class=\"mtli_attachment mtli_pdf\" data-mtli=\"mtli_filesize195,67kB\" class=\"mtli_attachment mtli_pdf\" data-mtli=\"mtli_filesize195,67kB\">Uchwa\u0142a nr 8 Rady Dydaktycznej Kierunku z dn. 26 wrze\u015bnia 2025 roku w sprawie wydania pozytywnej opinii nt. modyfikacji programu kszta\u0142cenia kierunku kulturoznawstwo I stopnia<\/a><\/p>\n<p><a href=\"https:\/\/us.edu.pl\/wydzial\/wh\/wp-content\/uploads\/sites\/15\/Bez-kategorii\/Zal.-1_8-2025.pdf\" class=\"mtli_attachment mtli_pdf\" data-mtli=\"mtli_filesize115,99kB\" class=\"mtli_attachment mtli_pdf\" data-mtli=\"mtli_filesize115,99kB\">Za\u0142\u0105cznik nr 1 do uchwa\u0142y nr 8\/2025 Rady Dydaktycznej kierunk\u00f3w kulturoznawstwo, kultury medi\u00f3w i historia sztuki z dn. 26.09.2025 r.<\/a><\/p>\n<p><a href=\"https:\/\/us.edu.pl\/wydzial\/wh\/wp-content\/uploads\/sites\/15\/Bez-kategorii\/Uchwala-4-2025_kulturoznawstwo.pdf\" class=\"mtli_attachment mtli_pdf\" data-mtli=\"mtli_filesize191,79kB\" class=\"mtli_attachment mtli_pdf\" data-mtli=\"mtli_filesize191,79kB\">Uchwa\u0142a nr 4 Rady Dydaktycznej Kierunku z dn. 27 maja 2025 roku w sprawie wydania pozytywnej opinii nt. modyfikacji programu kszta\u0142cenia kierunku kulturoznawstwo I stopnia<\/a><\/p>\n<p><a href=\"https:\/\/us.edu.pl\/wydzial\/wh\/wp-content\/uploads\/sites\/15\/Bez-kategorii\/Uchwala-2.2025.pdf\" class=\"mtli_attachment mtli_pdf\" data-mtli=\"mtli_filesize284,50kB\" class=\"mtli_attachment mtli_pdf\" data-mtli=\"mtli_filesize284,50kB\">Uchwa\u0142a nr 2 Rady Dydaktycznej Kierunku z dn. 25 marca 2025 roku w sprawie opinii nt. kryteri\u00f3w naboru na I rok studi\u00f3w w roku akademickim 2026-2027<\/a><\/p>\n<p><a href=\"https:\/\/us.edu.pl\/wydzial\/wh\/wp-content\/uploads\/sites\/15\/Bez-kategorii\/Zal_Uchwala_2_2025.pdf\" class=\"mtli_attachment mtli_pdf\" data-mtli=\"mtli_filesize193,89kB\" class=\"mtli_attachment mtli_pdf\" data-mtli=\"mtli_filesize193,89kB\">Za\u0142\u0105cznik 1 do Uchwa\u0142y nr 2 Rady Dydaktycznej Kierunku z dn. 25 marca 2025 roku w sprawie opinii nt. kryteri\u00f3w naboru na I rok studi\u00f3w w roku akademickim 2026-2027\u00a0<\/a><\/p>\n<p><a href=\"https:\/\/us.edu.pl\/wydzial\/wh\/wp-content\/uploads\/sites\/15\/Bez-kategorii\/Uchwala-1.2025KMKUL.pdf\" class=\"mtli_attachment mtli_pdf\" data-mtli=\"mtli_filesize231,42kB\" class=\"mtli_attachment mtli_pdf\" data-mtli=\"mtli_filesize231,42kB\" data-mtli=\"mtli_filesize231,42kB\">Uchwa\u0142a nr 1 Rady Dydaktycznej Kierunku z dn. 11 marca 2025 roku w sprawie wyra\u017cenia pozytywnej opinii na temat limitu przyj\u0119\u0107 na I rok studi\u00f3w w roku akad. 2025-2026<\/a><\/p>\n<p><a href=\"https:\/\/us.edu.pl\/wydzial\/wh\/wp-content\/uploads\/sites\/15\/KIERUNKI\/kulturoznawstwo\/KU-raport-jakosc-ksztalcenia-2023-2024.pdf\" class=\"mtli_attachment mtli_pdf\" data-mtli=\"mtli_filesize526,25kB\" class=\"mtli_attachment mtli_pdf\" data-mtli=\"mtli_filesize526,25kB\">Raport z oceny kierunku KULTUROZNAWSTWO w zakresie jako\u015bci kszta\u0142cenia w roku akademickim 2023-2024<\/a><\/p>\n<p><a href=\"https:\/\/us.edu.pl\/wydzial\/wh\/wp-content\/uploads\/sites\/15\/KIERUNKI\/kulturoznawstwo\/KU-analiza-sesji-i-dyplomowania-2023-2024.pdf\" class=\"mtli_attachment mtli_pdf\" data-mtli=\"mtli_filesize357,29kB\" class=\"mtli_attachment mtli_pdf\" data-mtli=\"mtli_filesize357,29kB\">Analiza wynik\u00f3w sesji i procesu dyplomowania na kierunku kulturoznawstwo (rok akademicki 2023-2024)<\/a><\/p>\n<p><a href=\"https:\/\/us.edu.pl\/wydzial\/wh\/wp-content\/uploads\/sites\/15\/KIERUNKI\/kulturoznawstwo\/KU-raport-z-praktyk-2023-2024.pdf\" class=\"mtli_attachment mtli_pdf\" data-mtli=\"mtli_filesize244,90kB\" class=\"mtli_attachment mtli_pdf\" data-mtli=\"mtli_filesize244,90kB\">Raport z praktyk zawodowych na kierunku kulturoznawstwo (rok akademicki 2023-2024)<\/a><\/p>\n<p><a href=\"https:\/\/us.edu.pl\/wydzial\/wh\/wp-content\/uploads\/sites\/15\/KIERUNKI\/kulturoznawstwo\/Uchwala-4.2024.pdf\" class=\"mtli_attachment mtli_pdf\" data-mtli=\"mtli_filesize406,19kB\" class=\"mtli_attachment mtli_pdf\" data-mtli=\"mtli_filesize406,19kB\">Uchwa\u0142a nr 4 Rady Dydaktycznej Kierunku z dn. 13 grudnia 2024 roku w sprawie likwidacji w roku akademickim 2025-2026 niestacjonarnych studi\u00f3w I i II stopnia na kierunku kulturoznawstwo<\/a><\/p>\n<p><a href=\"https:\/\/us.edu.pl\/wydzial\/wh\/wp-content\/uploads\/sites\/15\/Bez-kategorii\/Uchwala-2.2024.pdf\" class=\"mtli_attachment mtli_pdf\" data-mtli=\"mtli_filesize366,14kB\" class=\"mtli_attachment mtli_pdf\" data-mtli=\"mtli_filesize366,14kB\">Uchwa\u0142a nr 2 Rady Dydaktycznej Kierunku z dn. 22 marca 2024 roku w sprawie wyra\u017cenia pozytywnej opinii na temat limitu przyj\u0119\u0107 na I rok studi\u00f3w w roku akademickim 2024-2025<\/a><\/p>\n<p><a href=\"https:\/\/us.edu.pl\/wydzial\/wh\/wp-content\/uploads\/sites\/15\/Bez-kategorii\/Uchwala-1.2024.pdf\" class=\"mtli_attachment mtli_pdf\" data-mtli=\"mtli_filesize396,86kB\" class=\"mtli_attachment mtli_pdf\" data-mtli=\"mtli_filesize396,86kB\">Uchwa\u0142a nr 1 Rady Dydaktycznej Kierunku z dn. 25 stycznia 2024 roku w sprawie zawieszenia w roku akademickim 2024-2025 naboru na niestacjonarne studia I i II stopnia na kierunku kulturoznawstwo<\/a><\/p>\n<p><a href=\"https:\/\/us.edu.pl\/wydzial\/wh\/wp-content\/uploads\/sites\/15\/Bez-kategorii\/KU-raport.pdf\" class=\"mtli_attachment mtli_pdf\" data-mtli=\"mtli_filesize612,84kB\" class=\"mtli_attachment mtli_pdf\" data-mtli=\"mtli_filesize612,84kB\">Raport z oceny kierunku studi\u00f3w KULTUROZNAWSTWO w zakresie jako\u015bci kszta\u0142cenia w roku akademickim 2022\/2023<\/a><\/p>\n<p><a href=\"https:\/\/us.edu.pl\/wydzial\/wh\/wp-content\/uploads\/sites\/15\/Bez-kategorii\/Kulturoznawstwo-II-stopnia-uchwala-Rady-Dydaktycznej.pdf\" class=\"mtli_attachment mtli_pdf\" data-mtli=\"mtli_filesize220,79kB\" class=\"mtli_attachment mtli_pdf\" data-mtli=\"mtli_filesize220,79kB\">Uchwa\u0142a nr 7 Rady Dydaktycznej Kierunku z dn. 6 czerwca 2023 roku w sprawie wydania pozytywnej opinii nt. modyfikacji programu kszta\u0142cenia kierunku kulturoznawstwo II stopnia<\/a><\/p>\n<p><a href=\"https:\/\/us.edu.pl\/wydzial\/wh\/wp-content\/uploads\/sites\/15\/Bez-kategorii\/Kulturoznawstwo-I-stopnia-uchwala-Rady-Dydaktycznej.pdf\" class=\"mtli_attachment mtli_pdf\" data-mtli=\"mtli_filesize221,65kB\" class=\"mtli_attachment mtli_pdf\" data-mtli=\"mtli_filesize221,65kB\">Uchwa\u0142a nr 6 Rady Dydaktycznej Kierunku z dn. 6 czerwca 2023 roku w sprawie wydania pozytywnej opinii nt. modyfikacji programu kszta\u0142cenia kierunku kulturoznawstwo I stopnia<\/a><\/p>\n<p><a href=\"https:\/\/us.edu.pl\/wydzial\/wh\/wp-content\/uploads\/sites\/15\/Bez-kategorii\/Analiza-prac-etapowych-2022-2023Z.pdf\" class=\"mtli_attachment mtli_pdf\" data-mtli=\"mtli_filesize339,29kB\" class=\"mtli_attachment mtli_pdf\" data-mtli=\"mtli_filesize339,29kB\">Raport z analizy prac etapowych na kierunkach kulturoznawstwo i kultury medi\u00f3w (semestr zimowy 2022-2023)<\/a><\/p>\n<p><a href=\"https:\/\/us.edu.pl\/wydzial\/wh\/wp-content\/uploads\/sites\/15\/Bez-kategorii\/Uchwala-5.2023.pdf\" class=\"mtli_attachment mtli_pdf\" data-mtli=\"mtli_filesize438,04kB\" class=\"mtli_attachment mtli_pdf\" data-mtli=\"mtli_filesize438,04kB\">Uchwa\u0142a nr 5 Rady Dydaktycznej Kierunku z dn. 5 kwietnia 2023 roku w sprawie opinii nt. kryteri\u00f3w naboru na I rok studi\u00f3w w roku akademickim 2024-2025 (kierunki kulturoznawstwo, kultury medi\u00f3w oraz historia sztuki)<\/a><a href=\"https:\/\/us.edu.pl\/wydzial\/wh\/wp-content\/uploads\/sites\/15\/Bez-kategorii\/Zal.-1.-Kryteria-naboru-2024-2025-HS-KU-i-KM.pdf\" class=\"mtli_attachment mtli_pdf\" data-mtli=\"mtli_filesize203,73kB\" class=\"mtli_attachment mtli_pdf\" data-mtli=\"mtli_filesize203,73kB\">Za\u0142\u0105cznik nr 1 do Uchwa\u0142y nr 5 Rady Dydaktycznej Kierunku z dn. 5 kwietnia 2023 roku<\/a><\/p>\n<p><a href=\"https:\/\/us.edu.pl\/wydzial\/wh\/wp-content\/uploads\/sites\/15\/Bez-kategorii\/Uchwala-3.2023.pdf\" class=\"mtli_attachment mtli_pdf\" data-mtli=\"mtli_filesize385,95kB\" class=\"mtli_attachment mtli_pdf\" data-mtli=\"mtli_filesize385,95kB\">Uchwa\u0142a nr 3 Rady Dydaktycznej Kierunku z dn. 23 marca 2023 roku w sprawie wyra\u017cenia pozytywnej opinii na temat limitu przyj\u0119\u0107 na I rok studi\u00f3w w roku akademickim 2023-2024<\/a><\/p>\n<p><a href=\"https:\/\/us.edu.pl\/wydzial\/wh\/wp-content\/uploads\/sites\/15\/Bez-kategorii\/Uchwala-2.2023.pdf\" class=\"mtli_attachment mtli_pdf\" data-mtli=\"mtli_filesize404,37kB\" class=\"mtli_attachment mtli_pdf\" data-mtli=\"mtli_filesize404,37kB\">Uchwa\u0142a nr 2 Rady Dydaktycznej Kierunku z dn. 27 lutego 2023 roku w sprawie likwidacji w roku akademickim 2023-2024 niestacjonarnych studi\u00f3w I stopnia na kierunku historia sztuki<\/a><\/p>\n<p><a href=\"https:\/\/us.edu.pl\/wydzial\/wh\/wp-content\/uploads\/sites\/15\/Bez-kategorii\/Uchwala-1.2023.pdf\" class=\"mtli_attachment mtli_pdf\" data-mtli=\"mtli_filesize419,93kB\" class=\"mtli_attachment mtli_pdf\" data-mtli=\"mtli_filesize419,93kB\">Uchwa\u0142a nr 1 Rady Dydaktycznej Kierunku z dn. 27 lutego 2023 roku w sprawie zawieszenia w roku akademickim 2023-2024 naboru na niestacjonarne studia I i II stopnia na kierunku kultury medi\u00f3w<\/a><\/p>\n<p><a href=\"https:\/\/us.edu.pl\/wydzial\/wh\/wp-content\/uploads\/sites\/15\/Bez-kategorii\/KU-Analiza-wynikow-sesji-i-procesu-dyplomowania-2021-2022.pdf\" class=\"mtli_attachment mtli_pdf\" data-mtli=\"mtli_filesize518,74kB\" class=\"mtli_attachment mtli_pdf\" data-mtli=\"mtli_filesize518,74kB\">Analiza wynik\u00f3w sesji i procesu dyplomowania na kierunku kulturoznawstwo (rok akademicki 2021\/2022)<\/a><\/p>\n<p><a href=\"https:\/\/us.edu.pl\/wydzial\/wh\/wp-content\/uploads\/sites\/15\/Bez-kategorii\/Uchwala-RD-3-2022-w-sprawie-wydania-opinii-nt.-kandydatur-do-listow-gratulacyjnych-JM-Rektora-US.pdf\" class=\"mtli_attachment mtli_pdf\" data-mtli=\"mtli_filesize377,68kB\" class=\"mtli_attachment mtli_pdf\" data-mtli=\"mtli_filesize377,68kB\">Uchwa\u0142a nr 3 Rady Dydaktycznej Kierunku z dn. 3 listopada 2022 roku w sprawie wydania pozytywnej opinii nt. kandydatur do list\u00f3w gratulacyjnych JM Rektora U\u015a dla nauczycieli i nauczycielek akademickich<\/a><\/p>\n<p><a href=\"https:\/\/us.edu.pl\/wydzial\/wh\/wp-content\/uploads\/sites\/15\/Bez-kategorii\/Raport-z-praktyk-zawodowych-2021-2022-KULTUROZNAWSTWO-cz.-1-1.pdf\" class=\"mtli_attachment mtli_pdf\" data-mtli=\"mtli_filesize991,36kB\" class=\"mtli_attachment mtli_pdf\" data-mtli=\"mtli_filesize991,36kB\">Raport z praktyk zawodowych 2021-2022 &#8211; KULTUROZNAWSTWO &#8211; cz. 1<\/a><\/p>\n<p><a href=\"https:\/\/us.edu.pl\/wydzial\/wh\/wp-content\/uploads\/sites\/15\/Bez-kategorii\/Raport-z-praktyk-zawodowych-2021-2022-KULTUROZNAWSTWO-cz.-2.pdf\" class=\"mtli_attachment mtli_pdf\" data-mtli=\"mtli_filesize578,71kB\" class=\"mtli_attachment mtli_pdf\" data-mtli=\"mtli_filesize578,71kB\">Raport z praktyk zawodowych 2021-2022 &#8211; KULTUROZNAWSTWO &#8211; cz. 2<\/a><\/p>\n<p><a href=\"https:\/\/us.edu.pl\/wydzial\/wh\/wp-content\/uploads\/sites\/15\/Bez-kategorii\/Raport-z-oceny-wlasnej-kierunku-KULTUROZNAWSTWO-w-zakresie-jakosci-ksztalcenia-w-roku-2021-2022.pdf\" class=\"mtli_attachment mtli_pdf\" data-mtli=\"mtli_filesize723,57kB\" class=\"mtli_attachment mtli_pdf\" data-mtli=\"mtli_filesize723,57kB\">Raport z oceny w\u0142asnej kierunku KULTUROZNAWSTWO w zakresie jako\u015bci kszta\u0142cenia w roku 2021-2022<\/a><\/p>\n<p><a href=\"https:\/\/us.edu.pl\/wydzial\/wh\/wp-content\/uploads\/sites\/15\/Bez-kategorii\/Raport-z-analizy-wynikow-ankiety-oceny-pracy-nauczyciela-akademickiego-2021-2022.pdf\" class=\"mtli_attachment mtli_pdf\" data-mtli=\"mtli_filesize363,84kB\" class=\"mtli_attachment mtli_pdf\" data-mtli=\"mtli_filesize363,84kB\">Raport z analizy wynik\u00f3w ankiety oceny pracy nauczyciela akademickiego 2021-2022<\/a><\/p>\n<p><a href=\"https:\/\/us.edu.pl\/wydzial\/wh\/wp-content\/uploads\/sites\/15\/Bez-kategorii\/Raport-z-analizy-sylabusow-zajec-prowadzonych-na-kierunkach-KU-i-KM-2022-2023Z.pdf\" class=\"mtli_attachment mtli_pdf\" data-mtli=\"mtli_filesize339,30kB\" class=\"mtli_attachment mtli_pdf\" data-mtli=\"mtli_filesize339,30kB\">Raport z analizy sylabus\u00f3w zaj\u0119\u0107 prowadzonych na kierunkach kulturoznawstwo i kultury medi\u00f3w (semestr zimowy 2022-2023)<\/a><\/p>\n<style type=\"text\/css\">a[data-mtli~=\"mtli_filesize457,74kB\"]:after {content:\" (457,74 kB)\"}a[data-mtli~=\"mtli_filesize221,17kB\"]:after {content:\" (221,17 kB)\"}a[data-mtli~=\"mtli_filesize319,90kB\"]:after {content:\" (319,90 kB)\"}a[data-mtli~=\"mtli_filesize199,24kB\"]:after {content:\" (199,24 kB)\"}a[data-mtli~=\"mtli_filesize195,73kB\"]:after {content:\" (195,73 kB)\"}a[data-mtli~=\"mtli_filesize126,46kB\"]:after {content:\" (126,46 kB)\"}a[data-mtli~=\"mtli_filesize195,67kB\"]:after {content:\" (195,67 kB)\"}a[data-mtli~=\"mtli_filesize115,99kB\"]:after {content:\" (115,99 kB)\"}a[data-mtli~=\"mtli_filesize191,79kB\"]:after {content:\" (191,79 kB)\"}a[data-mtli~=\"mtli_filesize284,50kB\"]:after {content:\" (284,50 kB)\"}a[data-mtli~=\"mtli_filesize193,89kB\"]:after {content:\" (193,89 kB)\"}a[data-mtli~=\"mtli_filesize231,42kB\"]:after {content:\" (231,42 kB)\"}a[data-mtli~=\"mtli_filesize526,25kB\"]:after {content:\" (526,25 kB)\"}a[data-mtli~=\"mtli_filesize357,29kB\"]:after {content:\" (357,29 kB)\"}a[data-mtli~=\"mtli_filesize244,90kB\"]:after {content:\" (244,90 kB)\"}a[data-mtli~=\"mtli_filesize406,19kB\"]:after {content:\" (406,19 kB)\"}a[data-mtli~=\"mtli_filesize366,14kB\"]:after {content:\" (366,14 kB)\"}a[data-mtli~=\"mtli_filesize396,86kB\"]:after {content:\" (396,86 kB)\"}a[data-mtli~=\"mtli_filesize612,84kB\"]:after {content:\" (612,84 kB)\"}a[data-mtli~=\"mtli_filesize220,79kB\"]:after {content:\" (220,79 kB)\"}a[data-mtli~=\"mtli_filesize221,65kB\"]:after {content:\" (221,65 kB)\"}a[data-mtli~=\"mtli_filesize339,29kB\"]:after {content:\" (339,29 kB)\"}a[data-mtli~=\"mtli_filesize438,04kB\"]:after {content:\" (438,04 kB)\"}a[data-mtli~=\"mtli_filesize203,73kB\"]:after {content:\" (203,73 kB)\"}a[data-mtli~=\"mtli_filesize385,95kB\"]:after {content:\" (385,95 kB)\"}a[data-mtli~=\"mtli_filesize404,37kB\"]:after {content:\" (404,37 kB)\"}a[data-mtli~=\"mtli_filesize419,93kB\"]:after {content:\" (419,93 kB)\"}a[data-mtli~=\"mtli_filesize518,74kB\"]:after {content:\" (518,74 kB)\"}a[data-mtli~=\"mtli_filesize377,68kB\"]:after {content:\" (377,68 kB)\"}a[data-mtli~=\"mtli_filesize991,36kB\"]:after {content:\" (991,36 kB)\"}a[data-mtli~=\"mtli_filesize578,71kB\"]:after {content:\" (578,71 kB)\"}a[data-mtli~=\"mtli_filesize723,57kB\"]:after {content:\" (723,57 kB)\"}a[data-mtli~=\"mtli_filesize363,84kB\"]:after {content:\" (363,84 kB)\"}a[data-mtli~=\"mtli_filesize339,30kB\"]:after {content:\" (339,30 kB)\"}<\/style><\/div>\r\n                    <\/div>\r\n                <\/div>[\/vc_column][vc_column width=&#8221;1\/3&#8243;][\/vc_column][\/vc_row]<\/p>\n<style type=\"text\/css\">a[data-mtli~=\"mtli_filesize457,74kB\"]:after {content:\" (457,74 kB)\"}a[data-mtli~=\"mtli_filesize221,17kB\"]:after {content:\" (221,17 kB)\"}a[data-mtli~=\"mtli_filesize319,90kB\"]:after {content:\" (319,90 kB)\"}a[data-mtli~=\"mtli_filesize199,24kB\"]:after {content:\" (199,24 kB)\"}a[data-mtli~=\"mtli_filesize195,73kB\"]:after {content:\" (195,73 kB)\"}a[data-mtli~=\"mtli_filesize126,46kB\"]:after {content:\" (126,46 kB)\"}a[data-mtli~=\"mtli_filesize195,67kB\"]:after {content:\" (195,67 kB)\"}a[data-mtli~=\"mtli_filesize115,99kB\"]:after {content:\" (115,99 kB)\"}a[data-mtli~=\"mtli_filesize191,79kB\"]:after {content:\" (191,79 kB)\"}a[data-mtli~=\"mtli_filesize284,50kB\"]:after {content:\" (284,50 kB)\"}a[data-mtli~=\"mtli_filesize193,89kB\"]:after {content:\" (193,89 kB)\"}a[data-mtli~=\"mtli_filesize231,42kB\"]:after {content:\" (231,42 kB)\"}a[data-mtli~=\"mtli_filesize526,25kB\"]:after {content:\" (526,25 kB)\"}a[data-mtli~=\"mtli_filesize357,29kB\"]:after {content:\" (357,29 kB)\"}a[data-mtli~=\"mtli_filesize244,90kB\"]:after {content:\" (244,90 kB)\"}a[data-mtli~=\"mtli_filesize406,19kB\"]:after {content:\" (406,19 kB)\"}a[data-mtli~=\"mtli_filesize366,14kB\"]:after {content:\" (366,14 kB)\"}a[data-mtli~=\"mtli_filesize396,86kB\"]:after {content:\" (396,86 kB)\"}a[data-mtli~=\"mtli_filesize612,84kB\"]:after {content:\" (612,84 kB)\"}a[data-mtli~=\"mtli_filesize220,79kB\"]:after {content:\" (220,79 kB)\"}a[data-mtli~=\"mtli_filesize221,65kB\"]:after {content:\" (221,65 kB)\"}a[data-mtli~=\"mtli_filesize339,29kB\"]:after {content:\" (339,29 kB)\"}a[data-mtli~=\"mtli_filesize438,04kB\"]:after {content:\" (438,04 kB)\"}a[data-mtli~=\"mtli_filesize203,73kB\"]:after {content:\" (203,73 kB)\"}a[data-mtli~=\"mtli_filesize385,95kB\"]:after {content:\" (385,95 kB)\"}a[data-mtli~=\"mtli_filesize404,37kB\"]:after {content:\" (404,37 kB)\"}a[data-mtli~=\"mtli_filesize419,93kB\"]:after {content:\" (419,93 kB)\"}a[data-mtli~=\"mtli_filesize518,74kB\"]:after {content:\" (518,74 kB)\"}a[data-mtli~=\"mtli_filesize377,68kB\"]:after {content:\" (377,68 kB)\"}a[data-mtli~=\"mtli_filesize991,36kB\"]:after {content:\" (991,36 kB)\"}a[data-mtli~=\"mtli_filesize578,71kB\"]:after {content:\" (578,71 kB)\"}a[data-mtli~=\"mtli_filesize723,57kB\"]:after {content:\" (723,57 kB)\"}a[data-mtli~=\"mtli_filesize363,84kB\"]:after {content:\" (363,84 kB)\"}a[data-mtli~=\"mtli_filesize339,30kB\"]:after {content:\" (339,30 kB)\"}<\/style>","protected":false},"excerpt":{"rendered":"<p>[vc_row el_class=&#8221;container&#8221;][vc_column width=&#8221;2\/3&#8243;][\/vc_column][vc_column width=&#8221;1\/3&#8243;][\/vc_column][\/vc_row] [&#8230;]<\/p>\n<p><a class=\"btn btn-secondary understrap-read-more-link\" href=\"https:\/\/us.edu.pl\/wydzial\/wh\/kierunki-studiow\/kulturoznawstwo\/uchwaly-rady-dydaktycznej-i-raporty\/\">Read More&#8230;<\/a><\/p>\n","protected":false},"author":2430,"featured_media":0,"parent":174886,"menu_order":0,"comment_status":"closed","ping_status":"closed","template":"","meta":{"_expiration-date-status":"","_expiration-date":0,"_expiration-date-type":"","_expiration-date-categories":[],"_expiration-date-options":[]},"acf":[],"_links":{"self":[{"href":"https:\/\/us.edu.pl\/wydzial\/wh\/wp-json\/wp\/v2\/pages\/161348"}],"collection":[{"href":"https:\/\/us.edu.pl\/wydzial\/wh\/wp-json\/wp\/v2\/pages"}],"about":[{"href":"https:\/\/us.edu.pl\/wydzial\/wh\/wp-json\/wp\/v2\/types\/page"}],"author":[{"embeddable":true,"href":"https:\/\/us.edu.pl\/wydzial\/wh\/wp-json\/wp\/v2\/users\/2430"}],"replies":[{"embeddable":true,"href":"https:\/\/us.edu.pl\/wydzial\/wh\/wp-json\/wp\/v2\/comments?post=161348"}],"version-history":[{"count":11,"href":"https:\/\/us.edu.pl\/wydzial\/wh\/wp-json\/wp\/v2\/pages\/161348\/revisions"}],"predecessor-version":[{"id":193779,"href":"https:\/\/us.edu.pl\/wydzial\/wh\/wp-json\/wp\/v2\/pages\/161348\/revisions\/193779"}],"up":[{"embeddable":true,"href":"https:\/\/us.edu.pl\/wydzial\/wh\/wp-json\/wp\/v2\/pages\/174886"}],"wp:attachment":[{"href":"https:\/\/us.edu.pl\/wydzial\/wh\/wp-json\/wp\/v2\/media?parent=161348"}],"curies":[{"name":"wp","href":"https:\/\/api.w.org\/{rel}","templated":true}]}}