{"id":161351,"date":"2023-01-11T09:56:51","date_gmt":"2023-01-11T08:56:51","guid":{"rendered":"https:\/\/us.edu.pl\/wydzial\/wh\/?page_id=161351"},"modified":"2025-12-09T13:14:15","modified_gmt":"2025-12-09T12:14:15","slug":"uchwaly-rady-dydaktycznej-i-raporty","status":"publish","type":"page","link":"https:\/\/us.edu.pl\/wydzial\/wh\/kierunki-studiow\/kultury-mediow\/uchwaly-rady-dydaktycznej-i-raporty\/","title":{"rendered":"Uchwa\u0142y Rady Dydaktycznej i Raporty"},"content":{"rendered":"<p>[vc_row el_class=&#8221;container&#8221;][vc_column width=&#8221;2\/3&#8243;]\r\n                <div class=\"text-modules\">\r\n                    <div class=\"container\">\r\n                        \r\n                        <div class=\"text-modules__content\"><p><a href=\"https:\/\/us.edu.pl\/wydzial\/wh\/wp-content\/uploads\/sites\/15\/Bez-kategorii\/Uchwala-12.2025.pdf\" class=\"mtli_attachment mtli_pdf\" data-mtli=\"mtli_filesize230,23kB\" class=\"mtli_attachment mtli_pdf\" data-mtli=\"mtli_filesize230,23kB\">Uchwa\u0142a nr 12 Rady Dydaktycznej Kierunku z dn. 4 grudnia 2025 roku w sprawie likwidacji w roku akademickim 2026-2027 niestacjonarnych studi\u00f3w I i II stopnia na kierunku kultury medi\u00f3w<\/a><\/p>\n<p><a href=\"https:\/\/us.edu.pl\/wydzial\/wh\/wp-content\/uploads\/sites\/15\/Bez-kategorii\/KM-jakosc-ksztalcenia-raport-2024-2025.pdf\" class=\"mtli_attachment mtli_pdf\" data-mtli=\"mtli_filesize452,60kB\" class=\"mtli_attachment mtli_pdf\" data-mtli=\"mtli_filesize452,60kB\">Raport z oceny kierunku studi\u00f3w KULTURY MEDI\u00d3W w zakresie jako\u015bci kszta\u0142cenia w roku akademickim 2024-2025<\/a><\/p>\n<p><a href=\"https:\/\/us.edu.pl\/wydzial\/wh\/wp-content\/uploads\/sites\/15\/2025\/11\/KM-raport-z-praktyk-2024-2025.pdf\" class=\"mtli_attachment mtli_pdf\" data-mtli=\"mtli_filesize218,35kB\" class=\"mtli_attachment mtli_pdf\" data-mtli=\"mtli_filesize218,35kB\">Raport z praktyk zawodowych na kierunku kultury medi\u00f3w (rok akademicki 2024-2025)<\/a><\/p>\n<p><a href=\"https:\/\/us.edu.pl\/wydzial\/wh\/wp-content\/uploads\/sites\/15\/2025\/11\/KM-analiza-sesji-i-dyplomowania-2024-2025.pdf\" class=\"mtli_attachment mtli_pdf\" data-mtli=\"mtli_filesize319,87kB\" class=\"mtli_attachment mtli_pdf\" data-mtli=\"mtli_filesize319,87kB\">Analiza wynik\u00f3w sesji i procesu dyplomowania na kierunku kultury medi\u00f3w (rok akademicki 2024-2025)<\/a><\/p>\n<p><a href=\"https:\/\/us.edu.pl\/wydzial\/wh\/wp-content\/uploads\/sites\/15\/Bez-kategorii\/Uchwala-7-2025.pdf\" class=\"mtli_attachment mtli_pdf\" data-mtli=\"mtli_filesize196,09kB\" class=\"mtli_attachment mtli_pdf\" data-mtli=\"mtli_filesize196,09kB\">Uchwa\u0142a nr 7 Rady Dydaktycznej Kierunku z dn. 4 czerwca 2025 roku w sprawie wydania pozytywnej opinii nt. modyfikacji programu kszta\u0142cenia kierunku kultury medi\u00f3w II stopnia<\/a><\/p>\n<p><a href=\"https:\/\/us.edu.pl\/wydzial\/wh\/wp-content\/uploads\/sites\/15\/Bez-kategorii\/Uchwala-6-2025.pdf\" class=\"mtli_attachment mtli_pdf\" data-mtli=\"mtli_filesize196,63kB\" class=\"mtli_attachment mtli_pdf\" data-mtli=\"mtli_filesize196,63kB\">Uchwa\u0142a nr 6 Rady Dydaktycznej Kierunku z dn. 4 czerwca 2025 roku w sprawie wydania pozytywnej opinii nt. modyfikacji programu kszta\u0142cenia kierunku kultury medi\u00f3w I stopnia<\/a><\/p>\n<p><a href=\"https:\/\/us.edu.pl\/wydzial\/wh\/wp-content\/uploads\/sites\/15\/Bez-kategorii\/Uchwala-3-2025_KM.pdf\" class=\"mtli_attachment mtli_pdf\" data-mtli=\"mtli_filesize192,50kB\" class=\"mtli_attachment mtli_pdf\" data-mtli=\"mtli_filesize192,50kB\">Uchwa\u0142a nr 3 Rady Dydaktycznej Kierunku z dn. 27 maja 2025 roku w sprawie wydania pozytywnej opinii nt. modyfikacji programu kszta\u0142cenia kierunku kultury medi\u00f3w I stopnia<\/a><\/p>\n<p><a href=\"https:\/\/us.edu.pl\/wydzial\/wh\/wp-content\/uploads\/sites\/15\/Bez-kategorii\/Uchwala-2.2025.pdf\" class=\"mtli_attachment mtli_pdf\" data-mtli=\"mtli_filesize284,50kB\" class=\"mtli_attachment mtli_pdf\" data-mtli=\"mtli_filesize284,50kB\">Uchwa\u0142a nr 2 Rady Dydaktycznej Kierunku z dn. 25 marca 2025 roku w sprawie opinii nt. kryteri\u00f3w naboru na I rok studi\u00f3w w roku akademickim 2026-2027<\/a><\/p>\n<p><a href=\"https:\/\/us.edu.pl\/wydzial\/wh\/wp-content\/uploads\/sites\/15\/Bez-kategorii\/Zal_Uchwala_2_2025.pdf\" class=\"mtli_attachment mtli_pdf\" data-mtli=\"mtli_filesize193,89kB\" class=\"mtli_attachment mtli_pdf\" data-mtli=\"mtli_filesize193,89kB\">Za\u0142\u0105cznik 1 do Uchwa\u0142y nr 2 Rady Dydaktycznej Kierunku z dn. 25 marca 2025 roku w sprawie opinii nt. kryteri\u00f3w naboru na I rok studi\u00f3w w roku akademickim 2026-2027\u00a0<\/a><\/p>\n<p><a href=\"https:\/\/us.edu.pl\/wydzial\/wh\/wp-content\/uploads\/sites\/15\/Bez-kategorii\/Uchwala-1.2025KMKUL.pdf\" class=\"mtli_attachment mtli_pdf\" data-mtli=\"mtli_filesize231,42kB\" class=\"mtli_attachment mtli_pdf\" data-mtli=\"mtli_filesize231,42kB\">Uchwa\u0142a nr 1 Rady Dydaktycznej Kierunku z dn. 11 marca 2025 roku w sprawie wyra\u017cenia pozytywnej opinii na temat limitu przyj\u0119\u0107 na I rok studi\u00f3w w roku akad. 2025-2026<\/a><\/p>\n<p><a href=\"https:\/\/us.edu.pl\/wydzial\/wh\/wp-content\/uploads\/sites\/15\/KIERUNKI\/kultury-mediow\/KM-analiza-sesji-i-dyplomowania-2023-2024.pdf\" class=\"mtli_attachment mtli_pdf\" data-mtli=\"mtli_filesize428,82kB\" class=\"mtli_attachment mtli_pdf\" data-mtli=\"mtli_filesize428,82kB\">Analiza wynik\u00f3w sesji i procesu dyplomowania na kierunku kultury medi\u00f3w (rok akademicki 2023\/2024)<\/a><\/p>\n<p><a href=\"https:\/\/us.edu.pl\/wydzial\/wh\/wp-content\/uploads\/sites\/15\/KIERUNKI\/kultury-mediow\/KM-raport-2023-2024_final.pdf\" class=\"mtli_attachment mtli_pdf\" data-mtli=\"mtli_filesize940,00kB\" class=\"mtli_attachment mtli_pdf\" data-mtli=\"mtli_filesize940,00kB\">Raport z oceny kierunku studi\u00f3w KULTURY MEDI\u00d3W w zakresie jako\u015bci kszta\u0142cenia w roku akademickim 2023\/2024<\/a><\/p>\n<p><a href=\"https:\/\/us.edu.pl\/wydzial\/wh\/wp-content\/uploads\/sites\/15\/KIERUNKI\/kultury-mediow\/Uchwala-5.2024_final.pdf\" class=\"mtli_attachment mtli_pdf\" data-mtli=\"mtli_filesize468,21kB\" class=\"mtli_attachment mtli_pdf\" data-mtli=\"mtli_filesize468,21kB\">Uchwa\u0142a nr 5 Rady Dydaktycznej Kierunku z dn. 13 grudnia 2024 roku w sprawie harmonogramu prac nad modyfikacj\u0105 program\u00f3w kszta\u0142cenia na kierunku kultury medi\u00f3w I i II stopnia<\/a><\/p>\n<p><a href=\"https:\/\/us.edu.pl\/wydzial\/wh\/wp-content\/uploads\/sites\/15\/KIERUNKI\/kulturoznawstwo\/Uchwala-4.2024.pdf\" class=\"mtli_attachment mtli_pdf\" data-mtli=\"mtli_filesize406,19kB\" class=\"mtli_attachment mtli_pdf\" data-mtli=\"mtli_filesize406,19kB\" data-mtli=\"mtli_filesize406,19kB\">Uchwa\u0142a nr 4 Rady Dydaktycznej Kierunku z dn. 13 grudnia 2024 roku w sprawie likwidacji w roku akademickim 2025-2026 niestacjonarnych studi\u00f3w I i II stopnia na kierunku kulturoznawstwo<\/a><\/p>\n<p><a href=\"https:\/\/us.edu.pl\/wydzial\/wh\/wp-content\/uploads\/sites\/15\/Bez-kategorii\/Uchwala-3-2024.pdf\" class=\"mtli_attachment mtli_pdf\" data-mtli=\"mtli_filesize346,79kB\" class=\"mtli_attachment mtli_pdf\" data-mtli=\"mtli_filesize346,79kB\">Uchwa\u0142a nr 3 Rady Dydaktycznej Kierunku z dn. 29 maja 2024 roku w sprawie wydania pozytywnej opinii nt. modyfikacji programu kszta\u0142cenia kierunku kultury medi\u00f3w I stopnia<\/a><\/p>\n<p><a href=\"https:\/\/us.edu.pl\/wydzial\/wh\/wp-content\/uploads\/sites\/15\/Bez-kategorii\/Uchwala-2.2024.pdf\" class=\"mtli_attachment mtli_pdf\" data-mtli=\"mtli_filesize366,14kB\" class=\"mtli_attachment mtli_pdf\" data-mtli=\"mtli_filesize366,14kB\">Uchwa\u0142a nr 2 Rady Dydaktycznej Kierunku z dn. 22 marca 2024 roku w sprawie wyra\u017cenia pozytywnej opinii na temat limitu przyj\u0119\u0107 na I rok studi\u00f3w w roku akademickim 2024-2025<\/a><\/p>\n<p><a href=\"https:\/\/us.edu.pl\/wydzial\/wh\/wp-content\/uploads\/sites\/15\/Bez-kategorii\/Uchwala-1.2024-1.pdf\" class=\"mtli_attachment mtli_pdf\" data-mtli=\"mtli_filesize396,86kB\" class=\"mtli_attachment mtli_pdf\" data-mtli=\"mtli_filesize396,86kB\">Uchwa\u0142a nr 1 Rady Dydaktycznej Kierunku z dn. 25 stycznia 2024 roku w sprawie zawieszenia w roku akademickim 2024-2025 naboru na niestacjonarne studia I i II stopnia na kierunku kulturoznawstwo<\/a><\/p>\n<p><a href=\"https:\/\/us.edu.pl\/wydzial\/wh\/wp-content\/uploads\/sites\/15\/Bez-kategorii\/KM-raport-1.pdf\" class=\"mtli_attachment mtli_pdf\" data-mtli=\"mtli_filesize647,70kB\" class=\"mtli_attachment mtli_pdf\" data-mtli=\"mtli_filesize647,70kB\">Raport z oceny kierunku studi\u00f3w KULTURY MEDI\u00d3W w zakresie jako\u015bci kszta\u0142cenia w roku akademickim 2022\/2023<\/a><\/p>\n<p><a href=\"https:\/\/us.edu.pl\/wydzial\/wh\/wp-content\/uploads\/sites\/15\/Bez-kategorii\/Analiza-prac-etapowych-2022-2023Z.pdf\" class=\"mtli_attachment mtli_pdf\" data-mtli=\"mtli_filesize339,29kB\" class=\"mtli_attachment mtli_pdf\" data-mtli=\"mtli_filesize339,29kB\">Raport z analizy prac etapowych na kierunkach <\/a><a href=\"https:\/\/us.edu.pl\/wydzial\/wh\/wp-content\/uploads\/sites\/15\/Bez-kategorii\/KM-raport-1.pdf\" class=\"mtli_attachment mtli_pdf\" data-mtli=\"mtli_filesize647,70kB\" class=\"mtli_attachment mtli_pdf\" data-mtli=\"mtli_filesize647,70kB\">KM &#8211; raport <\/a><a href=\"https:\/\/us.edu.pl\/wydzial\/wh\/wp-content\/uploads\/sites\/15\/Bez-kategorii\/Analiza-prac-etapowych-2022-2023Z.pdf\" class=\"mtli_attachment mtli_pdf\" data-mtli=\"mtli_filesize339,29kB\" class=\"mtli_attachment mtli_pdf\" data-mtli=\"mtli_filesize339,29kB\">kulturoznawstwo i kultury medi\u00f3w (semestr zimowy 2022-2023)<\/a><\/p>\n<p><a href=\"https:\/\/us.edu.pl\/wydzial\/wh\/wp-content\/uploads\/sites\/15\/Bez-kategorii\/Uchwala-5.2023.pdf\" class=\"mtli_attachment mtli_pdf\" data-mtli=\"mtli_filesize438,04kB\" class=\"mtli_attachment mtli_pdf\" data-mtli=\"mtli_filesize438,04kB\">Uchwa\u0142a nr 5 Rady Dydaktycznej Kierunku z dn. 5 kwietnia 2023 roku w sprawie opinii nt. kryteri\u00f3w naboru na I rok studi\u00f3w w roku akademickim 2024-2025 (kierunki kulturoznawstwo, kultury medi\u00f3w oraz historia sztuki)<\/a><br \/>\n<a href=\"https:\/\/us.edu.pl\/wydzial\/wh\/wp-content\/uploads\/sites\/15\/Bez-kategorii\/Zal.-1.-Kryteria-naboru-2024-2025-HS-KU-i-KM.pdf\" class=\"mtli_attachment mtli_pdf\" data-mtli=\"mtli_filesize203,73kB\" class=\"mtli_attachment mtli_pdf\" data-mtli=\"mtli_filesize203,73kB\">Za\u0142\u0105cznik nr 1 do Uchwa\u0142y nr 5 Rady Dydaktycznej Kierunku z dn. 5 kwietnia 2023 roku<\/a><\/p>\n<p><a href=\"https:\/\/us.edu.pl\/wydzial\/wh\/wp-content\/uploads\/sites\/15\/Bez-kategorii\/Uchwala-3.2023.pdf\" class=\"mtli_attachment mtli_pdf\" data-mtli=\"mtli_filesize385,95kB\" class=\"mtli_attachment mtli_pdf\" data-mtli=\"mtli_filesize385,95kB\">Uchwa\u0142a nr 3 Rady Dydaktycznej Kierunku z dn. 23 marca 2023 roku w sprawie wyra\u017cenia pozytywnej opinii na temat limitu przyj\u0119\u0107 na I rok studi\u00f3w w roku akademickim 2023-2024<\/a><\/p>\n<p><a href=\"https:\/\/us.edu.pl\/wydzial\/wh\/wp-content\/uploads\/sites\/15\/Bez-kategorii\/Uchwala-3.2023.pdf\" class=\"mtli_attachment mtli_pdf\" data-mtli=\"mtli_filesize385,95kB\" class=\"mtli_attachment mtli_pdf\" data-mtli=\"mtli_filesize385,95kB\">Uchwa\u0142a nr 2 Rady Dydaktycznej Kierunku z dn. 27 lutego 2023 roku w sprawie likwidacji w roku akademickim 2023-2024 niestacjonarnych studi\u00f3w I stopnia na kierunku historia sztuki<\/a><\/p>\n<p><a href=\"https:\/\/us.edu.pl\/wydzial\/wh\/wp-content\/uploads\/sites\/15\/Bez-kategorii\/Uchwala-1.2023.pdf\" class=\"mtli_attachment mtli_pdf\" data-mtli=\"mtli_filesize419,93kB\" class=\"mtli_attachment mtli_pdf\" data-mtli=\"mtli_filesize419,93kB\">Uchwa\u0142a nr 1 Rady Dydaktycznej Kierunku z dn. 27 lutego 2023 roku w sprawie zawieszenia w roku akademickim 2023-2024 naboru na niestacjonarne studia I i II stopnia na kierunku kultury medi\u00f3w<\/a><\/p>\n<p><a href=\"https:\/\/us.edu.pl\/wydzial\/wh\/wp-content\/uploads\/sites\/15\/Bez-kategorii\/KM-Analiza-wynikow-sesji-i-procesu-dyplomowania-2021-2022.pdf\" class=\"mtli_attachment mtli_pdf\" data-mtli=\"mtli_filesize491,69kB\" class=\"mtli_attachment mtli_pdf\" data-mtli=\"mtli_filesize491,69kB\">Analiza wynik\u00f3w sesji i procesu dyplomowania na kierunku kultury medi\u00f3w (rok akademicki 2021\/2022)<\/a><\/p>\n<p><a href=\"https:\/\/us.edu.pl\/wydzial\/wh\/wp-content\/uploads\/sites\/15\/Bez-kategorii\/Uchwala-RD-3-2022-w-sprawie-wydania-opinii-nt.-kandydatur-do-listow-gratulacyjnych-JM-Rektora-US.pdf\" class=\"mtli_attachment mtli_pdf\" data-mtli=\"mtli_filesize377,68kB\" class=\"mtli_attachment mtli_pdf\" data-mtli=\"mtli_filesize377,68kB\">Uchwa\u0142a nr 3 Rady Dydaktycznej Kierunku z dn. 3 listopada 2022 roku w sprawie wydania pozytywnej opinii nt. kandydatur do list\u00f3w gratulacyjnych JM Rektora U\u015a dla nauczycieli i nauczycielek akademickich U\u015a<\/a><\/p>\n<p><a href=\"https:\/\/us.edu.pl\/wydzial\/wh\/wp-content\/uploads\/sites\/15\/Bez-kategorii\/Raport-z-praktyk-zawodowych-2021-2022-KULTURY-MEDIOW.pdf\" class=\"mtli_attachment mtli_pdf\" data-mtli=\"mtli_filesize425,51kB\" class=\"mtli_attachment mtli_pdf\" data-mtli=\"mtli_filesize425,51kB\">Raport z praktyk zawodowych 2021-2022 &#8211; KULTURY MEDI\u00d3W<\/a><\/p>\n<p><a href=\"https:\/\/us.edu.pl\/wydzial\/wh\/wp-content\/uploads\/sites\/15\/Bez-kategorii\/Raport-z-oceny-wlasnej-kierunku-KULTURY-MEDIOW-w-zakresie-jakosci-ksztalcenia-w-roku-2021-2022.pdf\" class=\"mtli_attachment mtli_pdf\" data-mtli=\"mtli_filesize645,06kB\" class=\"mtli_attachment mtli_pdf\" data-mtli=\"mtli_filesize645,06kB\">Raport z oceny w\u0142asnej kierunku KULTURY MEDI\u00d3W w zakresie jako\u015bci kszta\u0142cenia w roku 2021-2022<\/a><\/p>\n<p><a href=\"https:\/\/us.edu.pl\/wydzial\/wh\/wp-content\/uploads\/sites\/15\/Bez-kategorii\/Raport-z-analizy-wynikow-ankiety-oceny-pracy-nauczyciela-akademickiego-2021-2022.pdf\" class=\"mtli_attachment mtli_pdf\" data-mtli=\"mtli_filesize363,84kB\" class=\"mtli_attachment mtli_pdf\" data-mtli=\"mtli_filesize363,84kB\">Raport z analizy wynik\u00f3w ankiety oceny pracy nauczyciela akademickiego 2021-2022<\/a><\/p>\n<p><a href=\"https:\/\/us.edu.pl\/wydzial\/wh\/wp-content\/uploads\/sites\/15\/Bez-kategorii\/Raport-z-analizy-sylabusow-zajec-prowadzonych-na-kierunkach-KU-i-KM-2022-2023Z.pdf\" class=\"mtli_attachment mtli_pdf\" data-mtli=\"mtli_filesize339,30kB\" class=\"mtli_attachment mtli_pdf\" data-mtli=\"mtli_filesize339,30kB\">Raport z analizy sylabus\u00f3w zaj\u0119\u0107 prowadzonych na kierunkach\u00a0kulturoznawstwo i kultury medi\u00f3w (semestr zimowy 2022-2023)<\/a><\/p>\n<style type=\"text\/css\">a[data-mtli~=\"mtli_filesize230,23kB\"]:after {content:\" (230,23 kB)\"}a[data-mtli~=\"mtli_filesize452,60kB\"]:after {content:\" (452,60 kB)\"}a[data-mtli~=\"mtli_filesize218,35kB\"]:after {content:\" (218,35 kB)\"}a[data-mtli~=\"mtli_filesize319,87kB\"]:after {content:\" (319,87 kB)\"}a[data-mtli~=\"mtli_filesize196,09kB\"]:after {content:\" (196,09 kB)\"}a[data-mtli~=\"mtli_filesize196,63kB\"]:after {content:\" (196,63 kB)\"}a[data-mtli~=\"mtli_filesize192,50kB\"]:after {content:\" (192,50 kB)\"}a[data-mtli~=\"mtli_filesize284,50kB\"]:after {content:\" (284,50 kB)\"}a[data-mtli~=\"mtli_filesize193,89kB\"]:after {content:\" (193,89 kB)\"}a[data-mtli~=\"mtli_filesize231,42kB\"]:after {content:\" (231,42 kB)\"}a[data-mtli~=\"mtli_filesize428,82kB\"]:after {content:\" (428,82 kB)\"}a[data-mtli~=\"mtli_filesize940,00kB\"]:after {content:\" (940,00 kB)\"}a[data-mtli~=\"mtli_filesize468,21kB\"]:after {content:\" (468,21 kB)\"}a[data-mtli~=\"mtli_filesize406,19kB\"]:after {content:\" (406,19 kB)\"}a[data-mtli~=\"mtli_filesize346,79kB\"]:after {content:\" (346,79 kB)\"}a[data-mtli~=\"mtli_filesize366,14kB\"]:after {content:\" (366,14 kB)\"}a[data-mtli~=\"mtli_filesize396,86kB\"]:after {content:\" (396,86 kB)\"}a[data-mtli~=\"mtli_filesize647,70kB\"]:after {content:\" (647,70 kB)\"}a[data-mtli~=\"mtli_filesize339,29kB\"]:after {content:\" (339,29 kB)\"}a[data-mtli~=\"mtli_filesize438,04kB\"]:after {content:\" (438,04 kB)\"}a[data-mtli~=\"mtli_filesize203,73kB\"]:after {content:\" (203,73 kB)\"}a[data-mtli~=\"mtli_filesize385,95kB\"]:after {content:\" (385,95 kB)\"}a[data-mtli~=\"mtli_filesize419,93kB\"]:after {content:\" (419,93 kB)\"}a[data-mtli~=\"mtli_filesize491,69kB\"]:after {content:\" (491,69 kB)\"}a[data-mtli~=\"mtli_filesize377,68kB\"]:after {content:\" (377,68 kB)\"}a[data-mtli~=\"mtli_filesize425,51kB\"]:after {content:\" (425,51 kB)\"}a[data-mtli~=\"mtli_filesize645,06kB\"]:after {content:\" (645,06 kB)\"}a[data-mtli~=\"mtli_filesize363,84kB\"]:after {content:\" (363,84 kB)\"}a[data-mtli~=\"mtli_filesize339,30kB\"]:after {content:\" (339,30 kB)\"}<\/style><\/div>\r\n                    <\/div>\r\n                <\/div>[\/vc_column][vc_column width=&#8221;1\/3&#8243;][\/vc_column][\/vc_row]<\/p>\n<style type=\"text\/css\">a[data-mtli~=\"mtli_filesize230,23kB\"]:after {content:\" (230,23 kB)\"}a[data-mtli~=\"mtli_filesize452,60kB\"]:after {content:\" (452,60 kB)\"}a[data-mtli~=\"mtli_filesize218,35kB\"]:after {content:\" (218,35 kB)\"}a[data-mtli~=\"mtli_filesize319,87kB\"]:after {content:\" (319,87 kB)\"}a[data-mtli~=\"mtli_filesize196,09kB\"]:after {content:\" (196,09 kB)\"}a[data-mtli~=\"mtli_filesize196,63kB\"]:after {content:\" (196,63 kB)\"}a[data-mtli~=\"mtli_filesize192,50kB\"]:after {content:\" (192,50 kB)\"}a[data-mtli~=\"mtli_filesize284,50kB\"]:after {content:\" (284,50 kB)\"}a[data-mtli~=\"mtli_filesize193,89kB\"]:after {content:\" (193,89 kB)\"}a[data-mtli~=\"mtli_filesize231,42kB\"]:after {content:\" (231,42 kB)\"}a[data-mtli~=\"mtli_filesize428,82kB\"]:after {content:\" (428,82 kB)\"}a[data-mtli~=\"mtli_filesize940,00kB\"]:after {content:\" (940,00 kB)\"}a[data-mtli~=\"mtli_filesize468,21kB\"]:after {content:\" (468,21 kB)\"}a[data-mtli~=\"mtli_filesize406,19kB\"]:after {content:\" (406,19 kB)\"}a[data-mtli~=\"mtli_filesize346,79kB\"]:after {content:\" (346,79 kB)\"}a[data-mtli~=\"mtli_filesize366,14kB\"]:after {content:\" (366,14 kB)\"}a[data-mtli~=\"mtli_filesize396,86kB\"]:after {content:\" (396,86 kB)\"}a[data-mtli~=\"mtli_filesize647,70kB\"]:after {content:\" (647,70 kB)\"}a[data-mtli~=\"mtli_filesize339,29kB\"]:after {content:\" (339,29 kB)\"}a[data-mtli~=\"mtli_filesize438,04kB\"]:after {content:\" (438,04 kB)\"}a[data-mtli~=\"mtli_filesize203,73kB\"]:after {content:\" (203,73 kB)\"}a[data-mtli~=\"mtli_filesize385,95kB\"]:after {content:\" (385,95 kB)\"}a[data-mtli~=\"mtli_filesize419,93kB\"]:after {content:\" (419,93 kB)\"}a[data-mtli~=\"mtli_filesize491,69kB\"]:after {content:\" (491,69 kB)\"}a[data-mtli~=\"mtli_filesize377,68kB\"]:after {content:\" (377,68 kB)\"}a[data-mtli~=\"mtli_filesize425,51kB\"]:after {content:\" (425,51 kB)\"}a[data-mtli~=\"mtli_filesize645,06kB\"]:after {content:\" (645,06 kB)\"}a[data-mtli~=\"mtli_filesize363,84kB\"]:after {content:\" (363,84 kB)\"}a[data-mtli~=\"mtli_filesize339,30kB\"]:after {content:\" (339,30 kB)\"}<\/style>","protected":false},"excerpt":{"rendered":"<p>[vc_row el_class=&#8221;container&#8221;][vc_column width=&#8221;2\/3&#8243;][\/vc_column][vc_column width=&#8221;1\/3&#8243;][\/vc_column][\/vc_row] [&#8230;]<\/p>\n<p><a class=\"btn btn-secondary understrap-read-more-link\" href=\"https:\/\/us.edu.pl\/wydzial\/wh\/kierunki-studiow\/kultury-mediow\/uchwaly-rady-dydaktycznej-i-raporty\/\">Read More&#8230;<\/a><\/p>\n","protected":false},"author":2430,"featured_media":0,"parent":174988,"menu_order":0,"comment_status":"closed","ping_status":"closed","template":"","meta":{"_expiration-date-status":"","_expiration-date":0,"_expiration-date-type":"","_expiration-date-categories":[],"_expiration-date-options":[]},"acf":[],"_links":{"self":[{"href":"https:\/\/us.edu.pl\/wydzial\/wh\/wp-json\/wp\/v2\/pages\/161351"}],"collection":[{"href":"https:\/\/us.edu.pl\/wydzial\/wh\/wp-json\/wp\/v2\/pages"}],"about":[{"href":"https:\/\/us.edu.pl\/wydzial\/wh\/wp-json\/wp\/v2\/types\/page"}],"author":[{"embeddable":true,"href":"https:\/\/us.edu.pl\/wydzial\/wh\/wp-json\/wp\/v2\/users\/2430"}],"replies":[{"embeddable":true,"href":"https:\/\/us.edu.pl\/wydzial\/wh\/wp-json\/wp\/v2\/comments?post=161351"}],"version-history":[{"count":10,"href":"https:\/\/us.edu.pl\/wydzial\/wh\/wp-json\/wp\/v2\/pages\/161351\/revisions"}],"predecessor-version":[{"id":194102,"href":"https:\/\/us.edu.pl\/wydzial\/wh\/wp-json\/wp\/v2\/pages\/161351\/revisions\/194102"}],"up":[{"embeddable":true,"href":"https:\/\/us.edu.pl\/wydzial\/wh\/wp-json\/wp\/v2\/pages\/174988"}],"wp:attachment":[{"href":"https:\/\/us.edu.pl\/wydzial\/wh\/wp-json\/wp\/v2\/media?parent=161351"}],"curies":[{"name":"wp","href":"https:\/\/api.w.org\/{rel}","templated":true}]}}