{"id":162846,"date":"2023-03-02T12:52:31","date_gmt":"2023-03-02T11:52:31","guid":{"rendered":"https:\/\/us.edu.pl\/wydzial\/wh\/?page_id=162846"},"modified":"2025-09-29T11:14:48","modified_gmt":"2025-09-29T09:14:48","slug":"sklad","status":"publish","type":"page","link":"https:\/\/us.edu.pl\/wydzial\/wh\/wydzialowa-komisja-ds-ksztalcenia-i-studentow\/sklad\/","title":{"rendered":"Sk\u0142ad wydzia\u0142owej Komisji ds. kszta\u0142cenia i student\u00f3w"},"content":{"rendered":"<p>[vc_row el_class=&#8221;container&#8221;][vc_column]\r\n                <div class=\"text-modules\">\r\n                    <div class=\"container\">\r\n                        <h3 class=\"page-title text__title\">Sk\u0142ad wydzia\u0142owej Komisji ds. kszta\u0142cenia i student\u00f3w<\/h3>\r\n                        <div class=\"text-modules__content\"><\/div>\r\n                    <\/div>\r\n                <\/div>[\/vc_column][\/vc_row][vc_row el_class=&#8221;container&#8221;][vc_column width=&#8221;2\/3&#8243;]\r\n                <div class=\"text-modules\">\r\n                    <div class=\"container\">\r\n                        \r\n                        <div class=\"text-modules__content\"><p><strong>dr hab. Anna Ka\u0142u\u017ca, prof. U\u015a,\u00a0 \u00a0prof. dr hab. Renata Dampc-Jarosz<\/strong> \u2013 Prodziekan ds. studenckich i kszta\u0142cenia \u2013 Przewodnicz\u0105ce<\/p>\n<p><strong>Prof. dr hab. Adam Dziadek <\/strong>\u2013 Dziekan Wydzia\u0142u, Przewodnicz\u0105cy Kolegium<\/p>\n<p><strong>dr hab. Tomasz Bielak<\/strong> \u2013 Dyrektor kierunku filologia polska<\/p>\n<p><strong>dr hab. Rafa\u0142 Borys\u0142awski, prof. U\u015a<\/strong>\u00a0\u2013 Pe\u0142nomocnik dziekana ds. wsp\u00f3\u0142pracy mi\u0119dzynarodowej<\/p>\n<p><strong>dr Ewa Bi\u0142as-Pleszak, prof. U\u015a<\/strong> \u2013 Dyrektor kierunk\u00f3w: komunikacja cyfrowa, komunikacja mi\u0119dzykulturowa, komunikacja promocyjna i kryzysowa, logopedia, mi\u0119dzynarodowe studia polskie<\/p>\n<p><strong>dr Pawe\u0142 Duda<\/strong> \u2013 Dyrektor kierunk\u00f3w: historia, \u015brodkowoeuropejskie studia historyczne, turystyka historyczna<\/p>\n<p><strong>dr hab. Zbigniew Feliszewski, prof. U\u015a<\/strong> \u2013 Dyrektor kierunku filologia germa\u0144ska<\/p>\n<p><strong>mgr \u0141ukasz G\u0119borek<\/strong> \u2013 zast\u0119pca kierownika dziekanatu<\/p>\n<p><strong>dr Piotr Gorli\u0144ski-Kucik \u2013<\/strong> Pe\u0142nomocnik dziekana ds. zapewniania jako\u015bci kszta\u0142cenia i akredytacji<\/p>\n<p><strong>dr hab. Magdalena Kempna-Pieni\u0105\u017cek, prof. U\u015a<\/strong> \u2013 Dyrektor kierunk\u00f3w: kulturoznawstwo, kultury medi\u00f3w, historii sztuki<\/p>\n<p><strong>dr Piotr Kowalewski Jahromi <\/strong>\u2013 Pe\u0142nomocnik dziekana ds. studenckich<\/p>\n<p><strong>dr Agnieszka \u0141akomy-Ch\u0142osta<\/strong>\u00a0\u2013 Przedstawiciel pe\u0142nomocnik\u00f3w ds. dost\u0119pno\u015bci<\/p>\n<p><strong>dr Karol Makles <\/strong>\u00a0\u2013 Dyrektor kierunk\u00f3w: architektura informacji, informacja naukowa i bibliotekoznawstwo<\/p>\n<p><strong>dr Joanna Mercik <\/strong>\u2013 Pe\u0142nomocnik dziekana ds. kszta\u0142cenia na odleg\u0142o\u015b\u0107<\/p>\n<p><strong>dr hab. Miros\u0142awa Michalska-Suchanek, prof. U\u015a<\/strong> \u2013 Dyrektor kierunk\u00f3w: filologia rosyjska, filologia s\u0142owia\u0144ska, filologia wschodnios\u0142owia\u0144ska<\/p>\n<p><strong>dr hab. Grzegorz Olsza\u0144ski, prof. U\u015a<\/strong> \u2013 Dyrektor kierunk\u00f3w: filologia klasyczna, interdyscyplinarne studia humanistyczne nad \u015brodowiskiem mediteranistyka, sztuka pisania, tw\u00f3rcze pisanie i marketing wydawniczy<\/p>\n<p><strong>dr hab. Andrzej Rabsztyn, prof. U\u015a<\/strong>\u00a0\u2013 Dyrektor Kierunku filologia roma\u0144ska, filologia francuska, filologia hiszpa\u0144ska, filologia w\u0142oska<\/p>\n<p><strong>dr hab. Lucyna Sadzikowska, prof. U\u015a <\/strong>\u2013 Prodziekan ds. rozwoju<\/p>\n<p><strong>dr Marcin Sarnek<\/strong> \u2013 Dyrektor kierunku filologia angielska<\/p>\n<p><strong>dr Mariola Su\u0142kowska-Janowska, prof. U\u015a <\/strong>\u2013 Dyrektor kierunk\u00f3w: filozofia, kognitywistyka, doradztwo filozoficzne i coaching<\/p>\n<p><strong>prof. dr hab. Jolanta Tambor \u2013\u00a0<\/strong>Pe\u0142nomocnik dziekana ds. student\u00f3w zagranicznych<\/p>\n<p><strong>dr Pawe\u0142 Zakrajewski, prof. U\u015a<\/strong> \u2013 Dyrektor kierunku lingwistyka stosowana, koreanistyka<\/p>\n<p>Przedstawiciel Samorz\u0105du Studenckiego<\/p>\n<\/div>\r\n                    <\/div>\r\n                <\/div>[\/vc_column][vc_column width=&#8221;1\/3&#8243;][\/vc_column][\/vc_row]<\/p>","protected":false},"excerpt":{"rendered":"<p>[vc_row el_class=&#8221;container&#8221;][vc_column][\/vc_column][\/vc_row][vc_row el_class=&#8221;container&#8221;][vc_column width=&#8221;2\/3&#8243;][\/vc_column][vc_column width=&#8221;1\/3&#8243;][\/vc_column][\/vc_row] [&#8230;]<\/p>\n<p><a class=\"btn btn-secondary understrap-read-more-link\" href=\"https:\/\/us.edu.pl\/wydzial\/wh\/wydzialowa-komisja-ds-ksztalcenia-i-studentow\/sklad\/\">Read More&#8230;<\/a><\/p>\n","protected":false},"author":1,"featured_media":0,"parent":6383,"menu_order":0,"comment_status":"closed","ping_status":"closed","template":"","meta":{"_expiration-date-status":"","_expiration-date":0,"_expiration-date-type":"","_expiration-date-categories":[],"_expiration-date-options":[]},"acf":[],"_links":{"self":[{"href":"https:\/\/us.edu.pl\/wydzial\/wh\/wp-json\/wp\/v2\/pages\/162846"}],"collection":[{"href":"https:\/\/us.edu.pl\/wydzial\/wh\/wp-json\/wp\/v2\/pages"}],"about":[{"href":"https:\/\/us.edu.pl\/wydzial\/wh\/wp-json\/wp\/v2\/types\/page"}],"author":[{"embeddable":true,"href":"https:\/\/us.edu.pl\/wydzial\/wh\/wp-json\/wp\/v2\/users\/1"}],"replies":[{"embeddable":true,"href":"https:\/\/us.edu.pl\/wydzial\/wh\/wp-json\/wp\/v2\/comments?post=162846"}],"version-history":[{"count":11,"href":"https:\/\/us.edu.pl\/wydzial\/wh\/wp-json\/wp\/v2\/pages\/162846\/revisions"}],"predecessor-version":[{"id":192358,"href":"https:\/\/us.edu.pl\/wydzial\/wh\/wp-json\/wp\/v2\/pages\/162846\/revisions\/192358"}],"up":[{"embeddable":true,"href":"https:\/\/us.edu.pl\/wydzial\/wh\/wp-json\/wp\/v2\/pages\/6383"}],"wp:attachment":[{"href":"https:\/\/us.edu.pl\/wydzial\/wh\/wp-json\/wp\/v2\/media?parent=162846"}],"curies":[{"name":"wp","href":"https:\/\/api.w.org\/{rel}","templated":true}]}}