{"id":162851,"date":"2023-03-02T13:06:25","date_gmt":"2023-03-02T12:06:25","guid":{"rendered":"https:\/\/us.edu.pl\/wydzial\/wh\/?page_id=162851"},"modified":"2024-11-20T15:00:13","modified_gmt":"2024-11-20T14:00:13","slug":"wydzialowa-strategia-ksztalcenia","status":"publish","type":"page","link":"https:\/\/us.edu.pl\/wydzial\/wh\/wydzialowa-komisja-ds-ksztalcenia-i-studentow\/wydzialowa-strategia-ksztalcenia\/","title":{"rendered":"Wydzia\u0142owa strategia kszta\u0142cenia z wykorzystaniem metod i technik kszta\u0142cenia na odleg\u0142o\u015b\u0107"},"content":{"rendered":"<p>[vc_row el_class=&#8221;container&#8221;][vc_column width=&#8221;2\/3&#8243;]\r\n                <div class=\"text-modules\">\r\n                    <div class=\"container\">\r\n                        \r\n                        <div class=\"text-modules__content\"><\/p>\n<p style=\"text-align: center;\"><span style=\"font-size: 14pt;\"><strong>Wydzia\u0142owa strategia kszta\u0142cenia<br \/>\nz wykorzystaniem metod i technik kszta\u0142cenia na odleg\u0142o\u015b\u0107<\/strong><\/span><\/p>\n<p style=\"text-align: justify;\">Celem strategii kszta\u0142cenia z wykorzystaniem metod i technik kszta\u0142cenia na odleg\u0142o\u015b\u0107 (dalej: strategii) jest stworzenie ram dla wdro\u017cenia Zarz\u0105dzenia Rektora U\u015a nr 176 z 15 pa\u017adziernika 2021 roku w sprawie zasad prowadzenia w Uniwersytecie \u015al\u0105skim w Katowicach zaj\u0119\u0107 dydaktycznych z wykorzystaniem metod i technik kszta\u0142cenia na odleg\u0142o\u015b\u0107 (dalej: Zarz\u0105dzenia). Strategia zosta\u0142a wypracowana zgodnie z \u00a7 2 ust. 6 zarz\u0105dzenia i po uzyskaniu opinii wydzia\u0142owej komisji ds. kszta\u0142cenia i student\u00f3w. Zapisy strategii uwzgl\u0119dniaj\u0105 liczebno\u015b\u0107 oraz r\u00f3\u017cnorodno\u015b\u0107 kierunk\u00f3w studi\u00f3w prowadzonych na Wydziale. Za\u0142o\u017ceniem strategii jest wyznaczenie kierunku dzia\u0142a\u0144 w organizacji kszta\u0142cenia, dzi\u0119ki kt\u00f3rym zaj\u0119cia z wykorzystaniem metod i technik kszta\u0142cenia na odleg\u0142o\u015b\u0107 b\u0119d\u0105 realizowane zgodnie z wiedz\u0105 metodyczn\u0105, osi\u0105gni\u0119ciami technologii oraz procedurami zapewniania jako\u015bci kszta\u0142cenia, a tak\u017ce z uwzgl\u0119dnieniem specyfiki poszczeg\u00f3lnych modu\u0142\u00f3w.<\/p>\n<ol style=\"text-align: justify;\">\n<li>W planowaniu i prowadzeniu zaj\u0119\u0107 z wykorzystaniem metod i technik kszta\u0142cenia na odleg\u0142o\u015b\u0107 nale\u017cy stosowa\u0107 si\u0119 do zasad regulowanych zarz\u0105dzeniem Rektora U\u015a nr 176 z 15 pa\u017adziernika 2021 r. w sprawie zasad prowadzenia w Uniwersytecie \u015al\u0105skim w Katowicach zaj\u0119\u0107 dydaktycznych z wykorzystaniem metod i technik kszta\u0142cenia na odleg\u0142o\u015b\u0107.<\/li>\n<li>Dyrektorki\/Dyrektorzy kierunk\u00f3w decyduj\u0105 o prowadzaniu modu\u0142\u00f3w z wykorzystaniem metod i technik kszta\u0142cenia na odleg\u0142o\u015b\u0107, uwzgl\u0119dniaj\u0105c opini\u0119 Rady Dydaktycznej kierunku, nie p\u00f3\u017aniej ni\u017c 2 tygodnie przed rozpocz\u0119ciem semestru, w kt\u00f3rym dane zaj\u0119cia maja\u0328 by\u0107\u0301 prowadzone. W decyzji tej powinno uwzgl\u0119dni\u0107 si\u0119 specyfik\u0119 modu\u0142\u00f3w, efekty kszta\u0142cenia, kompetencje nauczycielek i nauczycieli akademickich w zakresie prowadzenia zaj\u0119\u0107 z wykorzystaniem metod i technik kszta\u0142cenia na odleg\u0142o\u015b\u0107. Nauczyciele akademiccy zatrudnieni w Uniwersytecie \u015al\u0105skim powinni posiada\u0107 certyfikat potwierdzaj\u0105cy zdobycie kompetencji w zakresie obs\u0142ugi wybranej platformy do kszta\u0142cenia na odleg\u0142o\u015b\u0107. Zgodnie z Zarz\u0105dzeniem, kszta\u0142cenie na odleg\u0142o\u015b\u0107 mo\u017ce by\u0107 prowadzone za po\u015brednictwem platform: MS Teams, Moodle lub Google Classroom. Nauczyciele akademiccy zatrudnieni w Uniwersytecie \u015al\u0105skim, kt\u00f3rzy nie posiadaj\u0105 stosownego certyfikatu, s\u0105 zobowi\u0105zani do uko\u0144czenia odpowiedniego szkolenia na platformie szkole\u0144 wewn\u0119trznych Uniwersytetu lub do zawnioskowania do Dziekana Wydzia\u0142u o zwolnienie z konieczno\u015bci szkolenia, nie p\u00f3\u017aniej ni\u017c 2 tygodnie po rozpocz\u0119ciu zaj\u0119\u0107 w danym semestrze.<\/li>\n<li>Dyrektorki\/Dyrektorzy kierunk\u00f3w sporz\u0105dzaj\u0105 ewidencj\u0119 zaj\u0119\u0107 prowadzonych z wykorzystaniem metod i technik kszta\u0142cenia na odleg\u0142o\u015b\u0107 na danych kierunkach w danych cyklach kszta\u0142cenia wraz ze wskazaniem ilo\u015bci punkt\u00f3w ECTS przypisanych tym modu\u0142om. Procentowy udzia\u0142 punkt\u00f3w ECTS realizowanych z wykorzystaniem metod i technik kszta\u0142cenia na odleg\u0142o\u015b\u0107 w danym cyklu kszta\u0142cenia powinien wynosi\u0107 od 10 do 30%.<\/li>\n<li>Informacja o prowadzeniu zaj\u0119\u0107 z wykorzystaniem metod i technik kszta\u0142cenia na odleg\u0142o\u015b\u0107 ze wskazaniem wykorzystywanej platformy oraz okre\u015bleniem, w jakim zakresie zaj\u0119cia b\u0119d\u0105 realizowane w trybie synchronicznym i asynchronicznym, powinna znajdowa\u0107 si\u0119 w sylabusie modu\u0142u. Proporcje udzia\u0142u trybu asynchronicznego i synchronicznego w modu\u0142ach prowadzonych z wykorzystaniem metod i technik kszta\u0142cenia na odleg\u0142o\u015b\u0107 okre\u015bla dyrektor lub dyrektorka kierunku w porozumieniu z koordynatork\u0105\/koordynatorem danego modu\u0142u.<\/li>\n<li>W trybie zdalnym nie powinny by\u0107 prowadzone:<\/li>\n<\/ol>\n<ul style=\"text-align: justify;\">\n<li style=\"list-style-type: none;\">\n<ul>\n<li>modu\u0142y, kt\u00f3rych realizacja powi\u0105zana jest z konieczno\u015bci\u0105 korzystania z odpowiedniej aparatury dost\u0119pnej jedynie w siedzibie uczelni;<\/li>\n<li>modu\u0142y praktyczne \u2013 z wy\u0142\u0105czeniem modu\u0142\u00f3w s\u0142u\u017c\u0105cych osi\u0105gni\u0119ciu kompetencji cyfrowych;<\/li>\n<li>modu\u0142y wymagaj\u0105ce osobistego uczestnictwa osoby studiuj\u0105cej w zaj\u0119ciach (np. zaj\u0119cia terenowe).<\/li>\n<\/ul>\n<\/li>\n<\/ul>\n<ol start=\"6\">\n<li style=\"text-align: justify;\">Wy\u0142\u0105czenia innego typu modu\u0142\u00f3w z trybu zdalnego ustala w\u0142a\u015bciwy dyrektorka\/dyrektor kierunku\/kierunk\u00f3w, bior\u0105c pod uwag\u0119 konieczno\u015b\u0107 osi\u0105gni\u0119cia okre\u015blonych efekt\u00f3w uczenia si\u0119.<\/li>\n<li style=\"text-align: justify;\">Zaleca si\u0119, aby modu\u0142y prowadzone w formie zdalnej zosta\u0142y roz\u0142o\u017cone proporcjonalne w ramach jednego cyklu kszta\u0142cenia. Ostateczne decyzje w tym zakresie podejmuje dyrektorka\/dyrektor kierunku, uwzgl\u0119dniaj\u0105c jego specyfik\u0119.<\/li>\n<li style=\"text-align: justify;\">Osoby studiuj\u0105ce otrzymuj\u0105 informacj\u0119 o modu\u0142ach realizowanych z wykorzystaniem metod i technik kszta\u0142cenia na odleg\u0142o\u015b\u0107 wraz z harmonogramem zaj\u0119\u0107. Zaleca si\u0119, aby w ka\u017cdym semestrze dla przeprowadzenia zaj\u0119\u0107 zdalnych danego kierunku\/danego rocznika zosta\u0142 ustalony jeden dzie\u0144 w tygodniu. W dniu przeznaczonym na zaj\u0119cia zdalne nie powinno si\u0119 organizowa\u0107 zaj\u0119\u0107 stacjonarnych.<\/li>\n<li style=\"text-align: justify;\">Prowadz\u0105ca\/prowadz\u0105cy zaj\u0119cia mo\u017ce w wyj\u0105tkowych sytuacjach (np. wyjazd na sta\u017c, kr\u00f3tkoterminowy wyjazd dydaktyczny lub wyjazd naukowy) uzyska\u0107 od dyrektorki\/dyrektora kierunku zgod\u0119 na prowadzenie z wykorzystaniem metod i technik kszta\u0142cenia na odleg\u0142o\u015b\u0107 cz\u0119\u015bci zaj\u0119\u0107 w semestrze. W takim przypadku modu\u0142 ten nie wlicza si\u0119 w pul\u0119 modu\u0142\u00f3w realizowanych z wykorzystaniem metod i technik kszta\u0142cenia na odleg\u0142o\u015b\u0107 w danym cyklu kszta\u0142cenia. Prowadz\u0105ca\/prowadz\u0105cy zaj\u0119cia powiadamia osoby studiuj\u0105ce o prowadzeniu wybranych zaj\u0119\u0107 z wykorzystaniem metod i technik kszta\u0142cenia na odleg\u0142o\u015b\u0107 najszybciej, jak to mo\u017cliwe, korzystaj\u0105c z poczty USOSmail lub innego, ustalonego z dan\u0105 grup\u0105 kana\u0142u komunikacji.<\/li>\n<li style=\"text-align: justify;\">Nauczycielki i nauczyciele akademiccy odbywaj\u0105 konsultacje w siedzibie uczelni. Na pro\u015bb\u0119 os\u00f3b studiuj\u0105cych powinni r\u00f3wnie\u017c by\u0107 dost\u0119pni w czasie konsultacji zdalnie.<\/li>\n<\/ol>\n<p>\n<\/div>\r\n                    <\/div>\r\n                <\/div>\r\n                <div class=\"text-modules\">\r\n                    <div class=\"container\">\r\n                        \r\n                        <div class=\"text-modules__content\"><p><a href=\"https:\/\/us.edu.pl\/wydzial\/wh\/wp-content\/uploads\/sites\/15\/Bez-kategorii\/Wydzialowa-strategia-ksztalcenia.pdf\" class=\"mtli_attachment mtli_pdf\" data-mtli=\"mtli_filesize1,15MB\" class=\"mtli_attachment mtli_pdf\" data-mtli=\"mtli_filesize1,15MB\">Skan strategii z podpisem Dziekana Wydzia\u0142u Humanistycznego<\/a><\/p>\n<style type=\"text\/css\">a[data-mtli~=\"mtli_filesize1,15MB\"]:after {content:\" (1,15 MB)\"}<\/style><\/div>\r\n                    <\/div>\r\n                <\/div>[\/vc_column][vc_column width=&#8221;1\/3&#8243;][\/vc_column][\/vc_row]<\/p>\n<style type=\"text\/css\">a[data-mtli~=\"mtli_filesize1,15MB\"]:after {content:\" (1,15 MB)\"}<\/style>","protected":false},"excerpt":{"rendered":"<p>[vc_row el_class=&#8221;container&#8221;][vc_column width=&#8221;2\/3&#8243;][\/vc_column][vc_column width=&#8221;1\/3&#8243;][\/vc_column][\/vc_row] [&#8230;]<\/p>\n<p><a class=\"btn btn-secondary understrap-read-more-link\" href=\"https:\/\/us.edu.pl\/wydzial\/wh\/wydzialowa-komisja-ds-ksztalcenia-i-studentow\/wydzialowa-strategia-ksztalcenia\/\">Read More&#8230;<\/a><\/p>\n","protected":false},"author":1,"featured_media":0,"parent":6383,"menu_order":0,"comment_status":"closed","ping_status":"closed","template":"","meta":{"_expiration-date-status":"","_expiration-date":0,"_expiration-date-type":"","_expiration-date-categories":[],"_expiration-date-options":[]},"acf":[],"_links":{"self":[{"href":"https:\/\/us.edu.pl\/wydzial\/wh\/wp-json\/wp\/v2\/pages\/162851"}],"collection":[{"href":"https:\/\/us.edu.pl\/wydzial\/wh\/wp-json\/wp\/v2\/pages"}],"about":[{"href":"https:\/\/us.edu.pl\/wydzial\/wh\/wp-json\/wp\/v2\/types\/page"}],"author":[{"embeddable":true,"href":"https:\/\/us.edu.pl\/wydzial\/wh\/wp-json\/wp\/v2\/users\/1"}],"replies":[{"embeddable":true,"href":"https:\/\/us.edu.pl\/wydzial\/wh\/wp-json\/wp\/v2\/comments?post=162851"}],"version-history":[{"count":9,"href":"https:\/\/us.edu.pl\/wydzial\/wh\/wp-json\/wp\/v2\/pages\/162851\/revisions"}],"predecessor-version":[{"id":162861,"href":"https:\/\/us.edu.pl\/wydzial\/wh\/wp-json\/wp\/v2\/pages\/162851\/revisions\/162861"}],"up":[{"embeddable":true,"href":"https:\/\/us.edu.pl\/wydzial\/wh\/wp-json\/wp\/v2\/pages\/6383"}],"wp:attachment":[{"href":"https:\/\/us.edu.pl\/wydzial\/wh\/wp-json\/wp\/v2\/media?parent=162851"}],"curies":[{"name":"wp","href":"https:\/\/api.w.org\/{rel}","templated":true}]}}