{"id":163114,"date":"2023-03-10T10:52:15","date_gmt":"2023-03-10T09:52:15","guid":{"rendered":"https:\/\/us.edu.pl\/wydzial\/wh\/?page_id=163114"},"modified":"2023-04-06T07:36:36","modified_gmt":"2023-04-06T05:36:36","slug":"o-konferencji","status":"publish","type":"page","link":"https:\/\/us.edu.pl\/wydzial\/wh\/konferencje-naukowe\/ku-nowej-polonistyce\/o-konferencji\/","title":{"rendered":"O konferencji"},"content":{"rendered":"<p>[vc_row][vc_column][vc_column_text][\/vc_column_text][\/vc_column][\/vc_row][vc_row][vc_column][vc_column_text][\/vc_column_text][\/vc_column][\/vc_row][vc_row][vc_column][vc_column_text][\/vc_column_text][\/vc_column][\/vc_row][vc_row content_placement=&#8221;bottom&#8221; el_class=&#8221;container&#8221;][vc_column css=&#8221;.vc_custom_1678681991625{margin-bottom: 5px !important;}&#8221;][vc_column_text css=&#8221;.vc_custom_1678682324428{margin-top: 0px !important;margin-right: 0px !important;margin-bottom: 0px !important;margin-left: 0px !important;padding-top: 0px !important;padding-right: 0px !important;padding-bottom: 0px !important;padding-left: 0px !important;background-position: center !important;background-repeat: no-repeat !important;background-size: contain !important;}&#8221;]<img class=\"alignnone wp-image-163107 verticalLine\" style=\"margin-right: 10px\" src=\"https:\/\/us.edu.pl\/wydzial\/wh\/wp-content\/uploads\/sites\/15\/KU-NOWEJ-POLONISTYCE\/Logo-Konferencja-Programowa-Ku-Nowej-Polonistyce-300x169.png\" alt=\"Logo Konferencja Programowa Ku Nowej Polonistyce\" width=\"200\" height=\"113\" srcset=\"https:\/\/us.edu.pl\/wydzial\/wh\/wp-content\/uploads\/sites\/15\/KU-NOWEJ-POLONISTYCE\/Logo-Konferencja-Programowa-Ku-Nowej-Polonistyce-300x169.png 300w, https:\/\/us.edu.pl\/wydzial\/wh\/wp-content\/uploads\/sites\/15\/KU-NOWEJ-POLONISTYCE\/Logo-Konferencja-Programowa-Ku-Nowej-Polonistyce-1024x578.png 1024w, https:\/\/us.edu.pl\/wydzial\/wh\/wp-content\/uploads\/sites\/15\/KU-NOWEJ-POLONISTYCE\/Logo-Konferencja-Programowa-Ku-Nowej-Polonistyce-768x434.png 768w, https:\/\/us.edu.pl\/wydzial\/wh\/wp-content\/uploads\/sites\/15\/KU-NOWEJ-POLONISTYCE\/Logo-Konferencja-Programowa-Ku-Nowej-Polonistyce-575x325.png 575w, https:\/\/us.edu.pl\/wydzial\/wh\/wp-content\/uploads\/sites\/15\/KU-NOWEJ-POLONISTYCE\/Logo-Konferencja-Programowa-Ku-Nowej-Polonistyce.png 1135w\" sizes=\"(max-width: 200px) 100vw, 200px\" \/>\u00a0 <img class=\"alignnone size-full wp-image-163167 \" src=\"https:\/\/us.edu.pl\/wydzial\/wh\/wp-content\/uploads\/sites\/15\/KU-NOWEJ-POLONISTYCE\/logo-US-UAM-UJ.png\" alt=\"&quot;&quot;\" width=\"193\" height=\"61\" \/>[\/vc_column_text][\/vc_column][\/vc_row][vc_row content_placement=&#8221;bottom&#8221; el_class=&#8221;container&#8221;][vc_column css=&#8221;.vc_custom_1678681991625{margin-bottom: 5px !important;}&#8221;][vc_wp_custommenu nav_menu=&#8221;386&#8243; el_id=&#8221;navi&#8221; el_class=&#8221;container bg-gray&#8221;][vc_raw_html]JTNDaDIlMjBjbGFzcyUzRCUyMnBhZ2UtdGl0bGUlMjBjb250YWluZXIlMjIlM0VPJTIwa29uZmVyZW5jamklM0MlMkZoMiUzRQ==[\/vc_raw_html][\/vc_column][\/vc_row][vc_row el_class=&#8221;container&#8221;][vc_column][vc_row_inner][vc_column_inner css=&#8221;.vc_custom_1678682559900{border-left-width: 5px !important;border-left-color: #0093dd !important;border-left-style: solid !important;border-radius: 5px !important;}&#8221;]\r\n                <div class=\"text-modules\">\r\n                    <div class=\"container\">\r\n                        \r\n                        <div class=\"text-modules__content\"><p>Idea spotkania zwi\u0105zanego z umiejscowieniem polonistyki w systemie dyscyplin naukowych jest obecna w dyskursie akademickim od dawna. Jednak dopiero teraz propozycje badaczy, liczne g\u0142osy \u015brodowiska maj\u0105 szans\u0119 realnie zaistnie\u0107 i zmieni\u0107 przygotowywane regulacje. Tym bardziej jeste\u015bmy wdzi\u0119czni i dumni, \u017ce na nasze zaproszenie do Rady Honorowej odpowiedzieli wybitni badacze od lat wskazuj\u0105cy na potrzeb\u0119 powstania polonistyki.<\/p>\n<h3><\/h3>\n<h3><\/h3>\n<h3><\/h3>\n<h3><a id=\"knp-rada-honorowa\"><\/a>RADA HONOROWA:<\/h3>\n<p>\n<\/div>\r\n                    <\/div>\r\n                <\/div>[\/vc_column_inner][\/vc_row_inner][vc_row_inner][vc_column_inner width=&#8221;1\/6&#8243;][\/vc_column_inner][vc_column_inner width=&#8221;2\/3&#8243;]\r\n                <div class=\"text-modules\">\r\n                    <div class=\"container\">\r\n                        \r\n                        <div class=\"text-modules__content\"><p>prof. dr hab. <strong>Gra\u017cyna Borkowska <\/strong>(Instytut Bada\u0144 Literackich PAN)<\/p>\n<p>prof. dr hab. <strong>Ma\u0142gorzata Czermi\u0144ska\u00a0<\/strong>(Uniwersytet Gda\u0144ski)<\/p>\n<p>prof. dr hab. <strong>Danuta Ulicka\u00a0<\/strong>(Uniwersytet Warszawski)<\/p>\n<p>prof. dr hab. <strong>Anna Lege\u017cy\u0144ska\u00a0<\/strong>(Uniwersytet im. Adama Mickiewicza w Poznaniu)<\/p>\n<p>prof. dr hab. <strong>Hanna Gosk<\/strong> (Uniwersytet Warszawski)<\/p>\n<p>prof. dr hab. <strong>Krzysztof K\u0142osi\u0144ski\u00a0<\/strong>(Uniwersytet \u015al\u0105ski)<\/p>\n<p>prof. dr hab. <strong>Micha\u0142 Pawe\u0142 Markowski\u00a0<\/strong>(Uniwersytet Jagiello\u0144ski)<\/p>\n<p>prof. dr hab. <strong>Ryszard Nycz<\/strong>\u00a0(Uniwersytet Jagiello\u0144ski)<\/p>\n<\/div>\r\n                    <\/div>\r\n                <\/div>[\/vc_column_inner][vc_column_inner width=&#8221;1\/6&#8243;][\/vc_column_inner][\/vc_row_inner][vc_row_inner][vc_column_inner css=&#8221;.vc_custom_1678682559900{border-left-width: 5px !important;border-left-color: #0093dd !important;border-left-style: solid !important;border-radius: 5px !important;}&#8221;]\r\n                <div class=\"text-modules\">\r\n                    <div class=\"container\">\r\n                        \r\n                        <div class=\"text-modules__content\"><p>Z nieukrywan\u0105 rado\u015bci\u0105 prezentujemy r\u00f3wnie\u017c sk\u0142ad Rady Programowej &#8211; badaczy, kt\u00f3rzy z ogromnym zaanga\u017cowaniem, wspieraj\u0105 koncepcj\u0119 i za\u0142o\u017cenia konferencji programowej. Regularne spotkania przedkonferencyjne, zainteresowanie ustalon\u0105 problematyk\u0105 badaczy z r\u00f3\u017cnych o\u015brodk\u00f3w akademickich w kraju umo\u017cliwi\u0142y wypracowanie obszar\u00f3w tematycznych, wok\u00f3\u0142 kt\u00f3rych b\u0119d\u0105 toczy\u0107 si\u0119 konferencyjne dyskusje oraz przygotowanie wst\u0119pnej wersji rekomendacji dotycz\u0105cych trybu i regulacji zwi\u0105zanych z wprowadzeniem polonistyki.<\/p>\n<h3><\/h3>\n<h3><\/h3>\n<h3><\/h3>\n<h3><a id=\"knp-rada-programowa\"><\/a>RADA PROGRAMOWA:<\/h3>\n<p>\n<\/div>\r\n                    <\/div>\r\n                <\/div>[\/vc_column_inner][\/vc_row_inner][vc_row_inner][vc_column_inner width=&#8221;1\/6&#8243;][\/vc_column_inner][vc_column_inner width=&#8221;2\/3&#8243;]\r\n                <div class=\"text-modules\">\r\n                    <div class=\"container\">\r\n                        \r\n                        <div class=\"text-modules__content\"><p>prof. dr hab. <strong>Andrzej Skrendo\u00a0<\/strong>(Uniwersytet Szczeci\u0144ski) \u2013 <strong>Przewodnicz\u0105cy Rady Programowej<\/strong><\/p>\n<p>prof. dr hab. <strong>Anna D\u0105browska\u00a0<\/strong>(Uniwersytet Wroc\u0142awski)<\/p>\n<p>prof. dr hab. <strong>Ewa Szcz\u0119sna\u00a0<\/strong>(Uniwersytet Warszawski)<\/p>\n<p>prof. dr hab. <strong>Magdalena Popiel\u00a0<\/strong>(Uniwersytet Jagiello\u0144ski)<\/p>\n<p>prof. dr hab. <strong>Ewa Graczyk\u00a0<\/strong>(Uniwersytet Gda\u0144ski)<\/p>\n<p>prof. dr hab. <strong>Inga Iwasi\u00f3w\u00a0<\/strong>(Uniwersytet Szczeci\u0144ski)<\/p>\n<p>prof. dr hab. <strong>Anna Janus-Sitarz\u00a0<\/strong>(Uniwersytet Jagiello\u0144ski)<\/p>\n<p>prof. dr hab. <strong>Joanna Orska\u00a0<\/strong>(Uniwersytet Wroc\u0142awski)<\/p>\n<p>prof. dr hab. <strong>Renata Przybylska <\/strong>(Uniwersytet Jagiello\u0144ski)<\/p>\n<p>prof. dr hab. <strong>Adam Dziadek\u00a0<\/strong>(Uniwersytet \u015al\u0105ski)<\/p>\n<p>prof. dr hab. <strong>Tomasz Mizerkiewicz\u00a0<\/strong>(Uniwersytet im. Adama Mickiewicza w Poznaniu)<\/p>\n<p>prof. dr hab. <strong>Jakub Nied\u017awied\u017a\u00a0<\/strong>(Uniwersytet Jagiello\u0144ski)<\/p>\n<p>prof. dr hab. <strong>Artur Rejter\u00a0<\/strong>(Uniwersytet \u015al\u0105ski)<\/p>\n<p>prof. dr hab. <b>Przemys\u0142aw Czapli\u0144ski\u00a0<\/b>(Uniwersytet im. Adama Mickiewicza w Poznaniu)<\/p>\n<p>prof. dr hab. <strong>Witold Sadowski\u00a0<\/strong>(Uniwersytet Warszawski)<\/p>\n<p>prof. dr hab. <strong>Jacek Warchala\u00a0<\/strong>(Uniwersytet \u015al\u0105ski)<\/p>\n<p>dr hab. <strong>Magdalena Rembowska-P\u0142uciennik<\/strong>, prof. IBL PAN (Instytut Bada\u0144 Literackich PAN)<\/p>\n<p>dr hab. <strong>Grzegorz Olsza\u0144ski<\/strong>, prof. U\u015a (Uniwersytet \u015al\u0105ski)<\/p>\n<p>dr hab. <strong>Tomasz Cie\u015blak<\/strong>, prof. U\u0141 (Uniwersytet \u0141\u00f3dzki)<\/p>\n<p>dr hab. <strong>Jaros\u0142aw Fazan<\/strong>, prof. UJ (Uniwersytet Jagiello\u0144ski)<\/p>\n<p>dr hab. <strong>Aleksander W\u00f3jtowicz<\/strong>, prof. UMCS (Uniwersytet Marii Curie-Sk\u0142odowskiej)<\/p>\n<p>dr <strong>Maciej Maryl<\/strong>\u00a0(Instytut Bada\u0144 Literackich PAN)<\/p>\n<\/div>\r\n                    <\/div>\r\n                <\/div>[\/vc_column_inner][vc_column_inner width=&#8221;1\/6&#8243;][\/vc_column_inner][\/vc_row_inner][vc_row_inner][vc_column_inner width=&#8221;1\/6&#8243;][\/vc_column_inner][vc_column_inner width=&#8221;1\/3&#8243;][\/vc_column_inner][vc_column_inner width=&#8221;1\/3&#8243;][\/vc_column_inner][vc_column_inner width=&#8221;1\/6&#8243;][\/vc_column_inner][\/vc_row_inner][\/vc_column][\/vc_row][vc_row][vc_column][vc_column_text][\/vc_column_text][\/vc_column][\/vc_row][vc_row][vc_column][vc_column_text][\/vc_column_text][\/vc_column][\/vc_row][vc_row][\/vc_row][vc_column][\/vc_column][vc_column_text]<\/p>\n<p>I am text block. Click edit button to change this text. Lorem ipsum dolor sit amet, consectetur adipiscing elit. Ut elit tellus, luctus nec ullamcorper mattis, pulvinar dapibus leo.<\/p>\n<p>[\/vc_column_text]<\/p>","protected":false},"excerpt":{"rendered":"<p>[vc_row][vc_column][vc_column_text][\/vc_column_text][\/vc_column][\/vc_row][vc_row][vc_column][vc_column_text][\/vc_column_text][\/vc_column][\/vc_row][vc_row][vc_column][vc_column_text][\/vc_column_text][\/vc_column][\/vc_row][vc_row content_placement=&#8221;bottom&#8221; el_class=&#8221;container&#8221;][vc_column css=&#8221;.vc_custom_1678681991625{margin-bottom: 5px !important;}&#8221;][vc_column_text css=&#8221;.vc_custom_1678682324428{margin-top: 0px !important;margin-right: 0px !important;margin-bottom: 0px !important;margin-left: 0px !important;padding-top: 0px !important;padding-right: 0px !important;padding-bottom: 0px !important;padding-left: 0px !important;background-position: center !important;background-repeat: no-repeat !important;background-size: contain !important;}&#8221;]\u00a0 [\/vc_column_text][\/vc_column][\/vc_row][vc_row content_placement=&#8221;bottom&#8221; el_class=&#8221;container&#8221;][vc_column css=&#8221;.vc_custom_1678681991625{margin-bottom: 5px !important;}&#8221;][vc_wp_custommenu nav_menu=&#8221;386&#8243; el_id=&#8221;navi&#8221; el_class=&#8221;container bg-gray&#8221;][vc_raw_html]JTNDaDIlMjBjbGFzcyUzRCUyMnBhZ2UtdGl0bGUlMjBjb250YWluZXIlMjIlM0VPJTIwa29uZmVyZW5jamklM0MlMkZoMiUzRQ==[\/vc_raw_html][\/vc_column][\/vc_row][vc_row el_class=&#8221;container&#8221;][vc_column][vc_row_inner][vc_column_inner css=&#8221;.vc_custom_1678682559900{border-left-width: 5px !important;border-left-color: #0093dd !important;border-left-style: solid !important;border-radius: 5px !important;}&#8221;][\/vc_column_inner][\/vc_row_inner][vc_row_inner][vc_column_inner width=&#8221;1\/6&#8243;][\/vc_column_inner][vc_column_inner width=&#8221;2\/3&#8243;][\/vc_column_inner][vc_column_inner width=&#8221;1\/6&#8243;][\/vc_column_inner][\/vc_row_inner][vc_row_inner][vc_column_inner css=&#8221;.vc_custom_1678682559900{border-left-width: 5px !important;border-left-color: [&#8230;]<\/p>\n<p><a class=\"btn btn-secondary understrap-read-more-link\" href=\"https:\/\/us.edu.pl\/wydzial\/wh\/konferencje-naukowe\/ku-nowej-polonistyce\/o-konferencji\/\">Read More&#8230;<\/a><\/p>\n","protected":false},"author":26,"featured_media":0,"parent":162941,"menu_order":0,"comment_status":"closed","ping_status":"closed","template":"","meta":{"_expiration-date-status":"","_expiration-date":0,"_expiration-date-type":"","_expiration-date-categories":[],"_expiration-date-options":[]},"acf":[],"_links":{"self":[{"href":"https:\/\/us.edu.pl\/wydzial\/wh\/wp-json\/wp\/v2\/pages\/163114"}],"collection":[{"href":"https:\/\/us.edu.pl\/wydzial\/wh\/wp-json\/wp\/v2\/pages"}],"about":[{"href":"https:\/\/us.edu.pl\/wydzial\/wh\/wp-json\/wp\/v2\/types\/page"}],"author":[{"embeddable":true,"href":"https:\/\/us.edu.pl\/wydzial\/wh\/wp-json\/wp\/v2\/users\/26"}],"replies":[{"embeddable":true,"href":"https:\/\/us.edu.pl\/wydzial\/wh\/wp-json\/wp\/v2\/comments?post=163114"}],"version-history":[{"count":11,"href":"https:\/\/us.edu.pl\/wydzial\/wh\/wp-json\/wp\/v2\/pages\/163114\/revisions"}],"predecessor-version":[{"id":163859,"href":"https:\/\/us.edu.pl\/wydzial\/wh\/wp-json\/wp\/v2\/pages\/163114\/revisions\/163859"}],"up":[{"embeddable":true,"href":"https:\/\/us.edu.pl\/wydzial\/wh\/wp-json\/wp\/v2\/pages\/162941"}],"wp:attachment":[{"href":"https:\/\/us.edu.pl\/wydzial\/wh\/wp-json\/wp\/v2\/media?parent=163114"}],"curies":[{"name":"wp","href":"https:\/\/api.w.org\/{rel}","templated":true}]}}