{"id":163116,"date":"2023-03-10T10:53:31","date_gmt":"2023-03-10T09:53:31","guid":{"rendered":"https:\/\/us.edu.pl\/wydzial\/wh\/?page_id=163116"},"modified":"2023-04-17T15:23:00","modified_gmt":"2023-04-17T13:23:00","slug":"program","status":"publish","type":"page","link":"https:\/\/us.edu.pl\/wydzial\/wh\/konferencje-naukowe\/ku-nowej-polonistyce\/program\/","title":{"rendered":"Program"},"content":{"rendered":"<p>[vc_row][vc_column][vc_column_text][\/vc_column_text][\/vc_column][\/vc_row][vc_row][vc_column][vc_column_text][\/vc_column_text][\/vc_column][\/vc_row][vc_row content_placement=&#8221;bottom&#8221; el_class=&#8221;container&#8221;][vc_column css=&#8221;.vc_custom_1678681991625{margin-bottom: 5px !important;}&#8221;][vc_column_text css=&#8221;.vc_custom_1678682324428{margin-top: 0px !important;margin-right: 0px !important;margin-bottom: 0px !important;margin-left: 0px !important;padding-top: 0px !important;padding-right: 0px !important;padding-bottom: 0px !important;padding-left: 0px !important;background-position: center !important;background-repeat: no-repeat !important;background-size: contain !important;}&#8221;]<img class=\"alignnone wp-image-163107 verticalLine\" style=\"margin-right: 10px\" src=\"https:\/\/us.edu.pl\/wydzial\/wh\/wp-content\/uploads\/sites\/15\/KU-NOWEJ-POLONISTYCE\/Logo-Konferencja-Programowa-Ku-Nowej-Polonistyce-300x169.png\" alt=\"Logo Konferencja Programowa Ku Nowej Polonistyce\" width=\"200\" height=\"113\" srcset=\"https:\/\/us.edu.pl\/wydzial\/wh\/wp-content\/uploads\/sites\/15\/KU-NOWEJ-POLONISTYCE\/Logo-Konferencja-Programowa-Ku-Nowej-Polonistyce-300x169.png 300w, https:\/\/us.edu.pl\/wydzial\/wh\/wp-content\/uploads\/sites\/15\/KU-NOWEJ-POLONISTYCE\/Logo-Konferencja-Programowa-Ku-Nowej-Polonistyce-1024x578.png 1024w, https:\/\/us.edu.pl\/wydzial\/wh\/wp-content\/uploads\/sites\/15\/KU-NOWEJ-POLONISTYCE\/Logo-Konferencja-Programowa-Ku-Nowej-Polonistyce-768x434.png 768w, https:\/\/us.edu.pl\/wydzial\/wh\/wp-content\/uploads\/sites\/15\/KU-NOWEJ-POLONISTYCE\/Logo-Konferencja-Programowa-Ku-Nowej-Polonistyce-575x325.png 575w, https:\/\/us.edu.pl\/wydzial\/wh\/wp-content\/uploads\/sites\/15\/KU-NOWEJ-POLONISTYCE\/Logo-Konferencja-Programowa-Ku-Nowej-Polonistyce.png 1135w\" sizes=\"(max-width: 200px) 100vw, 200px\" \/>\u00a0 <img class=\"alignnone size-full wp-image-163167 \" src=\"https:\/\/us.edu.pl\/wydzial\/wh\/wp-content\/uploads\/sites\/15\/KU-NOWEJ-POLONISTYCE\/logo-US-UAM-UJ.png\" alt=\"&quot;&quot;\" width=\"193\" height=\"61\" \/>[\/vc_column_text][\/vc_column][\/vc_row][vc_row content_placement=&#8221;bottom&#8221; el_class=&#8221;container&#8221;][vc_column css=&#8221;.vc_custom_1678681991625{margin-bottom: 5px !important;}&#8221;][vc_wp_custommenu nav_menu=&#8221;386&#8243; el_id=&#8221;navi&#8221; el_class=&#8221;container bg-gray&#8221;][vc_raw_html]JTNDaDIlMjBjbGFzcyUzRCUyMnBhZ2UtdGl0bGUlMjBjb250YWluZXIlMjIlM0VQcm9ncmFtJTNDJTJGaDIlM0U=[\/vc_raw_html][\/vc_column][\/vc_row][vc_row el_class=&#8221;container&#8221;][vc_column][vc_row_inner][vc_column_inner css=&#8221;.vc_custom_1678682559900{border-left-width: 5px !important;border-left-color: #0093dd !important;border-left-style: solid !important;border-radius: 5px !important;}&#8221;]\r\n                <div class=\"text-modules\">\r\n                    <div class=\"container\">\r\n                        \r\n                        <div class=\"text-modules__content\"><p><span style=\"font-size: 11pt\"><span style=\"font-weight: 400\">Poni\u017cej przedstawiamy Pa\u0144stwu ramowy program konferencji. Zdecydowali\u015bmy si\u0119 na wydzielenie sze\u015bciu najistotniejszych <\/span><span style=\"font-weight: 400\">zagadnie\u0144 <\/span><span style=\"font-weight: 400\">dla nowej dyscypliny. Pozwoli\u0142o to na utworzenie paneli dyskusyjnych, w kt\u00f3rych zaproszeni go\u015bcie b\u0119d\u0105 dyskutowa\u0107 nad rozwi\u0105zaniami, stanowi\u0105cymi podstaw\u0119 rekomendacji dla zespo\u0142\u00f3w opracowuj\u0105cych szczeg\u00f3\u0142owe regu\u0142y i warunki funkcjonowania dyscyplin w systemie polskiej nauki. Panele maj\u0105 charakter otwarty, zale\u017cy nam na dyskusji, wymianie pomys\u0142\u00f3w i pogl\u0105d\u00f3w, jak r\u00f3wnie\u017c dzieleniu si\u0119 obawami, zwi\u0105zanymi z wprowadzeniem polonistyki jako dyscypliny naukowej. Dwudniowa formu\u0142a konferencji pozwoli na rzeczywist\u0105 wymian\u0119 my\u015bli i koncepcji wraz z osobami, kt\u00f3re zaprosili\u015bmy do wsp\u00f3\u0142tworzenia konferencji programowej. W ka\u017cdym z paneli przewidziany jest czas na dyskusj\u0119, pytania i odpowiedzi wszystkich uczestnik\u00f3w naszego spotkania. \u00a0<\/span><\/span><\/p>\n<h3><\/h3>\n<h3><span style=\"font-weight: 400\">PANELE<\/span><span style=\"font-weight: 400\"> TEMATYCZNE:\u00a0<\/span><\/h3>\n<p>\n<\/div>\r\n                    <\/div>\r\n                <\/div>[\/vc_column_inner][\/vc_row_inner][vc_row_inner disable_element=&#8221;yes&#8221;][vc_column_inner width=&#8221;1\/6&#8243;][\/vc_column_inner][vc_column_inner width=&#8221;2\/3&#8243;]\r\n                <div class=\"text-modules\">\r\n                    <div class=\"container\">\r\n                        \r\n                        <div class=\"text-modules__content\"><\/p>\n<ol>\n<li>Szanse polonistyki jako dyscypliny (nowe po\u0142\u0105czenia z j\u0119zykoznawstwem<br \/>\ni literaturoznawstwem oraz z innymi dyscyplinami, poszukiwanie nowych zasad synergii; polonistyka i demokracja).<\/li>\n<li>Przedmioty bada\u0144 polonistycznych (badania podstawowe \u2013 edycje, prace leksykograficzne; literatura dawna i wsp\u00f3\u0142czesna; komparatystyka; studia polskie a tradycja filologiczna; polszczyzna i jej j\u0119zyki; metody i teorie wykorzystywane w badaniach polonistycznych).<\/li>\n<li>Infrastruktura polonistyki (ewaluacja, granty, wydawnictwa, czasopisma, konkursy, miejsce polonistyki w strukturach uczelni).<\/li>\n<li>Polonistyczne studia nauczycielskie z przysz\u0142o\u015bci\u0105. Programowanie studi\u00f3w polonistycznych (licencjackie, magisterskie, doktorskie).<\/li>\n<li>Polonistyka cyfrowa.<\/li>\n<li>Umi\u0119dzynarodowienie polonistyki (glottodydaktyka, translatoryka, polonistyka \u015bwiatowa). Rola polonistyki w umi\u0119dzynarodowieniu nauki polskiej.<\/li>\n<\/ol>\n<p>\n<\/div>\r\n                    <\/div>\r\n                <\/div>[\/vc_column_inner][vc_column_inner width=&#8221;1\/6&#8243;][\/vc_column_inner][\/vc_row_inner][vc_row_inner][vc_column_inner width=&#8221;1\/6&#8243;][\/vc_column_inner][vc_column_inner width=&#8221;2\/3&#8243;]\r\n                <div class=\"text-modules\">\r\n                    <div class=\"container\">\r\n                        \r\n                        <div class=\"text-modules__content\"><\/p>\n<h3>Dzie\u0144 I &#8211; 17.04.2023<\/h3>\n<p><strong>Otwarcie konferencji &#8211; 9.45 &#8211; 10.30<\/strong><\/p>\n<p>&nbsp;<\/p>\n<p style=\"text-align: center\"><strong>PANEL I (10.30 &#8211; 12.00)<\/strong><\/p>\n<h3><strong>Szanse polonistyki i jej spo\u0142eczne role<\/strong><\/h3>\n<p>\n<\/div>\r\n                    <\/div>\r\n                <\/div>\r\n                <div class=\"text-modules\">\r\n                    <div class=\"container\">\r\n                        \r\n                        <div class=\"text-modules__content\"><p>PRZEWODNICZ\u0104CY:<\/p>\n<p>dr hab. <strong>Grzegorz Olsza\u0144ski<\/strong>, prof. U\u015a (Uniwersytet \u015al\u0105ski)<\/p>\n<p>SK\u0141AD:<\/p>\n<p>prof. dr hab. <strong>Tomasz Mika\u00a0<\/strong>(Uniwersytet im. Adama Mickiewicza w Poznaniu)<\/p>\n<p>prof. dr hab. <strong>Andrzej Skrendo\u00a0<\/strong>(Uniwersytet Szczeci\u0144ski)<\/p>\n<p><span style=\"font-weight: 400\">dr hab. <strong>Magdalena Rabizo-Birek<\/strong>, prof. UR (Uniwersytet Rzeszowski)<\/span><\/p>\n<p>dr hab. <strong>Dariusz Sk\u00f3rczewski<\/strong>, prof. KUL (Katolicki Uniwersytet Lubelski)<\/p>\n<p>dr <strong>Dorota Krawczy\u0144ska<\/strong> (Instytut Bada\u0144 Literackich PAN)<\/p>\n<\/div>\r\n                    <\/div>\r\n                <\/div>[vc_separator][\/vc_column_inner][vc_column_inner width=&#8221;1\/6&#8243;][\/vc_column_inner][\/vc_row_inner][vc_row_inner][vc_column_inner width=&#8221;1\/6&#8243;][\/vc_column_inner][vc_column_inner width=&#8221;2\/3&#8243;]\r\n                <div class=\"text-modules\">\r\n                    <div class=\"container\">\r\n                        \r\n                        <div class=\"text-modules__content\"><\/p>\n<p style=\"text-align: center\"><strong>PANEL II (12.00 &#8211; 13.30)<\/strong><\/p>\n<h3><strong>Przedmioty bada\u0144 polonistycznych <\/strong><\/h3>\n<p>\n<\/div>\r\n                    <\/div>\r\n                <\/div>\r\n                <div class=\"text-modules\">\r\n                    <div class=\"container\">\r\n                        \r\n                        <div class=\"text-modules__content\"><p>PRZEWODNICZ\u0104CY:<\/p>\n<p>prof. dr hab. <strong>Inga Iwasi\u00f3w<\/strong> (Uniwersytet Szczeci\u0144ski)<\/p>\n<p>SK\u0141AD:<\/p>\n<p>prof. dr hab. <strong>Ewa Szcz\u0119sna<\/strong> (Uniwersytet Warszawski)<\/p>\n<p>prof. dr hab. <strong>Przemys\u0142aw Czapli\u0144ski<\/strong> (Uniwersytet im. Adama Mickiewicza w Poznaniu)<\/p>\n<p>dr hab. <strong>Urszula Kowalczuk<\/strong>, prof. UW (Uniwersytet Warszawski)<\/p>\n<p>dr hab. <strong>Ewa Hoffmann-Piotrowska<\/strong>, prof. UW\u00a0(Uniwersytet Warszawski)<\/p>\n<p>dr hab. <strong>Tomasz Tomasik<\/strong>, prof. AP (Akademia Pomorska w S\u0142upsku)<\/p>\n<p>dr hab. <strong>Pawe\u0142 Rodak, <\/strong>prof. UW (Uniwersytet Warszawski)<\/p>\n<p>dr hab. <strong>Marta Wojtkowska-Maksymik<\/strong> (Uniwersytet Warszawski)<\/p>\n<p>dr <strong>Piotr Kubi\u0144ski<\/strong> (Uniwersytet Warszawski)<\/p>\n<\/div>\r\n                    <\/div>\r\n                <\/div>[vc_separator][\/vc_column_inner][vc_column_inner width=&#8221;1\/6&#8243;][\/vc_column_inner][\/vc_row_inner][vc_row_inner][vc_column_inner width=&#8221;1\/6&#8243;][\/vc_column_inner][vc_column_inner width=&#8221;2\/3&#8243;]\r\n                <div class=\"text-modules\">\r\n                    <div class=\"container\">\r\n                        \r\n                        <div class=\"text-modules__content\"><p><strong>Przerwa 13.30 &#8211; 15.15<\/strong><\/p>\n<p>&nbsp;<\/p>\n<p>&nbsp;<\/p>\n<p style=\"text-align: center\"><strong>PANEL III (15.30 &#8211; 17.00)<\/strong><\/p>\n<h3><strong>Infrastruktura polonistyki<\/strong><\/h3>\n<p>\n<\/div>\r\n                    <\/div>\r\n                <\/div>\r\n                <div class=\"text-modules\">\r\n                    <div class=\"container\">\r\n                        \r\n                        <div class=\"text-modules__content\"><p>PRZEWODNICZ\u0104CY:<\/p>\n<p><span style=\"font-weight: 400\">dr hab. <strong>Jaros\u0142aw Fazan<\/strong>, prof. UJ\u00a0(Uniwersytet Jagiello\u0144ski)<\/span><\/p>\n<p>SK\u0141AD:<\/p>\n<p><span style=\"font-weight: 400\">prof. dr hab. <strong>Renata Przybylska<\/strong> (Uniwersytet Jagiello\u0144ski)<\/span><\/p>\n<p><span style=\"font-weight: 400\">prof. dr hab. <strong>Witold Sadowski<\/strong> (Uniwersytet Warszawski)<\/span><\/p>\n<p><span style=\"font-weight: 400\">prof. dr hab. <strong>Adam Dziadek<\/strong> (Uniwersytet \u015al\u0105ski)<\/span><\/p>\n<p><span style=\"font-weight: 400\">dr hab. <strong>Katarzyna Dr\u00f3\u017cd\u017c-\u0141uszczyk<\/strong>, prof. UW (Uniwersytet Warszawski)<\/span><\/p>\n<p><span style=\"font-weight: 400\">dr hab. <strong>Jerzy Borowczyk<\/strong>, prof. UAM (Uniwersytet im. Adama Mickiewicza w Poznaniu)<\/span><\/p>\n<p><span style=\"font-weight: 400\">dr hab. <strong>Tomasz Cie\u015blak<\/strong>, prof. U\u0141 (Uniwersytet \u0141\u00f3dzki)<\/span><\/p>\n<\/div>\r\n                    <\/div>\r\n                <\/div>[vc_separator][\/vc_column_inner][vc_column_inner width=&#8221;1\/6&#8243;][\/vc_column_inner][\/vc_row_inner][vc_row_inner][vc_column_inner width=&#8221;1\/6&#8243;][\/vc_column_inner][vc_column_inner width=&#8221;2\/3&#8243;]\r\n                <div class=\"text-modules\">\r\n                    <div class=\"container\">\r\n                        \r\n                        <div class=\"text-modules__content\"><\/p>\n<p style=\"text-align: center\"><strong>PANEL IV (17.30 &#8211; 19.00)<\/strong><\/p>\n<h3><strong>Umi\u0119dzynarodowienie polonistyki<\/strong><\/h3>\n<p>\n<\/div>\r\n                    <\/div>\r\n                <\/div>\r\n                <div class=\"text-modules\">\r\n                    <div class=\"container\">\r\n                        \r\n                        <div class=\"text-modules__content\"><p>PRZEWODNICZ\u0104CY:<\/p>\n<p><span style=\"font-weight: 400\">prof. dr hab. <strong>Tomasz Mizerkiewicz<\/strong> (Uniwersytet im. Adama Mickiewicza w Poznaniu)<\/span><\/p>\n<p>SK\u0141AD:<\/p>\n<p><span style=\"font-weight: 400\">prof. dr hab. <strong>Magdalena Popiel<\/strong> (Uniwersytet Jagiello\u0144ski)<\/span><\/p>\n<p><span style=\"font-weight: 400\">prof. dr hab. <strong>Jolanta Tambor<\/strong> (Uniwersytet \u015al\u0105ski)<\/span><\/p>\n<p>dr hab. <strong>Agnieszka Karpowicz, <\/strong>prof. UW (Uniwersytet Warszawski)<\/p>\n<p>dr hab. <strong>Ewa Rajewska<\/strong>, prof. UAM <span style=\"font-weight: 400\">(Uniwersytet im. Adama Mickiewicza w Poznaniu)<\/span><\/p>\n<p><span style=\"font-weight: 400\">dr hab. <strong>Tomasz Bilczewski<\/strong>, prof. UJ (Uniwersytet Jagiello\u0144ski)<\/span><\/p>\n<\/div>\r\n                    <\/div>\r\n                <\/div>[vc_separator][\/vc_column_inner][vc_column_inner width=&#8221;1\/6&#8243;][\/vc_column_inner][\/vc_row_inner][vc_row_inner][vc_column_inner width=&#8221;1\/6&#8243;][\/vc_column_inner][vc_column_inner width=&#8221;2\/3&#8243;]\r\n                <div class=\"text-modules\">\r\n                    <div class=\"container\">\r\n                        \r\n                        <div class=\"text-modules__content\"><\/p>\n<h3>Dzie\u0144 II &#8211; 18.04.2023<\/h3>\n<p>&nbsp;<\/p>\n<p style=\"text-align: center\"><strong>PANEL V (10.00 &#8211; 11.30)<\/strong><\/p>\n<h3><strong>Polonistyka cyfrowa<\/strong><\/h3>\n<p>\n<\/div>\r\n                    <\/div>\r\n                <\/div>\r\n                <div class=\"text-modules\">\r\n                    <div class=\"container\">\r\n                        \r\n                        <div class=\"text-modules__content\"><p>PRZEWODNICZ\u0104CY:<\/p>\n<p><span style=\"font-weight: 400\">dr <strong>Maciej Maryl<\/strong> (Instytut Bada\u0144 Literackich PAN)<\/span><\/p>\n<p>SK\u0141AD:<\/p>\n<p><span style=\"font-weight: 400\">dr hab. <strong>Magdalena Derwojedowa<\/strong> (Uniwersytet Warszawski)<\/span><\/p>\n<p><span style=\"font-weight: 400\">dr hab. <strong>Jan Rybicki<\/strong>, prof. UJ (Uniwersytet Jagiello\u0144ski)<\/span><\/p>\n<p><span style=\"font-weight: 400\">dr hab. <strong>Bart\u0142omiej Szleszy\u0144ski<\/strong>, prof. IBL PAN (Instytut Bada\u0144 Literackich PAN)<\/span><\/p>\n<p><span style=\"font-weight: 400\">dr hab. <strong>Tomasz Bielak<\/strong> (Uniwersytet \u015al\u0105ski)<\/span><\/p>\n<p><span style=\"font-weight: 400\">dr <strong>Monika Karwacka<\/strong> (Uniwersytet \u015al\u0105ski)<\/span><\/p>\n<\/div>\r\n                    <\/div>\r\n                <\/div>[vc_separator][\/vc_column_inner][vc_column_inner width=&#8221;1\/6&#8243;][\/vc_column_inner][\/vc_row_inner][vc_row_inner][vc_column_inner width=&#8221;1\/6&#8243;][\/vc_column_inner][vc_column_inner width=&#8221;2\/3&#8243;]\r\n                <div class=\"text-modules\">\r\n                    <div class=\"container\">\r\n                        \r\n                        <div class=\"text-modules__content\"><\/p>\n<p style=\"text-align: center\"><strong>PANEL VI (11.30 &#8211; 13.00)<\/strong><\/p>\n<h3><strong>Polonistyczne studia nauczycielskie z przysz\u0142o\u015bci\u0105<\/strong><\/h3>\n<p>\n<\/div>\r\n                    <\/div>\r\n                <\/div>\r\n                <div class=\"text-modules\">\r\n                    <div class=\"container\">\r\n                        \r\n                        <div class=\"text-modules__content\"><\/p>\n<p style=\"font-weight: 400\">PRZEWODNICZ\u0104CY:<\/p>\n<p style=\"font-weight: 400\">prof. dr hab. <strong>Anna Janus-Sitarz\u00a0<\/strong>(Uniwersytet Jagiello\u0144ski)<\/p>\n<p style=\"font-weight: 400\">SK\u0141AD:<\/p>\n<p style=\"font-weight: 400\">prof. dr hab. <strong>Maria Kwiatkowska-Ratajczak<\/strong> (Uniwersytet im. Adama Mickiewicza w Poznaniu)<\/p>\n<p style=\"font-weight: 400\">prof. dr hab. <strong>Bernardeta Niesporek-Szamburska<\/strong> (Uniwersytet \u015al\u0105ski)<\/p>\n<p style=\"font-weight: 400\">prof. dr hab. <strong>Gra\u017cyna Tomaszewska<\/strong> (Uniwersytet Gda\u0144ski)<\/p>\n<p style=\"font-weight: 400\">dr hab. <strong>Magdalena Trysi\u0144ska<\/strong>, prof. UW (Uniwersytet Warszawski)<\/p>\n<p style=\"font-weight: 400\">dr hab. <strong>Witold Bobi\u0144ski<\/strong>, prof. UJ (Uniwersytet Jagiello\u0144ski)<\/p>\n<p style=\"font-weight: 400\">dr hab. <strong>Krzysztof Biedrzycki<\/strong>, prof. UJ (Uniwersytet Jagiello\u0144ski)<\/p>\n<p>&nbsp;<\/p>\n<p><strong>Zako\u0144czenie konferencji &#8211; 13.30<\/strong><\/p>\n<\/div>\r\n                    <\/div>\r\n                <\/div>[\/vc_column_inner][vc_column_inner width=&#8221;1\/6&#8243;][\/vc_column_inner][\/vc_row_inner][vc_row_inner][vc_column_inner width=&#8221;1\/6&#8243;][\/vc_column_inner][vc_column_inner width=&#8221;1\/3&#8243;][\/vc_column_inner][vc_column_inner width=&#8221;1\/3&#8243;][\/vc_column_inner][vc_column_inner width=&#8221;1\/6&#8243;][\/vc_column_inner][\/vc_row_inner][\/vc_column][\/vc_row][vc_row][vc_column][vc_column_text][\/vc_column_text][\/vc_column][\/vc_row][vc_row][vc_column][vc_column_text]<\/p>","protected":false},"excerpt":{"rendered":"<p>[vc_row][vc_column][vc_column_text][\/vc_column_text][\/vc_column][\/vc_row][vc_row][vc_column][vc_column_text][\/vc_column_text][\/vc_column][\/vc_row][vc_row content_placement=&#8221;bottom&#8221; el_class=&#8221;container&#8221;][vc_column css=&#8221;.vc_custom_1678681991625{margin-bottom: 5px !important;}&#8221;][vc_column_text css=&#8221;.vc_custom_1678682324428{margin-top: 0px !important;margin-right: 0px !important;margin-bottom: 0px !important;margin-left: 0px !important;padding-top: 0px !important;padding-right: 0px !important;padding-bottom: 0px !important;padding-left: 0px !important;background-position: center !important;background-repeat: no-repeat !important;background-size: contain !important;}&#8221;]\u00a0 [\/vc_column_text][\/vc_column][\/vc_row][vc_row content_placement=&#8221;bottom&#8221; el_class=&#8221;container&#8221;][vc_column css=&#8221;.vc_custom_1678681991625{margin-bottom: 5px !important;}&#8221;][vc_wp_custommenu nav_menu=&#8221;386&#8243; el_id=&#8221;navi&#8221; el_class=&#8221;container bg-gray&#8221;][vc_raw_html]JTNDaDIlMjBjbGFzcyUzRCUyMnBhZ2UtdGl0bGUlMjBjb250YWluZXIlMjIlM0VQcm9ncmFtJTNDJTJGaDIlM0U=[\/vc_raw_html][\/vc_column][\/vc_row][vc_row el_class=&#8221;container&#8221;][vc_column][vc_row_inner][vc_column_inner css=&#8221;.vc_custom_1678682559900{border-left-width: 5px !important;border-left-color: #0093dd !important;border-left-style: solid !important;border-radius: 5px !important;}&#8221;][\/vc_column_inner][\/vc_row_inner][vc_row_inner disable_element=&#8221;yes&#8221;][vc_column_inner width=&#8221;1\/6&#8243;][\/vc_column_inner][vc_column_inner width=&#8221;2\/3&#8243;][\/vc_column_inner][vc_column_inner width=&#8221;1\/6&#8243;][\/vc_column_inner][\/vc_row_inner][vc_row_inner][vc_column_inner width=&#8221;1\/6&#8243;][\/vc_column_inner][vc_column_inner width=&#8221;2\/3&#8243;][vc_separator][\/vc_column_inner][vc_column_inner [&#8230;]<\/p>\n<p><a class=\"btn btn-secondary understrap-read-more-link\" href=\"https:\/\/us.edu.pl\/wydzial\/wh\/konferencje-naukowe\/ku-nowej-polonistyce\/program\/\">Read More&#8230;<\/a><\/p>\n","protected":false},"author":26,"featured_media":0,"parent":162941,"menu_order":0,"comment_status":"closed","ping_status":"closed","template":"","meta":{"_expiration-date-status":"","_expiration-date":0,"_expiration-date-type":"","_expiration-date-categories":[],"_expiration-date-options":[]},"acf":[],"_links":{"self":[{"href":"https:\/\/us.edu.pl\/wydzial\/wh\/wp-json\/wp\/v2\/pages\/163116"}],"collection":[{"href":"https:\/\/us.edu.pl\/wydzial\/wh\/wp-json\/wp\/v2\/pages"}],"about":[{"href":"https:\/\/us.edu.pl\/wydzial\/wh\/wp-json\/wp\/v2\/types\/page"}],"author":[{"embeddable":true,"href":"https:\/\/us.edu.pl\/wydzial\/wh\/wp-json\/wp\/v2\/users\/26"}],"replies":[{"embeddable":true,"href":"https:\/\/us.edu.pl\/wydzial\/wh\/wp-json\/wp\/v2\/comments?post=163116"}],"version-history":[{"count":13,"href":"https:\/\/us.edu.pl\/wydzial\/wh\/wp-json\/wp\/v2\/pages\/163116\/revisions"}],"predecessor-version":[{"id":164055,"href":"https:\/\/us.edu.pl\/wydzial\/wh\/wp-json\/wp\/v2\/pages\/163116\/revisions\/164055"}],"up":[{"embeddable":true,"href":"https:\/\/us.edu.pl\/wydzial\/wh\/wp-json\/wp\/v2\/pages\/162941"}],"wp:attachment":[{"href":"https:\/\/us.edu.pl\/wydzial\/wh\/wp-json\/wp\/v2\/media?parent=163116"}],"curies":[{"name":"wp","href":"https:\/\/api.w.org\/{rel}","templated":true}]}}