{"id":163118,"date":"2023-03-10T10:59:36","date_gmt":"2023-03-10T09:59:36","guid":{"rendered":"https:\/\/us.edu.pl\/wydzial\/wh\/?page_id=163118"},"modified":"2023-05-10T17:41:15","modified_gmt":"2023-05-10T15:41:15","slug":"dokumenty","status":"publish","type":"page","link":"https:\/\/us.edu.pl\/wydzial\/wh\/konferencje-naukowe\/ku-nowej-polonistyce\/dokumenty\/","title":{"rendered":"Materia\u0142y"},"content":{"rendered":"<p>[vc_row content_placement=&#8221;bottom&#8221; el_class=&#8221;container&#8221;][vc_column css=&#8221;.vc_custom_1678681991625{margin-bottom: 5px !important;}&#8221;][vc_column_text css=&#8221;.vc_custom_1678682324428{margin-top: 0px !important;margin-right: 0px !important;margin-bottom: 0px !important;margin-left: 0px !important;padding-top: 0px !important;padding-right: 0px !important;padding-bottom: 0px !important;padding-left: 0px !important;background-position: center !important;background-repeat: no-repeat !important;background-size: contain !important;}&#8221;]<img class=\"alignnone wp-image-163107 verticalLine\" style=\"margin-right: 10px\" src=\"https:\/\/us.edu.pl\/wydzial\/wh\/wp-content\/uploads\/sites\/15\/KU-NOWEJ-POLONISTYCE\/Logo-Konferencja-Programowa-Ku-Nowej-Polonistyce-300x169.png\" alt=\"Logo Konferencja Programowa Ku Nowej Polonistyce\" width=\"200\" height=\"113\" srcset=\"https:\/\/us.edu.pl\/wydzial\/wh\/wp-content\/uploads\/sites\/15\/KU-NOWEJ-POLONISTYCE\/Logo-Konferencja-Programowa-Ku-Nowej-Polonistyce-300x169.png 300w, https:\/\/us.edu.pl\/wydzial\/wh\/wp-content\/uploads\/sites\/15\/KU-NOWEJ-POLONISTYCE\/Logo-Konferencja-Programowa-Ku-Nowej-Polonistyce-1024x578.png 1024w, https:\/\/us.edu.pl\/wydzial\/wh\/wp-content\/uploads\/sites\/15\/KU-NOWEJ-POLONISTYCE\/Logo-Konferencja-Programowa-Ku-Nowej-Polonistyce-768x434.png 768w, https:\/\/us.edu.pl\/wydzial\/wh\/wp-content\/uploads\/sites\/15\/KU-NOWEJ-POLONISTYCE\/Logo-Konferencja-Programowa-Ku-Nowej-Polonistyce-575x325.png 575w, https:\/\/us.edu.pl\/wydzial\/wh\/wp-content\/uploads\/sites\/15\/KU-NOWEJ-POLONISTYCE\/Logo-Konferencja-Programowa-Ku-Nowej-Polonistyce.png 1135w\" sizes=\"(max-width: 200px) 100vw, 200px\" \/>\u00a0 <img class=\"alignnone size-full wp-image-163167 \" src=\"https:\/\/us.edu.pl\/wydzial\/wh\/wp-content\/uploads\/sites\/15\/KU-NOWEJ-POLONISTYCE\/logo-US-UAM-UJ.png\" alt=\"&quot;&quot;\" width=\"193\" height=\"61\" \/>[\/vc_column_text][\/vc_column][\/vc_row][vc_row content_placement=&#8221;bottom&#8221; el_class=&#8221;container&#8221;][vc_column css=&#8221;.vc_custom_1678681991625{margin-bottom: 5px !important;}&#8221;][vc_wp_custommenu nav_menu=&#8221;386&#8243; el_id=&#8221;navi&#8221; el_class=&#8221;container bg-gray&#8221;][vc_raw_html]JTNDaDIlMjBjbGFzcyUzRCUyMnBhZ2UtdGl0bGUlMjBjb250YWluZXIlMjIlM0VNYXRlcmlhJUM1JTgyeSUzQyUyRmgyJTNF[\/vc_raw_html][\/vc_column][\/vc_row][vc_row el_class=&#8221;container&#8221;][vc_column][vc_row_inner][vc_column_inner css=&#8221;.vc_custom_1678682559900{border-left-width: 5px !important;border-left-color: #0093dd !important;border-left-style: solid !important;border-radius: 5px !important;}&#8221;]\r\n                <div class=\"text-modules\">\r\n                    <div class=\"container\">\r\n                        \r\n                        <div class=\"text-modules__content\"><\/p>\n<h3>Rozporz\u0105dzenie Ministra Edukacji i Nauki w sprawie dziedzin nauki i dyscyplin naukowych oraz dyscyplin artystycznych<\/h3>\n<p>\n<\/div>\r\n                    <\/div>\r\n                <\/div>[\/vc_column_inner][\/vc_row_inner][vc_row_inner][vc_column_inner width=&#8221;1\/6&#8243;][\/vc_column_inner][vc_column_inner width=&#8221;2\/3&#8243;]\r\n                <div class=\"text-modules\">\r\n                    <div class=\"container\">\r\n                        \r\n                        <div class=\"text-modules__content\"><p>Rozporz\u0105dzenie Ministra Edukacji i Nauki z dnia 11 pa\u017adziernika 2022 roku w sprawie dziedzin nauki i dyscyplin naukowych oraz dyscyplin artystycznych, poz. 2202 \u2013 dokument dost\u0119pny jest na stronie: <a href=\"https:\/\/isap.sejm.gov.pl\/isap.nsf\/DocDetails.xsp?id=WDU20220002202\">isap.sejm.gov.pl<\/a>.<\/p>\n<\/div>\r\n                    <\/div>\r\n                <\/div><div class=\"container\"><div class=\"separator\" style=\"background-color: #ebebeb\"><\/div><\/div>[vc_empty_space][\/vc_column_inner][vc_column_inner width=&#8221;1\/6&#8243;][\/vc_column_inner][\/vc_row_inner][vc_row_inner][vc_column_inner css=&#8221;.vc_custom_1678682559900{border-left-width: 5px !important;border-left-color: #0093dd !important;border-left-style: solid !important;border-radius: 5px !important;}&#8221;]\r\n                <div class=\"text-modules\">\r\n                    <div class=\"container\">\r\n                        \r\n                        <div class=\"text-modules__content\"><\/p>\n<h3><span style=\"font-weight: 400\">\u201ePami\u0119tnik Literacki\u201d 1\/2022 | 2022<\/span><\/h3>\n<p>\n<\/div>\r\n                    <\/div>\r\n                <\/div>[\/vc_column_inner][\/vc_row_inner][vc_row_inner][vc_column_inner width=&#8221;1\/6&#8243;][\/vc_column_inner][vc_column_inner width=&#8221;2\/3&#8243;]\r\n                <div class=\"text-modules\">\r\n                    <div class=\"container\">\r\n                        \r\n                        <div class=\"text-modules__content\"><p>Tematyczny numer \u201ePami\u0119tnika Literackiego\u201d po\u015bwi\u0119cony statusowi dyscypliny. Tekst dost\u0119pny jest na stronie: <a title=\"Przejd\u017a na stron\u0119: journals.openedition.org\" href=\"https:\/\/journals.openedition.org\/pamietlit\/596\">journals.openedition.org\/pamietlit\/596<\/a>. Numer 1\/2022.<\/p>\n<\/div>\r\n                    <\/div>\r\n                <\/div><div class=\"container\"><div class=\"separator\" style=\"background-color: #ebebeb\"><\/div><\/div>[vc_empty_space][\/vc_column_inner][vc_column_inner width=&#8221;1\/6&#8243;][\/vc_column_inner][\/vc_row_inner][vc_row_inner][vc_column_inner css=&#8221;.vc_custom_1678682559900{border-left-width: 5px !important;border-left-color: #0093dd !important;border-left-style: solid !important;border-radius: 5px !important;}&#8221;]\r\n                <div class=\"text-modules\">\r\n                    <div class=\"container\">\r\n                        \r\n                        <div class=\"text-modules__content\"><\/p>\n<h3><span style=\"font-weight: 400\">\u201ePolonistyka: dyscyplinowe wstrz\u0105sy, potrzeby, uwarunkowania\u201d<\/span><\/h3>\n<p>\n<\/div>\r\n                    <\/div>\r\n                <\/div>[\/vc_column_inner][\/vc_row_inner][vc_row_inner][vc_column_inner width=&#8221;1\/6&#8243;][\/vc_column_inner][vc_column_inner width=&#8221;2\/3&#8243;]\r\n                <div class=\"text-modules\">\r\n                    <div class=\"container\">\r\n                        \r\n                        <div class=\"text-modules__content\"><p>Tekst prof. Ryszarda Nycza pt. <a href=\"https:\/\/journals.pan.pl\/dlibra\/publication\/142980\/edition\/125773\/content\">\u201ePolonistyka: dyscyplinowe wstrz\u0105sy, potrzeby, uwarunkowania\u201d<\/a> opublikowany w \u201eRuchu Literackim\u201d z numeru 4 (373) z 2022 roku.<\/p>\n<\/div>\r\n                    <\/div>\r\n                <\/div><div class=\"container\"><div class=\"separator\" style=\"background-color: #ebebeb\"><\/div><\/div>[vc_empty_space][\/vc_column_inner][vc_column_inner width=&#8221;1\/6&#8243;][\/vc_column_inner][\/vc_row_inner][vc_row_inner][vc_column_inner css=&#8221;.vc_custom_1678682559900{border-left-width: 5px !important;border-left-color: #0093dd !important;border-left-style: solid !important;border-radius: 5px !important;}&#8221;]\r\n                <div class=\"text-modules\">\r\n                    <div class=\"container\">\r\n                        \r\n                        <div class=\"text-modules__content\"><\/p>\n<h3><span style=\"font-weight: 400\">\u201ePolonistyka jako powinno\u015b\u0107\u201d<\/span><\/h3>\n<p>\n<\/div>\r\n                    <\/div>\r\n                <\/div>[\/vc_column_inner][\/vc_row_inner][vc_row_inner][vc_column_inner width=&#8221;1\/6&#8243;][\/vc_column_inner][vc_column_inner width=&#8221;2\/3&#8243;]\r\n                <div class=\"text-modules\">\r\n                    <div class=\"container\">\r\n                        \r\n                        <div class=\"text-modules__content\"><p>Tekst prof. Ryszarda Kozio\u0142ka z \u201eForum Akademickiego\u201d dost\u0119pny jest na stronie: <a title=\"Przejd\u017a na stron\u0119 Forum Akademickiego\" href=\"https:\/\/forumakademickie.pl\/sprawy-nauki\/polonistyka-jako-powinnosc\/\">Forum Akademickie Polonistyka jako powinno\u015b\u0107 &#8211; Forum Akademickie<\/a>.<\/p>\n<p>Materia\u0142 opublikowany: 2022-12-22.<\/p>\n<\/div>\r\n                    <\/div>\r\n                <\/div><div class=\"container\"><div class=\"separator\" style=\"background-color: #ebebeb\"><\/div><\/div>[vc_empty_space][\/vc_column_inner][vc_column_inner width=&#8221;1\/6&#8243;][\/vc_column_inner][\/vc_row_inner][vc_row_inner][vc_column_inner css=&#8221;.vc_custom_1678682559900{border-left-width: 5px !important;border-left-color: #0093dd !important;border-left-style: solid !important;border-radius: 5px !important;}&#8221;]\r\n                <div class=\"text-modules\">\r\n                    <div class=\"container\">\r\n                        \r\n                        <div class=\"text-modules__content\"><\/p>\n<h3><span style=\"font-weight: 400\">\u201eBadania polszczyzny to powinno\u015b\u0107 nauki wobec spo\u0142ecze\u0144stwa\u201d<\/span><\/h3>\n<p>\n<\/div>\r\n                    <\/div>\r\n                <\/div>[\/vc_column_inner][\/vc_row_inner][vc_row_inner][vc_column_inner width=&#8221;1\/6&#8243; css=&#8221;.vc_custom_1678682559900{border-left-width: 5px !important;border-left-color: #0093dd !important;border-left-style: solid !important;border-radius: 5px !important;}&#8221;][\/vc_column_inner][vc_column_inner width=&#8221;2\/3&#8243;]\r\n                <div class=\"text-modules\">\r\n                    <div class=\"container\">\r\n                        \r\n                        <div class=\"text-modules__content\"><p>Wywiad z prof. Ryszardem Kozio\u0142kiem po\u015bwi\u0119cony zbli\u017caj\u0105cej si\u0119 Konferencji Programowej &#8222;Ku Nowej Polonistyce&#8221; dost\u0119pny jest na stronie: <a href=\"https:\/\/naukawpolsce.pl\/aktualnosci\/news%2C96162%2Cprof-koziolek-badania-polszczyzny-powinnosc-nauki-wobec-spoleczenstwa.html\">Nauka w Polsce<\/a><\/p>\n<p>Materia\u0142 opublikowany: 2023-04-14.<\/p>\n<\/div>\r\n                    <\/div>\r\n                <\/div>[\/vc_column_inner][vc_column_inner width=&#8221;1\/6&#8243;][\/vc_column_inner][\/vc_row_inner][vc_row_inner][vc_column_inner width=&#8221;1\/6&#8243;][\/vc_column_inner][vc_column_inner width=&#8221;2\/3&#8243;]<div class=\"container\"><div class=\"separator\" style=\"background-color: #ebebeb\"><\/div><\/div>[vc_empty_space][\/vc_column_inner][vc_column_inner width=&#8221;1\/6&#8243;][\/vc_column_inner][\/vc_row_inner][vc_row_inner][vc_column_inner css=&#8221;.vc_custom_1678682559900{border-left-width: 5px !important;border-left-color: #0093dd !important;border-left-style: solid !important;border-radius: 5px !important;}&#8221;]\r\n                <div class=\"text-modules\">\r\n                    <div class=\"container\">\r\n                        \r\n                        <div class=\"text-modules__content\"><\/p>\n<h3><span style=\"font-weight: 400\">Zapis obrad \u2013 materia\u0142 wideo<\/span><\/h3>\n<p>\n<\/div>\r\n                    <\/div>\r\n                <\/div>[\/vc_column_inner][\/vc_row_inner][vc_row_inner][vc_column_inner width=&#8221;1\/6&#8243; css=&#8221;.vc_custom_1678682559900{border-left-width: 5px !important;border-left-color: #0093dd !important;border-left-style: solid !important;border-radius: 5px !important;}&#8221;][\/vc_column_inner][vc_column_inner width=&#8221;2\/3&#8243;]\r\n                <div class=\"text-modules\">\r\n                    <div class=\"container\">\r\n                        \r\n                        <div class=\"text-modules__content\"><p>Zapis dwudniowych obrad podczas Konferencji Programowej \u201eKu Nowej Polonistyce\u201d<\/p>\n<p>Materia\u0142 opublikowany: 2023-04-20.<\/p>\n<\/div>\r\n                    <\/div>\r\n                <\/div>\r\n                <div class=\"text-modules\">\r\n                    <div class=\"container\">\r\n                        \r\n                        <div class=\"text-modules__content\"><p>Obrady 17 kwietnia \u2013 materia\u0142 wideo<\/p>\n<\/div>\r\n                    <\/div>\r\n                <\/div>[vc_video link=&#8221;https:\/\/www.youtube.com\/watch?v=67oBeeuyqhY&#8221; el_width=&#8221;80&#8243; align=&#8221;center&#8221;]<div class=\"container\"><div class=\"separator\" style=\"background-color: #ebebeb\"><\/div><\/div>\r\n                <div class=\"text-modules\">\r\n                    <div class=\"container\">\r\n                        \r\n                        <div class=\"text-modules__content\"><p>Obrady 18 kwietnia \u2013 materia\u0142 wideo<\/p>\n<\/div>\r\n                    <\/div>\r\n                <\/div>[vc_video link=&#8221;https:\/\/www.youtube.com\/watch?v=7rQmImKEXP0&#8243; el_width=&#8221;80&#8243; align=&#8221;center&#8221;][\/vc_column_inner][vc_column_inner width=&#8221;1\/6&#8243;][\/vc_column_inner][\/vc_row_inner][vc_row_inner][vc_column_inner css=&#8221;.vc_custom_1678682559900{border-left-width: 5px !important;border-left-color: #0093dd !important;border-left-style: solid !important;border-radius: 5px !important;}&#8221;]\r\n                <div class=\"text-modules\">\r\n                    <div class=\"container\">\r\n                        \r\n                        <div class=\"text-modules__content\"><\/p>\n<h3><span style=\"font-weight: 400\">\u201eJaka ma by\u0107 nowa polonistyka?\u201d<\/span><\/h3>\n<p>\n<\/div>\r\n                    <\/div>\r\n                <\/div>[\/vc_column_inner][\/vc_row_inner][vc_row_inner][vc_column_inner width=&#8221;1\/6&#8243;][\/vc_column_inner][vc_column_inner width=&#8221;2\/3&#8243;]\r\n                <div class=\"text-modules\">\r\n                    <div class=\"container\">\r\n                        \r\n                        <div class=\"text-modules__content\"><\/p>\n<div>\n<p><a href=\"https:\/\/forumakademickie.pl\/kategoria-konferencje\/jaka-ma-byc-nowa-polonistyka\/\">Tekst Piotra Kieraci\u0144skiego<\/a><span class=\"apple-converted-space\">\u00a0<\/span>po\u015bwi\u0119cony Konferencji Programowej &#8222;Ku Nowej Polonistyce&#8221; dost\u0119pny w &#8222;Forum Akademickim&#8221;<\/p>\n<\/div>\n<div>\n<p>Materia\u0142 opublikowany: 2023-04-24.<\/p>\n<\/div>\n<p>\n<\/div>\r\n                    <\/div>\r\n                <\/div><div class=\"container\"><div class=\"separator\" style=\"background-color: #ebebeb\"><\/div><\/div>[vc_empty_space][\/vc_column_inner][vc_column_inner width=&#8221;1\/6&#8243;][\/vc_column_inner][\/vc_row_inner][\/vc_column][\/vc_row]<\/p>","protected":false},"excerpt":{"rendered":"<p>[vc_row content_placement=&#8221;bottom&#8221; el_class=&#8221;container&#8221;][vc_column css=&#8221;.vc_custom_1678681991625{margin-bottom: 5px !important;}&#8221;][vc_column_text css=&#8221;.vc_custom_1678682324428{margin-top: 0px !important;margin-right: 0px !important;margin-bottom: 0px !important;margin-left: 0px !important;padding-top: 0px !important;padding-right: 0px !important;padding-bottom: 0px !important;padding-left: 0px !important;background-position: center !important;background-repeat: no-repeat !important;background-size: contain !important;}&#8221;]\u00a0 [\/vc_column_text][\/vc_column][\/vc_row][vc_row content_placement=&#8221;bottom&#8221; el_class=&#8221;container&#8221;][vc_column css=&#8221;.vc_custom_1678681991625{margin-bottom: 5px !important;}&#8221;][vc_wp_custommenu nav_menu=&#8221;386&#8243; el_id=&#8221;navi&#8221; el_class=&#8221;container bg-gray&#8221;][vc_raw_html]JTNDaDIlMjBjbGFzcyUzRCUyMnBhZ2UtdGl0bGUlMjBjb250YWluZXIlMjIlM0VNYXRlcmlhJUM1JTgyeSUzQyUyRmgyJTNF[\/vc_raw_html][\/vc_column][\/vc_row][vc_row el_class=&#8221;container&#8221;][vc_column][vc_row_inner][vc_column_inner css=&#8221;.vc_custom_1678682559900{border-left-width: 5px !important;border-left-color: #0093dd !important;border-left-style: solid !important;border-radius: 5px !important;}&#8221;][\/vc_column_inner][\/vc_row_inner][vc_row_inner][vc_column_inner width=&#8221;1\/6&#8243;][\/vc_column_inner][vc_column_inner width=&#8221;2\/3&#8243;][vc_empty_space][\/vc_column_inner][vc_column_inner width=&#8221;1\/6&#8243;][\/vc_column_inner][\/vc_row_inner][vc_row_inner][vc_column_inner css=&#8221;.vc_custom_1678682559900{border-left-width: 5px !important;border-left-color: [&#8230;]<\/p>\n<p><a class=\"btn btn-secondary understrap-read-more-link\" href=\"https:\/\/us.edu.pl\/wydzial\/wh\/konferencje-naukowe\/ku-nowej-polonistyce\/dokumenty\/\">Read More&#8230;<\/a><\/p>\n","protected":false},"author":26,"featured_media":0,"parent":162941,"menu_order":0,"comment_status":"closed","ping_status":"closed","template":"","meta":{"_expiration-date-status":"","_expiration-date":0,"_expiration-date-type":"","_expiration-date-categories":[],"_expiration-date-options":[]},"acf":[],"_links":{"self":[{"href":"https:\/\/us.edu.pl\/wydzial\/wh\/wp-json\/wp\/v2\/pages\/163118"}],"collection":[{"href":"https:\/\/us.edu.pl\/wydzial\/wh\/wp-json\/wp\/v2\/pages"}],"about":[{"href":"https:\/\/us.edu.pl\/wydzial\/wh\/wp-json\/wp\/v2\/types\/page"}],"author":[{"embeddable":true,"href":"https:\/\/us.edu.pl\/wydzial\/wh\/wp-json\/wp\/v2\/users\/26"}],"replies":[{"embeddable":true,"href":"https:\/\/us.edu.pl\/wydzial\/wh\/wp-json\/wp\/v2\/comments?post=163118"}],"version-history":[{"count":11,"href":"https:\/\/us.edu.pl\/wydzial\/wh\/wp-json\/wp\/v2\/pages\/163118\/revisions"}],"predecessor-version":[{"id":164593,"href":"https:\/\/us.edu.pl\/wydzial\/wh\/wp-json\/wp\/v2\/pages\/163118\/revisions\/164593"}],"up":[{"embeddable":true,"href":"https:\/\/us.edu.pl\/wydzial\/wh\/wp-json\/wp\/v2\/pages\/162941"}],"wp:attachment":[{"href":"https:\/\/us.edu.pl\/wydzial\/wh\/wp-json\/wp\/v2\/media?parent=163118"}],"curies":[{"name":"wp","href":"https:\/\/api.w.org\/{rel}","templated":true}]}}