{"id":163121,"date":"2023-03-10T11:02:28","date_gmt":"2023-03-10T10:02:28","guid":{"rendered":"https:\/\/us.edu.pl\/wydzial\/wh\/?page_id=163121"},"modified":"2023-04-03T21:37:15","modified_gmt":"2023-04-03T19:37:15","slug":"rejestracja-uczestnikow","status":"publish","type":"page","link":"https:\/\/us.edu.pl\/wydzial\/wh\/konferencje-naukowe\/ku-nowej-polonistyce\/rejestracja-uczestnikow\/","title":{"rendered":"Rejestracja uczestnik\u00f3w"},"content":{"rendered":"<p>[vc_row content_placement=&#8221;bottom&#8221; el_class=&#8221;container&#8221;][vc_column css=&#8221;.vc_custom_1678681991625{margin-bottom: 5px !important;}&#8221;][vc_column_text css=&#8221;.vc_custom_1678682324428{margin-top: 0px !important;margin-right: 0px !important;margin-bottom: 0px !important;margin-left: 0px !important;padding-top: 0px !important;padding-right: 0px !important;padding-bottom: 0px !important;padding-left: 0px !important;background-position: center !important;background-repeat: no-repeat !important;background-size: contain !important;}&#8221;]<img class=\"alignnone wp-image-163107 verticalLine\" style=\"margin-right: 10px\" src=\"https:\/\/us.edu.pl\/wydzial\/wh\/wp-content\/uploads\/sites\/15\/KU-NOWEJ-POLONISTYCE\/Logo-Konferencja-Programowa-Ku-Nowej-Polonistyce-300x169.png\" alt=\"Logo Konferencja Programowa Ku Nowej Polonistyce\" width=\"200\" height=\"113\" srcset=\"https:\/\/us.edu.pl\/wydzial\/wh\/wp-content\/uploads\/sites\/15\/KU-NOWEJ-POLONISTYCE\/Logo-Konferencja-Programowa-Ku-Nowej-Polonistyce-300x169.png 300w, https:\/\/us.edu.pl\/wydzial\/wh\/wp-content\/uploads\/sites\/15\/KU-NOWEJ-POLONISTYCE\/Logo-Konferencja-Programowa-Ku-Nowej-Polonistyce-1024x578.png 1024w, https:\/\/us.edu.pl\/wydzial\/wh\/wp-content\/uploads\/sites\/15\/KU-NOWEJ-POLONISTYCE\/Logo-Konferencja-Programowa-Ku-Nowej-Polonistyce-768x434.png 768w, https:\/\/us.edu.pl\/wydzial\/wh\/wp-content\/uploads\/sites\/15\/KU-NOWEJ-POLONISTYCE\/Logo-Konferencja-Programowa-Ku-Nowej-Polonistyce-575x325.png 575w, https:\/\/us.edu.pl\/wydzial\/wh\/wp-content\/uploads\/sites\/15\/KU-NOWEJ-POLONISTYCE\/Logo-Konferencja-Programowa-Ku-Nowej-Polonistyce.png 1135w\" sizes=\"(max-width: 200px) 100vw, 200px\" \/>\u00a0 <img class=\"alignnone size-full wp-image-163167 \" src=\"https:\/\/us.edu.pl\/wydzial\/wh\/wp-content\/uploads\/sites\/15\/KU-NOWEJ-POLONISTYCE\/logo-US-UAM-UJ.png\" alt=\"&quot;&quot;\" width=\"193\" height=\"61\" \/>[\/vc_column_text][\/vc_column][\/vc_row][vc_row content_placement=&#8221;bottom&#8221; el_class=&#8221;container&#8221;][vc_column css=&#8221;.vc_custom_1678681991625{margin-bottom: 5px !important;}&#8221;][vc_wp_custommenu nav_menu=&#8221;386&#8243; el_id=&#8221;navi&#8221; el_class=&#8221;container bg-gray&#8221;][vc_raw_html]JTNDaDIlMjBjbGFzcyUzRCUyMnBhZ2UtdGl0bGUlMjBjb250YWluZXIlMjIlM0VSZWplc3RyYWNqYSUyMHVjemVzdG5payVDMyVCM3clM0MlMkZoMiUzRQ==[\/vc_raw_html][\/vc_column][\/vc_row][vc_row el_class=&#8221;container&#8221;][vc_column][vc_row_inner][vc_column_inner css=&#8221;.vc_custom_1678682559900{border-left-width: 5px !important;border-left-color: #0093dd !important;border-left-style: solid !important;border-radius: 5px !important;}&#8221;]\r\n                <div class=\"text-modules\">\r\n                    <div class=\"container\">\r\n                        \r\n                        <div class=\"text-modules__content\"><\/p>\n<h3>FORMA UDZIA\u0141U W KONFERENCJI<\/h3>\n<p>\n<\/div>\r\n                    <\/div>\r\n                <\/div>[\/vc_column_inner][\/vc_row_inner][vc_row_inner][vc_column_inner width=&#8221;1\/6&#8243;][\/vc_column_inner][vc_column_inner width=&#8221;2\/3&#8243;]\r\n                <div class=\"text-modules\">\r\n                    <div class=\"container\">\r\n                        \r\n                        <div class=\"text-modules__content\"><p>Konferencja odb\u0119dzie si\u0119 na Wydziale Nauk Humanistycznych Uniwersytetu \u015al\u0105skiego w Katowicach w auli im. A. Pawlikowskiego (budynek B). Osoby, kt\u00f3re zechc\u0105 osobi\u015bcie uczestniczy\u0107 w wydarzeniu powinny zarejestrowa\u0107 si\u0119 za po\u015brednictwem formularza zg\u0142oszeniowego.<\/p>\n<p>Obrady b\u0119d\u0105 r\u00f3wnie\u017c transmitowane na kanale YouTube Uniwersytetu \u015al\u0105skiego.<\/p>\n<p>Dok\u0142adna lokalizacja konferencji oraz link do transmisji znajduj\u0105 si\u0119 w zak\u0142adce <a href=\"https:\/\/us.edu.pl\/wydzial\/wh\/konferencje-naukowe\/ku-nowej-polonistyce\/informacje-organizacyjne\/\">\u201einformacje organizacyjne\u201d<\/a>.<\/p>\n<\/div>\r\n                    <\/div>\r\n                <\/div>[\/vc_column_inner][vc_column_inner width=&#8221;1\/6&#8243;][\/vc_column_inner][\/vc_row_inner][vc_row_inner][vc_column_inner css=&#8221;.vc_custom_1678682559900{border-left-width: 5px !important;border-left-color: #0093dd !important;border-left-style: solid !important;border-radius: 5px !important;}&#8221;]\r\n                <div class=\"text-modules\">\r\n                    <div class=\"container\">\r\n                        \r\n                        <div class=\"text-modules__content\"><\/p>\n<h3>TERMIN REJESTRACJI<\/h3>\n<p>\n<\/div>\r\n                    <\/div>\r\n                <\/div>[\/vc_column_inner][\/vc_row_inner][vc_row_inner][vc_column_inner width=&#8221;1\/6&#8243;][\/vc_column_inner][vc_column_inner width=&#8221;2\/3&#8243;]\r\n                <div class=\"text-modules\">\r\n                    <div class=\"container\">\r\n                        \r\n                        <div class=\"text-modules__content\"><p>Termin rejestracji na konferencj\u0119 up\u0142ywa <strong>15 kwietnia 2023 roku<\/strong>.<\/p>\n<\/div>\r\n                    <\/div>\r\n                <\/div>[\/vc_column_inner][vc_column_inner width=&#8221;1\/6&#8243;][\/vc_column_inner][\/vc_row_inner][vc_row_inner][vc_column_inner css=&#8221;.vc_custom_1678682559900{border-left-width: 5px !important;border-left-color: #0093dd !important;border-left-style: solid !important;border-radius: 5px !important;}&#8221;]\r\n                <div class=\"text-modules\">\r\n                    <div class=\"container\">\r\n                        \r\n                        <div class=\"text-modules__content\"><\/p>\n<h3>FORMULARZ REJESTRACYJNY<\/h3>\n<p>\n<\/div>\r\n                    <\/div>\r\n                <\/div>[\/vc_column_inner][\/vc_row_inner][vc_row_inner][vc_column_inner width=&#8221;1\/6&#8243;][\/vc_column_inner][vc_column_inner width=&#8221;2\/3&#8243;]\r\n                <div class=\"text-modules\">\r\n                    <div class=\"container\">\r\n                        \r\n                        <div class=\"text-modules__content\"><p>Formularz rejestracyjny dost\u0119pny jest pod adresem: <a title=\"Przejd\u017a do systemu Coffee\" href=\"https:\/\/systemcoffee.pl\/?lang=pl&amp;go2rej=1&amp;kid=1426\">systemcoffee.pl<\/a>.<\/p>\n<\/div>\r\n                    <\/div>\r\n                <\/div>[\/vc_column_inner][vc_column_inner width=&#8221;1\/6&#8243;][\/vc_column_inner][\/vc_row_inner][vc_row_inner][vc_column_inner width=&#8221;1\/6&#8243;][\/vc_column_inner][vc_column_inner width=&#8221;1\/3&#8243;][\/vc_column_inner][vc_column_inner width=&#8221;1\/3&#8243;][\/vc_column_inner][vc_column_inner width=&#8221;1\/6&#8243;][\/vc_column_inner][\/vc_row_inner][\/vc_column][\/vc_row]<\/p>","protected":false},"excerpt":{"rendered":"<p>[vc_row content_placement=&#8221;bottom&#8221; el_class=&#8221;container&#8221;][vc_column css=&#8221;.vc_custom_1678681991625{margin-bottom: 5px !important;}&#8221;][vc_column_text css=&#8221;.vc_custom_1678682324428{margin-top: 0px !important;margin-right: 0px !important;margin-bottom: 0px !important;margin-left: 0px !important;padding-top: 0px !important;padding-right: 0px !important;padding-bottom: 0px !important;padding-left: 0px !important;background-position: center !important;background-repeat: no-repeat !important;background-size: contain !important;}&#8221;]\u00a0 [\/vc_column_text][\/vc_column][\/vc_row][vc_row content_placement=&#8221;bottom&#8221; el_class=&#8221;container&#8221;][vc_column css=&#8221;.vc_custom_1678681991625{margin-bottom: 5px !important;}&#8221;][vc_wp_custommenu nav_menu=&#8221;386&#8243; el_id=&#8221;navi&#8221; el_class=&#8221;container bg-gray&#8221;][vc_raw_html]JTNDaDIlMjBjbGFzcyUzRCUyMnBhZ2UtdGl0bGUlMjBjb250YWluZXIlMjIlM0VSZWplc3RyYWNqYSUyMHVjemVzdG5payVDMyVCM3clM0MlMkZoMiUzRQ==[\/vc_raw_html][\/vc_column][\/vc_row][vc_row el_class=&#8221;container&#8221;][vc_column][vc_row_inner][vc_column_inner css=&#8221;.vc_custom_1678682559900{border-left-width: 5px !important;border-left-color: #0093dd !important;border-left-style: solid !important;border-radius: 5px !important;}&#8221;][\/vc_column_inner][\/vc_row_inner][vc_row_inner][vc_column_inner width=&#8221;1\/6&#8243;][\/vc_column_inner][vc_column_inner width=&#8221;2\/3&#8243;][\/vc_column_inner][vc_column_inner width=&#8221;1\/6&#8243;][\/vc_column_inner][\/vc_row_inner][vc_row_inner][vc_column_inner css=&#8221;.vc_custom_1678682559900{border-left-width: 5px !important;border-left-color: [&#8230;]<\/p>\n<p><a class=\"btn btn-secondary understrap-read-more-link\" href=\"https:\/\/us.edu.pl\/wydzial\/wh\/konferencje-naukowe\/ku-nowej-polonistyce\/rejestracja-uczestnikow\/\">Read More&#8230;<\/a><\/p>\n","protected":false},"author":26,"featured_media":0,"parent":162941,"menu_order":0,"comment_status":"closed","ping_status":"closed","template":"","meta":{"_expiration-date-status":"","_expiration-date":0,"_expiration-date-type":"","_expiration-date-categories":[],"_expiration-date-options":[]},"acf":[],"_links":{"self":[{"href":"https:\/\/us.edu.pl\/wydzial\/wh\/wp-json\/wp\/v2\/pages\/163121"}],"collection":[{"href":"https:\/\/us.edu.pl\/wydzial\/wh\/wp-json\/wp\/v2\/pages"}],"about":[{"href":"https:\/\/us.edu.pl\/wydzial\/wh\/wp-json\/wp\/v2\/types\/page"}],"author":[{"embeddable":true,"href":"https:\/\/us.edu.pl\/wydzial\/wh\/wp-json\/wp\/v2\/users\/26"}],"replies":[{"embeddable":true,"href":"https:\/\/us.edu.pl\/wydzial\/wh\/wp-json\/wp\/v2\/comments?post=163121"}],"version-history":[{"count":9,"href":"https:\/\/us.edu.pl\/wydzial\/wh\/wp-json\/wp\/v2\/pages\/163121\/revisions"}],"predecessor-version":[{"id":163767,"href":"https:\/\/us.edu.pl\/wydzial\/wh\/wp-json\/wp\/v2\/pages\/163121\/revisions\/163767"}],"up":[{"embeddable":true,"href":"https:\/\/us.edu.pl\/wydzial\/wh\/wp-json\/wp\/v2\/pages\/162941"}],"wp:attachment":[{"href":"https:\/\/us.edu.pl\/wydzial\/wh\/wp-json\/wp\/v2\/media?parent=163121"}],"curies":[{"name":"wp","href":"https:\/\/api.w.org\/{rel}","templated":true}]}}