{"id":163720,"date":"2023-04-02T21:36:45","date_gmt":"2023-04-02T19:36:45","guid":{"rendered":"https:\/\/us.edu.pl\/wydzial\/wh\/?page_id=163720"},"modified":"2023-06-03T10:55:35","modified_gmt":"2023-06-03T08:55:35","slug":"rekomendacje-materialy-do-dyskusji","status":"publish","type":"page","link":"https:\/\/us.edu.pl\/wydzial\/wh\/konferencje-naukowe\/ku-nowej-polonistyce\/rekomendacje-materialy-do-dyskusji\/","title":{"rendered":"Rekomendacje (materia\u0142y pokonferencyjne)"},"content":{"rendered":"<p>[vc_row][vc_column][vc_column_text][\/vc_column_text][\/vc_column][\/vc_row][vc_row][vc_column][vc_column_text][\/vc_column_text][\/vc_column][\/vc_row][vc_row][vc_column][vc_column_text][\/vc_column_text][\/vc_column][\/vc_row][vc_row][vc_column][vc_column_text][\/vc_column_text][\/vc_column][\/vc_row][vc_row content_placement=&#8221;bottom&#8221; el_class=&#8221;container&#8221;][vc_column css=&#8221;.vc_custom_1678681991625{margin-bottom: 5px !important;}&#8221;][vc_column_text css=&#8221;.vc_custom_1678682324428{margin-top: 0px !important;margin-right: 0px !important;margin-bottom: 0px !important;margin-left: 0px !important;padding-top: 0px !important;padding-right: 0px !important;padding-bottom: 0px !important;padding-left: 0px !important;background-position: center !important;background-repeat: no-repeat !important;background-size: contain !important;}&#8221;]<img class=\"alignnone wp-image-163107 verticalLine\" style=\"margin-right: 10px\" src=\"https:\/\/us.edu.pl\/wydzial\/wh\/wp-content\/uploads\/sites\/15\/KU-NOWEJ-POLONISTYCE\/Logo-Konferencja-Programowa-Ku-Nowej-Polonistyce-300x169.png\" alt=\"Logo Konferencja Programowa Ku Nowej Polonistyce\" width=\"200\" height=\"113\" srcset=\"https:\/\/us.edu.pl\/wydzial\/wh\/wp-content\/uploads\/sites\/15\/KU-NOWEJ-POLONISTYCE\/Logo-Konferencja-Programowa-Ku-Nowej-Polonistyce-300x169.png 300w, https:\/\/us.edu.pl\/wydzial\/wh\/wp-content\/uploads\/sites\/15\/KU-NOWEJ-POLONISTYCE\/Logo-Konferencja-Programowa-Ku-Nowej-Polonistyce-1024x578.png 1024w, https:\/\/us.edu.pl\/wydzial\/wh\/wp-content\/uploads\/sites\/15\/KU-NOWEJ-POLONISTYCE\/Logo-Konferencja-Programowa-Ku-Nowej-Polonistyce-768x434.png 768w, https:\/\/us.edu.pl\/wydzial\/wh\/wp-content\/uploads\/sites\/15\/KU-NOWEJ-POLONISTYCE\/Logo-Konferencja-Programowa-Ku-Nowej-Polonistyce-575x325.png 575w, https:\/\/us.edu.pl\/wydzial\/wh\/wp-content\/uploads\/sites\/15\/KU-NOWEJ-POLONISTYCE\/Logo-Konferencja-Programowa-Ku-Nowej-Polonistyce.png 1135w\" sizes=\"(max-width: 200px) 100vw, 200px\" \/>\u00a0 <img class=\"alignnone size-full wp-image-163167 \" src=\"https:\/\/us.edu.pl\/wydzial\/wh\/wp-content\/uploads\/sites\/15\/KU-NOWEJ-POLONISTYCE\/logo-US-UAM-UJ.png\" alt=\"&quot;&quot;\" width=\"193\" height=\"61\" \/>[\/vc_column_text][\/vc_column][\/vc_row][vc_row content_placement=&#8221;bottom&#8221; el_class=&#8221;container&#8221;][vc_column css=&#8221;.vc_custom_1678681991625{margin-bottom: 5px !important;}&#8221;][vc_wp_custommenu nav_menu=&#8221;386&#8243; el_id=&#8221;navi&#8221; el_class=&#8221;container bg-gray&#8221;][vc_raw_html]JTNDaDIlMjBjbGFzcyUzRCUyMnBhZ2UtdGl0bGUlMjBjb250YWluZXIlMjIlM0VSZWtvbWVuZGFjamUlMjAlMjhtYXRlcmlhJUM1JTgyeSUyMHBva29uZmVyZW5jeWpuZSUyOSUzQyUyRmgyJTNF[\/vc_raw_html][\/vc_column][\/vc_row][vc_row el_class=&#8221;container&#8221;][vc_column][vc_row_inner][vc_column_inner css=&#8221;.vc_custom_1678682559900{border-left-width: 5px !important;border-left-color: #0093dd !important;border-left-style: solid !important;border-radius: 5px !important;}&#8221;]\r\n                <div class=\"text-modules\">\r\n                    <div class=\"container\">\r\n                        \r\n                        <div class=\"text-modules__content\"><\/p>\n<h3>Zapraszamy do zapoznania si\u0119 z materia\u0142ami konferencyjnymi przygotowanymi przez uczestnik\u00f3w poszczeg\u00f3lnych paneli.<\/h3>\n<p>\n<\/div>\r\n                    <\/div>\r\n                <\/div>[\/vc_column_inner][\/vc_row_inner][vc_row_inner][vc_column_inner width=&#8221;1\/6&#8243;][\/vc_column_inner][vc_column_inner width=&#8221;2\/3&#8243;]\r\n                <div class=\"text-modules\">\r\n                    <div class=\"container\">\r\n                        \r\n                        <div class=\"text-modules__content\"><p>Przedstawiamy Pa\u0144stwu rekomendacje dotycz\u0105ce wdro\u017cenia nowej dyscypliny &#8211; w ramach sze\u015bciu zaproponowanych wcze\u015bniej obszar\u00f3w. Dokument stanowi\u0142 podstaw\u0119 do dyskusji podczas dwudniowych spotka\u0144 panelist\u00f3w i wszystkich uczestnik\u00f3w. Wprowadzone zmiany merytoryczne, uwagi, sugestie s\u0105 efektem debaty oraz pokonferencyjnych prac w ramach utworzonych zespo\u0142\u00f3w. Dokument b\u0119dzie r\u00f3wnie\u017c wydany w tradycyjnej, papierowej formie. Jednak, aby umo\u017cliwi\u0107 wszystkim zainteresowanym zapoznanie si\u0119 z ustaleniami uczestnik\u00f3w Konferencji Programowej i przedstawicieli \u015brodowiska polonistycznego publikujemy ostateczn\u0105 wersj\u0119 po zmianach merytorycznych.<\/p>\n<p>Zach\u0119camy do pobrania <a href=\"https:\/\/us.edu.pl\/wydzial\/wh\/wp-content\/uploads\/sites\/15\/2023\/06\/Rekomendacje_EBOOK.pdf\" class=\"mtli_attachment mtli_pdf\" data-mtli=\"mtli_filesize571,96kB\" class=\"mtli_attachment mtli_pdf\" data-mtli=\"mtli_filesize571,96kB\">e-booka z rekomendacjami<\/a>.<\/p>\n<style type=\"text\/css\">a[data-mtli~=\"mtli_filesize571,96kB\"]:after {content:\" (571,96 kB)\"}<\/style><\/div>\r\n                    <\/div>\r\n                <\/div><div class=\"container\"><div class=\"separator\" style=\"background-color: #ebebeb\"><\/div><\/div>[vc_empty_space][\/vc_column_inner][vc_column_inner width=&#8221;1\/6&#8243;][\/vc_column_inner][\/vc_row_inner][vc_row_inner][vc_column_inner width=&#8221;1\/6&#8243;][\/vc_column_inner][vc_column_inner width=&#8221;1\/3&#8243;][\/vc_column_inner][vc_column_inner width=&#8221;1\/3&#8243;][\/vc_column_inner][vc_column_inner width=&#8221;1\/6&#8243;][\/vc_column_inner][\/vc_row_inner][\/vc_column][\/vc_row][vc_row][vc_column][vc_column_text][\/vc_column_text][\/vc_column][\/vc_row][vc_row][vc_column][vc_column_text][\/vc_column_text][\/vc_column][\/vc_row][vc_row][\/vc_row][vc_column][\/vc_column][vc_column_text][\/vc_column_text]<\/p>\n<style type=\"text\/css\">a[data-mtli~=\"mtli_filesize571,96kB\"]:after {content:\" (571,96 kB)\"}<\/style>","protected":false},"excerpt":{"rendered":"<p>[vc_row][vc_column][vc_column_text][\/vc_column_text][\/vc_column][\/vc_row][vc_row][vc_column][vc_column_text][\/vc_column_text][\/vc_column][\/vc_row][vc_row][vc_column][vc_column_text][\/vc_column_text][\/vc_column][\/vc_row][vc_row][vc_column][vc_column_text][\/vc_column_text][\/vc_column][\/vc_row][vc_row content_placement=&#8221;bottom&#8221; el_class=&#8221;container&#8221;][vc_column css=&#8221;.vc_custom_1678681991625{margin-bottom: 5px !important;}&#8221;][vc_column_text css=&#8221;.vc_custom_1678682324428{margin-top: 0px !important;margin-right: 0px !important;margin-bottom: 0px !important;margin-left: 0px !important;padding-top: 0px !important;padding-right: 0px !important;padding-bottom: 0px !important;padding-left: 0px !important;background-position: center !important;background-repeat: no-repeat !important;background-size: contain !important;}&#8221;]\u00a0 [\/vc_column_text][\/vc_column][\/vc_row][vc_row content_placement=&#8221;bottom&#8221; el_class=&#8221;container&#8221;][vc_column css=&#8221;.vc_custom_1678681991625{margin-bottom: 5px !important;}&#8221;][vc_wp_custommenu nav_menu=&#8221;386&#8243; el_id=&#8221;navi&#8221; el_class=&#8221;container bg-gray&#8221;][vc_raw_html]JTNDaDIlMjBjbGFzcyUzRCUyMnBhZ2UtdGl0bGUlMjBjb250YWluZXIlMjIlM0VSZWtvbWVuZGFjamUlMjAlMjhtYXRlcmlhJUM1JTgyeSUyMHBva29uZmVyZW5jeWpuZSUyOSUzQyUyRmgyJTNF[\/vc_raw_html][\/vc_column][\/vc_row][vc_row el_class=&#8221;container&#8221;][vc_column][vc_row_inner][vc_column_inner css=&#8221;.vc_custom_1678682559900{border-left-width: 5px !important;border-left-color: #0093dd !important;border-left-style: solid !important;border-radius: 5px !important;}&#8221;][\/vc_column_inner][\/vc_row_inner][vc_row_inner][vc_column_inner width=&#8221;1\/6&#8243;][\/vc_column_inner][vc_column_inner width=&#8221;2\/3&#8243;][vc_empty_space][\/vc_column_inner][vc_column_inner width=&#8221;1\/6&#8243;][\/vc_column_inner][\/vc_row_inner][vc_row_inner][vc_column_inner width=&#8221;1\/6&#8243;][\/vc_column_inner][vc_column_inner width=&#8221;1\/3&#8243;][\/vc_column_inner][vc_column_inner width=&#8221;1\/3&#8243;][\/vc_column_inner][vc_column_inner [&#8230;]<\/p>\n<p><a class=\"btn btn-secondary understrap-read-more-link\" href=\"https:\/\/us.edu.pl\/wydzial\/wh\/konferencje-naukowe\/ku-nowej-polonistyce\/rekomendacje-materialy-do-dyskusji\/\">Read More&#8230;<\/a><\/p>\n","protected":false},"author":5357,"featured_media":0,"parent":162941,"menu_order":0,"comment_status":"closed","ping_status":"closed","template":"","meta":{"_expiration-date-status":"","_expiration-date":0,"_expiration-date-type":"","_expiration-date-categories":[],"_expiration-date-options":[]},"acf":[],"_links":{"self":[{"href":"https:\/\/us.edu.pl\/wydzial\/wh\/wp-json\/wp\/v2\/pages\/163720"}],"collection":[{"href":"https:\/\/us.edu.pl\/wydzial\/wh\/wp-json\/wp\/v2\/pages"}],"about":[{"href":"https:\/\/us.edu.pl\/wydzial\/wh\/wp-json\/wp\/v2\/types\/page"}],"author":[{"embeddable":true,"href":"https:\/\/us.edu.pl\/wydzial\/wh\/wp-json\/wp\/v2\/users\/5357"}],"replies":[{"embeddable":true,"href":"https:\/\/us.edu.pl\/wydzial\/wh\/wp-json\/wp\/v2\/comments?post=163720"}],"version-history":[{"count":10,"href":"https:\/\/us.edu.pl\/wydzial\/wh\/wp-json\/wp\/v2\/pages\/163720\/revisions"}],"predecessor-version":[{"id":165158,"href":"https:\/\/us.edu.pl\/wydzial\/wh\/wp-json\/wp\/v2\/pages\/163720\/revisions\/165158"}],"up":[{"embeddable":true,"href":"https:\/\/us.edu.pl\/wydzial\/wh\/wp-json\/wp\/v2\/pages\/162941"}],"wp:attachment":[{"href":"https:\/\/us.edu.pl\/wydzial\/wh\/wp-json\/wp\/v2\/media?parent=163720"}],"curies":[{"name":"wp","href":"https:\/\/api.w.org\/{rel}","templated":true}]}}