{"id":164491,"date":"2023-05-09T10:32:26","date_gmt":"2023-05-09T08:32:26","guid":{"rendered":"https:\/\/us.edu.pl\/wydzial\/wh\/?page_id=164491"},"modified":"2023-11-20T16:17:21","modified_gmt":"2023-11-20T15:17:21","slug":"akty-prawa-wewnetrznego","status":"publish","type":"page","link":"https:\/\/us.edu.pl\/wydzial\/wh\/akty-prawa-wewnetrznego\/","title":{"rendered":"Akty prawa wewn\u0119trznego"},"content":{"rendered":"<p>[vc_row][vc_column]\r\n                <div class=\"tiles-section\" style=\"background: \">\r\n                    <div class=\"container\">\r\n                        <h3 class=\"page-title\"><\/h3>\r\n                        <div class=\"tiles tiles-2\">\r\n                            <a href=\"https:\/\/us.edu.pl\/wydzial\/wh\/akty-prawne-rad-dydaktycznych-kierunkow\" class=\"tile tile_ justify-content-center\" style=\"background-color: #EBEBEB; font-weight: ; color: #002E5A;  \">\r\n                                \r\n                                   \r\n                               \r\n                                <div class=\"tile__name\">Akty prawne rad dydaktycznych kierunk\u00f3w<\/div>\r\n                            <\/a>\r\n                            <a href=\"https:\/\/us.edu.pl\/wydzial\/wh\/zarzadzenia-i-pisma-okolne-dyrektorow-kierunkow-studiow\/\" class=\"tile tile_ justify-content-center\" style=\"background-color: #EBEBEB; font-weight: ; color: #002E5A;  \">\r\n                                \r\n                                   \r\n                               \r\n                                <div class=\"tile__name\">Zarz\u0105dzenia i pisma ok\u00f3lne Dyrektor\u00f3w Kierunk\u00f3w Studi\u00f3w<\/div>\r\n                            <\/a><\/div>\r\n                    <\/div>\r\n                <\/div>[\/vc_column][\/vc_row]<\/p>","protected":false},"excerpt":{"rendered":"<p>[vc_row][vc_column][\/vc_column][\/vc_row] [&#8230;]<\/p>\n<p><a class=\"btn btn-secondary understrap-read-more-link\" href=\"https:\/\/us.edu.pl\/wydzial\/wh\/akty-prawa-wewnetrznego\/\">Read More&#8230;<\/a><\/p>\n","protected":false},"author":2430,"featured_media":0,"parent":0,"menu_order":0,"comment_status":"closed","ping_status":"closed","template":"","meta":{"_expiration-date-status":"","_expiration-date":0,"_expiration-date-type":"","_expiration-date-categories":[],"_expiration-date-options":[]},"acf":[],"_links":{"self":[{"href":"https:\/\/us.edu.pl\/wydzial\/wh\/wp-json\/wp\/v2\/pages\/164491"}],"collection":[{"href":"https:\/\/us.edu.pl\/wydzial\/wh\/wp-json\/wp\/v2\/pages"}],"about":[{"href":"https:\/\/us.edu.pl\/wydzial\/wh\/wp-json\/wp\/v2\/types\/page"}],"author":[{"embeddable":true,"href":"https:\/\/us.edu.pl\/wydzial\/wh\/wp-json\/wp\/v2\/users\/2430"}],"replies":[{"embeddable":true,"href":"https:\/\/us.edu.pl\/wydzial\/wh\/wp-json\/wp\/v2\/comments?post=164491"}],"version-history":[{"count":9,"href":"https:\/\/us.edu.pl\/wydzial\/wh\/wp-json\/wp\/v2\/pages\/164491\/revisions"}],"predecessor-version":[{"id":169123,"href":"https:\/\/us.edu.pl\/wydzial\/wh\/wp-json\/wp\/v2\/pages\/164491\/revisions\/169123"}],"wp:attachment":[{"href":"https:\/\/us.edu.pl\/wydzial\/wh\/wp-json\/wp\/v2\/media?parent=164491"}],"curies":[{"name":"wp","href":"https:\/\/api.w.org\/{rel}","templated":true}]}}