{"id":164496,"date":"2023-05-09T10:36:59","date_gmt":"2023-05-09T08:36:59","guid":{"rendered":"https:\/\/us.edu.pl\/wydzial\/wh\/?page_id=164496"},"modified":"2023-11-20T16:21:01","modified_gmt":"2023-11-20T15:21:01","slug":"zarzadzenia-i-pisma-okolne-dyrektorow-kierunkow-studiow","status":"publish","type":"page","link":"https:\/\/us.edu.pl\/wydzial\/wh\/zarzadzenia-i-pisma-okolne-dyrektorow-kierunkow-studiow\/","title":{"rendered":"Zarz\u0105dzenia i pisma ok\u00f3lne Dyrektor\u00f3w Kierunk\u00f3w Studi\u00f3w"},"content":{"rendered":"<p>[vc_row][vc_column]\r\n                <div class=\"text-modules\">\r\n                    <div class=\"container\">\r\n                        \r\n                        <div class=\"text-modules__content\"><\/p>\n<h3>Zarz\u0105dzenia i pisma ok\u00f3lne Dyrektor\u00f3w Kierunk\u00f3w Studi\u00f3w<\/h3>\n<hr \/>\n<p>\n<\/div>\r\n                    <\/div>\r\n                <\/div>[\/vc_column][\/vc_row][vc_row][vc_column width=&#8221;2\/3&#8243;][\/vc_column][vc_column width=&#8221;1\/3&#8243;][\/vc_column][\/vc_row]<\/p>","protected":false},"excerpt":{"rendered":"<p>[vc_row][vc_column][\/vc_column][\/vc_row][vc_row][vc_column width=&#8221;2\/3&#8243;][\/vc_column][vc_column width=&#8221;1\/3&#8243;][\/vc_column][\/vc_row] [&#8230;]<\/p>\n<p><a class=\"btn btn-secondary understrap-read-more-link\" href=\"https:\/\/us.edu.pl\/wydzial\/wh\/zarzadzenia-i-pisma-okolne-dyrektorow-kierunkow-studiow\/\">Read More&#8230;<\/a><\/p>\n","protected":false},"author":2430,"featured_media":0,"parent":0,"menu_order":0,"comment_status":"closed","ping_status":"closed","template":"","meta":{"_expiration-date-status":"","_expiration-date":0,"_expiration-date-type":"","_expiration-date-categories":[],"_expiration-date-options":[]},"acf":[],"_links":{"self":[{"href":"https:\/\/us.edu.pl\/wydzial\/wh\/wp-json\/wp\/v2\/pages\/164496"}],"collection":[{"href":"https:\/\/us.edu.pl\/wydzial\/wh\/wp-json\/wp\/v2\/pages"}],"about":[{"href":"https:\/\/us.edu.pl\/wydzial\/wh\/wp-json\/wp\/v2\/types\/page"}],"author":[{"embeddable":true,"href":"https:\/\/us.edu.pl\/wydzial\/wh\/wp-json\/wp\/v2\/users\/2430"}],"replies":[{"embeddable":true,"href":"https:\/\/us.edu.pl\/wydzial\/wh\/wp-json\/wp\/v2\/comments?post=164496"}],"version-history":[{"count":5,"href":"https:\/\/us.edu.pl\/wydzial\/wh\/wp-json\/wp\/v2\/pages\/164496\/revisions"}],"predecessor-version":[{"id":169126,"href":"https:\/\/us.edu.pl\/wydzial\/wh\/wp-json\/wp\/v2\/pages\/164496\/revisions\/169126"}],"wp:attachment":[{"href":"https:\/\/us.edu.pl\/wydzial\/wh\/wp-json\/wp\/v2\/media?parent=164496"}],"curies":[{"name":"wp","href":"https:\/\/api.w.org\/{rel}","templated":true}]}}