{"id":164777,"date":"2023-05-17T12:02:42","date_gmt":"2023-05-17T10:02:42","guid":{"rendered":"https:\/\/us.edu.pl\/wydzial\/wh\/?page_id=164777"},"modified":"2025-05-28T10:48:21","modified_gmt":"2025-05-28T08:48:21","slug":"uchwaly-komisji","status":"publish","type":"page","link":"https:\/\/us.edu.pl\/wydzial\/wh\/wydzialowa-komisja-ds-ksztalcenia-i-studentow\/uchwaly-komisji\/","title":{"rendered":"Uchwa\u0142y Komisji"},"content":{"rendered":"<p>[vc_row el_class=&#8221;container&#8221;][vc_column width=&#8221;2\/3&#8243;]\r\n                <div class='sidebar_moduls sidebar_links color-blue' style='background-color: #EBEBEB'>\r\n                    <h3>Uchwa\u0142a 1\/2025<\/h3>\r\n                    <ul class='angle-list'>\r\n                    <li><a href=\"https:\/\/us.edu.pl\/wydzial\/wh\/wp-content\/uploads\/sites\/15\/Bez-kategorii\/Uchwala-1-2025.docx\" class=\"mtli_attachment mtli_docx\" data-mtli=\"mtli_filesize127,70kB\">tre\u015b\u0107 uchwa\u0142y<\/a><\/li><li><a href=\"https:\/\/us.edu.pl\/wydzial\/wh\/wp-content\/uploads\/sites\/15\/Bez-kategorii\/Uchwala-1-2025-sig.pdf\" class=\"mtli_attachment mtli_pdf\" data-mtli=\"mtli_filesize533,42kB\">skan uchwa\u0142y<\/a><\/li>\r\n                <\/ul>\r\n            <\/div>\r\n                <div class='sidebar_moduls sidebar_links color-blue' style='background-color: #EBEBEB'>\r\n                    <h3>Uchwa\u0142a 2\/2024<\/h3>\r\n                    <ul class='angle-list'>\r\n                    <li><a href=\"https:\/\/us.edu.pl\/wydzial\/wh\/wp-content\/uploads\/sites\/15\/Bez-kategorii\/Uchwala-2-2024_22.11.24.docx\" class=\"mtli_attachment mtli_docx\" data-mtli=\"mtli_filesize128,59kB\">tre\u015b\u0107 uchwa\u0142y<\/a><\/li><li><a href=\"https:\/\/us.edu.pl\/wydzial\/wh\/wp-content\/uploads\/sites\/15\/Bez-kategorii\/Uchwala-2-2024_22.11.24.pdf\" class=\"mtli_attachment mtli_pdf\" data-mtli=\"mtli_filesize484,04kB\">skan uchwa\u0142y<\/a><\/li>\r\n                <\/ul>\r\n            <\/div>\r\n                <div class='sidebar_moduls sidebar_links color-blue' style='background-color: #EBEBEB'>\r\n                    <h3>Uchwa\u0142a 1\/2024<\/h3>\r\n                    <ul class='angle-list'>\r\n                    <li><a href=\"https:\/\/us.edu.pl\/wydzial\/wh\/wp-content\/uploads\/sites\/15\/Bez-kategorii\/Uchwala-1-2024.docx\" class=\"mtli_attachment mtli_docx\" data-mtli=\"mtli_filesize129,17kB\">tre\u015b\u0107 uchwa\u0142y<\/a><\/li><li><a href=\"https:\/\/us.edu.pl\/wydzial\/wh\/wp-content\/uploads\/sites\/15\/Bez-kategorii\/uchwala-1-2024.pdf\" class=\"mtli_attachment mtli_pdf\" data-mtli=\"mtli_filesize291,59kB\">skan uchwa\u0142y<\/a><\/li>\r\n                <\/ul>\r\n            <\/div>[\/vc_column][vc_column width=&#8221;1\/3&#8243;][\/vc_column][\/vc_row][vc_row el_class=&#8221;container&#8221;][vc_column width=&#8221;2\/3&#8243;][vc_separator][vc_tta_accordion style=&#8221;modern&#8221; active_section=&#8221;0&#8243;][vc_tta_section title=&#8221;Uchwa\u0142y 2023&#8243; tab_id=&#8221;1707124037519-99e16443-26f3&#8243;]\r\n                <div class=\"text-modules\">\r\n                    <div class=\"container\">\r\n                        \r\n                        <div class=\"text-modules__content\"><\/p>\n<div>\n<div>\n<div>\n<div>\n<div>\n<div>\n<p><strong>Uchwa\u0142a 1\/2023<\/strong><\/p>\n<ul>\n<li><a href=\"https:\/\/us.edu.pl\/wydzial\/wh\/wp-content\/uploads\/sites\/15\/Bez-kategorii\/Uchwala-1-2023.docx\" class=\"mtli_attachment mtli_docx\" data-mtli=\"mtli_filesize127,73kB\" class=\"mtli_attachment mtli_docx\" data-mtli=\"mtli_filesize127,73kB\" data-mtli=\"mtli_filesize127,73kB\">tre\u015b\u0107 uchwa\u0142y<\/a><\/li>\n<li><a href=\"https:\/\/us.edu.pl\/wydzial\/wh\/wp-content\/uploads\/sites\/15\/Bez-kategorii\/Uchwala-1-2023.pdf\" class=\"mtli_attachment mtli_pdf\" data-mtli=\"mtli_filesize251,33kB\" class=\"mtli_attachment mtli_pdf\" data-mtli=\"mtli_filesize251,33kB\" data-mtli=\"mtli_filesize251,33kB\">skan uchwa\u0142y<\/a><\/li>\n<\/ul>\n<\/div>\n<\/div>\n<\/div>\n<\/div>\n<div>\n<div>\n<div>\n<div>\n<p><strong>Uchwa\u0142a 2\/2023<\/strong><\/p>\n<ul>\n<li><a href=\"https:\/\/us.edu.pl\/wydzial\/wh\/wp-content\/uploads\/sites\/15\/Bez-kategorii\/Uchwala-2-2023-1.docx\" class=\"mtli_attachment mtli_docx\" data-mtli=\"mtli_filesize127,86kB\" class=\"mtli_attachment mtli_docx\" data-mtli=\"mtli_filesize127,86kB\" data-mtli=\"mtli_filesize127,86kB\">tre\u015b\u0107 uchwa\u0142y<\/a><\/li>\n<li><a href=\"https:\/\/us.edu.pl\/wydzial\/wh\/wp-content\/uploads\/sites\/15\/Bez-kategorii\/Uchwala-2-2023-1.pdf\" class=\"mtli_attachment mtli_pdf\" data-mtli=\"mtli_filesize216,05kB\" class=\"mtli_attachment mtli_pdf\" data-mtli=\"mtli_filesize216,05kB\" data-mtli=\"mtli_filesize216,05kB\">skan uchwa\u0142y<\/a><\/li>\n<\/ul>\n<div>\n<p><strong>Uchwa\u0142a 3\/2023<\/strong><\/p>\n<ul>\n<li><a href=\"https:\/\/us.edu.pl\/wydzial\/wh\/wp-content\/uploads\/sites\/15\/Bez-kategorii\/Uchwala-3-2023-1.docx\" class=\"mtli_attachment mtli_docx\" data-mtli=\"mtli_filesize127,78kB\" class=\"mtli_attachment mtli_docx\" data-mtli=\"mtli_filesize127,78kB\" data-mtli=\"mtli_filesize127,78kB\">tre\u015b\u0107 uchwa\u0142y<\/a><\/li>\n<li><a href=\"https:\/\/us.edu.pl\/wydzial\/wh\/wp-content\/uploads\/sites\/15\/Bez-kategorii\/Uchwala-3-2023-1.pdf\" class=\"mtli_attachment mtli_pdf\" data-mtli=\"mtli_filesize227,82kB\" class=\"mtli_attachment mtli_pdf\" data-mtli=\"mtli_filesize227,82kB\" data-mtli=\"mtli_filesize227,82kB\">skan uchwa\u0142y<\/a><\/li>\n<\/ul>\n<\/div>\n<p><strong>Uchwa\u0142a 4\/2023<\/strong><\/p>\n<\/div>\n<div>\n<ul>\n<li><a href=\"https:\/\/us.edu.pl\/wydzial\/wh\/wp-content\/uploads\/sites\/15\/Bez-kategorii\/Uchwala-4-2023.docx\" class=\"mtli_attachment mtli_docx\" data-mtli=\"mtli_filesize127,47kB\" class=\"mtli_attachment mtli_docx\" data-mtli=\"mtli_filesize127,47kB\" data-mtli=\"mtli_filesize127,47kB\">tre\u015b\u0107 uchwa\u0142y<\/a><\/li>\n<li><a href=\"https:\/\/us.edu.pl\/wydzial\/wh\/wp-content\/uploads\/sites\/15\/Bez-kategorii\/Uchwala-4-2023.pdf\" class=\"mtli_attachment mtli_pdf\" data-mtli=\"mtli_filesize205,71kB\" class=\"mtli_attachment mtli_pdf\" data-mtli=\"mtli_filesize205,71kB\" data-mtli=\"mtli_filesize205,71kB\">skan uchwa\u0142y<\/a><\/li>\n<\/ul>\n<div>\n<p><strong>Uchwa\u0142a 5\/2023<\/strong><\/p>\n<ul>\n<li><a href=\"https:\/\/us.edu.pl\/wydzial\/wh\/wp-content\/uploads\/sites\/15\/Bez-kategorii\/Uchwala-5-2023.docx\" class=\"mtli_attachment mtli_docx\" data-mtli=\"mtli_filesize126,87kB\" class=\"mtli_attachment mtli_docx\" data-mtli=\"mtli_filesize126,87kB\" data-mtli=\"mtli_filesize126,87kB\">tre\u015b\u0107 uchwa\u0142y<\/a><\/li>\n<li><a href=\"https:\/\/us.edu.pl\/wydzial\/wh\/wp-content\/uploads\/sites\/15\/Bez-kategorii\/Uchwala-5-2023.pdf\" class=\"mtli_attachment mtli_pdf\" data-mtli=\"mtli_filesize210,85kB\" class=\"mtli_attachment mtli_pdf\" data-mtli=\"mtli_filesize210,85kB\" data-mtli=\"mtli_filesize210,85kB\">skan uchwa\u0142y<\/a><\/li>\n<\/ul>\n<\/div>\n<p><strong>Uchwa\u0142a 6\/2023<\/strong><\/p>\n<\/div>\n<div>\n<ul>\n<li><a href=\"https:\/\/us.edu.pl\/wydzial\/wh\/wp-content\/uploads\/sites\/15\/Bez-kategorii\/Uchwala-6-2023.docx\" class=\"mtli_attachment mtli_docx\" data-mtli=\"mtli_filesize126,55kB\" class=\"mtli_attachment mtli_docx\" data-mtli=\"mtli_filesize126,55kB\" data-mtli=\"mtli_filesize126,55kB\">tre\u015b\u0107 uchwa\u0142y<\/a><\/li>\n<li><a href=\"https:\/\/us.edu.pl\/wydzial\/wh\/wp-content\/uploads\/sites\/15\/Bez-kategorii\/Uchwala-6-2023.pdf\" class=\"mtli_attachment mtli_pdf\" data-mtli=\"mtli_filesize209,96kB\" class=\"mtli_attachment mtli_pdf\" data-mtli=\"mtli_filesize209,96kB\" data-mtli=\"mtli_filesize209,96kB\">skan uchwa\u0142y<\/a><\/li>\n<\/ul>\n<p><strong>Uchwa\u0142a 7\/2023<\/strong><\/p>\n<ul>\n<li><a href=\"https:\/\/us.edu.pl\/wydzial\/wh\/wp-content\/uploads\/sites\/15\/Bez-kategorii\/Uchwala-7-2023.docx\" class=\"mtli_attachment mtli_docx\" data-mtli=\"mtli_filesize126,50kB\" class=\"mtli_attachment mtli_docx\" data-mtli=\"mtli_filesize126,50kB\" data-mtli=\"mtli_filesize126,50kB\">tre\u015b\u0107 uchwa\u0142y<\/a><\/li>\n<li><a href=\"https:\/\/us.edu.pl\/wydzial\/wh\/wp-content\/uploads\/sites\/15\/Bez-kategorii\/Uchwala-7-2023.pdf\" class=\"mtli_attachment mtli_pdf\" data-mtli=\"mtli_filesize206,25kB\" class=\"mtli_attachment mtli_pdf\" data-mtli=\"mtli_filesize206,25kB\" data-mtli=\"mtli_filesize206,25kB\">skan uchwa\u0142y<\/a><\/li>\n<\/ul>\n<\/div>\n<div>\n<p><strong>Uchwa\u0142a 8\/2023<\/strong><\/p>\n<ul>\n<li><a href=\"https:\/\/us.edu.pl\/wydzial\/wh\/wp-content\/uploads\/sites\/15\/Bez-kategorii\/Uchwala-8-2023.docx\" class=\"mtli_attachment mtli_docx\" data-mtli=\"mtli_filesize130,80kB\" class=\"mtli_attachment mtli_docx\" data-mtli=\"mtli_filesize130,80kB\" data-mtli=\"mtli_filesize130,80kB\">tre\u015b\u0107 uchwa\u0142y<\/a><\/li>\n<li><a href=\"https:\/\/us.edu.pl\/wydzial\/wh\/wp-content\/uploads\/sites\/15\/Bez-kategorii\/Uchwala-8-2023.pdf\" class=\"mtli_attachment mtli_pdf\" data-mtli=\"mtli_filesize540,76kB\" class=\"mtli_attachment mtli_pdf\" data-mtli=\"mtli_filesize540,76kB\" data-mtli=\"mtli_filesize540,76kB\">skan uchwa\u0142y<\/a><\/li>\n<\/ul>\n<p><strong>Uchwa\u0142a 9\/2023<\/strong><\/p>\n<ul>\n<li><a href=\"https:\/\/us.edu.pl\/wydzial\/wh\/wp-content\/uploads\/sites\/15\/Bez-kategorii\/Uchwala-9-2023.docx\" class=\"mtli_attachment mtli_docx\" data-mtli=\"mtli_filesize128,35kB\" class=\"mtli_attachment mtli_docx\" data-mtli=\"mtli_filesize128,35kB\" data-mtli=\"mtli_filesize128,35kB\">tre\u015b\u0107 uchwa\u0142y<\/a><\/li>\n<li><a href=\"https:\/\/us.edu.pl\/wydzial\/wh\/wp-content\/uploads\/sites\/15\/Bez-kategorii\/Uchwala-9-2023.pdf\" class=\"mtli_attachment mtli_pdf\" data-mtli=\"mtli_filesize243,58kB\" class=\"mtli_attachment mtli_pdf\" data-mtli=\"mtli_filesize243,58kB\" data-mtli=\"mtli_filesize243,58kB\">skan uchwa\u0142y<\/a><\/li>\n<\/ul>\n<\/div>\n<\/div>\n<\/div>\n<\/div>\n<\/div>\n<\/div>\n<p>\n<style type=\"text\/css\">a[data-mtli~=\"mtli_filesize127,73kB\"]:after {content:\" (127,73 kB)\"}a[data-mtli~=\"mtli_filesize251,33kB\"]:after {content:\" (251,33 kB)\"}a[data-mtli~=\"mtli_filesize127,86kB\"]:after {content:\" (127,86 kB)\"}a[data-mtli~=\"mtli_filesize216,05kB\"]:after {content:\" (216,05 kB)\"}a[data-mtli~=\"mtli_filesize127,78kB\"]:after {content:\" (127,78 kB)\"}a[data-mtli~=\"mtli_filesize227,82kB\"]:after {content:\" (227,82 kB)\"}a[data-mtli~=\"mtli_filesize127,47kB\"]:after {content:\" (127,47 kB)\"}a[data-mtli~=\"mtli_filesize205,71kB\"]:after {content:\" (205,71 kB)\"}a[data-mtli~=\"mtli_filesize126,87kB\"]:after {content:\" (126,87 kB)\"}a[data-mtli~=\"mtli_filesize210,85kB\"]:after {content:\" (210,85 kB)\"}a[data-mtli~=\"mtli_filesize126,55kB\"]:after {content:\" (126,55 kB)\"}a[data-mtli~=\"mtli_filesize209,96kB\"]:after {content:\" (209,96 kB)\"}a[data-mtli~=\"mtli_filesize126,50kB\"]:after {content:\" (126,50 kB)\"}a[data-mtli~=\"mtli_filesize206,25kB\"]:after {content:\" (206,25 kB)\"}a[data-mtli~=\"mtli_filesize130,80kB\"]:after {content:\" (130,80 kB)\"}a[data-mtli~=\"mtli_filesize540,76kB\"]:after {content:\" (540,76 kB)\"}a[data-mtli~=\"mtli_filesize128,35kB\"]:after {content:\" (128,35 kB)\"}a[data-mtli~=\"mtli_filesize243,58kB\"]:after {content:\" (243,58 kB)\"}<\/style><\/div>\r\n                    <\/div>\r\n                <\/div>[\/vc_tta_section][\/vc_tta_accordion][\/vc_column][vc_column width=&#8221;1\/3&#8243;][\/vc_column][\/vc_row]<\/p>\n<style type=\"text\/css\">a[data-mtli~=\"mtli_filesize127,70kB\"]:after {content:\" (127,70 kB)\"}a[data-mtli~=\"mtli_filesize533,42kB\"]:after {content:\" (533,42 kB)\"}a[data-mtli~=\"mtli_filesize128,59kB\"]:after {content:\" (128,59 kB)\"}a[data-mtli~=\"mtli_filesize484,04kB\"]:after {content:\" (484,04 kB)\"}a[data-mtli~=\"mtli_filesize129,17kB\"]:after {content:\" (129,17 kB)\"}a[data-mtli~=\"mtli_filesize291,59kB\"]:after {content:\" (291,59 kB)\"}a[data-mtli~=\"mtli_filesize127,73kB\"]:after {content:\" (127,73 kB)\"}a[data-mtli~=\"mtli_filesize251,33kB\"]:after {content:\" (251,33 kB)\"}a[data-mtli~=\"mtli_filesize127,86kB\"]:after {content:\" (127,86 kB)\"}a[data-mtli~=\"mtli_filesize216,05kB\"]:after {content:\" (216,05 kB)\"}a[data-mtli~=\"mtli_filesize127,78kB\"]:after {content:\" (127,78 kB)\"}a[data-mtli~=\"mtli_filesize227,82kB\"]:after {content:\" (227,82 kB)\"}a[data-mtli~=\"mtli_filesize127,47kB\"]:after {content:\" (127,47 kB)\"}a[data-mtli~=\"mtli_filesize205,71kB\"]:after {content:\" (205,71 kB)\"}a[data-mtli~=\"mtli_filesize126,87kB\"]:after {content:\" (126,87 kB)\"}a[data-mtli~=\"mtli_filesize210,85kB\"]:after {content:\" (210,85 kB)\"}a[data-mtli~=\"mtli_filesize126,55kB\"]:after {content:\" (126,55 kB)\"}a[data-mtli~=\"mtli_filesize209,96kB\"]:after {content:\" (209,96 kB)\"}a[data-mtli~=\"mtli_filesize126,50kB\"]:after {content:\" (126,50 kB)\"}a[data-mtli~=\"mtli_filesize206,25kB\"]:after {content:\" (206,25 kB)\"}a[data-mtli~=\"mtli_filesize130,80kB\"]:after {content:\" (130,80 kB)\"}a[data-mtli~=\"mtli_filesize540,76kB\"]:after {content:\" (540,76 kB)\"}a[data-mtli~=\"mtli_filesize128,35kB\"]:after {content:\" (128,35 kB)\"}a[data-mtli~=\"mtli_filesize243,58kB\"]:after {content:\" (243,58 kB)\"}<\/style>","protected":false},"excerpt":{"rendered":"<p>[vc_row el_class=&#8221;container&#8221;][vc_column width=&#8221;2\/3&#8243;][\/vc_column][vc_column width=&#8221;1\/3&#8243;][\/vc_column][\/vc_row][vc_row el_class=&#8221;container&#8221;][vc_column width=&#8221;2\/3&#8243;][vc_separator][vc_tta_accordion style=&#8221;modern&#8221; active_section=&#8221;0&#8243;][vc_tta_section title=&#8221;Uchwa\u0142y 2023&#8243; tab_id=&#8221;1707124037519-99e16443-26f3&#8243;][\/vc_tta_section][\/vc_tta_accordion][\/vc_column][vc_column width=&#8221;1\/3&#8243;][\/vc_column][\/vc_row] [&#8230;]<\/p>\n<p><a class=\"btn btn-secondary understrap-read-more-link\" href=\"https:\/\/us.edu.pl\/wydzial\/wh\/wydzialowa-komisja-ds-ksztalcenia-i-studentow\/uchwaly-komisji\/\">Read More&#8230;<\/a><\/p>\n","protected":false},"author":1,"featured_media":0,"parent":6383,"menu_order":0,"comment_status":"closed","ping_status":"closed","template":"","meta":{"_expiration-date-status":"","_expiration-date":0,"_expiration-date-type":"","_expiration-date-categories":[],"_expiration-date-options":[]},"acf":[],"_links":{"self":[{"href":"https:\/\/us.edu.pl\/wydzial\/wh\/wp-json\/wp\/v2\/pages\/164777"}],"collection":[{"href":"https:\/\/us.edu.pl\/wydzial\/wh\/wp-json\/wp\/v2\/pages"}],"about":[{"href":"https:\/\/us.edu.pl\/wydzial\/wh\/wp-json\/wp\/v2\/types\/page"}],"author":[{"embeddable":true,"href":"https:\/\/us.edu.pl\/wydzial\/wh\/wp-json\/wp\/v2\/users\/1"}],"replies":[{"embeddable":true,"href":"https:\/\/us.edu.pl\/wydzial\/wh\/wp-json\/wp\/v2\/comments?post=164777"}],"version-history":[{"count":10,"href":"https:\/\/us.edu.pl\/wydzial\/wh\/wp-json\/wp\/v2\/pages\/164777\/revisions"}],"predecessor-version":[{"id":188980,"href":"https:\/\/us.edu.pl\/wydzial\/wh\/wp-json\/wp\/v2\/pages\/164777\/revisions\/188980"}],"up":[{"embeddable":true,"href":"https:\/\/us.edu.pl\/wydzial\/wh\/wp-json\/wp\/v2\/pages\/6383"}],"wp:attachment":[{"href":"https:\/\/us.edu.pl\/wydzial\/wh\/wp-json\/wp\/v2\/media?parent=164777"}],"curies":[{"name":"wp","href":"https:\/\/api.w.org\/{rel}","templated":true}]}}