{"id":164993,"date":"2023-05-25T13:03:33","date_gmt":"2023-05-25T11:03:33","guid":{"rendered":"https:\/\/us.edu.pl\/wydzial\/wh\/?page_id=164993"},"modified":"2025-08-08T13:24:17","modified_gmt":"2025-08-08T11:24:17","slug":"lingwistyka-stosowana","status":"publish","type":"page","link":"https:\/\/us.edu.pl\/wydzial\/wh\/kandydat-wh\/kierunki-studiow\/lingwistyka-stosowana\/","title":{"rendered":"lingwistyka stosowana"},"content":{"rendered":"<p>[vc_row el_class=&#8221;container&#8221;][vc_column width=&#8221;1\/2&#8243; css=&#8221;.vc_custom_1653565298692{margin-right: 0px !important;margin-left: 0px !important;border-right-width: 0px !important;border-left-width: 0px !important;}&#8221;][vc_single_image image=&#8221;164994&#8243; img_size=&#8221;full&#8221; alignment=&#8221;center&#8221;][\/vc_column][vc_column width=&#8221;1\/2&#8243; css=&#8221;.vc_custom_1653642837519{background-color: #dfe2ec !important;border-radius: 15px !important;}&#8221;][vc_empty_space height=&#8221;20px&#8221;][vc_custom_heading text=&#8221;LINGWISTYKA STOSOWANA&#8221; font_container=&#8221;tag:h3|text_align:center|color:%23002e5a&#8221; google_fonts=&#8221;font_family:PT%20Sans%20Caption%3Aregular%2C700|font_style:700%20bold%20regular%3A700%3Anormal&#8221;][vc_empty_space height=&#8221;10px&#8221;][vc_separator color=&#8221;custom&#8221; style=&#8221;shadow&#8221; el_width=&#8221;60&#8243; accent_color=&#8221;#002e5a&#8221;]\r\n                <div class=\"text-modules\">\r\n                    <div class=\"container\">\r\n                        \r\n                        <div class=\"text-modules__content\"><p>Kierunek lingwistyka stosowana to <strong>nowoczesny i atrakcyjny program studi\u00f3w<\/strong> dla os\u00f3b, kt\u00f3re wi\u0105\u017c\u0105 swoj\u0105 przysz\u0142o\u015b\u0107 z praktycznym wykorzystaniem <strong>dw\u00f3ch j\u0119zyk\u00f3w obcych<\/strong> w r\u00f3\u017cnych dziedzinach \u017cycia spo\u0142eczno-kulturalno-gospodarczego zar\u00f3wno w kraju, jak i na poziomie mi\u0119dzynarodowym.<\/p>\n<h4>arabski, francuski, hiszpa\u0144ski, korea\u0144ski, niemiecki, szwedzki<\/h4>\n<p>Studiuj\u0105cy na tym kierunku doskonal\u0105 kompetencje komunikacyjne w dw\u00f3ch j\u0119zykach obcych <strong>(j\u0119zyku g\u0142\u00f3wnym i drugim wybranym j\u0119zyku obcym)<\/strong> realizuj\u0105c zaj\u0119cia zwi\u0105zane z kszta\u0142ceniem kompetencji komunikacyjnych, mi\u0119dzykulturowych i spo\u0142ecznych, poszerzaniem wiedzy teoretycznej,\u00a0 praktycznej oraz specjalistycznej z zakresu studiowanych j\u0119zyk\u00f3w obcych, tj. reali\u00f3w, kultury i literatury obszar\u00f3w studiowanych j\u0119zyk\u00f3w oraz kszta\u0142towaniem umiej\u0119tno\u015bci zastosowania zdobytej wiedzy w \u017cyciu zawodowym i prywatnym.<\/p>\n<h4>translatoryka i j\u0119zyki specjalistyczne<\/h4>\n<p>Oferowane w ramach kierunku modu\u0142y specjalistyczne w zakresie translatoryki i j\u0119zyk\u00f3w specjalistycznych pozwalaj\u0105 studentom na wykszta\u0142cenie umiej\u0119tno\u015bci i przygotowanie si\u0119 do ich wykorzystania w r\u00f3\u017cnych dziedzinach \u017cycia.<\/p>\n<p>&nbsp;<\/p>\n<p><strong>Studia prowadzone s\u0105 wy\u0142\u0105cznie w trybie stacjonarnym.<\/strong><\/p>\n<p>W ramach programu Erasmus+ studenci kierunku mog\u0105 zrealizowa\u0107 zagraniczn\u0105 praktyk\u0119 w r\u00f3\u017cnych instytucjach, w 31 pa\u0144stwach uczestnicz\u0105cych w programie lub cz\u0119\u015b\u0107 studi\u00f3w w zagranicznej uczelni partnerskiej w krajach takich jak: <strong>Belgia, Chorwacja, Cypr, Czechy, Estonia, Finlandia, Francja, Grecja, Hiszpania, \u0141otwa, Niemcy, Norwegia, Portugalia, Rumunia, Turcja, W\u0142ochy.<\/strong><\/p>\n<\/div>\r\n                    <\/div>\r\n                <\/div>[\/vc_column][\/vc_row][vc_row el_class=&#8221;container&#8221;][vc_column width=&#8221;2\/3&#8243; css=&#8221;.vc_custom_1653643334119{background-color: #f8f8f8 !important;border-radius: 15px !important;}&#8221;][vc_row_inner][vc_column_inner el_class=&#8221;container&#8221;][vc_empty_space height=&#8221;20px&#8221;][vc_custom_heading text=&#8221;STUDIA I STOPNIA&#8221; font_container=&#8221;tag:h2|text_align:center|color:%23ffffff&#8221; google_fonts=&#8221;font_family:PT%20Sans%3Aregular%2Citalic%2C700%2C700italic|font_style:400%20regular%3A400%3Anormal&#8221; css=&#8221;.vc_custom_1685009770536{background-color: #002e5a !important;border-radius: 10px !important;}&#8221;][vc_empty_space height=&#8221;20px&#8221;]\r\n                <div class=\"text-modules\">\r\n                    <div class=\"container\">\r\n                        \r\n                        <div class=\"text-modules__content\"><p>Absolwent kierunku lingwistyka stosowana jest <strong>specjalist\u0105 w zakresie praktycznego zastosowania dw\u00f3ch j\u0119zyk\u00f3w obcych<\/strong> z wykorzystaniem nowoczesnych narz\u0119dzi z zakresu technologii informacyjnych, komunikacji w procesie tworzenia i przetwarzania informacji, analizy danych oraz tworzenia rozwi\u0105za\u0144 dla szerokiego grona odbiorc\u00f3w w skali mi\u0119dzynarodowej w wielu ga\u0142\u0119ziach gospodarki, m.in. ekonomii, przemy\u015ble czy handlu.<\/p>\n<p>Jest w stanie pracowa\u0107 i wsp\u00f3\u0142pracowa\u0107 ze \u015brodowiskiem wieloj\u0119zycznym i wielokulturowym. Posiada zdobyt\u0105 wiedz\u0119, kompetencje oraz umiej\u0119tno\u015bci spo\u0142eczne niezb\u0119dne do wykorzystania w poszukiwaniu rozwi\u0105za\u0144 problem\u00f3w powsta\u0142ych w wyniku bardzo dynamicznej sytuacji geopolitycznej, gospodarczej i kulturowej.<\/p>\n<\/div>\r\n                    <\/div>\r\n                <\/div>\r\n                <div class=\"text-modules\">\r\n                    <div class=\"container\">\r\n                        \r\n                        <div class=\"text-modules__content\"><\/p>\n<h4><span style=\"color: #0095db;\">Przyk\u0142adowe modu\u0142y oferowane w ramach kierunku:<\/span><\/h4>\n<hr \/>\n<ul>\n<li>kompetencje komunikacyjne w j\u0119zyku g\u0142\u00f3wnym<\/li>\n<li>kompetencje komunikacyjne w drugim wybranym j\u0119zyku obcym<\/li>\n<li>kultura i literatura obszaru wybranych j\u0119zyk\u00f3w obcych<\/li>\n<li>pakiet modu\u0142\u00f3w specjalistycznych \u2013 <strong>t\u0142umaczeniowych<\/strong> (min. t\u0142umaczenie pisemne, t\u0142umaczenie ustne, t\u0142umaczenie audiowizualne, t\u0142umaczenie tekst\u00f3w specjalistycznych)<\/li>\n<li>pakiet modu\u0142\u00f3w specjalistycznych \u2013 <strong>j\u0119zyki specjalistyczne<\/strong> (min. j\u0119zyk biznesu, j\u0119zyk prawniczy, j\u0119zyk techniczny, j\u0119zyk medyczny)<\/li>\n<li>modu\u0142y j\u0119zykoznawcze<\/li>\n<li>modu\u0142y literaturoznawcze<\/li>\n<li>modu\u0142y obszarowe wspieraj\u0105ce kszta\u0142cenie kierunkowe<\/li>\n<\/ul>\n<p>\n<\/div>\r\n                    <\/div>\r\n                <\/div>\r\n                <div class=\"text-modules\">\r\n                    <div class=\"container\">\r\n                        \r\n                        <div class=\"text-modules__content\"><\/p>\n<h4><span style=\"color: #0095db;\">W roku akademickim 2024\/2025 b\u0119d\u0105 oferowane nast\u0119puj\u0105ce \u015bcie\u017cki j\u0119zykowe:<\/span><\/h4>\n<hr \/>\n<ol>\n<li><span style=\"font-size: 14pt;\">j\u0119zyk angielski i arabski<\/span><\/li>\n<li><span style=\"font-size: 14pt;\">j\u0119zyk angielski i francuski<\/span><\/li>\n<li><span style=\"font-size: 14pt;\">j\u0119zyk angielski i hiszpa\u0144ski<\/span><\/li>\n<li><span style=\"font-size: 14pt;\">j\u0119zyk angielski i korea\u0144ski<\/span><\/li>\n<li><span style=\"font-size: 14pt;\">j\u0119zyk angielski i niemiecki<\/span><\/li>\n<li><span style=\"font-size: 14pt;\">j\u0119zyk angielski i szwedzki<\/span><\/li>\n<li><span style=\"font-size: 14pt;\">j\u0119zyk niemiecki i angielski<\/span><\/li>\n<li><span style=\"font-size: 14pt;\">j\u0119zyk niemiecki i hiszpa\u0144ski<\/span><\/li>\n<\/ol>\n<p><span style=\"font-size: 14pt;\">We wszystkich czterech \u015bcie\u017ckach j\u0119zykiem g\u0142\u00f3wnym b\u0119dzie j\u0119zyk angielski. <strong>J\u0119zyk drugi b\u0119dzie realizowany od podstaw.<\/strong><\/span><\/p>\n<\/div>\r\n                    <\/div>\r\n                <\/div>[\/vc_column_inner][\/vc_row_inner][vc_row_inner][vc_column_inner][vc_separator color=&#8221;custom&#8221; accent_color=&#8221;#0095db&#8221;][\/vc_column_inner][\/vc_row_inner][vc_row_inner disable_element=&#8221;yes&#8221;][vc_column_inner]\r\n                <div class=\"text-modules\">\r\n                    <div class=\"container\">\r\n                        \r\n                        <div class=\"text-modules__content\"><\/p>\n<h3 style=\"text-align: center;\"><span style=\"color: #002e5a;\">Rekrutacja na rok akademicki 2025\/2026<\/span><\/h3>\n<p>\n<\/div>\r\n                    <\/div>\r\n                <\/div>[\/vc_column_inner][\/vc_row_inner][vc_row_inner disable_element=&#8221;yes&#8221;][vc_column_inner width=&#8221;1\/2&#8243;]\r\n                <div class=\"text-modules\">\r\n                    <div class=\"container\">\r\n                        \r\n                        <div class=\"text-modules__content\"><\/p>\n<h6 style=\"text-align: left;\"><span style=\"color: #9b132a;\">I tura rekrutacji:<br \/>\n02.06.2025 12:00 \u2013 11.07.2025 23:59<\/span><\/h6>\n<p>\n<\/div>\r\n                    <\/div>\r\n                <\/div>[\/vc_column_inner][vc_column_inner width=&#8221;1\/2&#8243;][vc_btn title=&#8221;<b>studia stacjonarne I stopnia<\/b>&#8221; style=&#8221;outline-custom&#8221; outline_custom_color=&#8221;#002e5a&#8221; outline_custom_hover_background=&#8221;#fbb900&#8243; outline_custom_hover_text=&#8221;#ffffff&#8221; size=&#8221;lg&#8221; align=&#8221;center&#8221; i_icon_fontawesome=&#8221;fas fa-arrow-right&#8221; button_block=&#8221;true&#8221; add_icon=&#8221;true&#8221; link=&#8221;url:https%3A%2F%2Firk.us.edu.pl%2Fpl%2Foffer%2FSW-2025-Z%2Fprogramme%2FW1-S1LS23%2F%3Ffrom%3Dregistration%3ASW-2025-Z|target:_blank&#8221;][\/vc_column_inner][\/vc_row_inner][vc_row_inner][vc_column_inner][vc_separator color=&#8221;custom&#8221; accent_color=&#8221;#0095db&#8221;][\/vc_column_inner][\/vc_row_inner][vc_row_inner css=&#8221;.vc_custom_1684412493132{background-color: #ffffff !important;}&#8221;][vc_column_inner css=&#8221;.vc_custom_1684412483365{background-color: #ffffff !important;}&#8221;][vc_empty_space][vc_video link=&#8221;https:\/\/www.youtube.com\/watch?v=yuFwD4bItgc&#8221;][\/vc_column_inner][\/vc_row_inner][\/vc_column][vc_column width=&#8221;1\/3&#8243;][vc_tta_pageable no_fill_content_area=&#8221;1&#8243; active_section=&#8221;1&#8243; pagination_style=&#8221;&#8221;][vc_tta_section tab_id=&#8221;1653645747194-f6bf557b-7889&#8243;][vc_hoverbox image=&#8221;20932&#8243; primary_title=&#8221;&#8221; primary_align=&#8221;left&#8221; hover_title=&#8221;&#8221; hover_align=&#8221;left&#8221; shape=&#8221;square&#8221; hover_background_color=&#8221;custom&#8221; align=&#8221;left&#8221; hover_custom_background=&#8221;#f8f8f8&#8243;]<\/p>\n<p style=\"text-align: left;\">Studia przygotowuj\u0105 do podj\u0119cia pracy w:<\/p>\n<ul style=\"text-align: left;\">\n<li>instytucjach gospodarczych,<\/li>\n<\/ul>\n<ul style=\"text-align: left;\">\n<li>przedsi\u0119biorstwach handlowych,<\/li>\n<\/ul>\n<ul style=\"text-align: left;\">\n<li>\u015brodkach masowego przekazu<\/li>\n<\/ul>\n<ul>\n<li style=\"text-align: left;\">instytucjach kulturalnych i sektorze us\u0142ug wymagaj\u0105cych dobrej znajomo\u015bci j\u0119zyk\u00f3w obcych.<\/li>\n<\/ul>\n<p>[\/vc_hoverbox][\/vc_tta_section][\/vc_tta_pageable][vc_empty_space][vc_row_inner][vc_column_inner][vc_btn title=&#8221;Karta kierunku &#8211; program studi\u00f3w&#8221; style=&#8221;custom&#8221; custom_background=&#8221;#002e5a&#8221; custom_text=&#8221;#ffffff&#8221; size=&#8221;lg&#8221; align=&#8221;center&#8221; i_icon_fontawesome=&#8221;fas fa-arrow-right&#8221; button_block=&#8221;true&#8221; add_icon=&#8221;true&#8221; link=&#8221;url:https%3A%2F%2Finformator.us.edu.pl%2Fprogrammes%2Flist%2Ffirst%2FLS%2FW1-S1LS23.2023%2F|target:_blank&#8221;][vc_empty_space][\/vc_column_inner][\/vc_row_inner][vc_row_inner css=&#8221;.vc_custom_1684412744014{border-left-width: 3px !important;padding-left: 3px !important;border-left-color: #002e5a !important;border-left-style: solid !important;border-radius: 5px !important;}&#8221;][vc_column_inner][vc_custom_heading text=&#8221;Poznaj nas lepiej&#8221; font_container=&#8221;tag:h2|text_align:left|color:%23002e5a&#8221; google_fonts=&#8221;font_family:PT%20Sans%3Aregular%2Citalic%2C700%2C700italic|font_style:700%20bold%20regular%3A700%3Anormal&#8221;][vc_separator color=&#8221;custom&#8221; accent_color=&#8221;#dfe2ec&#8221;][vc_empty_space]            \r\n            <div class=\"sidebar_moduls sidebar_moduls_facebok fb-page\"\r\n              data-href=\"https:\/\/www.facebook.com\/wydz.humanistyczny.us\" \r\n              data-width=\"330\"\r\n              data-hide-cover=\"false\"\r\n              data-show-facepile=\"true\"><\/div>\r\n             \r\n             <div id=\"fb-root\"><\/div>\r\n            <script async defer crossorigin=\"anonymous\" src=\" https:\/\/connect.facebook.net\/pl_PL\/sdk.js#xfbml=1&version=v4.0 \">                        \r\n            <\/script>\r\n            [vc_empty_space][vc_custom_heading text=&#8221;Kampus Sosnowiec&#8221; font_container=&#8221;tag:h2|text_align:left|color:%23002e5a&#8221; google_fonts=&#8221;font_family:PT%20Sans%3Aregular%2Citalic%2C700%2C700italic|font_style:700%20bold%20regular%3A700%3Anormal&#8221;][vc_separator color=&#8221;custom&#8221; accent_color=&#8221;#dfe2ec&#8221;][vc_video link=&#8221;https:\/\/www.youtube.com\/watch?v=vGmjyJEHi80&#8243;][\/vc_column_inner][\/vc_row_inner][\/vc_column][\/vc_row][vc_row][vc_column][vc_empty_space height=&#8221;30px&#8221;][\/vc_column][\/vc_row][vc_row el_class=&#8221;container&#8221;][vc_column][vc_separator color=&#8221;custom&#8221; accent_color=&#8221;#dfe2ec&#8221;][\/vc_column][\/vc_row][vc_row el_class=&#8221;container&#8221;][vc_column width=&#8221;2\/3&#8243;][vc_tta_pageable no_fill_content_area=&#8221;1&#8243; active_section=&#8221;1&#8243; pagination_style=&#8221;&#8221; title=&#8221;Gdzie b\u0119dziesz studiowa\u0107?&#8221; css=&#8221;.vc_custom_1653586849789{background-position: center !important;background-repeat: no-repeat !important;background-size: cover !important;}&#8221;][vc_tta_section tab_id=&#8221;1653479712065-2c52f2ca-364e&#8221;][vc_images_carousel images=&#8221;20500,20838&#8243; img_size=&#8221;full&#8221; onclick=&#8221;link_no&#8221; speed=&#8221;3500&#8243; autoplay=&#8221;yes&#8221; hide_pagination_control=&#8221;yes&#8221; wrap=&#8221;yes&#8221;][\/vc_tta_section][\/vc_tta_pageable][\/vc_column][vc_column width=&#8221;1\/3&#8243;][vc_tta_pageable no_fill_content_area=&#8221;1&#8243; active_section=&#8221;1&#8243; pagination_style=&#8221;&#8221; title=&#8221;Skontaktuj si\u0119 z nami:&#8221; css=&#8221;.vc_custom_1653587776587{background-position: center !important;background-repeat: no-repeat !important;background-size: contain !important;border-radius: 20px !important;}&#8221;][vc_tta_section tab_id=&#8221;1653479581419-652d0e5d-0dd6&#8243;]\r\n                <div class=\"text-modules\">\r\n                    <div class=\"container\">\r\n                        \r\n                        <div class=\"text-modules__content\"><p><a href=\"mailto:lingwistyka@us.edu.pl\">lingwistyka@us.edu.pl<\/a><\/p>\n<p>tel.: 32 364 09 05<\/p>\n<p>ul. gen. Grota-Roweckiego 5<br \/>\n41-200 Sosnowiec<\/p>\n<\/div>\r\n                    <\/div>\r\n                <\/div>[\/vc_tta_section][\/vc_tta_pageable][vc_tta_pageable no_fill_content_area=&#8221;1&#8243; active_section=&#8221;1&#8243; pagination_style=&#8221;&#8221; title=&#8221;Sprawd\u017a jeszcze:&#8221; css=&#8221;.vc_custom_1653587768868{background-position: center !important;background-repeat: no-repeat !important;background-size: contain !important;}&#8221;][vc_tta_section tab_id=&#8221;1653483573124-ea9e9979-8940&#8243;][vc_btn title=&#8221;filologia roma\u0144ska&#8221; color=&#8221;orange&#8221; size=&#8221;lg&#8221; link=&#8221;url:https%3A%2F%2Fus.edu.pl%2Fwydzial%2Fwh%2Fkandydat-wh%2Fkierunki-studiow%2Ffilologia-romanska%2F|title:filologia%20s%C5%82owia%C5%84ska|target:_blank&#8221;][vc_empty_space height=&#8221;1px&#8221;][vc_btn title=&#8221;filologia germa\u0144ska&#8221; color=&#8221;orange&#8221; size=&#8221;lg&#8221; link=&#8221;url:https%3A%2F%2Fus.edu.pl%2Fwydzial%2Fwh%2Fkandydat-wh%2Fkierunki-studiow%2Ffilologia-germanska%2F|title:filologia%20germa%C5%84ska|target:_blank&#8221;][vc_empty_space height=&#8221;1px&#8221;][vc_btn title=&#8221;filologia angielska&#8221; color=&#8221;orange&#8221; size=&#8221;lg&#8221; link=&#8221;url:https%3A%2F%2Fus.edu.pl%2Fwydzial%2Fwh%2Fkandydat-wh%2Fkierunki-studiow%2Ffilologia-angielska%2F|title:filologia%20roma%C5%84ska|target:_blank&#8221;][vc_empty_space height=&#8221;1px&#8221;][vc_btn title=&#8221;filologia hiszpa\u0144ska&#8221; color=&#8221;orange&#8221; size=&#8221;lg&#8221; link=&#8221;url:https%3A%2F%2Fus.edu.pl%2Fwydzial%2Fwh%2Fkandydat-wh%2Fkierunki-studiow%2Ffilologia-hiszpanska%2F|title:filologia%20roma%C5%84ska|target:_blank&#8221;][vc_empty_space height=&#8221;1px&#8221;][vc_btn title=&#8221;filologia francuska&#8221; color=&#8221;orange&#8221; size=&#8221;lg&#8221; link=&#8221;url:https%3A%2F%2Fus.edu.pl%2Fwydzial%2Fwh%2Fkandydat-wh%2Fkierunki-studiow%2Ffilologia-francuska%2F|title:filologia%20roma%C5%84ska|target:_blank&#8221;][\/vc_tta_section][\/vc_tta_pageable][\/vc_column][\/vc_row][vc_row el_class=&#8221;container&#8221;][vc_column][vc_gmaps link=&#8221;#E-8_JTNDaWZyYW1lJTIwc3JjJTNEJTIyaHR0cHMlM0ElMkYlMkZ3d3cuZ29vZ2xlLmNvbSUyRm1hcHMlMkZlbWJlZCUzRnBiJTNEJTIxMW0xOCUyMTFtMTIlMjExbTMlMjExZDUwOTkuMTA4NjA1ODExODglMjEyZDE5LjEyNDQ4NjQ3ODAxNTEyMiUyMTNkNTAuMjgxNTgwMDY3ODA5NTclMjEybTMlMjExZjAlMjEyZjAlMjEzZjAlMjEzbTIlMjExaTEwMjQlMjEyaTc2OCUyMTRmMTMuMSUyMTNtMyUyMTFtMiUyMTFzMHg0NzE2ZGE5OTFjMDRhN2M5JTI1M0EweDRiMWFhNDc1NGQyYzYzMWUlMjEyc1VuaXZlcnNpdHklMjUyMG9mJTI1MjBTaWxlc2lhLiUyNTIwcGhpbG9sb2dpY2FsJTI1MjBmYWN1bHR5JTIxNWUwJTIxM20yJTIxMXNlbiUyMTJzcGwlMjE0djE2NTM0NzgxMzM1NzElMjE1bTIlMjExc2VuJTIxMnNwbCUyMiUyMHdpZHRoJTNEJTIyNjAwJTIyJTIwaGVpZ2h0JTNEJTIyNDUwJTIyJTIwc3R5bGUlM0QlMjJib3JkZXIlM0EwJTNCJTIyJTIwYWxsb3dmdWxsc2NyZWVuJTNEJTIyJTIyJTIwbG9hZGluZyUzRCUyMmxhenklMjIlMjByZWZlcnJlcnBvbGljeSUzRCUyMm5vLXJlZmVycmVyLXdoZW4tZG93bmdyYWRlJTIyJTNFJTNDJTJGaWZyYW1lJTNF&#8221; size=&#8221;&#8221;][\/vc_column][\/vc_row]<\/p>","protected":false},"excerpt":{"rendered":"<p>[vc_row el_class=&#8221;container&#8221;][vc_column width=&#8221;1\/2&#8243; css=&#8221;.vc_custom_1653565298692{margin-right: 0px !important;margin-left: 0px !important;border-right-width: 0px !important;border-left-width: 0px !important;}&#8221;][vc_single_image image=&#8221;164994&#8243; img_size=&#8221;full&#8221; alignment=&#8221;center&#8221;][\/vc_column][vc_column width=&#8221;1\/2&#8243; css=&#8221;.vc_custom_1653642837519{background-color: #dfe2ec !important;border-radius: 15px !important;}&#8221;][vc_empty_space height=&#8221;20px&#8221;][vc_custom_heading text=&#8221;LINGWISTYKA STOSOWANA&#8221; font_container=&#8221;tag:h3|text_align:center|color:%23002e5a&#8221; google_fonts=&#8221;font_family:PT%20Sans%20Caption%3Aregular%2C700|font_style:700%20bold%20regular%3A700%3Anormal&#8221;][vc_empty_space height=&#8221;10px&#8221;][vc_separator color=&#8221;custom&#8221; style=&#8221;shadow&#8221; el_width=&#8221;60&#8243; accent_color=&#8221;#002e5a&#8221;][\/vc_column][\/vc_row][vc_row el_class=&#8221;container&#8221;][vc_column width=&#8221;2\/3&#8243; css=&#8221;.vc_custom_1653643334119{background-color: #f8f8f8 !important;border-radius: 15px !important;}&#8221;][vc_row_inner][vc_column_inner el_class=&#8221;container&#8221;][vc_empty_space height=&#8221;20px&#8221;][vc_custom_heading text=&#8221;STUDIA I STOPNIA&#8221; font_container=&#8221;tag:h2|text_align:center|color:%23ffffff&#8221; google_fonts=&#8221;font_family:PT%20Sans%3Aregular%2Citalic%2C700%2C700italic|font_style:400%20regular%3A400%3Anormal&#8221; css=&#8221;.vc_custom_1685009770536{background-color: #002e5a !important;border-radius: 10px !important;}&#8221;][vc_empty_space height=&#8221;20px&#8221;][\/vc_column_inner][\/vc_row_inner][vc_row_inner][vc_column_inner][vc_separator color=&#8221;custom&#8221; accent_color=&#8221;#0095db&#8221;][\/vc_column_inner][\/vc_row_inner][vc_row_inner disable_element=&#8221;yes&#8221;][vc_column_inner][\/vc_column_inner][\/vc_row_inner][vc_row_inner disable_element=&#8221;yes&#8221;][vc_column_inner [&#8230;]<\/p>\n<p><a class=\"btn btn-secondary understrap-read-more-link\" href=\"https:\/\/us.edu.pl\/wydzial\/wh\/kandydat-wh\/kierunki-studiow\/lingwistyka-stosowana\/\">Read More&#8230;<\/a><\/p>\n","protected":false},"author":1,"featured_media":0,"parent":989,"menu_order":0,"comment_status":"closed","ping_status":"closed","template":"","meta":{"_expiration-date-status":"","_expiration-date":0,"_expiration-date-type":"","_expiration-date-categories":[],"_expiration-date-options":[]},"acf":[],"_links":{"self":[{"href":"https:\/\/us.edu.pl\/wydzial\/wh\/wp-json\/wp\/v2\/pages\/164993"}],"collection":[{"href":"https:\/\/us.edu.pl\/wydzial\/wh\/wp-json\/wp\/v2\/pages"}],"about":[{"href":"https:\/\/us.edu.pl\/wydzial\/wh\/wp-json\/wp\/v2\/types\/page"}],"author":[{"embeddable":true,"href":"https:\/\/us.edu.pl\/wydzial\/wh\/wp-json\/wp\/v2\/users\/1"}],"replies":[{"embeddable":true,"href":"https:\/\/us.edu.pl\/wydzial\/wh\/wp-json\/wp\/v2\/comments?post=164993"}],"version-history":[{"count":10,"href":"https:\/\/us.edu.pl\/wydzial\/wh\/wp-json\/wp\/v2\/pages\/164993\/revisions"}],"predecessor-version":[{"id":191283,"href":"https:\/\/us.edu.pl\/wydzial\/wh\/wp-json\/wp\/v2\/pages\/164993\/revisions\/191283"}],"up":[{"embeddable":true,"href":"https:\/\/us.edu.pl\/wydzial\/wh\/wp-json\/wp\/v2\/pages\/989"}],"wp:attachment":[{"href":"https:\/\/us.edu.pl\/wydzial\/wh\/wp-json\/wp\/v2\/media?parent=164993"}],"curies":[{"name":"wp","href":"https:\/\/api.w.org\/{rel}","templated":true}]}}