{"id":1664,"date":"2019-10-24T14:25:43","date_gmt":"2019-10-24T12:25:43","guid":{"rendered":"https:\/\/us.edu.pl\/wydzial\/wh\/?page_id=1664"},"modified":"2024-01-03T13:47:07","modified_gmt":"2024-01-03T12:47:07","slug":"akty-prawne","status":"publish","type":"page","link":"https:\/\/us.edu.pl\/wydzial\/wh\/jakosc-ksztalcenia\/akty-prawne\/","title":{"rendered":"Akty prawne"},"content":{"rendered":"<p>[vc_row][vc_column][vc_column_text][\/vc_column_text][\/vc_column][\/vc_row][vc_row][vc_column]\r\n                <div class=\"text-modules reverse\">\r\n                    <div class=\"container\">\r\n                        <h3 class=\"section-title section-title_border-bottom\">Uchwa\u0142y Senatu U\u015a<\/h3> \r\n                        <div class=\"row m-0\">\r\n                            <div class=\"text-modules__content\">\r\n                                <span style=\"font-size: 12pt;\"><strong>Regulaminy<\/strong><\/span><\/p>\n<p><a href=\"https:\/\/aktyprawne.us.edu.pl\/d\/6335\/5\/?tc=66\"><span style=\"font-size: 12pt;\">Regulamin Studi\u00f3w w Uniwersytecie \u015al\u0105skim<\/span><\/a><\/p>\n<p>&nbsp;<\/p>\n<p><span style=\"font-size: 12pt;\"><strong>Tworzenie kierunk\u00f3w<\/strong><\/span><\/p>\n<p><a href=\"https:\/\/aktyprawne.us.edu.pl\/423-lista\/d\/6396\/5\/?reporef=%2F%3FsearchKey%3D131633961\"><span style=\"font-size: 12pt;\">Uchwa\u0142a Senatu U\u015a <span class=\"md-input\">385\/2023<\/span> w sprawie wytycznych dotycz\u0105cych wymaga\u0144 w zakresie tworzenia i zmiany program\u00f3w studi\u00f3w prowadzonych w Uniwersytecie \u015al\u0105skim w Katowicach<\/span><\/a><\/p>\n<p><a href=\"https:\/\/us.edu.pl\/pracownik\/sprawy-dydaktyczne\/karta-kierunku\/\"><span style=\"font-size: 12pt;\">Wnioski o utworzenie nowego kierunku, specjalno\u015bci, zmian\u0119 programu kierunku<\/span><\/a><\/p>\n<p>&nbsp;<\/p>\n<p><span style=\"font-size: 12pt;\"><strong>Ankiety<\/strong><\/span><\/p>\n<p><a href=\"https:\/\/aktyprawne.us.edu.pl\/423\/d\/5441\/5\/\"><span style=\"font-size: 12pt;\">Zarz\u0105dzenie Rektora U\u015a <span class=\"md-input\">3\/2022<\/span> w sprawie ankiety oceny pracy dydaktycznej nauczyciela akademickiego<\/span><\/a><\/p>\n<p><strong>\u00a0<\/strong><\/p>\n<p>&nbsp;<\/p>\n<p>&nbsp;<\/p>\n<p>&nbsp;<\/p>\n<div class=\"mt-3\"><\/div>\r\n                            <\/div>\r\n                            \r\n                            \r\n                        <\/div>\r\n                    <\/div>\r\n                <\/div>[\/vc_column][\/vc_row][vc_row][vc_column][vc_column_text][\/vc_column_text][\/vc_column][\/vc_row]<\/p>","protected":false},"excerpt":{"rendered":"<p>[vc_row][vc_column][vc_column_text][\/vc_column_text][\/vc_column][\/vc_row][vc_row][vc_column][\/vc_column][\/vc_row][vc_row][vc_column][vc_column_text][\/vc_column_text][\/vc_column][\/vc_row] [&#8230;]<\/p>\n<p><a class=\"btn btn-secondary understrap-read-more-link\" href=\"https:\/\/us.edu.pl\/wydzial\/wh\/jakosc-ksztalcenia\/akty-prawne\/\">Read More&#8230;<\/a><\/p>\n","protected":false},"author":1,"featured_media":0,"parent":606,"menu_order":0,"comment_status":"closed","ping_status":"closed","template":"","meta":{"_expiration-date-status":"","_expiration-date":0,"_expiration-date-type":"","_expiration-date-categories":[],"_expiration-date-options":[]},"acf":[],"_links":{"self":[{"href":"https:\/\/us.edu.pl\/wydzial\/wh\/wp-json\/wp\/v2\/pages\/1664"}],"collection":[{"href":"https:\/\/us.edu.pl\/wydzial\/wh\/wp-json\/wp\/v2\/pages"}],"about":[{"href":"https:\/\/us.edu.pl\/wydzial\/wh\/wp-json\/wp\/v2\/types\/page"}],"author":[{"embeddable":true,"href":"https:\/\/us.edu.pl\/wydzial\/wh\/wp-json\/wp\/v2\/users\/1"}],"replies":[{"embeddable":true,"href":"https:\/\/us.edu.pl\/wydzial\/wh\/wp-json\/wp\/v2\/comments?post=1664"}],"version-history":[{"count":10,"href":"https:\/\/us.edu.pl\/wydzial\/wh\/wp-json\/wp\/v2\/pages\/1664\/revisions"}],"predecessor-version":[{"id":169910,"href":"https:\/\/us.edu.pl\/wydzial\/wh\/wp-json\/wp\/v2\/pages\/1664\/revisions\/169910"}],"up":[{"embeddable":true,"href":"https:\/\/us.edu.pl\/wydzial\/wh\/wp-json\/wp\/v2\/pages\/606"}],"wp:attachment":[{"href":"https:\/\/us.edu.pl\/wydzial\/wh\/wp-json\/wp\/v2\/media?parent=1664"}],"curies":[{"name":"wp","href":"https:\/\/api.w.org\/{rel}","templated":true}]}}