{"id":168234,"date":"2023-10-12T13:45:16","date_gmt":"2023-10-12T11:45:16","guid":{"rendered":"https:\/\/us.edu.pl\/wydzial\/wh\/?page_id=168234"},"modified":"2025-09-10T14:22:44","modified_gmt":"2025-09-10T12:22:44","slug":"filologia-rosyjska","status":"publish","type":"page","link":"https:\/\/us.edu.pl\/wydzial\/wh\/kierunki-studiow\/filologia-rosyjska\/","title":{"rendered":"Filologia rosyjska"},"content":{"rendered":"<p>[vc_row el_class=&#8221;container&#8221;][vc_column width=&#8221;2\/3&#8243;][vc_custom_heading text=&#8221;Filologia rosyjska&#8221; font_container=&#8221;tag:h2|text_align:left|color:%23002e5a&#8221; google_fonts=&#8221;font_family:PT%20Sans%3Aregular%2Citalic%2C700%2C700italic|font_style:400%20regular%3A400%3Anormal&#8221; el_class=&#8221;container&#8221;][vc_separator color=&#8221;custom&#8221; border_width=&#8221;2&#8243; accent_color=&#8221;#002e5a&#8221; el_class=&#8221;container&#8221;][vc_tta_accordion style=&#8221;modern&#8221; shape=&#8221;square&#8221; active_section=&#8221;354&#8243; collapsible_all=&#8221;true&#8221; el_class=&#8221;container&#8221; css=&#8221;.vc_custom_1695994373497{margin-bottom: 0px !important;border-bottom-width: 0px !important;padding-bottom: 0px !important;}&#8221;][vc_tta_section title=&#8221;Rejestracja na zaj\u0119cia &#8211; semestr letni 2024\/2025&#8243; tab_id=&#8221;1695199402196-0a60d8ac-3052&#8243;]\r\n                <div class=\"text-modules\">\r\n                    <div class=\"container\">\r\n                        \r\n                        <div class=\"text-modules__content\"><\/p>\n<h4>Rejestracja na przedmioty w semestrze letnim 2024\/2025<\/h4>\n<hr \/>\n<p>Informujemy, \u017ce od\u00a0<strong>18.02.2025 r. godz. 19:00<\/strong>\u00a0do\u00a0<strong>2.03.2025 r. godz. 23:59<\/strong> odb\u0119dzie si\u0119 I tura rejestracji na zaj\u0119cia w semestrze letnim 2024\/2025 dla kierunku filologia rosyjska oraz filologia wschodnios\u0142owia\u0144ska.<\/p>\n<p style=\"text-align: justify;\"><strong>Rejestracja na przedmioty w USOS jest OBOWI\u0104ZKOWA.<\/strong><\/p>\n<p style=\"text-align: justify;\">Problemy z rejestracj\u0105 prosimy zg\u0142asza\u0107 niezw\u0142ocznie po ich zauwa\u017ceniu i\u00a0<u>najp\u00f3\u017aniej trzy dni przed zako\u0144czeniem rejestracji<\/u>\u00a0do pana mgr. \u0141ukasza G\u0119borka na adres mejlowy:\u00a0<strong><a href=\"mailto:lukasz.geborek@us.edu.pl\">lukasz.geborek@us.edu.pl<\/a><\/strong>.<\/p>\n<p style=\"text-align: justify;\">Rejestracja odbywa si\u0119 w systemie USOSWeb dost\u0119pnym pod adresem\u00a0<a href=\"https:\/\/usosweb.us.edu.pl\/\"><strong>usosweb.us.edu.pl<\/strong><\/a>. Uprzejmie prosimy o zarejestrowanie si\u0119 na przedmioty wykazane \u00a0w Pa\u0144stwa harmonogramie zaj\u0119\u0107.<\/p>\n<p style=\"text-align: justify;\"><strong>Prosimy o zapisy na zaj\u0119cia zaraz po otwarciu rejestracji.<\/strong><\/p>\n<p style=\"text-align: justify;\">Pa\u0144stwa identyfikatorem w systemie jest numer\u00a0<strong>PESEL<\/strong>. Has\u0142o jest takie samo jak w systemie rejestracji \u017cetonowych, za pomoc\u0105 kt\u00f3rego nast\u0119puje rejestracja na zaj\u0119cia z wychowania fizycznego. W sytuacji gdy has\u0142o zostanie zagubione prosimy skorzysta\u0107 z formularza do odzyskiwania has\u0142a dost\u0119pnego na stronie logowania.<br \/>\nW razie jakichkolwiek problem\u00f3w z logowaniem prosimy o kontakt drog\u0105 mailow\u0105 na adres\u00a0<a href=\"mailto:usosweb@us.edu.pl\"><strong>usosweb@us.edu.pl<\/strong><\/a><\/p>\n<p>\n<\/div>\r\n                    <\/div>\r\n                <\/div>[\/vc_tta_section][vc_tta_section title=&#8221;Dy\u017cury pracownik\u00f3w&#8221; tab_id=&#8221;1695199402215-cdaeaf1c-1635&#8243;]\r\n                <div class=\"text-modules\">\r\n                    <div class=\"container\">\r\n                        \r\n                        <div class=\"text-modules__content\"><p><a href=\"https:\/\/us.edu.pl\/wydzial\/wh\/wp-content\/uploads\/sites\/15\/Bez-kategorii\/FW-FR-LATO-sesja-popr.-2024-2025_10.09.25.pdf\" class=\"mtli_attachment mtli_pdf\" data-mtli=\"mtli_filesize101,54kB\" class=\"mtli_attachment mtli_pdf\" data-mtli=\"mtli_filesize101,54kB\">sesja letnia 2024\/2025<\/a> <span style=\"font-size: 8pt; color: #ff0000;\">(aktualizacja 10.09.2025)<\/span><\/p>\n<style type=\"text\/css\">a[data-mtli~=\"mtli_filesize101,54kB\"]:after {content:\" (101,54 kB)\"}<\/style><\/div>\r\n                    <\/div>\r\n                <\/div>[\/vc_tta_section][vc_tta_section title=&#8221;Opiekunowie grup studenckich&#8221; tab_id=&#8221;1695199443971-58506212-c803&#8243;]\r\n                <div class=\"text-modules\">\r\n                    <div class=\"container\">\r\n                        \r\n                        <div class=\"text-modules__content\"><\/p>\n<h4>STUDIA LICENCJACKIE<\/h4>\n<p>&nbsp;<\/p>\n<p><strong>Specjalno\u015b\u0107: <\/strong>j\u0119zyki wschodnios\u0142owia\u0144skie w biznesie i administracji<\/p>\n<hr \/>\n<ul>\n<li>III rok: dr Swiet\u0142ana Biczak, e-mail: <a href=\"mailto:swietlana.biczak@us.edu.pl\">swietlana.biczak@us.edu.pl<\/a><\/li>\n<\/ul>\n<p>&nbsp;<\/p>\n<p><strong>Specjalno\u015b\u0107: <\/strong>j\u0119zyki stosowane: j\u0119zyk rosyjski z j\u0119zykiem angielskim<\/p>\n<hr \/>\n<ul>\n<li>III rok: dr Damian Podle\u015bny, e-mail: <a href=\"mailto:damian.podlesny@us.edu.pl\">damian.podlesny@us.edu.pl<\/a><\/li>\n<\/ul>\n<p>&nbsp;<\/p>\n<p><strong>Specjalno\u015b\u0107: <\/strong>t\u0142umaczeniowa<\/p>\n<hr \/>\n<ul>\n<li>III rok: mgr Krystsina Artamonava, e-mail: <a href=\"mailto:krystsina.artamonava@us.edu.pl\">krystsina.artamonava@us.edu.pl<\/a><\/li>\n<\/ul>\n<p>&nbsp;<\/p>\n<p><strong>Specjalno\u015b\u0107: <\/strong>j\u0119zyk biznesu z komunikacj\u0105 mi\u0119dzykulturow\u0105<\/p>\n<hr \/>\n<ul>\n<li>III rok: dr Lidia Mi\u0119sowska, prof. U\u015a, e-mail: <a href=\"mailto:lidia.miesowska@us.edu.pl\">lidia.miesowska@us.edu.pl<\/a><\/li>\n<\/ul>\n<p>\n<\/div>\r\n                    <\/div>\r\n                <\/div>[\/vc_tta_section][\/vc_tta_accordion][vc_row_inner css=&#8221;.vc_custom_1695994347078{margin-top: 0px !important;border-top-width: 0px !important;padding-top: 0px !important;}&#8221;][vc_column_inner]\r\n                <div class=\"tiles-section\" style=\"background: \">\r\n                    <div class=\"container\">\r\n                        <h3 class=\"page-title\"><\/h3>\r\n                        <div class=\"tiles tiles-3\">\r\n                            <a href=\"https:\/\/us.edu.pl\/wydzial\/wh\/kierunki-studiow\/filologia-rosyjska\/seminaria-dyplomowe-i-proces-dyplomowania\/\" class=\"tile tile_ justify-content-center\" style=\"background-color: #EBEBEB; font-weight: ; color: #002E5A;  \">\r\n                                \r\n                                   \r\n                               \r\n                                <div class=\"tile__name\">Seminaria dyplomowe i proces dyplomowania<\/div>\r\n                            <\/a>\r\n                            <a href=\"https:\/\/us.edu.pl\/wydzial\/wh\/kierunki-studiow\/filologia-rosyjska\/aktywnosc-studencka\/\" class=\"tile tile_ justify-content-center\" style=\"background-color: #EBEBEB; font-weight: ; color: #002E5A;  \">\r\n                                \r\n                                   \r\n                               \r\n                                <div class=\"tile__name\">Aktywno\u015b\u0107 studencka<\/div>\r\n                            <\/a>\r\n                            <a href=\"https:\/\/us.edu.pl\/wydzial\/wh\/kierunki-studiow\/filologia-rosyjska\/praktyki-zawodowe\/\" class=\"tile tile_ justify-content-center\" style=\"background-color: #EBEBEB; font-weight: ; color: #002E5A;  \">\r\n                                \r\n                                   \r\n                               \r\n                                <div class=\"tile__name\">Praktyki zawodowe<\/div>\r\n                            <\/a><\/div>\r\n                    <\/div>\r\n                <\/div>[\/vc_column_inner][\/vc_row_inner][vc_row_inner][vc_column_inner][vc_empty_space][vc_custom_heading text=&#8221;Dyrekcja kierunku&#8221; font_container=&#8221;tag:h2|text_align:left|color:%23002e5a&#8221; google_fonts=&#8221;font_family:PT%20Sans%3Aregular%2Citalic%2C700%2C700italic|font_style:400%20regular%3A400%3Anormal&#8221;][vc_separator color=&#8221;custom&#8221; border_width=&#8221;2&#8243; accent_color=&#8221;#002e5a&#8221;][\/vc_column_inner][\/vc_row_inner][vc_row_inner][vc_column_inner]\r\n                <div class=\"text-modules\">\r\n                    <div class=\"container\">\r\n                        \r\n                        <div class=\"text-modules__content\"><\/p>\n<h3><\/h3>\n<h4><span style=\"color: #002e5a;\">dr hab. Miros\u0142awa Michalska-Suchanek, prof. U\u015a<\/span><\/h4>\n<h5><span style=\"color: #002e5a;\"><strong>Dyrektor kierunku<\/strong><\/span><\/h5>\n<p><span style=\"color: #002e5a;\">e-mail:<\/span>\u00a0<a href=\"mailto:miroslawa.michalska-suchanek@us.edu.pl\">miroslawa.michalska-suchanek@us.edu.pl<\/a><br \/>\n<span style=\"color: #002e5a;\">tel.: 32 364 08 43<\/span><br \/>\n<span style=\"color: #002e5a;\">ul. Grota-Roweckiego 5, 41-200 Sosnowiec<\/span><br \/>\n<span style=\"color: #002e5a;\">pok. <strong>4.27<\/strong><\/span><\/p>\n<\/div>\r\n                    <\/div>\r\n                <\/div>[\/vc_column_inner][\/vc_row_inner][vc_row_inner][vc_column_inner]\r\n                <div class=\"text-modules\">\r\n                    <div class=\"container\">\r\n                        \r\n                        <div class=\"text-modules__content\"><\/p>\n<h4><span style=\"color: #002e5a;\">dr Lidia Mi\u0119sowska, prof. U\u015a<\/span><\/h4>\n<h5><span style=\"color: #002e5a;\"><strong>Zast\u0119pca dyrektora kierunku<\/strong><\/span><\/h5>\n<p><span style=\"color: #002e5a;\">e-mail:<\/span><a href=\"mailto:lidia.miesowska@us.edu.pl\">\u00a0lidia.miesowska@us.edu.pl<\/a><br \/>\n<span style=\"color: #002e5a;\">tel.: 32 364 08 43<\/span><br \/>\n<span style=\"color: #002e5a;\">ul. Grota-Roweckiego 5, 41-200 Sosnowiec<\/span><br \/>\n<span style=\"color: #002e5a;\">pok. <strong>4.29<\/strong><\/span><\/p>\n<\/div>\r\n                    <\/div>\r\n                <\/div>[\/vc_column_inner][\/vc_row_inner][vc_row_inner][vc_column_inner]\r\n                <div class=\"text-modules\">\r\n                    <div class=\"container\">\r\n                        \r\n                        <div class=\"text-modules__content\"><\/p>\n<h4><span style=\"color: #002e5a;\">dr Monika Gawlak<\/span><\/h4>\n<h5><span style=\"color: #002e5a;\"><strong>Zast\u0119pca dyrektora kierunku<\/strong><\/span><\/h5>\n<p><span style=\"color: #002e5a;\">e-mail:<\/span>\u00a0<u><a href=\"mailto:monika.gawlak@us.edu.pl\">monika.gawlak@us.edu.pl<\/a><\/u><br \/>\n<span style=\"color: #002e5a;\">ul. Grota-Roweckiego 5, 41-200 Sosnowiec<\/span><br \/>\n<span style=\"color: #002e5a;\">pok. <strong>4.29<\/strong><\/span><\/p>\n<\/div>\r\n                    <\/div>\r\n                <\/div>[\/vc_column_inner][\/vc_row_inner][\/vc_column][vc_column width=&#8221;1\/3&#8243;]\r\n                <div class='sidebar_moduls sidebar_one_header' style='color:#FFFFFF;background-color: #002E5A'>\r\n                    <a href='https:\/\/us.edu.pl\/wydzial\/wh\/kierunki-studiow\/filologia-rosyjska\/aktualnosci-ogloszenia\/' class='link'>Aktualno\u015bci | Og\u0142oszenia<\/a>\r\n                <\/div>[vc_tta_tabs style=&#8221;flat&#8221; shape=&#8221;square&#8221; color=&#8221;white&#8221; gap=&#8221;1&#8243; active_section=&#8221;354&#8243; title=&#8221;Harmonogramy&#8221; css=&#8221;.vc_custom_1695202842995{border-left-width: 5px !important;border-left-color: #fbb900 !important;border-left-style: solid !important;}&#8221;][vc_tta_section title=&#8221;zaj\u0119\u0107&#8221; tab_id=&#8221;1695201794768-6db60657-1d1d&#8221;]\r\n                <div class=\"text-modules\">\r\n                    <div class=\"container\">\r\n                        \r\n                        <div class=\"text-modules__content\"><\/p>\n<h4>semestr letni 2024\/2025<\/h4>\n<p><em><span style=\"font-size: 10pt;\"><span style=\"color: #ff0000;\">Prosimy o \u015bledzenie aktualizacji harmonogramu, poniewa\u017c mo\u017ce ulec zmianie.<\/span><\/span><\/em><\/p>\n<hr \/>\n<p><a href=\"https:\/\/us.edu.pl\/wydzial\/wh\/wp-content\/uploads\/sites\/15\/KIERUNKI\/filologia-rosyjska\/plany\/JW_Ist_rok-3_let.24-25_9.02.2025.pdf\" class=\"mtli_attachment mtli_pdf\" data-mtli=\"mtli_filesize98,15kB\" class=\"mtli_attachment mtli_pdf\" data-mtli=\"mtli_filesize98,15kB\">Specjalno\u015b\u0107: j\u0119zyki wschodnios\u0142owia\u0144skie w biznesie i administracji<\/a> (LIC rok III)<\/p>\n<p><a href=\"https:\/\/us.edu.pl\/wydzial\/wh\/wp-content\/uploads\/sites\/15\/KIERUNKI\/filologia-rosyjska\/plany\/RA_Ist_rok-3_let.24-25_20.02.2025.pdf\" class=\"mtli_attachment mtli_pdf\" data-mtli=\"mtli_filesize105,18kB\" class=\"mtli_attachment mtli_pdf\" data-mtli=\"mtli_filesize105,18kB\">Specjalno\u015b\u0107: j\u0119zyki stosowane: j\u0119zyk rosyjski z j\u0119zykiem angielskim<\/a> (LIC rok III) <span style=\"font-size: 8pt; color: #ff0000;\">aktualizacja: 20.02.2025<\/span><\/p>\n<p><a href=\"https:\/\/us.edu.pl\/wydzial\/wh\/wp-content\/uploads\/sites\/15\/KIERUNKI\/filologia-rosyjska\/plany\/TL_Ist_rok-3_let.24-25_9.02.2025.pdf\" class=\"mtli_attachment mtli_pdf\" data-mtli=\"mtli_filesize102,33kB\" class=\"mtli_attachment mtli_pdf\" data-mtli=\"mtli_filesize102,33kB\">Specjalno\u015b\u0107: t\u0142umaczeniowa<\/a> (LIC rok III)<\/p>\n<p><a href=\"https:\/\/us.edu.pl\/wydzial\/wh\/wp-content\/uploads\/sites\/15\/KIERUNKI\/wschodnioslowianska\/plany\/skroty_2024_2025_letni.pdf\" class=\"mtli_attachment mtli_pdf\" data-mtli=\"mtli_filesize90,69kB\" class=\"mtli_attachment mtli_pdf\" data-mtli=\"mtli_filesize90,69kB\">WYKAZ SKR\u00d3T\u00d3W<\/a><\/p>\n<style type=\"text\/css\">a[data-mtli~=\"mtli_filesize98,15kB\"]:after {content:\" (98,15 kB)\"}a[data-mtli~=\"mtli_filesize105,18kB\"]:after {content:\" (105,18 kB)\"}a[data-mtli~=\"mtli_filesize102,33kB\"]:after {content:\" (102,33 kB)\"}a[data-mtli~=\"mtli_filesize90,69kB\"]:after {content:\" (90,69 kB)\"}<\/style><\/div>\r\n                    <\/div>\r\n                <\/div>[\/vc_tta_section][vc_tta_section title=&#8221;sesji&#8221; tab_id=&#8221;1695201794786-0f235592-cead&#8221;]\r\n                <div class=\"text-modules\">\r\n                    <div class=\"container\">\r\n                        \r\n                        <div class=\"text-modules__content\"><p><a href=\"https:\/\/us.edu.pl\/wydzial\/wh\/wp-content\/uploads\/sites\/15\/Bez-kategorii\/FR-sesja-lato-24-255625.pdf\" class=\"mtli_attachment mtli_pdf\" data-mtli=\"mtli_filesize84,56kB\" class=\"mtli_attachment mtli_pdf\" data-mtli=\"mtli_filesize84,56kB\">Harmonogram sesji letniej 2024\/2025<\/a><\/p>\n<style type=\"text\/css\">a[data-mtli~=\"mtli_filesize84,56kB\"]:after {content:\" (84,56 kB)\"}<\/style><\/div>\r\n                    <\/div>\r\n                <\/div>[\/vc_tta_section][\/vc_tta_tabs][vc_row_inner css=&#8221;.vc_custom_1695720606111{margin-left: 0px !important;border-left-width: 5px !important;padding-left: 0px !important;border-left-color: #002e5a !important;border-left-style: solid !important;}&#8221;][vc_column_inner]\r\n                <div class=\"text-modules\">\r\n                    <div class=\"container\">\r\n                        \r\n                        <div class=\"text-modules__content\"><\/p>\n<h3><span style=\"color: #002e5a;\">Dziekanat ds. studenckich<\/span><\/h3>\n<hr \/>\n<p><strong><span style=\"color: #002e5a;\">mgr Agata J\u0119dycha<\/span><br \/>\n<\/strong><span style=\"color: #002e5a;\">e-mail:<\/span>\u00a0agata.jedrycha@us.edu.pl<\/p>\n<p><span style=\"color: #002e5a;\">tel.: 32 364 09 67<\/span><br \/>\n<span style=\"color: #002e5a;\">Sosnowiec, ul. Grota-Roweckiego 5<\/span><br \/>\n<span style=\"color: #002e5a;\"><strong>pok. 1.12<\/strong><\/span><\/p>\n<\/div>\r\n                    <\/div>\r\n                <\/div>[\/vc_column_inner][\/vc_row_inner][vc_empty_space][vc_row_inner][vc_column_inner][vc_toggle title=&#8221;Dziekanat ds. dydaktycznych&#8221; css=&#8221;.vc_custom_1729854432651{border-top-width: 2px !important;border-right-width: 2px !important;border-bottom-width: 2px !important;border-left-width: 2px !important;border-left-color: #002e5a !important;border-left-style: solid !important;border-right-color: #002e5a !important;border-right-style: solid !important;border-top-color: #002e5a !important;border-top-style: solid !important;border-bottom-color: #002e5a !important;border-bottom-style: solid !important;}&#8221;]<strong><span style=\"color: #002e5a;\">mgr \u0141ukasz G\u0119borek<\/span><br \/>\n<\/strong><span style=\"color: #002e5a;\">e-mail:<\/span>\u00a0<a href=\"mailto:lukasz.geborek@us.edu.pl\">lukasz.geborek@us.edu.pl<\/a><\/p>\n<p><span style=\"color: #002e5a;\">tel.: 32 364 08 43<\/span><br \/>\n<span style=\"color: #002e5a;\">Sosnowiec, ul. Grota-Roweckiego 5<\/span><br \/>\n<span style=\"color: #002e5a;\"><strong>pok. 4.28<\/strong><\/span>[\/vc_toggle][\/vc_column_inner][\/vc_row_inner][vc_separator][vc_btn title=&#8221;Karta kierunku &amp; Informator ECTS&#8221; style=&#8221;custom&#8221; custom_background=&#8221;#002e5a&#8221; custom_text=&#8221;#ffffff&#8221; shape=&#8221;square&#8221; size=&#8221;lg&#8221; align=&#8221;center&#8221; button_block=&#8221;true&#8221; link=&#8221;url:https%3A%2F%2Finformator.us.edu.pl%2Fprogrammes%2Flist%2Fall%2FFR%2F%3F_s%3D1|target:_blank&#8221;][vc_separator][vc_btn title=&#8221;Egzaminy i zaliczenia (tzw. rygory)&#8221; style=&#8221;custom&#8221; custom_background=&#8221;#002e5a&#8221; custom_text=&#8221;#ffffff&#8221; shape=&#8221;square&#8221; size=&#8221;lg&#8221; align=&#8221;center&#8221; button_block=&#8221;true&#8221; link=&#8221;url:https%3A%2F%2Fus.edu.pl%2Fwydzial%2Fwh%2Fkierunki-studiow%2Ffilologia-rosyjska%2Frygory%2F|target:_blank&#8221;][vc_separator]\r\n                <div class=\"title-with-link color-blue\" style=\"background: #EBEBEB\">\r\n                    <div class=\"container\">\r\n                        <div class=\"title-with-link-container links-align-left\">\r\n                            <div class=\"title-with-link__title\"><span><\/span><\/div>\r\n                            <a href=\"https:\/\/us.edu.pl\/wydzial\/wh\/kierunki-studiow\/filologia-rosyjska\/opis-kierunku-i-specjalnosci\/\" class=\"title-with-link__link\">Opis kierunku i specjalno\u015bci<\/a>\r\n                        <\/div>\r\n                    <\/div>\r\n                <\/div>\r\n            \r\n                <div class=\"title-with-link color-blue\" style=\"background: #EBEBEB\">\r\n                    <div class=\"container\">\r\n                        <div class=\"title-with-link-container links-align-left\">\r\n                            <div class=\"title-with-link__title\"><span><\/span><\/div>\r\n                            <a href=\"https:\/\/us.edu.pl\/wydzial\/wh\/kierunki-studiow\/filologia-rosyjska\/wspolpraca\/\" class=\"title-with-link__link\">Wsp\u00f3\u0142praca z otoczeniem<\/a>\r\n                        <\/div>\r\n                    <\/div>\r\n                <\/div>\r\n            [\/vc_column][\/vc_row][vc_column][\/vc_column][vc_column][\/vc_column]<\/p>\n<style type=\"text\/css\">a[data-mtli~=\"mtli_filesize101,54kB\"]:after {content:\" (101,54 kB)\"}a[data-mtli~=\"mtli_filesize98,15kB\"]:after {content:\" (98,15 kB)\"}a[data-mtli~=\"mtli_filesize105,18kB\"]:after {content:\" (105,18 kB)\"}a[data-mtli~=\"mtli_filesize102,33kB\"]:after {content:\" (102,33 kB)\"}a[data-mtli~=\"mtli_filesize90,69kB\"]:after {content:\" (90,69 kB)\"}a[data-mtli~=\"mtli_filesize84,56kB\"]:after {content:\" (84,56 kB)\"}<\/style>","protected":false},"excerpt":{"rendered":"<p>[vc_row el_class=&#8221;container&#8221;][vc_column width=&#8221;2\/3&#8243;][vc_custom_heading text=&#8221;Filologia rosyjska&#8221; font_container=&#8221;tag:h2|text_align:left|color:%23002e5a&#8221; google_fonts=&#8221;font_family:PT%20Sans%3Aregular%2Citalic%2C700%2C700italic|font_style:400%20regular%3A400%3Anormal&#8221; el_class=&#8221;container&#8221;][vc_separator color=&#8221;custom&#8221; border_width=&#8221;2&#8243; accent_color=&#8221;#002e5a&#8221; el_class=&#8221;container&#8221;][vc_tta_accordion style=&#8221;modern&#8221; shape=&#8221;square&#8221; active_section=&#8221;354&#8243; collapsible_all=&#8221;true&#8221; el_class=&#8221;container&#8221; css=&#8221;.vc_custom_1695994373497{margin-bottom: 0px !important;border-bottom-width: 0px !important;padding-bottom: 0px !important;}&#8221;][vc_tta_section title=&#8221;Rejestracja na zaj\u0119cia &#8211; semestr letni 2024\/2025&#8243; tab_id=&#8221;1695199402196-0a60d8ac-3052&#8243;][\/vc_tta_section][vc_tta_section title=&#8221;Dy\u017cury pracownik\u00f3w&#8221; tab_id=&#8221;1695199402215-cdaeaf1c-1635&#8243;][\/vc_tta_section][vc_tta_section title=&#8221;Opiekunowie grup studenckich&#8221; tab_id=&#8221;1695199443971-58506212-c803&#8243;][\/vc_tta_section][\/vc_tta_accordion][vc_row_inner css=&#8221;.vc_custom_1695994347078{margin-top: 0px !important;border-top-width: 0px !important;padding-top: 0px !important;}&#8221;][vc_column_inner][\/vc_column_inner][\/vc_row_inner][vc_row_inner][vc_column_inner][vc_empty_space][vc_custom_heading text=&#8221;Dyrekcja kierunku&#8221; font_container=&#8221;tag:h2|text_align:left|color:%23002e5a&#8221; google_fonts=&#8221;font_family:PT%20Sans%3Aregular%2Citalic%2C700%2C700italic|font_style:400%20regular%3A400%3Anormal&#8221;][vc_separator color=&#8221;custom&#8221; border_width=&#8221;2&#8243; accent_color=&#8221;#002e5a&#8221;][\/vc_column_inner][\/vc_row_inner][vc_row_inner][vc_column_inner][\/vc_column_inner][\/vc_row_inner][vc_row_inner][vc_column_inner][\/vc_column_inner][\/vc_row_inner][vc_row_inner][vc_column_inner][\/vc_column_inner][\/vc_row_inner][\/vc_column][vc_column width=&#8221;1\/3&#8243;][vc_tta_tabs style=&#8221;flat&#8221; [&#8230;]<\/p>\n<p><a class=\"btn btn-secondary understrap-read-more-link\" href=\"https:\/\/us.edu.pl\/wydzial\/wh\/kierunki-studiow\/filologia-rosyjska\/\">Read More&#8230;<\/a><\/p>\n","protected":false},"author":1,"featured_media":0,"parent":997,"menu_order":0,"comment_status":"closed","ping_status":"closed","template":"","meta":{"_expiration-date-status":"","_expiration-date":0,"_expiration-date-type":"","_expiration-date-categories":[],"_expiration-date-options":[]},"acf":[],"_links":{"self":[{"href":"https:\/\/us.edu.pl\/wydzial\/wh\/wp-json\/wp\/v2\/pages\/168234"}],"collection":[{"href":"https:\/\/us.edu.pl\/wydzial\/wh\/wp-json\/wp\/v2\/pages"}],"about":[{"href":"https:\/\/us.edu.pl\/wydzial\/wh\/wp-json\/wp\/v2\/types\/page"}],"author":[{"embeddable":true,"href":"https:\/\/us.edu.pl\/wydzial\/wh\/wp-json\/wp\/v2\/users\/1"}],"replies":[{"embeddable":true,"href":"https:\/\/us.edu.pl\/wydzial\/wh\/wp-json\/wp\/v2\/comments?post=168234"}],"version-history":[{"count":12,"href":"https:\/\/us.edu.pl\/wydzial\/wh\/wp-json\/wp\/v2\/pages\/168234\/revisions"}],"predecessor-version":[{"id":191738,"href":"https:\/\/us.edu.pl\/wydzial\/wh\/wp-json\/wp\/v2\/pages\/168234\/revisions\/191738"}],"up":[{"embeddable":true,"href":"https:\/\/us.edu.pl\/wydzial\/wh\/wp-json\/wp\/v2\/pages\/997"}],"wp:attachment":[{"href":"https:\/\/us.edu.pl\/wydzial\/wh\/wp-json\/wp\/v2\/media?parent=168234"}],"curies":[{"name":"wp","href":"https:\/\/api.w.org\/{rel}","templated":true}]}}