{"id":169112,"date":"2023-11-20T15:58:08","date_gmt":"2023-11-20T14:58:08","guid":{"rendered":"https:\/\/us.edu.pl\/wydzial\/wh\/?page_id=169112"},"modified":"2023-11-20T16:19:37","modified_gmt":"2023-11-20T15:19:37","slug":"akty-prawne-rad-dydaktycznych-kierunkow","status":"publish","type":"page","link":"https:\/\/us.edu.pl\/wydzial\/wh\/akty-prawne-rad-dydaktycznych-kierunkow\/","title":{"rendered":"Akty prawne rad dydaktycznych kierunk\u00f3w"},"content":{"rendered":"<p>[vc_row el_class=&#8221;container&#8221;][vc_column]\r\n                <div class=\"text-modules\">\r\n                    <div class=\"container\">\r\n                        \r\n                        <div class=\"text-modules__content\"><\/p>\n<h3>Akty prawne rad dydaktycznych kierunk\u00f3w<\/h3>\n<hr \/>\n<p>\n<\/div>\r\n                    <\/div>\r\n                <\/div>[vc_tta_accordion style=&#8221;modern&#8221; active_section=&#8221;666&#8243; collapsible_all=&#8221;true&#8221;][vc_tta_section title=&#8221;FILOLOGIA ANGIELSKA&#8221; tab_id=&#8221;1700491463901-e668cf20-40d5&#8243;][\/vc_tta_section][vc_tta_section title=&#8221;LINGWISTYKA STOSOWANA&#8221; tab_id=&#8221;1700492164894-cf986aa8-a2d2&#8243;][\/vc_tta_section][vc_tta_section title=&#8221;FILOLOGIA GERMA\u0143SKA&#8221; tab_id=&#8221;1700491550260-39645c7c-a49c&#8221;][\/vc_tta_section][vc_tta_section title=&#8221;FILOLOGIA ROMA\u0143SKA | FILOLOGIA FRANCUSKA | FILOLOGIA HISZPA\u0143SKA | FILOLOGIA W\u0141OSKA&#8221; tab_id=&#8221;1700491566211-41b1b55a-cfa5&#8243;][\/vc_tta_section][vc_tta_section title=&#8221;FILOLOGIA S\u0141OWIA\u0143SKA | FILOLOGIA WSCHODNIOS\u0141OWIA\u0143SKA&#8221; tab_id=&#8221;1700491583479-5dd537ce-5638&#8243;][\/vc_tta_section][vc_tta_section title=&#8221;FILOLOGIA POLSKA&#8221; tab_id=&#8221;1700491677055-e1c59991-622a&#8221;][\/vc_tta_section][vc_tta_section title=&#8221;FILOLOGIA KLASYCZNA | MEDITERANISTYKA | SZTUKA PISANIA | TW\u00d3RCZE PISANIE I MARKETING WYDAWNICZY&#8221; tab_id=&#8221;1700491693041-56fd5d07-fa14&#8243;][\/vc_tta_section][vc_tta_section title=&#8221;HISTORIA SZTUKI | KULTUROZNAWSTWO | KULTURY MEDI\u00d3W&#8221; tab_id=&#8221;1700491756933-94ae788b-969b&#8221;][\/vc_tta_section][vc_tta_section title=&#8221;ARCHITEKTURA INFORMACJI | INFORMACJA NAUKOWA I BIBLIOTEKOZNAWSTWO&#8221; tab_id=&#8221;1700491801617-fb579fa3-e3f9&#8243;][\/vc_tta_section][vc_tta_section title=&#8221;LOGOPEDIA | KOMUNIKACJA CYFROWA | KOMUNIKACJA PROMOCYJNA I KRYZYSOWA | MI\u0118DZYNARODOWE STUDIA POLSKIE&#8221; tab_id=&#8221;1700491846481-0ce3c7ea-eeb9&#8243;][\/vc_tta_section][vc_tta_section title=&#8221;DORADZTWO FILOZOFICZNE I COACHING | FILOZOFIA | KOGNITYWISTYKA&#8221; tab_id=&#8221;1700491907552-75bc00cb-e1b1&#8243;][\/vc_tta_section][vc_tta_section title=&#8221;HISTORIA | \u015aRODKOWOEUROPEJSKIE STUDIA HISTORYCZNE | TURYSTYKA HISTORYCZNA&#8221; tab_id=&#8221;1700491955493-d5531d49-d729&#8243;][\/vc_tta_section][\/vc_tta_accordion][\/vc_column][\/vc_row]<\/p>","protected":false},"excerpt":{"rendered":"<p>[vc_row el_class=&#8221;container&#8221;][vc_column][vc_tta_accordion style=&#8221;modern&#8221; active_section=&#8221;666&#8243; collapsible_all=&#8221;true&#8221;][vc_tta_section title=&#8221;FILOLOGIA ANGIELSKA&#8221; tab_id=&#8221;1700491463901-e668cf20-40d5&#8243;][\/vc_tta_section][vc_tta_section title=&#8221;LINGWISTYKA STOSOWANA&#8221; tab_id=&#8221;1700492164894-cf986aa8-a2d2&#8243;][\/vc_tta_section][vc_tta_section title=&#8221;FILOLOGIA GERMA\u0143SKA&#8221; tab_id=&#8221;1700491550260-39645c7c-a49c&#8221;][\/vc_tta_section][vc_tta_section title=&#8221;FILOLOGIA ROMA\u0143SKA | FILOLOGIA FRANCUSKA | FILOLOGIA HISZPA\u0143SKA | FILOLOGIA W\u0141OSKA&#8221; tab_id=&#8221;1700491566211-41b1b55a-cfa5&#8243;][\/vc_tta_section][vc_tta_section title=&#8221;FILOLOGIA S\u0141OWIA\u0143SKA | FILOLOGIA WSCHODNIOS\u0141OWIA\u0143SKA&#8221; tab_id=&#8221;1700491583479-5dd537ce-5638&#8243;][\/vc_tta_section][vc_tta_section title=&#8221;FILOLOGIA POLSKA&#8221; tab_id=&#8221;1700491677055-e1c59991-622a&#8221;][\/vc_tta_section][vc_tta_section title=&#8221;FILOLOGIA KLASYCZNA | MEDITERANISTYKA | SZTUKA PISANIA | TW\u00d3RCZE PISANIE I MARKETING WYDAWNICZY&#8221; tab_id=&#8221;1700491693041-56fd5d07-fa14&#8243;][\/vc_tta_section][vc_tta_section title=&#8221;HISTORIA SZTUKI | KULTUROZNAWSTWO | KULTURY [&#8230;]<\/p>\n<p><a class=\"btn btn-secondary understrap-read-more-link\" href=\"https:\/\/us.edu.pl\/wydzial\/wh\/akty-prawne-rad-dydaktycznych-kierunkow\/\">Read More&#8230;<\/a><\/p>\n","protected":false},"author":1,"featured_media":0,"parent":0,"menu_order":0,"comment_status":"closed","ping_status":"closed","template":"","meta":{"_expiration-date-status":"","_expiration-date":0,"_expiration-date-type":"","_expiration-date-categories":[],"_expiration-date-options":[]},"acf":[],"_links":{"self":[{"href":"https:\/\/us.edu.pl\/wydzial\/wh\/wp-json\/wp\/v2\/pages\/169112"}],"collection":[{"href":"https:\/\/us.edu.pl\/wydzial\/wh\/wp-json\/wp\/v2\/pages"}],"about":[{"href":"https:\/\/us.edu.pl\/wydzial\/wh\/wp-json\/wp\/v2\/types\/page"}],"author":[{"embeddable":true,"href":"https:\/\/us.edu.pl\/wydzial\/wh\/wp-json\/wp\/v2\/users\/1"}],"replies":[{"embeddable":true,"href":"https:\/\/us.edu.pl\/wydzial\/wh\/wp-json\/wp\/v2\/comments?post=169112"}],"version-history":[{"count":5,"href":"https:\/\/us.edu.pl\/wydzial\/wh\/wp-json\/wp\/v2\/pages\/169112\/revisions"}],"predecessor-version":[{"id":169125,"href":"https:\/\/us.edu.pl\/wydzial\/wh\/wp-json\/wp\/v2\/pages\/169112\/revisions\/169125"}],"wp:attachment":[{"href":"https:\/\/us.edu.pl\/wydzial\/wh\/wp-json\/wp\/v2\/media?parent=169112"}],"curies":[{"name":"wp","href":"https:\/\/api.w.org\/{rel}","templated":true}]}}