{"id":169795,"date":"2023-12-19T15:08:21","date_gmt":"2023-12-19T14:08:21","guid":{"rendered":"https:\/\/us.edu.pl\/wydzial\/wh\/?page_id=169795"},"modified":"2023-12-19T15:08:21","modified_gmt":"2023-12-19T14:08:21","slug":"wspolpraca-z-otoczeniem","status":"publish","type":"page","link":"https:\/\/us.edu.pl\/wydzial\/wh\/kierunki-studiow\/kognitywistyka\/wspolpraca-z-otoczeniem\/","title":{"rendered":"Wsp\u00f3\u0142praca z otoczeniem"},"content":{"rendered":"<p>[vc_row el_class=&#8221;container&#8221;][vc_column][vc_custom_heading text=&#8221;Cykl \u201eSpotkania Filozoficzne\u201d w kinie \u015awiatowid&#8221; font_container=&#8221;tag:h2|text_align:left|color:%23002e5a&#8221; google_fonts=&#8221;font_family:PT%20Sans%3Aregular%2Citalic%2C700%2C700italic|font_style:400%20regular%3A400%3Anormal&#8221;][vc_separator][vc_row_inner][vc_column_inner width=&#8221;1\/3&#8243;][vc_single_image image=&#8221;169662&#8243; img_size=&#8221;large&#8221;][\/vc_column_inner][vc_column_inner width=&#8221;2\/3&#8243;][vc_empty_space height=&#8221;50px&#8221;]\r\n                <div class=\"text-modules\">\r\n                    <div class=\"container\">\r\n                        \r\n                        <div class=\"text-modules__content\"><p>Od 2018 roku wyk\u0142adowcy kierunk\u00f3w filozofia, kognitywistyka oraz doradztwo filozoficzne i coaching\u00a0prowadz\u0105 dyskusje z publiczno\u015bci\u0105 w cyklu \u201eSpotkania Filozoficzne\u201d w kinie \u015awiatowid. Spotkania odbywaj\u0105 si\u0119 pod patronatem czasopisma &#8222;Filozofuj&#8221; oraz portalu promuj\u0105cego filozofi\u0119 &#8222;filozofuj.pl&#8221;, we wsp\u00f3\u0142pracy z Gutek Film oraz Instytucj\u0105 Silesia Film (dotychczas odby\u0142y si\u0119 33 \u201eSpotkania Filozoficzne\u201d).<\/p>\n<p>Szczeg\u00f3\u0142owe informacje:\u00a0 <a href=\"https:\/\/swiatowid.katowice.pl\/\">https:\/\/swiatowid.katowice.pl\/<\/a><\/p>\n<\/div>\r\n                    <\/div>\r\n                <\/div>[\/vc_column_inner][\/vc_row_inner][vc_empty_space][\/vc_column][\/vc_row][vc_row el_class=&#8221;container&#8221;][vc_column][vc_custom_heading text=&#8221;Millenium Docs Against Gravity&#8221; font_container=&#8221;tag:h2|text_align:left|color:%23002e5a&#8221; google_fonts=&#8221;font_family:PT%20Sans%3Aregular%2Citalic%2C700%2C700italic|font_style:400%20regular%3A400%3Anormal&#8221;][vc_separator][vc_row_inner][vc_column_inner width=&#8221;1\/3&#8243;][vc_single_image image=&#8221;169664&#8243; img_size=&#8221;large&#8221;][\/vc_column_inner][vc_column_inner width=&#8221;2\/3&#8243;][vc_empty_space height=&#8221;50px&#8221;]\r\n                <div class=\"text-modules\">\r\n                    <div class=\"container\">\r\n                        \r\n                        <div class=\"text-modules__content\"><p>Od 2021 roku wsp\u00f3\u0142pracujemy z Instytucj\u0105 Silesia Film oraz z organizatorami\u00a0festiwalu film\u00f3w dokumentalnych &#8222;Millenium Docs Against Gravity&#8221;. Wyk\u0142adowcy\u00a0kierunk\u00f3w filozofia, kognitywistyka oraz doradztwo filozoficzne i coaching prowadzili\u00a0dyskusje z tw\u00f3rcami i z publiczno\u015bci\u0105\u00a0podczas trzech katowickich edycji festiwalu.<\/p>\n<p>Szczeg\u00f3\u0142owe informacje:\u00a0 <a href=\"https:\/\/mdag.pl\/21\/pl\/Katowice\/homepage\">https:\/\/mdag.pl\/21\/pl\/Katowice\/homepage<\/a><\/p>\n<\/div>\r\n                    <\/div>\r\n                <\/div>[\/vc_column_inner][\/vc_row_inner][vc_empty_space][\/vc_column][\/vc_row][vc_row el_class=&#8221;container&#8221;][vc_column][vc_custom_heading text=&#8221;Konferencje naukowe we wsp\u00f3\u0142pracy ze studiem Medusa Group&#8221; font_container=&#8221;tag:h2|text_align:left|color:%23002e5a&#8221; google_fonts=&#8221;font_family:PT%20Sans%3Aregular%2Citalic%2C700%2C700italic|font_style:400%20regular%3A400%3Anormal&#8221;][vc_separator][vc_row_inner][vc_column_inner width=&#8221;1\/3&#8243;][vc_single_image image=&#8221;169665&#8243; img_size=&#8221;large&#8221;][\/vc_column_inner][vc_column_inner width=&#8221;2\/3&#8243;][vc_empty_space height=&#8221;50px&#8221;]\r\n                <div class=\"text-modules\">\r\n                    <div class=\"container\">\r\n                        \r\n                        <div class=\"text-modules__content\"><p>Od 2021 roku wsp\u00f3\u0142pracujemy ze studiem Medusa Group, w kt\u00f3rym mamy przyjemno\u015b\u0107 organizowa\u0107\u00a0nasze konferencje naukowe (tj. <em>B\u0142\u0105d w <\/em>sztuce, czerwiec 2023 i <em>Obywatele \u015bwiata sztuki. Sztuka w dzia\u0142aniach artyst\u00f3w plastyk\u00f3w<\/em>, czerwiec 2022).<\/p>\n<\/div>\r\n                    <\/div>\r\n                <\/div>[\/vc_column_inner][\/vc_row_inner][vc_empty_space][\/vc_column][\/vc_row][vc_row el_class=&#8221;container&#8221;][vc_column][vc_custom_heading text=&#8221;Wsp\u00f3\u0142praca z Fundacj\u0105 \u015al\u0105skie Obrazy oraz Pracowni\u0105 Stalowe Anio\u0142y&#8221; font_container=&#8221;tag:h2|text_align:left|color:%23002e5a&#8221; google_fonts=&#8221;font_family:PT%20Sans%3Aregular%2Citalic%2C700%2C700italic|font_style:400%20regular%3A400%3Anormal&#8221;][vc_separator][vc_row_inner][vc_column_inner width=&#8221;1\/3&#8243;][vc_single_image image=&#8221;169666&#8243; img_size=&#8221;large&#8221;][\/vc_column_inner][vc_column_inner width=&#8221;2\/3&#8243;][vc_empty_space height=&#8221;50px&#8221;]\r\n                <div class=\"text-modules\">\r\n                    <div class=\"container\">\r\n                        \r\n                        <div class=\"text-modules__content\"><p>Od wielu lat wsp\u00f3\u0142pracujemy z Fundacj\u0105\u00a0\u015al\u0105skie Obrazy oraz Pracowni\u0105\u00a0Stalowe Anio\u0142y, z kt\u00f3r\u0105\u00a0\u0142\u0105czy nas idea upowszechniania dzia\u0142alno\u015bci rodzimych tw\u00f3rc\u00f3w oraz ch\u0119\u0107\u00a0badania zwi\u0105zk\u00f3w nauki i sztuki, a tak\u017ce kilka lat do\u015bwiadcze\u0144 zwi\u0105zanych z organizacj\u0105\u00a0Festiwali Sztuki Wysokiej oraz Ma\u0142ych Festiwali Sztuki Wysokiej.<\/p>\n<\/div>\r\n                    <\/div>\r\n                <\/div>[\/vc_column_inner][\/vc_row_inner][vc_empty_space][\/vc_column][\/vc_row][vc_row el_class=&#8221;container&#8221;][vc_column][vc_custom_heading text=&#8221;Wsp\u00f3\u0142praca ze szko\u0142ami \u015brednimi&#8221; font_container=&#8221;tag:h2|text_align:left|color:%23002e5a&#8221; google_fonts=&#8221;font_family:PT%20Sans%3Aregular%2Citalic%2C700%2C700italic|font_style:400%20regular%3A400%3Anormal&#8221;][vc_separator][vc_row_inner][vc_column_inner width=&#8221;1\/3&#8243;][vc_single_image image=&#8221;169667&#8243; img_size=&#8221;large&#8221;][\/vc_column_inner][vc_column_inner width=&#8221;2\/3&#8243;][vc_empty_space height=&#8221;50px&#8221;]\r\n                <div class=\"text-modules\">\r\n                    <div class=\"container\">\r\n                        \r\n                        <div class=\"text-modules__content\"><p>Wsp\u00f3\u0142pracujemy ze szko\u0142ami \u015brednimi. Od 2021 roku dzia\u0142a <em>Brygada Filozoficzna<\/em>, kt\u00f3ra prowadzi warsztaty i wyk\u0142ady w wielu \u015al\u0105skich liceach. Pomys\u0142odawczyni: dr Magdalena Wo\u0142ek<\/p>\n<\/div>\r\n                    <\/div>\r\n                <\/div>[\/vc_column_inner][\/vc_row_inner][vc_empty_space][\/vc_column][\/vc_row]<\/p>","protected":false},"excerpt":{"rendered":"<p>[vc_row el_class=&#8221;container&#8221;][vc_column][vc_custom_heading text=&#8221;Cykl \u201eSpotkania Filozoficzne\u201d w kinie \u015awiatowid&#8221; font_container=&#8221;tag:h2|text_align:left|color:%23002e5a&#8221; google_fonts=&#8221;font_family:PT%20Sans%3Aregular%2Citalic%2C700%2C700italic|font_style:400%20regular%3A400%3Anormal&#8221;][vc_separator][vc_row_inner][vc_column_inner width=&#8221;1\/3&#8243;][vc_single_image image=&#8221;169662&#8243; img_size=&#8221;large&#8221;][\/vc_column_inner][vc_column_inner width=&#8221;2\/3&#8243;][vc_empty_space height=&#8221;50px&#8221;][\/vc_column_inner][\/vc_row_inner][vc_empty_space][\/vc_column][\/vc_row][vc_row el_class=&#8221;container&#8221;][vc_column][vc_custom_heading text=&#8221;Millenium Docs Against Gravity&#8221; font_container=&#8221;tag:h2|text_align:left|color:%23002e5a&#8221; google_fonts=&#8221;font_family:PT%20Sans%3Aregular%2Citalic%2C700%2C700italic|font_style:400%20regular%3A400%3Anormal&#8221;][vc_separator][vc_row_inner][vc_column_inner width=&#8221;1\/3&#8243;][vc_single_image image=&#8221;169664&#8243; img_size=&#8221;large&#8221;][\/vc_column_inner][vc_column_inner width=&#8221;2\/3&#8243;][vc_empty_space height=&#8221;50px&#8221;][\/vc_column_inner][\/vc_row_inner][vc_empty_space][\/vc_column][\/vc_row][vc_row el_class=&#8221;container&#8221;][vc_column][vc_custom_heading text=&#8221;Konferencje naukowe we wsp\u00f3\u0142pracy ze studiem Medusa Group&#8221; font_container=&#8221;tag:h2|text_align:left|color:%23002e5a&#8221; google_fonts=&#8221;font_family:PT%20Sans%3Aregular%2Citalic%2C700%2C700italic|font_style:400%20regular%3A400%3Anormal&#8221;][vc_separator][vc_row_inner][vc_column_inner width=&#8221;1\/3&#8243;][vc_single_image image=&#8221;169665&#8243; img_size=&#8221;large&#8221;][\/vc_column_inner][vc_column_inner width=&#8221;2\/3&#8243;][vc_empty_space height=&#8221;50px&#8221;][\/vc_column_inner][\/vc_row_inner][vc_empty_space][\/vc_column][\/vc_row][vc_row el_class=&#8221;container&#8221;][vc_column][vc_custom_heading text=&#8221;Wsp\u00f3\u0142praca z Fundacj\u0105 \u015al\u0105skie Obrazy oraz Pracowni\u0105 Stalowe Anio\u0142y&#8221; font_container=&#8221;tag:h2|text_align:left|color:%23002e5a&#8221; google_fonts=&#8221;font_family:PT%20Sans%3Aregular%2Citalic%2C700%2C700italic|font_style:400%20regular%3A400%3Anormal&#8221;][vc_separator][vc_row_inner][vc_column_inner [&#8230;]<\/p>\n<p><a class=\"btn btn-secondary understrap-read-more-link\" href=\"https:\/\/us.edu.pl\/wydzial\/wh\/kierunki-studiow\/kognitywistyka\/wspolpraca-z-otoczeniem\/\">Read More&#8230;<\/a><\/p>\n","protected":false},"author":1,"featured_media":0,"parent":169770,"menu_order":0,"comment_status":"closed","ping_status":"closed","template":"","meta":{"_expiration-date-status":"","_expiration-date":0,"_expiration-date-type":"","_expiration-date-categories":[],"_expiration-date-options":[]},"acf":[],"_links":{"self":[{"href":"https:\/\/us.edu.pl\/wydzial\/wh\/wp-json\/wp\/v2\/pages\/169795"}],"collection":[{"href":"https:\/\/us.edu.pl\/wydzial\/wh\/wp-json\/wp\/v2\/pages"}],"about":[{"href":"https:\/\/us.edu.pl\/wydzial\/wh\/wp-json\/wp\/v2\/types\/page"}],"author":[{"embeddable":true,"href":"https:\/\/us.edu.pl\/wydzial\/wh\/wp-json\/wp\/v2\/users\/1"}],"replies":[{"embeddable":true,"href":"https:\/\/us.edu.pl\/wydzial\/wh\/wp-json\/wp\/v2\/comments?post=169795"}],"version-history":[{"count":1,"href":"https:\/\/us.edu.pl\/wydzial\/wh\/wp-json\/wp\/v2\/pages\/169795\/revisions"}],"predecessor-version":[{"id":169796,"href":"https:\/\/us.edu.pl\/wydzial\/wh\/wp-json\/wp\/v2\/pages\/169795\/revisions\/169796"}],"up":[{"embeddable":true,"href":"https:\/\/us.edu.pl\/wydzial\/wh\/wp-json\/wp\/v2\/pages\/169770"}],"wp:attachment":[{"href":"https:\/\/us.edu.pl\/wydzial\/wh\/wp-json\/wp\/v2\/media?parent=169795"}],"curies":[{"name":"wp","href":"https:\/\/api.w.org\/{rel}","templated":true}]}}