{"id":169905,"date":"2024-01-03T13:08:08","date_gmt":"2024-01-03T12:08:08","guid":{"rendered":"https:\/\/us.edu.pl\/wydzial\/wh\/?page_id=169905"},"modified":"2026-05-14T07:59:32","modified_gmt":"2026-05-14T05:59:32","slug":"program-erasmus","status":"publish","type":"page","link":"https:\/\/us.edu.pl\/wydzial\/wh\/kierunki-studiow\/filozofia\/program-erasmus\/","title":{"rendered":"Program Erasmus+"},"content":{"rendered":"<p>[vc_row el_class=&#8221;container&#8221;][vc_column width=&#8221;2\/3&#8243;]\r\n                <div class=\"text-modules\">\r\n                    <div class=\"container\">\r\n                        <h3 class=\"page-title text__title\">Program Erasmus+<\/h3>\r\n                        <div class=\"text-modules__content\"><p>Drogie Studentki i Studenci!<\/p>\n<p>Zach\u0119camy do skorzystania z programu\u00a0<strong>Erasmus+<\/strong>, kt\u00f3ry umo\u017cliwia odbycie cz\u0119\u015bciowych studi\u00f3w za granic\u0105 (do 10 miesi\u0119cy na ka\u017cdym stopniu) oraz odbycie praktyk (do 2 miesi\u0119cy na ka\u017cdym stopniu studi\u00f3w).<\/p>\n<p>Studiuj\u0105c FILOZOFI\u0118, KOGNITYWISTYK\u0118 czy DORADZTWO FILOZOFICZNE i COACHING mo\u017cecie Pa\u0144stwo skorzysta\u0107 z bogatej oferty uczelni zagranicznych, z kt\u00f3rymi tzw. katowicka cz\u0119\u015bci Wydzia\u0142u Humanistycznego zawar\u0142a umowy.<\/p>\n<p>Przyk\u0142adowe destynacje:<\/p>\n<p><a href=\"https:\/\/ff.osu.cz\/\">https:\/\/ff.osu.cz\/<\/a><\/p>\n<p><a href=\"https:\/\/en.kku.edu.tr\/English\/Sayfa\/Index?Sayfa=Erasmusplus\">https:\/\/en.kku.edu.tr\/English\/Sayfa\/Index?Sayfa=Erasmusplus<\/a><\/p>\n<p><a href=\"https:\/\/www.ehu.eus\/en\/web\/nazioarteko-harremanak\/en-erasmus-students\">https:\/\/www.ehu.eus\/en\/web\/nazioarteko-harremanak\/en-erasmus-students<\/a><\/p>\n<p>A tak\u017ce: Istanbul \u00dcniversitesi, ss. Cyril and Methodius University in Skopje, Univerza v Ljubljani, Universidad De Sevilla, Universitatea din Bucuresti \u2026 i wiele innych!<\/p>\n<p>Wysoko\u015b\u0107 stypendium zale\u017cy od kraju wyjazdu i waha si\u0119 od ok. 400 do ok. 520 EURO.\u00a0 Je\u017celi kto\u015b\u00a0z Pa\u0144stwa pobiera w Polsce stypendium socjalne \u2013 mo\u017ce ubiega\u0107 si\u0119 o dodatkowe 200 EURO.<\/p>\n<p>Dok\u0142adne informacje dotycz\u0105ce zasad rekrutacji i realizacji wyjazd\u00f3w na studia (SMS) w roku akademickim 2026\/2027 mo\u017cna znale\u017a\u0107 na stronie: <a href=\"https:\/\/erasmus.us.edu.pl\/wyjazdy-na-studia-sms\">https:\/\/erasmus.us.edu.pl\/wyjazdy-na-studia-sms<\/a><\/p>\n<p>Informacje dotycz\u0105ce praktyk (SMP) znajduj\u0105 si\u0119 tutaj:\u00a0<a href=\"https:\/\/erasmus.us.edu.pl\/wyjazdy-na-praktyke-smp\">https:\/\/erasmus.us.edu.pl\/wyjazdy-na-praktyke-smp<\/a><\/p>\n<p>(UWAGA!!! w obu przypadkach wszelkie informatory i dokumenty do pobrania, w tym instrukcje ich wype\u0142niania znajdziecie Pa\u0144stwo na dole strony; niekt\u00f3re z za\u0142\u0105cznik\u00f3w dotycz\u0105 poprzedniego roku akademickiegoale z du\u017cym prawdopodobie\u0144stwem te same zasady b\u0119d\u0105 obowi\u0105zywa\u0142y w roku bie\u017c\u0105cym)<\/p>\n<p><strong>REKRUTACJA przeprowadzana jest co roku w okolicy kwietnia<\/strong>\u00a0\u2013 zostaniecie Pa\u0144stwo poinformowani o dok\u0142adnym terminie.<\/p>\n<p>Na pocz\u0105tku semestru letniego planowane jest spotkanie informacyjne dla os\u00f3b studiuj\u0105cych filozofi\u0119, kognitywistyk\u0119\u00a0i doradztwo filozoficzne i coaching. Jego termin i miejsce zostan\u0105\u00a0podane na stronie kierunku w zak\u0142adce \u201eAktualno\u015bci\u201d oraz wys\u0142ane mejlem do ka\u017cdego z Pa\u0144stwa.<\/p>\n<p>W razie jakichkolwiek pyta\u0144 prosimy o kontakt z dr. Sebastianem \u015apiewakiem &#8211; \u2013 wydzia\u0142owym koordynatorem programu Erasmus+ (<a href=\"mailto:sebastian.spiewak@us.edu.pl\">sebastian.spiewak@us.edu.pl <\/a>\u00a0p. 331c, ul. Bankowa 11).<\/p>\n<\/div>\r\n                    <\/div>\r\n                <\/div>[\/vc_column][vc_column width=&#8221;1\/3&#8243;][\/vc_column][\/vc_row][vc_row][vc_column]\r\n                <div class=\"text-modules\">\r\n                    <div class=\"container\">\r\n                        \r\n                        <div class=\"text-modules__content\"><p><strong>Aktualne umowy z uczelniami partnerskimi Eramsus+ dla kierunk\u00f3w: Filozofia, Doradztwo Filozoficzne i Coaching oraz Kognitywistyka:<\/strong><\/p>\n<hr \/>\n<ul>\n<li>SOFIISKI UNIVERSITET SVETI KLIMENT OHRIDSKI<\/li>\n<li>SVEUCILISTE JOSIPA JURJA STROSSMAYERA U OSIJEKU<\/li>\n<li>MASARYKOVA UNIVERZITA<\/li>\n<li>OSTRAVSKA UNIVERZITA V OSTRAVE<\/li>\n<li>UNIVERZITA JANA EVANGELISTY PURKYNE V USTI NAD LABEM<\/li>\n<li>ZAPADOCESKA UNIVERZITA V PLZNI<\/li>\n<li>PANEPISTIMIO IOANNINON<\/li>\n<li>UNIVERSITAET DES SAARLANDES<\/li>\n<li>UNIVERSITAET MUENSTER<\/li>\n<li>UNIVERSITAET POTSDAM<\/li>\n<li>UNIVERSITATEA DIN BUCURESTI<\/li>\n<li>PRESOVSKA UNIVERZITA V PRESOVE<\/li>\n<li>UNIVERZITA PAVLA JOZEFA SAFARIKA V KOSICIACH<\/li>\n<li>UNIVERZITA SV CYRILA A METODA V TRNAVE<\/li>\n<li>UNIVERZITA MATEJA BELA V BANSKEJ BYSTRICI<\/li>\n<li>KIRIKKALE UNIVERSITY<\/li>\n<li>MUGLA SITKI KOCMAN UNIVERSITY<\/li>\n<li>EGE UNIVERSITY<\/li>\n<li>ISTANBUL 29 MAYIS UNIVERSITESI<\/li>\n<li>UNIVERSITA&#8217; DEGLI STUDI DI CATANIA<\/li>\n<li>KASTAMONU \u00dcNIVERSITESI<\/li>\n<\/ul>\n<p>\n<\/div>\r\n                    <\/div>\r\n                <\/div>\r\n                <div class=\"text-modules\">\r\n                    <div class=\"container\">\r\n                        \r\n                        <div class=\"text-modules__content\"><p><strong>Aktualne umowy z uczelniami partnerskimi Erasmus+ dla Wydzia\u0142u Humanistycznego U\u015a:<\/strong><\/p>\n<hr \/>\n<ul>\n<li>STOCKHOLMS UNIVERSITET<\/li>\n<li>SOFIISKI UNIVERSITET SVETI KLIMENT OHRIDSKI<\/li>\n<li>UNIVERSITE DE TOULOUSE II &#8211; LE MIRAIL<\/li>\n<li>MARTIN-LUTHER-UNIVERSITAET HALLE-WITTENBERG<\/li>\n<li>Univerzita Palack\u00e9ho v Olomouci<\/li>\n<li>UNIVERSITAET POTSDAM<\/li>\n<li>UNIVERSITA DEGLI STUDI DI TORINO<\/li>\n<li>DAUGAVPILS UNIVERSITATE<\/li>\n<li>CYRIL AND ST. METHODIUS UNIVERSITY OF VELIKO TURNOVO<\/li>\n<li>UNIVERSITAET LEIPZIG<\/li>\n<li>LATVIJAS KULTURAS AKADEMIJA<\/li>\n<li>SORBONNE UNIVERSIT\u00c9<\/li>\n<li>HUMBOLDT-UNIVERSITAET ZU BERLIN<\/li>\n<li>Slezska Univerzita v Opave<\/li>\n<li>OSTRAVSKA UNIVERZITA V OSTRAVE<\/li>\n<li>UNIVERZITA PAVLA JOZEFA SAFARIKA V KOSICIACH<\/li>\n<li>Masarykova Univerzita<\/li>\n<li>UNIVERZITA SV CYRILA A METODA V TRNAVE<\/li>\n<li>Universitatea din Bucuresti<\/li>\n<li>LATVIJAS UNIVERSITATE<\/li>\n<li>UNIVERSITA DEL SALENTO<\/li>\n<li>DEBRECENI EGYETEM<\/li>\n<li>VILNIAUS UNIVERSITETAS<\/li>\n<li>UNIVERSITAET REGENSBURG<\/li>\n<li>RUHR-UNIVERSITAET BOCHUM<\/li>\n<li>KIRIKKALE UNIVERSITY<\/li>\n<li>TARTU ULIKOOL<\/li>\n<li>FREIE UNIVERSITAET BERLIN<\/li>\n<li>RUHR-UNIVERSITAET BOCHUM<\/li>\n<li>Univerza v Ljubljani<\/li>\n<li>UNIVERSITAT WIEN<\/li>\n<li>MUGLA SITKI KOCMAN UNIVERSITY<\/li>\n<li>TECHNISCHE UNIVERSITAET CHEMNITZ<\/li>\n<li>Univerzita Palack\u00e9ho v Olomouci<\/li>\n<li>Univerza v Ljubljani<\/li>\n<li>KATHOLIEKE UNIVERSITEIT LEUVEN<\/li>\n<li>CARL VON OSSIETZKY UNIVERSITAET OLDENBURG<\/li>\n<li>Univerzita Palack\u00e9ho v Olomouci<\/li>\n<li>KASTAMONU \u00dcNIVERSITESI<\/li>\n<li>UNIVERZITA KOMENSKEHO V BRATISLAVE<\/li>\n<li>PANEPISTIMIO IOANNINON<\/li>\n<li>OSTRAVSKA UNIVERZITA V OSTRAVE<\/li>\n<li>PRESOVSKA UNIVERZITA V PRESOVE<\/li>\n<li>UNIVERZITA KOMENSKEHO V BRATISLAVE<\/li>\n<li>PRESOVSKA UNIVERZITA V PRESOVE<\/li>\n<li>ISTANBUL \u00dcNIVERSITESI<\/li>\n<li>SVEUCILISTE JOSIPA JURJA STROSSMAYERA U OSIJEKU<\/li>\n<li>CYRIL AND METHODIUS UNIVERSITY IN SKOPJE<\/li>\n<li>JOHANNES GUTENBERG UNIVERSITAET MAINZ<\/li>\n<li>HOCHSCHULE ZITTAU-GORLITZ<\/li>\n<li>OSTRAVSKA UNIVERZITA V OSTRAVE<\/li>\n<li>EUROPA-UNIVERSITAT VIADRINA EUROPA-UNIVERSITAT VIADRINA FRANKFURT (ODER)<\/li>\n<li>UNIVERSIDADE ABERTA<\/li>\n<li>Universidad de Valladolid<\/li>\n<li>WESTFAELISCHE WILHELMS-UNIVERSITAET MUENSTER<\/li>\n<li>SOUTH-WEST UNIVERSITY NEOFIT RILSKI<\/li>\n<li>UNIVERZITA KOMENSKEHO V BRATISLAVE<\/li>\n<li>ISTANBUL 29 MAYIS UNIVERSITESI<\/li>\n<li>Universitatea din Bucuresti<\/li>\n<li>UNIVERZITA HRADEC KRALOVE<\/li>\n<li>Universita&#8217; degli studi di Catania<\/li>\n<li>THOMAS MORE MECHELEN-ANTWERPEN<\/li>\n<li>CARL VON OSSIETZKY UNIVERSITAET OLDENBURG<\/li>\n<li>Universitatea din Bucuresti<\/li>\n<li>TECHNISCHE UNIVERSITAT BRAUNSCHWEIG<\/li>\n<li>UPPSALA UNIVERSITET<\/li>\n<li>UNIVERZITA PARDUBICE<\/li>\n<li>UNIVERSIDADE DA BEIRA INTERIOR<\/li>\n<li>HACETTEPE UNIVERSITESI<\/li>\n<li>UNIVERZITA JANA EVANGELISTY PURKYNE V USTI NAD LABEM<\/li>\n<li>UNIVERZITA JANA EVANGELISTY PURKYNE V USTI NAD LABEM<\/li>\n<li>OSTRAVSKA UNIVERZITA V OSTRAVE<\/li>\n<li>UNIVERSITA TA MALTA<\/li>\n<li>UNIVERZITA KOMENSKEHO V BRATISLAVE<\/li>\n<li>CYRIL AND METHODIUS UNIVERSITY IN SKOPJE<\/li>\n<li>VYTAUTO DIDZIOJO UNIVERSITETAS<\/li>\n<li>Universita&#8217; degli studi di Catania<\/li>\n<li>HOGSKOLEN I SOROST NORGE<\/li>\n<li>EGE UNIVERSITY<\/li>\n<li>ZAPADOCESKA UNIVERZITA V PLZNI<\/li>\n<li>UNIVERSITAET HAMBURG<\/li>\n<li>UCL University College<\/li>\n<li>SOFIISKI UNIVERSITET SVETI KLIMENT OHRIDSKI<\/li>\n<li>SVEUCILISTE JOSIPA JURJA STROSSMAYERA U OSIJEKU<\/li>\n<li>UNIVERSITAET DES SAARLANDES<\/li>\n<li>UNIVERZITA MATEJA BELA V BANSKEJ BYSTRICI<\/li>\n<li>UNIVERSITY STEFAN CEL MARE SUCEAVA<\/li>\n<li>HASKOLI ISLANDS<\/li>\n<li>VYTAUTO DIDZIOJO UNIVERSITETAS<\/li>\n<li>UNIVERZA NA PRIMORSKEM UNIVERSITA DEL LITORALE<\/li>\n<li>UNIVERSITE JEAN MONNET SAINT-ETIENNE<\/li>\n<\/ul>\n<p>\n<\/div>\r\n                    <\/div>\r\n                <\/div>[\/vc_column][\/vc_row]<\/p>","protected":false},"excerpt":{"rendered":"<p>[vc_row el_class=&#8221;container&#8221;][vc_column width=&#8221;2\/3&#8243;][\/vc_column][vc_column width=&#8221;1\/3&#8243;][\/vc_column][\/vc_row][vc_row][vc_column][\/vc_column][\/vc_row] [&#8230;]<\/p>\n<p><a class=\"btn btn-secondary understrap-read-more-link\" href=\"https:\/\/us.edu.pl\/wydzial\/wh\/kierunki-studiow\/filozofia\/program-erasmus\/\">Read More&#8230;<\/a><\/p>\n","protected":false},"author":1,"featured_media":0,"parent":169680,"menu_order":0,"comment_status":"closed","ping_status":"closed","template":"","meta":{"_expiration-date-status":"","_expiration-date":0,"_expiration-date-type":"","_expiration-date-categories":[],"_expiration-date-options":[]},"acf":[],"_links":{"self":[{"href":"https:\/\/us.edu.pl\/wydzial\/wh\/wp-json\/wp\/v2\/pages\/169905"}],"collection":[{"href":"https:\/\/us.edu.pl\/wydzial\/wh\/wp-json\/wp\/v2\/pages"}],"about":[{"href":"https:\/\/us.edu.pl\/wydzial\/wh\/wp-json\/wp\/v2\/types\/page"}],"author":[{"embeddable":true,"href":"https:\/\/us.edu.pl\/wydzial\/wh\/wp-json\/wp\/v2\/users\/1"}],"replies":[{"embeddable":true,"href":"https:\/\/us.edu.pl\/wydzial\/wh\/wp-json\/wp\/v2\/comments?post=169905"}],"version-history":[{"count":7,"href":"https:\/\/us.edu.pl\/wydzial\/wh\/wp-json\/wp\/v2\/pages\/169905\/revisions"}],"predecessor-version":[{"id":197348,"href":"https:\/\/us.edu.pl\/wydzial\/wh\/wp-json\/wp\/v2\/pages\/169905\/revisions\/197348"}],"up":[{"embeddable":true,"href":"https:\/\/us.edu.pl\/wydzial\/wh\/wp-json\/wp\/v2\/pages\/169680"}],"wp:attachment":[{"href":"https:\/\/us.edu.pl\/wydzial\/wh\/wp-json\/wp\/v2\/media?parent=169905"}],"curies":[{"name":"wp","href":"https:\/\/api.w.org\/{rel}","templated":true}]}}