{"id":172437,"date":"2024-04-25T16:11:00","date_gmt":"2024-04-25T14:11:00","guid":{"rendered":"https:\/\/us.edu.pl\/wydzial\/wh\/?page_id=172437"},"modified":"2026-01-08T11:57:25","modified_gmt":"2026-01-08T10:57:25","slug":"lingwistyka-stosowana-oraz-koreanistyka","status":"publish","type":"page","link":"https:\/\/us.edu.pl\/wydzial\/wh\/rady-dydaktyczne-kierunkow-studiow\/lingwistyka-stosowana-oraz-koreanistyka\/","title":{"rendered":"LINGWISTYKA STOSOWANA ORAZ KOREANISTYKA"},"content":{"rendered":"<p>[vc_row][vc_column][vc_column_text][\/vc_column_text][\/vc_column][\/vc_row][vc_row][vc_column][vc_column_text][\/vc_column_text][\/vc_column][\/vc_row][vc_row][vc_column]\r\n                <div class=\"text-modules\">\r\n                    <div class=\"container\">\r\n                        \r\n                        <div class=\"text-modules__content\"><\/p>\n<h3><span style=\"color: #003366;\"><strong>RADA DYDAKTYCZNA KIERUNK\u00d3W<\/strong><\/span><br \/>\n<span style=\"color: #003366;\">LINGWISTYKA STOSOWANA ORAZ KOREANISTYKA<\/span><\/h3>\n<p>&nbsp;<\/p>\n<p><strong>dr Pawe\u0142 Zakrajewski, prof. U\u015a \u00a0<\/strong>\u2013<strong> \u00a0przewodnicz\u0105cy (dyrektor grupy kierunk\u00f3w)<\/strong><\/p>\n<p><strong>dr hab. Ma\u0142gorzata P\u0142omi\u0144ska\u00a0<\/strong>\u2013 zast\u0119pczyni dyrektora grupy kierunk\u00f3w i przedstawicielka pracownik\u00f3w badawczo-dydaktycznych<br \/>\n<strong>dr Anna Majer<\/strong><strong>\u00a0<\/strong>\u2013 zast\u0119pczyni dyrektora grupy kierunk\u00f3w i przedstawicielka pracownik\u00f3w badawczo-dydaktycznych<\/p>\n<p><strong>dr hab. Sylwia Sojda<\/strong>\u00a0\u2013 przedstawicielka pracownik\u00f3w badawczo-dydaktycznych wskazana przez Dyrektora Instytutu J\u0119zykoznawstwa<\/p>\n<p><strong>dr hab. Marcin Zabawa, prof. U\u015a\u00a0<\/strong>\u2013 przedstawiciel pracownik\u00f3w badawczo-dydaktycznych wskazany przez Dyrektora Instytutu J\u0119zykoznawstwa<\/p>\n<p><strong>prof. dr hab. Agnieszka Po\u015bpiech\u00a0<\/strong>\u2013 przedstawicielka pracownik\u00f3w badawczo-dydaktycznych wskazana przez Dyrektora Instytutu Literaturoznawstwa<\/p>\n<p><strong>dr Adam Palka\u00a0<\/strong>\u2013 przedstawiciel pracownik\u00f3w dydaktycznych<\/p>\n<p><strong>dr Cecylia Tatoj \u2013\u00a0<\/strong>przedstawicielka pracownik\u00f3w badawczo-dydaktycznych<\/p>\n<p><strong>dr Chang Il You<\/strong>\u00a0\u2013 przedstawiciel pracownik\u00f3w dydaktycznych<\/p>\n<p><strong>dr Dagmara Ga\u0142ajda\u00a0<\/strong>\u2013 przedstawicielka pracownik\u00f3w badawczo-dydaktycznych<\/p>\n<p><strong>dr Marzena B\u0119dkowska-Ob\u0142\u0105k\u00a0<\/strong>\u2013 przedstawicielka pracownik\u00f3w badawczo-dydaktycznych<\/p>\n<p><strong>mgr Joanna Maso\u0144-Budzy\u0144\u00a0<\/strong>\u2013 przedstawicielka pracownik\u00f3w dydaktycznych<\/p>\n<p><strong>Maria Muszy\u0144ska <\/strong>\u00a0\u2013 przedstawicielka os\u00f3b studiuj\u0105cych I stopnia kierunku lingwistyka stosowana<\/p>\n<p><strong>Kacper G\u0105dek<\/strong> \u2013 przedstawiciel os\u00f3b studiuj\u0105cych I stopnia\u00a0 kierunku koreanistyka<\/p>\n<p><strong>\u00a0<\/strong><\/p>\n<p><strong>Interesariusze zewn\u0119trzni\/osoby z g\u0142osem doradczym<\/strong><\/p>\n<p>&nbsp;<\/p>\n<p><strong>prof. dr hab. dr h.c. multi Franciszek Grucza <\/strong>\u2013 Uniwersytet Warszawski, j\u0119zykoznawca, nestor polskiej lingwistyki stosowanej<\/p>\n<p><strong>mgr Krzysztof Kowalczyk \u2013 <\/strong>dyrektor Studio KRZYSIOR, t\u0142umacz audiowizualny, lektor<\/p>\n<p><strong>mgr Bettina Liso\u0144-Golec \u2013 <\/strong>anglistka, nauczyciel dyplomowany w III LO im. Adama Mickiewicza w Katowicach, klasy IB<\/p>\n<p><strong>mgr Michalina Michalik-Szuli\u0144ska \u2013 <\/strong>starszy specjalista ds. HR w SK hi-tech battery materials Poland sp. z o.o.<\/p>\n<p><strong>mgr Arleta Ryszka-Tyl <\/strong>\u2013 mened\u017cer ds. edukacji w POLANGLO<\/p>\n<\/div>\r\n                    <\/div>\r\n                <\/div>[\/vc_column][\/vc_row][vc_row][vc_column][vc_column_text]<\/p>","protected":false},"excerpt":{"rendered":"<p>[vc_row][vc_column][vc_column_text][\/vc_column_text][\/vc_column][\/vc_row][vc_row][vc_column][vc_column_text][\/vc_column_text][\/vc_column][\/vc_row][vc_row][vc_column][\/vc_column][\/vc_row][vc_row][vc_column][vc_column_text] [&#8230;]<\/p>\n<p><a class=\"btn btn-secondary understrap-read-more-link\" href=\"https:\/\/us.edu.pl\/wydzial\/wh\/rady-dydaktyczne-kierunkow-studiow\/lingwistyka-stosowana-oraz-koreanistyka\/\">Read More&#8230;<\/a><\/p>\n","protected":false},"author":1,"featured_media":0,"parent":7357,"menu_order":2,"comment_status":"closed","ping_status":"closed","template":"page-templates\/inner-page.php","meta":{"_expiration-date-status":"","_expiration-date":0,"_expiration-date-type":"","_expiration-date-categories":[],"_expiration-date-options":[]},"acf":[],"_links":{"self":[{"href":"https:\/\/us.edu.pl\/wydzial\/wh\/wp-json\/wp\/v2\/pages\/172437"}],"collection":[{"href":"https:\/\/us.edu.pl\/wydzial\/wh\/wp-json\/wp\/v2\/pages"}],"about":[{"href":"https:\/\/us.edu.pl\/wydzial\/wh\/wp-json\/wp\/v2\/types\/page"}],"author":[{"embeddable":true,"href":"https:\/\/us.edu.pl\/wydzial\/wh\/wp-json\/wp\/v2\/users\/1"}],"replies":[{"embeddable":true,"href":"https:\/\/us.edu.pl\/wydzial\/wh\/wp-json\/wp\/v2\/comments?post=172437"}],"version-history":[{"count":9,"href":"https:\/\/us.edu.pl\/wydzial\/wh\/wp-json\/wp\/v2\/pages\/172437\/revisions"}],"predecessor-version":[{"id":194413,"href":"https:\/\/us.edu.pl\/wydzial\/wh\/wp-json\/wp\/v2\/pages\/172437\/revisions\/194413"}],"up":[{"embeddable":true,"href":"https:\/\/us.edu.pl\/wydzial\/wh\/wp-json\/wp\/v2\/pages\/7357"}],"wp:attachment":[{"href":"https:\/\/us.edu.pl\/wydzial\/wh\/wp-json\/wp\/v2\/media?parent=172437"}],"curies":[{"name":"wp","href":"https:\/\/api.w.org\/{rel}","templated":true}]}}