{"id":172602,"date":"2024-05-13T13:02:36","date_gmt":"2024-05-13T11:02:36","guid":{"rendered":"https:\/\/us.edu.pl\/wydzial\/wh\/?page_id=172602"},"modified":"2025-10-23T11:31:47","modified_gmt":"2025-10-23T09:31:47","slug":"komunikacja-miedzykulturowa","status":"publish","type":"page","link":"https:\/\/us.edu.pl\/wydzial\/wh\/kandydat-wh\/kierunki-studiow\/komunikacja-miedzykulturowa\/","title":{"rendered":"komunikacja mi\u0119dzykulturowa"},"content":{"rendered":"<p>[vc_row el_class=&#8221;container&#8221;][vc_column width=&#8221;1\/2&#8243; css=&#8221;.vc_custom_1653565298692{margin-right: 0px !important;margin-left: 0px !important;border-right-width: 0px !important;border-left-width: 0px !important;}&#8221;][vc_single_image image=&#8221;172679&#8243; img_size=&#8221;full&#8221; alignment=&#8221;center&#8221;][\/vc_column][vc_column width=&#8221;1\/2&#8243; css=&#8221;.vc_custom_1653642837519{background-color: #dfe2ec !important;border-radius: 15px !important;}&#8221;][vc_empty_space][vc_custom_heading text=&#8221;KOMUNIKACJA MI\u0118DZYKULTUROWA&#8221; font_container=&#8221;tag:h3|text_align:center|color:%23002e5a&#8221; google_fonts=&#8221;font_family:PT%20Sans%20Caption%3Aregular%2C700|font_style:700%20bold%20regular%3A700%3Anormal&#8221;][vc_empty_space height=&#8221;15px&#8221;][vc_separator color=&#8221;custom&#8221; style=&#8221;shadow&#8221; el_width=&#8221;80&#8243; accent_color=&#8221;#002e5a&#8221;]\r\n                <div class=\"text-modules\">\r\n                    <div class=\"container\">\r\n                        \r\n                        <div class=\"text-modules__content\"><p>Program studi\u00f3w <strong>komunikacji mi\u0119dzykulturowej<\/strong> czerpie z do\u015bwiadcze\u0144 kierunku mi\u0119dzynarodowe studia polskie i jest wynikiem innowacyjnej modyfikacji programu zgodnie z Now\u0105 Koncepcj\u0105 Studi\u00f3w obowi\u0105zuj\u0105c\u0105 w Uniwersytecie \u015al\u0105skim.<\/p>\n<p>Te studia to<strong> zdecydowanie najlepszy wyb\u00f3r <\/strong>w czasach o\u017cywionych kontakt\u00f3w mi\u0119dzynarodowych oraz wzmo\u017conego ruchu migracyjnego.<\/p>\n<p>Wsp\u00f3\u0142cze\u015bnie wiele os\u00f3b podejmuje prac\u0119 w wa\u017cnych instytucjach i w firmach z zagranicznym kapita\u0142em w Polsce i za granic\u0105, a to wi\u0105\u017ce si\u0119 z konieczno\u015bci\u0105 posiadania wysoko rozwini\u0119tych kompetencji mi\u0119dzykulturowych.<\/p>\n<p>Ten <strong>unikatowy kierunek <\/strong>humanistyczny daje umiej\u0119tno\u015bci niezb\u0119dne do tego, by odnale\u017a\u0107 si\u0119 i skutecznie dzia\u0142a\u0107 w \u015brodowisku wielokulturowym.<\/p>\n<p><strong>Studia prowadzone s\u0105 wy\u0142\u0105cznie w trybie stacjonarnym.<\/strong><\/p>\n<p>W ramach programu Erasmus+ studenci kierunku mog\u0105 zrealizowa\u0107 zagraniczn\u0105 praktyk\u0119 w r\u00f3\u017cnych instytucjach, w 31 pa\u0144stwach uczestnicz\u0105cych w programie lub cz\u0119\u015b\u0107 studi\u00f3w w zagranicznej uczelni partnerskiej w krajach takich jak: <strong>Bu\u0142garia, Estonia, Francja, Hiszpania, Litwa, Niemcy, Portugalia, S\u0142owenia, W\u0142ochy.<\/strong><\/p>\n<p>\n<\/div>\r\n                    <\/div>\r\n                <\/div>[vc_row_inner][vc_column_inner][vc_custom_heading text=&#8221;STUDIA I STOPNIA&#8221; font_container=&#8221;tag:h2|text_align:center|color:%23ffffff&#8221; google_fonts=&#8221;font_family:PT%20Sans%3Aregular%2Citalic%2C700%2C700italic|font_style:400%20regular%3A400%3Anormal&#8221; css=&#8221;.vc_custom_1714046935209{background-color: #002e5a !important;border-radius: 10px !important;}&#8221;][vc_empty_space][\/vc_column_inner][\/vc_row_inner][\/vc_column][\/vc_row][vc_row el_class=&#8221;container&#8221;][vc_column width=&#8221;2\/3&#8243; css=&#8221;.vc_custom_1714142173482{background-color: #f8f8f8 !important;border-radius: 10px !important;}&#8221;][vc_row_inner][vc_column_inner][vc_empty_space]\r\n                <div class=\"text-modules\">\r\n                    <div class=\"container\">\r\n                        \r\n                        <div class=\"text-modules__content\"><p>Zaj\u0119cia prowadz\u0105 wybitni specjali\u015bci z Polski i zza granicy (co istotne, ze \u015bwietn\u0105 znajomo\u015bci\u0105 j\u0119zyka polskiego), tak\u017ce do\u015bwiadczeni praktycy, a tre\u015bci kszta\u0142cenia dostosowywane s\u0105 do zmieniaj\u0105cych si\u0119 reali\u00f3w i odpowiadaj\u0105 aktualnym potrzebom rynku pracy.<\/p>\n<p>Mo\u017cliwe jest te\u017c odbycie cz\u0119\u015bci studi\u00f3w na renomowanych uczelniach zagranicznych, np. w ramach programu Erasmus Plus lub innych.<\/p>\n<p>Co wa\u017cne, studia k\u0142ad\u0105 nacisk na <strong>praktyczne umiej\u0119tno\u015bci<\/strong> niezb\u0119dne w kontaktach mi\u0119dzynarodowych; ko\u0144cz\u0105 si\u0119 prezentacj\u0105 projektu dyplomowego, kt\u00f3ry zast\u0119puje pisanie pracy dyplomowej, oraz egzaminem ko\u0144cowym z zakresu tre\u015bci programowych.<\/p>\n<\/div>\r\n                    <\/div>\r\n                <\/div>[\/vc_column_inner][\/vc_row_inner][vc_row_inner][vc_column_inner][vc_empty_space height=&#8221;20px&#8221;][vc_custom_heading text=&#8221;Dzi\u0119ki tym studiom:&#8221; font_container=&#8221;tag:h2|text_align:left|color:%230095db&#8221; google_fonts=&#8221;font_family:PT%20Sans%3Aregular%2Citalic%2C700%2C700italic|font_style:400%20regular%3A400%3Anormal&#8221;][vc_separator]\r\n                <div class=\"text-modules\">\r\n                    <div class=\"container\">\r\n                        \r\n                        <div class=\"text-modules__content\"><\/p>\n<ul>\n<li>nie tylko pog\u0142\u0119bisz znajomo\u015b\u0107 polskiej kultury, ale te\u017c poznasz histori\u0119, religi\u0119 czy literatur\u0119 innych region\u00f3w \u015bwiata;<\/li>\n<li>rozwiniesz interdyscyplinarn\u0105 wiedz\u0119 i posi\u0105dziesz kompetencje niezb\u0119dne do pracy w r\u00f3\u017cnorodnych instytucjach zwi\u0105zanych z kultur\u0105, w tym w jednostkach dyplomacji kulturalnej i publicznej lub w kulturowych agendach i instytucjach biznesowych;<\/li>\n<li>z \u0142atwo\u015bci\u0105 wejdziesz w interakcje z przedstawicielami innych kr\u0119g\u00f3w kulturowych (zar\u00f3wno europejskich, jak i pozaeuropejskich);<\/li>\n<li>poznasz realia, zasady i kulisy wsp\u00f3\u0142pracy biznesowej i dyplomatycznej;<\/li>\n<li>nauczysz si\u0119, jak odpowiednio kreowa\u0107 sw\u00f3j wizerunek, tworzy\u0107 pisma zgodne z przyj\u0119tymi normami czy przygotowywa\u0107 si\u0119 do wyst\u0105pie\u0144 publicznych;<\/li>\n<li>zdob\u0119dziesz umiej\u0119tno\u015bci, dzi\u0119ki kt\u00f3rym bez trudu doradzisz, jak zapewni\u0107 najlepszy kontakt z partnerem zagranicznym;<\/li>\n<li>dowiesz si\u0119, jak dobrze przygotowywa\u0107 i realizowa\u0107 przedsi\u0119wzi\u0119cia biznesowe i dyplomatyczne zwi\u0105zane z szeroko poj\u0119t\u0105 promocj\u0105 kultury;<\/li>\n<li>wypromujesz w\u0142asn\u0105 kultur\u0119 poza granicami kraju i inne kultury w swoim kraju, a tak\u017ce wypracujesz efektywne i efektowne strategie popularyzowania wiedzy o kraju, z kt\u00f3rego pochodz\u0105 partnerzy, kontrahenci i wsp\u00f3\u0142pracownicy.<\/li>\n<\/ul>\n<p>\n<\/div>\r\n                    <\/div>\r\n                <\/div>[\/vc_column_inner][\/vc_row_inner][vc_row_inner][vc_column_inner][vc_empty_space height=&#8221;20px&#8221;][vc_custom_heading text=&#8221;GDZIE ZNAJDZIESZ PRAC\u0118?&#8221; font_container=&#8221;tag:h2|text_align:center|color:%23ffffff&#8221; google_fonts=&#8221;font_family:PT%20Sans%3Aregular%2Citalic%2C700%2C700italic|font_style:400%20regular%3A400%3Anormal&#8221; css=&#8221;.vc_custom_1715597884704{background-color: #002e5a !important;border-radius: 10px !important;}&#8221;][vc_empty_space height=&#8221;15px&#8221;][\/vc_column_inner][\/vc_row_inner][vc_row_inner][vc_column_inner]\r\n                <div class=\"text-modules\">\r\n                    <div class=\"container\">\r\n                        \r\n                        <div class=\"text-modules__content\"><p>Je\u015bli marzy Ci si\u0119 zatem kariera w jednostkach dyplomacji kulturalnej i publicznej, obejmuj\u0105cych wsp\u00f3\u0142prac\u0119 w zakresie kultury, edukacji, nauki i informacji czy wymiany m\u0142odzie\u017cy lub w kulturowych agendach i firmach rozwijaj\u0105cych wsp\u00f3\u0142prac\u0119 z zagranicznymi i krajowymi instytucjami, o\u015brodkami opiniotw\u00f3rczymi, organizacjami pozarz\u0105dowymi oraz mediami za granic\u0105, to ten kierunek jest zdecydowanie dla Ciebie!<\/p>\n<\/div>\r\n                    <\/div>\r\n                <\/div>[\/vc_column_inner][\/vc_row_inner][\/vc_column][vc_column width=&#8221;1\/3&#8243;][vc_btn title=&#8221;Karta kierunku &#8211; program studi\u00f3w&#8221; style=&#8221;custom&#8221; custom_background=&#8221;#002e5a&#8221; custom_text=&#8221;#ffffff&#8221; size=&#8221;lg&#8221; align=&#8221;center&#8221; i_icon_fontawesome=&#8221;fas fa-arrow-right&#8221; button_block=&#8221;true&#8221; add_icon=&#8221;true&#8221; link=&#8221;url:https%3A%2F%2Finformator.us.edu.pl%2Fprogrammes%2Flist%2Ffaculties%2FW1%2FKK%2F|target:_blank&#8221;][vc_custom_heading text=&#8221;Poznaj nas lepiej&#8221; font_container=&#8221;tag:h2|text_align:left|color:%23002c56&#8243; google_fonts=&#8221;font_family:PT%20Sans%3Aregular%2Citalic%2C700%2C700italic|font_style:700%20bold%20regular%3A700%3Anormal&#8221;][vc_separator]            \r\n            <div class=\"sidebar_moduls sidebar_moduls_facebok fb-page\"\r\n              data-href=\"https:\/\/www.facebook.com\/wydz.humanistyczny.us\" \r\n              data-width=\"330\"\r\n              data-hide-cover=\"false\"\r\n              data-show-facepile=\"true\"><\/div>\r\n             \r\n             <div id=\"fb-root\"><\/div>\r\n            <script async defer crossorigin=\"anonymous\" src=\" https:\/\/connect.facebook.net\/pl_PL\/sdk.js#xfbml=1&version=v4.0 \">                        \r\n            <\/script>\r\n            [vc_empty_space][vc_custom_heading text=&#8221;Kampus Katowice&#8221; font_container=&#8221;tag:h2|text_align:left|color:%23002c56&#8243; google_fonts=&#8221;font_family:PT%20Sans%3Aregular%2Citalic%2C700%2C700italic|font_style:700%20bold%20regular%3A700%3Anormal&#8221;][vc_separator][vc_video link=&#8221;https:\/\/www.youtube.com\/watch?v=azMUt0AE-Uw&#8221;][vc_empty_space][vc_row_inner css=&#8221;.vc_custom_1714143967494{border-top-width: 2px !important;border-right-width: 2px !important;border-bottom-width: 2px !important;border-left-width: 2px !important;border-left-color: #0095db !important;border-left-style: solid !important;border-right-color: #0095db !important;border-right-style: solid !important;border-top-color: #0095db !important;border-top-style: solid !important;border-bottom-color: #0095db !important;border-bottom-style: solid !important;border-radius: 10px !important;}&#8221;][vc_column_inner][vc_empty_space height=&#8221;20px&#8221;][vc_custom_heading text=&#8221;Wybrane przedmioty:&#8221; font_container=&#8221;tag:h2|text_align:center|color:%23ffffff&#8221; google_fonts=&#8221;font_family:PT%20Sans%3Aregular%2Citalic%2C700%2C700italic|font_style:400%20regular%3A400%3Anormal&#8221; css=&#8221;.vc_custom_1715597676269{background-color: #002e5a !important;border-radius: 10px !important;}&#8221;][vc_empty_space height=&#8221;15px&#8221;]\r\n                <div class=\"text-modules\">\r\n                    <div class=\"container\">\r\n                        \r\n                        <div class=\"text-modules__content\"><\/p>\n<ul>\n<li style=\"line-height: normal;\">kultura polska \u2013 to\u017csamo\u015b\u0107 i dziedzictwo<\/li>\n<li style=\"line-height: normal;\">historia Polski na tle Europy<\/li>\n<li style=\"line-height: normal;\">polszczyzna w kontakcie z innymi j\u0119zykami<\/li>\n<li style=\"line-height: normal;\">relacje mi\u0119dzykulturowe<\/li>\n<li style=\"line-height: normal;\">Europa wsp\u00f3lnot i region\u00f3w<\/li>\n<li style=\"line-height: normal;\">kultura, cywilizacja i j\u0119zyki wybranego regionu \u015bwiata<\/li>\n<li style=\"line-height: normal;\">polityka zagraniczna Polski i UE<\/li>\n<li style=\"line-height: normal;\">etykieta oficjalna i protok\u00f3\u0142 dyplomatyczny<\/li>\n<li style=\"line-height: normal;\">promocja w biznesie i dyplomacji<\/li>\n<li style=\"line-height: normal;\">autoprezentacja i komunikacja niewerbalna<\/li>\n<\/ul>\n<p>\n<\/div>\r\n                    <\/div>\r\n                <\/div>[\/vc_column_inner][\/vc_row_inner][vc_empty_space][\/vc_column][\/vc_row][vc_row el_class=&#8221;container&#8221;][vc_column width=&#8221;2\/3&#8243;][vc_row_inner][vc_column_inner][vc_separator color=&#8221;sky&#8221; border_width=&#8221;2&#8243;][\/vc_column_inner][\/vc_row_inner][vc_row_inner disable_element=&#8221;yes&#8221;][vc_column_inner width=&#8221;1\/2&#8243;]\r\n                <div class=\"text-modules\">\r\n                    <div class=\"container\">\r\n                        \r\n                        <div class=\"text-modules__content\"><\/p>\n<h3 style=\"text-align: right;\"><span style=\"color: #002e5a;\">Zapisz si\u0119!<\/span><\/h3>\n<p>\n<\/div>\r\n                    <\/div>\r\n                <\/div>[\/vc_column_inner][vc_column_inner width=&#8221;1\/2&#8243;][vc_btn title=&#8221;<b>studia stacjonarne I stopnia<\/b>&#8221; style=&#8221;outline-custom&#8221; outline_custom_color=&#8221;#002e5a&#8221; outline_custom_hover_background=&#8221;#fbb900&#8243; outline_custom_hover_text=&#8221;#ffffff&#8221; size=&#8221;lg&#8221; align=&#8221;left&#8221; i_icon_fontawesome=&#8221;fas fa-arrow-right&#8221; button_block=&#8221;true&#8221; add_icon=&#8221;true&#8221; link=&#8221;url:https%3A%2F%2Firk.us.edu.pl%2Fpl%2Foffer%2FSW-2025-Z%2Fprogramme%2FW1-S1KK24%2F%3Ffrom%3Dorg-unit%3AW1|target:_blank&#8221;]\r\n                <div class=\"text-modules\">\r\n                    <div class=\"container\">\r\n                        \r\n                        <div class=\"text-modules__content\"><\/p>\n<h6><span style=\"color: #9b132a;\">(I tura rekrutacji 02.06.2025 12:00 \u2013 11.07.2025 23:59)<\/span><\/h6>\n<p>\n<\/div>\r\n                    <\/div>\r\n                <\/div>[\/vc_column_inner][\/vc_row_inner][vc_row_inner disable_element=&#8221;yes&#8221;][vc_column_inner][vc_separator color=&#8221;sky&#8221; border_width=&#8221;2&#8243;][\/vc_column_inner][\/vc_row_inner][\/vc_column][vc_column width=&#8221;1\/3&#8243;][\/vc_column][\/vc_row][vc_row el_class=&#8221;container&#8221;][vc_column][vc_empty_space height=&#8221;30px&#8221;][\/vc_column][\/vc_row][vc_row el_class=&#8221;container&#8221;][vc_column][vc_separator][\/vc_column][\/vc_row][vc_row el_class=&#8221;container&#8221;][vc_column width=&#8221;2\/3&#8243;][vc_tta_pageable no_fill_content_area=&#8221;1&#8243; active_section=&#8221;1&#8243; pagination_style=&#8221;&#8221; title=&#8221;Gdzie b\u0119dziesz studiowa\u0107?&#8221; css=&#8221;.vc_custom_1653586849789{background-position: center !important;background-repeat: no-repeat !important;background-size: cover !important;}&#8221;][vc_tta_section tab_id=&#8221;1653479712065-2c52f2ca-364e&#8221;][vc_images_carousel images=&#8221;16190,16189,16160&#8243; img_size=&#8221;full&#8221; onclick=&#8221;link_no&#8221; speed=&#8221;3500&#8243; autoplay=&#8221;yes&#8221; hide_pagination_control=&#8221;yes&#8221; wrap=&#8221;yes&#8221;][\/vc_tta_section][\/vc_tta_pageable][\/vc_column][vc_column width=&#8221;1\/3&#8243;][vc_tta_pageable no_fill_content_area=&#8221;1&#8243; active_section=&#8221;1&#8243; pagination_style=&#8221;&#8221; title=&#8221;Skontaktuj si\u0119 z nami:&#8221; css=&#8221;.vc_custom_1653587776587{background-position: center !important;background-repeat: no-repeat !important;background-size: contain !important;border-radius: 20px !important;}&#8221;][vc_tta_section tab_id=&#8221;1653479581419-652d0e5d-0dd6&#8243;]\r\n                <div class=\"text-modules\">\r\n                    <div class=\"container\">\r\n                        \r\n                        <div class=\"text-modules__content\"><p><strong>lic. Anna Grolik-\u0141uszczek<br \/>\n<\/strong>e-mail:\u00a0<a href=\"mailto:anna.grolik-luszczek@us.edu.pl\">anna.grolik-luszczek@us.edu.pl<\/a><\/p>\n<p><strong>mgr Karolina Syniawa<\/strong><br \/>\ne-mail:\u00a0<a href=\"mailto:karolina.syniawa@us.edu.pl\">karolina.syniawa@us.edu.pl<\/a><\/p>\n<p>tel.: 32 2009 512<br \/>\nKatowice, ul. Uniwersytecka 4<br \/>\npok.\u00a0B1.6<\/p>\n<\/div>\r\n                    <\/div>\r\n                <\/div>[\/vc_tta_section][\/vc_tta_pageable][vc_tta_pageable no_fill_content_area=&#8221;1&#8243; active_section=&#8221;1&#8243; pagination_style=&#8221;&#8221; title=&#8221;Sprawd\u017a jeszcze:&#8221; css=&#8221;.vc_custom_1653587768868{background-position: center !important;background-repeat: no-repeat !important;background-size: contain !important;}&#8221;][vc_tta_section tab_id=&#8221;1653483573124-ea9e9979-8940&#8243;][vc_btn title=&#8221;filozofia&#8221; color=&#8221;orange&#8221; size=&#8221;lg&#8221; link=&#8221;url:https%3A%2F%2Fus.edu.pl%2Fwydzial%2Fwh%2Fkandydat-wh%2Fkierunki-studiow%2Ffilozofia%2F|target:_blank&#8221;][vc_empty_space height=&#8221;1px&#8221;][vc_btn title=&#8221;mi\u0119dzynarodowe studia polskie&#8221; color=&#8221;orange&#8221; size=&#8221;lg&#8221; link=&#8221;url:https%3A%2F%2Fus.edu.pl%2Fwydzial%2Fwh%2Fkandydat-wh%2Fkierunki-studiow%2Fmiedzynarodowe-studia-polskie%2F|target:_blank&#8221;][vc_empty_space height=&#8221;1px&#8221;][vc_btn title=&#8221;komunikacja cyfrowa&#8221; color=&#8221;orange&#8221; size=&#8221;lg&#8221; link=&#8221;url:https%3A%2F%2Fus.edu.pl%2Fwydzial%2Fwh%2Fkandydat-wh%2Fkierunki-studiow%2Fkomunikacja-cyfrowa%2F|target:_blank&#8221;][\/vc_tta_section][\/vc_tta_pageable][\/vc_column][\/vc_row][vc_row el_class=&#8221;container&#8221;][vc_column][vc_gmaps link=&#8221;#E-8_JTNDaWZyYW1lJTIwc3JjJTNEJTIyaHR0cHMlM0ElMkYlMkZ3d3cuZ29vZ2xlLmNvbSUyRm1hcHMlMkZlbWJlZCUzRnBiJTNEJTIxMW0xOCUyMTFtMTIlMjExbTMlMjExZDI1NTAuNjM3MDAzODYwNTE4MiUyMTJkMTkuMDIzNjMxODE1NzI0NTUlMjEzZDUwLjI2MTM2MzU3OTQ0OTclMjEybTMlMjExZjAlMjEyZjAlMjEzZjAlMjEzbTIlMjExaTEwMjQlMjEyaTc2OCUyMTRmMTMuMSUyMTNtMyUyMTFtMiUyMTFzMHg0NzE2Y2U0OTQ1ZWNkMTlkJTI1M0EweGRmMWIwODY3YTVmYmMzZmIlMjEyc1d5ZHppYSUyNUM1JTI1ODIlMjUyMEh1bWFuaXN0eWN6bnklMjUyMFVuaXdlcnN5dGV0dSUyNTIwJTI1QzUlMjU5QWwlMjVDNCUyNTg1c2tpZWdvJTI1MjB3JTI1MjBLYXRvd2ljYWNoJTIxNWUwJTIxM20yJTIxMXNwbCUyMTJzcGwlMjE0djE2NTYwNzM0ODE4MzYlMjE1bTIlMjExc3BsJTIxMnNwbCUyMiUyMHdpZHRoJTNEJTIyNjAwJTIyJTIwaGVpZ2h0JTNEJTIyNDUwJTIyJTIwc3R5bGUlM0QlMjJib3JkZXIlM0EwJTNCJTIyJTIwYWxsb3dmdWxsc2NyZWVuJTNEJTIyJTIyJTIwbG9hZGluZyUzRCUyMmxhenklMjIlMjByZWZlcnJlcnBvbGljeSUzRCUyMm5vLXJlZmVycmVyLXdoZW4tZG93bmdyYWRlJTIyJTNFJTNDJTJGaWZyYW1lJTNF&#8221; size=&#8221;&#8221;][\/vc_column][\/vc_row][vc_column][\/vc_column][vc_column][\/vc_column]<\/p>","protected":false},"excerpt":{"rendered":"<p>[vc_row el_class=&#8221;container&#8221;][vc_column width=&#8221;1\/2&#8243; css=&#8221;.vc_custom_1653565298692{margin-right: 0px !important;margin-left: 0px !important;border-right-width: 0px !important;border-left-width: 0px !important;}&#8221;][vc_single_image image=&#8221;172679&#8243; img_size=&#8221;full&#8221; alignment=&#8221;center&#8221;][\/vc_column][vc_column width=&#8221;1\/2&#8243; css=&#8221;.vc_custom_1653642837519{background-color: #dfe2ec !important;border-radius: 15px !important;}&#8221;][vc_empty_space][vc_custom_heading text=&#8221;KOMUNIKACJA MI\u0118DZYKULTUROWA&#8221; font_container=&#8221;tag:h3|text_align:center|color:%23002e5a&#8221; google_fonts=&#8221;font_family:PT%20Sans%20Caption%3Aregular%2C700|font_style:700%20bold%20regular%3A700%3Anormal&#8221;][vc_empty_space height=&#8221;15px&#8221;][vc_separator color=&#8221;custom&#8221; style=&#8221;shadow&#8221; el_width=&#8221;80&#8243; accent_color=&#8221;#002e5a&#8221;][vc_row_inner][vc_column_inner][vc_custom_heading text=&#8221;STUDIA I STOPNIA&#8221; font_container=&#8221;tag:h2|text_align:center|color:%23ffffff&#8221; google_fonts=&#8221;font_family:PT%20Sans%3Aregular%2Citalic%2C700%2C700italic|font_style:400%20regular%3A400%3Anormal&#8221; css=&#8221;.vc_custom_1714046935209{background-color: #002e5a !important;border-radius: 10px !important;}&#8221;][vc_empty_space][\/vc_column_inner][\/vc_row_inner][\/vc_column][\/vc_row][vc_row el_class=&#8221;container&#8221;][vc_column width=&#8221;2\/3&#8243; css=&#8221;.vc_custom_1714142173482{background-color: #f8f8f8 !important;border-radius: 10px !important;}&#8221;][vc_row_inner][vc_column_inner][vc_empty_space][\/vc_column_inner][\/vc_row_inner][vc_row_inner][vc_column_inner][vc_empty_space height=&#8221;20px&#8221;][vc_custom_heading text=&#8221;Dzi\u0119ki tym studiom:&#8221; font_container=&#8221;tag:h2|text_align:left|color:%230095db&#8221; google_fonts=&#8221;font_family:PT%20Sans%3Aregular%2Citalic%2C700%2C700italic|font_style:400%20regular%3A400%3Anormal&#8221;][vc_separator][\/vc_column_inner][\/vc_row_inner][vc_row_inner][vc_column_inner][vc_empty_space height=&#8221;20px&#8221;][vc_custom_heading text=&#8221;GDZIE [&#8230;]<\/p>\n<p><a class=\"btn btn-secondary understrap-read-more-link\" href=\"https:\/\/us.edu.pl\/wydzial\/wh\/kandydat-wh\/kierunki-studiow\/komunikacja-miedzykulturowa\/\">Read More&#8230;<\/a><\/p>\n","protected":false},"author":1,"featured_media":0,"parent":989,"menu_order":0,"comment_status":"closed","ping_status":"closed","template":"","meta":{"_expiration-date-status":"","_expiration-date":0,"_expiration-date-type":"","_expiration-date-categories":[],"_expiration-date-options":[]},"acf":[],"_links":{"self":[{"href":"https:\/\/us.edu.pl\/wydzial\/wh\/wp-json\/wp\/v2\/pages\/172602"}],"collection":[{"href":"https:\/\/us.edu.pl\/wydzial\/wh\/wp-json\/wp\/v2\/pages"}],"about":[{"href":"https:\/\/us.edu.pl\/wydzial\/wh\/wp-json\/wp\/v2\/types\/page"}],"author":[{"embeddable":true,"href":"https:\/\/us.edu.pl\/wydzial\/wh\/wp-json\/wp\/v2\/users\/1"}],"replies":[{"embeddable":true,"href":"https:\/\/us.edu.pl\/wydzial\/wh\/wp-json\/wp\/v2\/comments?post=172602"}],"version-history":[{"count":10,"href":"https:\/\/us.edu.pl\/wydzial\/wh\/wp-json\/wp\/v2\/pages\/172602\/revisions"}],"predecessor-version":[{"id":193187,"href":"https:\/\/us.edu.pl\/wydzial\/wh\/wp-json\/wp\/v2\/pages\/172602\/revisions\/193187"}],"up":[{"embeddable":true,"href":"https:\/\/us.edu.pl\/wydzial\/wh\/wp-json\/wp\/v2\/pages\/989"}],"wp:attachment":[{"href":"https:\/\/us.edu.pl\/wydzial\/wh\/wp-json\/wp\/v2\/media?parent=172602"}],"curies":[{"name":"wp","href":"https:\/\/api.w.org\/{rel}","templated":true}]}}