{"id":173518,"date":"2024-06-24T15:01:39","date_gmt":"2024-06-24T13:01:39","guid":{"rendered":"https:\/\/us.edu.pl\/wydzial\/wh\/?page_id=173518"},"modified":"2024-06-24T15:01:39","modified_gmt":"2024-06-24T13:01:39","slug":"opis-kierunku-i-specjalnosci","status":"publish","type":"page","link":"https:\/\/us.edu.pl\/wydzial\/wh\/kierunki-studiow\/mediteranistyka\/opis-kierunku-i-specjalnosci\/","title":{"rendered":"Opis kierunku i specjalno\u015bci"},"content":{"rendered":"<p>[vc_row el_class=&#8221;container&#8221;][vc_column width=&#8221;2\/3&#8243;]\r\n                <div class=\"text-modules\">\r\n                    <div class=\"container\">\r\n                        \r\n                        <div class=\"text-modules__content\"><p>Mediteranistyka to studia z zakresu kultury, literatury i historii \u015ar\u00f3dziemnomorza, czyli kraj\u00f3w basenu Morza \u015ar\u00f3dziemnego. Prezentuj\u0105 one rozw\u00f3j najwa\u017cniejszych cywilizacji tego regionu, k\u0142ad\u0105c szczeg\u00f3lny nacisk na czasy staro\u017cytne i \u015bredniowieczne. Student zdobywa wiedz\u0119 o \u015ar\u00f3dziemnomorzu, uczestnicz\u0105c w zaj\u0119ciach obejmuj\u0105cych literatur\u0119, sztuk\u0119, histori\u0119 oraz zagadnienia bardziej specjalistyczne, dotycz\u0105ce\u00a0 m.in. historii rodziny, seksualno\u015bci, kultury wina czy roli zwierz\u0105t w kulturach \u015ar\u00f3dziemnomorza. Studia pozwalaj\u0105 r\u00f3wnie\u017c zdoby\u0107 wiedz\u0119 z zakresu funkcjonowania antycznej tradycji w czasach wsp\u00f3\u0142czesnych (antyk w kinie, w kulturze popularnej). Elementem programu jest ponadto intensywna nauka jednego z j\u0119zyk\u00f3w tego obszaru (nowogreckiego, w\u0142oskiego lub hiszpa\u0144skiego) oraz nauka podstaw j\u0119zyka starogreckiego, \u0142aci\u0144skiego oraz hebrajskiego lub syryjskiego.<\/p>\n<\/div>\r\n                    <\/div>\r\n                <\/div>[\/vc_column][vc_column width=&#8221;1\/3&#8243;][vc_btn title=&#8221;Wi\u0119cej informacji dla kandydata&#8221; style=&#8221;outline-custom&#8221; outline_custom_color=&#8221;#002e5a&#8221; outline_custom_hover_background=&#8221;#fbb900&#8243; outline_custom_hover_text=&#8221;#002e5a&#8221; shape=&#8221;square&#8221; align=&#8221;center&#8221; i_icon_fontawesome=&#8221;fas fa-arrow-right&#8221; add_icon=&#8221;true&#8221; link=&#8221;url:https%3A%2F%2Fus.edu.pl%2Fwydzial%2Fwh%2Fkandydat-wh%2Fkierunki-studiow%2Fmediteranistyka%2F|target:_blank&#8221;][\/vc_column][\/vc_row]<\/p>","protected":false},"excerpt":{"rendered":"<p>[vc_row el_class=&#8221;container&#8221;][vc_column width=&#8221;2\/3&#8243;][\/vc_column][vc_column width=&#8221;1\/3&#8243;][vc_btn title=&#8221;Wi\u0119cej informacji dla kandydata&#8221; style=&#8221;outline-custom&#8221; outline_custom_color=&#8221;#002e5a&#8221; outline_custom_hover_background=&#8221;#fbb900&#8243; outline_custom_hover_text=&#8221;#002e5a&#8221; shape=&#8221;square&#8221; align=&#8221;center&#8221; i_icon_fontawesome=&#8221;fas fa-arrow-right&#8221; add_icon=&#8221;true&#8221; link=&#8221;url:https%3A%2F%2Fus.edu.pl%2Fwydzial%2Fwh%2Fkandydat-wh%2Fkierunki-studiow%2Fmediteranistyka%2F|target:_blank&#8221;][\/vc_column][\/vc_row] [&#8230;]<\/p>\n<p><a class=\"btn btn-secondary understrap-read-more-link\" href=\"https:\/\/us.edu.pl\/wydzial\/wh\/kierunki-studiow\/mediteranistyka\/opis-kierunku-i-specjalnosci\/\">Read More&#8230;<\/a><\/p>\n","protected":false},"author":1,"featured_media":0,"parent":173511,"menu_order":0,"comment_status":"closed","ping_status":"closed","template":"","meta":{"_expiration-date-status":"","_expiration-date":0,"_expiration-date-type":"","_expiration-date-categories":[],"_expiration-date-options":[]},"acf":[],"_links":{"self":[{"href":"https:\/\/us.edu.pl\/wydzial\/wh\/wp-json\/wp\/v2\/pages\/173518"}],"collection":[{"href":"https:\/\/us.edu.pl\/wydzial\/wh\/wp-json\/wp\/v2\/pages"}],"about":[{"href":"https:\/\/us.edu.pl\/wydzial\/wh\/wp-json\/wp\/v2\/types\/page"}],"author":[{"embeddable":true,"href":"https:\/\/us.edu.pl\/wydzial\/wh\/wp-json\/wp\/v2\/users\/1"}],"replies":[{"embeddable":true,"href":"https:\/\/us.edu.pl\/wydzial\/wh\/wp-json\/wp\/v2\/comments?post=173518"}],"version-history":[{"count":1,"href":"https:\/\/us.edu.pl\/wydzial\/wh\/wp-json\/wp\/v2\/pages\/173518\/revisions"}],"predecessor-version":[{"id":173519,"href":"https:\/\/us.edu.pl\/wydzial\/wh\/wp-json\/wp\/v2\/pages\/173518\/revisions\/173519"}],"up":[{"embeddable":true,"href":"https:\/\/us.edu.pl\/wydzial\/wh\/wp-json\/wp\/v2\/pages\/173511"}],"wp:attachment":[{"href":"https:\/\/us.edu.pl\/wydzial\/wh\/wp-json\/wp\/v2\/media?parent=173518"}],"curies":[{"name":"wp","href":"https:\/\/api.w.org\/{rel}","templated":true}]}}