{"id":1747,"date":"2019-10-31T09:32:40","date_gmt":"2019-10-31T08:32:40","guid":{"rendered":"https:\/\/us.edu.pl\/wydzial\/wh\/?page_id=1747"},"modified":"2019-10-31T10:40:19","modified_gmt":"2019-10-31T09:40:19","slug":"mapa-strony","status":"publish","type":"page","link":"https:\/\/us.edu.pl\/wydzial\/wh\/en\/mapa-strony\/","title":{"rendered":"Sitemap"},"content":{"rendered":"<p>[vc_row][vc_column]\r\n                <div class=\"text-modules\">\r\n                    <div class=\"container\">\r\n                        \r\n                        <div class=\"text-modules__content\"><div class=\"wsp-container\"><h2 class=\"wsp-pages-title\">Pages<\/h2>\n<ul class=\"wsp-pages-list\">\n<li class=\"page_item page-item-1289 page_item_has_children\"><a href=\"https:\/\/us.edu.pl\/wydzial\/wh\/en\/wszystko\/\">wszystko<\/a>\n<ul class='children'>\n\t<li class=\"page_item page-item-3430\"><a href=\"https:\/\/us.edu.pl\/wydzial\/wh\/en\/wszystko\/rodo\/\">RODO<\/a><\/li>\n<\/ul>\n<\/li>\n<li class=\"page_item page-item-21012\"><a href=\"https:\/\/us.edu.pl\/wydzial\/wh\/en\/robocza-en\/\">website EN<\/a><\/li>\n<li class=\"page_item page-item-156198 page_item_has_children\"><a href=\"https:\/\/us.edu.pl\/wydzial\/wh\/en\/research\/\">research<\/a>\n<ul class='children'>\n\t<li class=\"page_item page-item-156488\"><a href=\"https:\/\/us.edu.pl\/wydzial\/wh\/en\/research\/love-tester-machines\/\">Love Tester Machines<\/a><\/li>\n\t<li class=\"page_item page-item-156489\"><a href=\"https:\/\/us.edu.pl\/wydzial\/wh\/en\/research\/across-centuries-languages\/\">Across centuries, languages<\/a><\/li>\n<\/ul>\n<\/li>\n<li class=\"page_item page-item-160854\"><a href=\"https:\/\/us.edu.pl\/wydzial\/wh\/en\/english-intercom\/\">INTERCOM<\/a><\/li>\n<li class=\"page_item page-item-606 page_item_has_children\"><a href=\"https:\/\/us.edu.pl\/wydzial\/wh\/en\/jakosc-ksztalcenia\/\">Jako\u015b\u0107 kszta\u0142cenia<\/a>\n<ul class='children'>\n\t<li class=\"page_item page-item-654\"><a href=\"https:\/\/us.edu.pl\/wydzial\/wh\/en\/jakosc-ksztalcenia\/sprawozdania-z-oceny-wlasnej-wydzialu\/\">Sprawozdania z oceny w\u0142asnej Wydzia\u0142u<\/a><\/li>\n\t<li class=\"page_item page-item-669\"><a href=\"https:\/\/us.edu.pl\/wydzial\/wh\/en\/jakosc-ksztalcenia\/do-pobrania\/\">Do pobra<\/a><\/li>\n<\/ul>\n<\/li>\n<li class=\"page_item page-item-106 page_item_has_children\"><a href=\"https:\/\/us.edu.pl\/wydzial\/wh\/en\/\">Index page<\/a>\n<ul class='children'>\n\t<li class=\"page_item page-item-118\"><a href=\"https:\/\/us.edu.pl\/wydzial\/wh\/en\/strona-glowna\/dziekan-i-prodziekani\/\">authorities<\/a><\/li>\n<\/ul>\n<\/li>\n<li class=\"page_item page-item-21385 page_item_has_children\"><a href=\"https:\/\/us.edu.pl\/wydzial\/wh\/en\/admissions\/\">admissions<\/a>\n<ul class='children'>\n\t<li class=\"page_item page-item-183955 page_item_has_children\"><a href=\"https:\/\/us.edu.pl\/wydzial\/wh\/en\/admissions\/programme-catalogue\/\">Programme catalogue<\/a>\n\t<ul class='children'>\n\t\t<li class=\"page_item page-item-185094\"><a href=\"https:\/\/us.edu.pl\/wydzial\/wh\/en\/admissions\/programme-catalogue\/german-studies\/\">German Studies<\/a><\/li>\n\t\t<li class=\"page_item page-item-185103\"><a href=\"https:\/\/us.edu.pl\/wydzial\/wh\/en\/admissions\/programme-catalogue\/french-studies\/\">French Studies<\/a><\/li>\n\t\t<li class=\"page_item page-item-185119\"><a href=\"https:\/\/us.edu.pl\/wydzial\/wh\/en\/admissions\/programme-catalogue\/spanish-studies\/\">Spanish Studies<\/a><\/li>\n\t\t<li class=\"page_item page-item-185131\"><a href=\"https:\/\/us.edu.pl\/wydzial\/wh\/en\/admissions\/programme-catalogue\/italian-studies\/\">Italian Studies<\/a><\/li>\n\t\t<li class=\"page_item page-item-185150\"><a href=\"https:\/\/us.edu.pl\/wydzial\/wh\/en\/admissions\/programme-catalogue\/historical-tourism\/\">Historical Tourism<\/a><\/li>\n\t\t<li class=\"page_item page-item-185159\"><a href=\"https:\/\/us.edu.pl\/wydzial\/wh\/en\/admissions\/programme-catalogue\/central-european-historical-studies\/\">Central European Historical Studies<\/a><\/li>\n\t\t<li class=\"page_item page-item-185178\"><a href=\"https:\/\/us.edu.pl\/wydzial\/wh\/en\/admissions\/programme-catalogue\/romance-studies\/\">Romance Studies<\/a><\/li>\n\t\t<li class=\"page_item page-item-184930\"><a href=\"https:\/\/us.edu.pl\/wydzial\/wh\/en\/admissions\/programme-catalogue\/information-architecture\/\">Information Architecture<\/a><\/li>\n\t\t<li class=\"page_item page-item-185188\"><a href=\"https:\/\/us.edu.pl\/wydzial\/wh\/en\/admissions\/programme-catalogue\/slavonic-studies\/\">Slavonic Studies<\/a><\/li>\n\t\t<li class=\"page_item page-item-185203\"><a href=\"https:\/\/us.edu.pl\/wydzial\/wh\/en\/admissions\/programme-catalogue\/international-polish-studies\/\">International Polish Studies<\/a><\/li>\n\t\t<li class=\"page_item page-item-185214\"><a href=\"https:\/\/us.edu.pl\/wydzial\/wh\/en\/admissions\/programme-catalogue\/eastern-slavonic-studies\/\">Eastern Slavonic Studies<\/a><\/li>\n\t\t<li class=\"page_item page-item-185238\"><a href=\"https:\/\/us.edu.pl\/wydzial\/wh\/en\/admissions\/programme-catalogue\/applied-linguistics\/\">Applied Linguistics<\/a><\/li>\n\t\t<li class=\"page_item page-item-185244\"><a href=\"https:\/\/us.edu.pl\/wydzial\/wh\/en\/admissions\/programme-catalogue\/speech-therapy\/\">Speech Therapy<\/a><\/li>\n\t\t<li class=\"page_item page-item-184999\"><a href=\"https:\/\/us.edu.pl\/wydzial\/wh\/en\/admissions\/programme-catalogue\/english-information-architecture\/\">Information Architecture<\/a><\/li>\n\t\t<li class=\"page_item page-item-185263\"><a href=\"https:\/\/us.edu.pl\/wydzial\/wh\/en\/admissions\/programme-catalogue\/media-culture-studies\/\">Media Culture Studies<\/a><\/li>\n\t\t<li class=\"page_item page-item-185271\"><a href=\"https:\/\/us.edu.pl\/wydzial\/wh\/en\/admissions\/programme-catalogue\/classical-studies\/\">Classical Studies<\/a><\/li>\n\t\t<li class=\"page_item page-item-185276\"><a href=\"https:\/\/us.edu.pl\/wydzial\/wh\/en\/admissions\/programme-catalogue\/promotional-and-crisis-communication\/\">Promotional and Crisis Communication<\/a><\/li>\n\t\t<li class=\"page_item page-item-185026\"><a href=\"https:\/\/us.edu.pl\/wydzial\/wh\/en\/admissions\/programme-catalogue\/philosophical-counselling-and-coaching\/\">Philosophical Counselling and Coaching<\/a><\/li>\n\t\t<li class=\"page_item page-item-185288\"><a href=\"https:\/\/us.edu.pl\/wydzial\/wh\/en\/admissions\/programme-catalogue\/digital-communication\/\">Digital Communication<\/a><\/li>\n\t\t<li class=\"page_item page-item-185294\"><a href=\"https:\/\/us.edu.pl\/wydzial\/wh\/en\/admissions\/programme-catalogue\/polish-studies\/\">Polish Studies<\/a><\/li>\n\t\t<li class=\"page_item page-item-185039\"><a href=\"https:\/\/us.edu.pl\/wydzial\/wh\/en\/admissions\/programme-catalogue\/creative-writing-and-publishing-marketing\/\">Creative Writing and Publishing Marketing<\/a><\/li>\n\t\t<li class=\"page_item page-item-185302\"><a href=\"https:\/\/us.edu.pl\/wydzial\/wh\/en\/admissions\/programme-catalogue\/english-information-and-library-studies\/\">Information and Library Studies<\/a><\/li>\n\t\t<li class=\"page_item page-item-185310\"><a href=\"https:\/\/us.edu.pl\/wydzial\/wh\/en\/admissions\/programme-catalogue\/philosophy\/\">Philosophy<\/a><\/li>\n\t\t<li class=\"page_item page-item-185056\"><a href=\"https:\/\/us.edu.pl\/wydzial\/wh\/en\/admissions\/programme-catalogue\/the-art-of-writing\/\">The Art of Writing<\/a><\/li>\n\t\t<li class=\"page_item page-item-185312\"><a href=\"https:\/\/us.edu.pl\/wydzial\/wh\/en\/admissions\/programme-catalogue\/history\/\">History<\/a><\/li>\n\t\t<li class=\"page_item page-item-185064\"><a href=\"https:\/\/us.edu.pl\/wydzial\/wh\/en\/admissions\/programme-catalogue\/mediterranean-studies\/\">Mediterranean Studies<\/a><\/li>\n\t\t<li class=\"page_item page-item-185083\"><a href=\"https:\/\/us.edu.pl\/wydzial\/wh\/en\/admissions\/programme-catalogue\/english-studies\/\">English Studies<\/a><\/li>\n\t<\/ul>\n<\/li>\n<\/ul>\n<\/li>\n<li class=\"page_item page-item-1747\"><a href=\"https:\/\/us.edu.pl\/wydzial\/wh\/en\/mapa-strony\/\">Sitemap<\/a><\/li>\n<li class=\"page_item page-item-1749\"><a href=\"https:\/\/us.edu.pl\/wydzial\/wh\/en\/kontakt\/\">Contact<\/a><\/li>\n<li class=\"page_item page-item-157679 page_item_has_children\"><a href=\"https:\/\/us.edu.pl\/wydzial\/wh\/en\/instytuty-naukowe\/\">Research institutes<\/a>\n<ul class='children'>\n\t<li class=\"page_item page-item-157737\"><a href=\"https:\/\/us.edu.pl\/wydzial\/wh\/en\/instytuty-naukowe\/instytut-literaturoznawstwa-zespoly-badawcze\/\">Institute of Literary Studies | research teams<\/a><\/li>\n\t<li class=\"page_item page-item-157755\"><a href=\"https:\/\/us.edu.pl\/wydzial\/wh\/en\/instytuty-naukowe\/instytut-jezykoznawstwa-zespoly-badawcze\/\">Institute of Linguistics | research teams<\/a><\/li>\n\t<li class=\"page_item page-item-157783\"><a href=\"https:\/\/us.edu.pl\/wydzial\/wh\/en\/instytuty-naukowe\/instytut-nauk-o-kulturze-zespoly-badawcze\/\">Institute of Culture Studies | research teams<\/a><\/li>\n\t<li class=\"page_item page-item-157598\"><a href=\"https:\/\/us.edu.pl\/wydzial\/wh\/en\/instytuty-naukowe\/instytut-filozofii-zespoly-badawcze\/\">Institute of Philosophy | research teams<\/a><\/li>\n\t<li class=\"page_item page-item-157600\"><a href=\"https:\/\/us.edu.pl\/wydzial\/wh\/en\/instytuty-naukowe\/instytut-nauk-o-sztuce\/\">Institute of Arts Studies | individual researchers<\/a><\/li>\n\t<li class=\"page_item page-item-157661\"><a href=\"https:\/\/us.edu.pl\/wydzial\/wh\/en\/instytuty-naukowe\/instytut-historii-zespoly-badawcze\/\">Institute of History | research teams<\/a><\/li>\n<\/ul>\n<\/li>\n<li class=\"page_item page-item-165672 page_item_has_children\"><a href=\"https:\/\/us.edu.pl\/wydzial\/wh\/en\/konferencje-naukowe\/sagaconference2025\/\">SAGA Conference 2025<\/a><\/li>\n<li class=\"page_item page-item-1321\"><a href=\"https:\/\/us.edu.pl\/wydzial\/wh\/en\/innowacje-dydaktyczne\/strona-rodzic\/strona-dziecko\/\">st<\/a><\/li>\n<li class=\"page_item page-item-167503\"><a href=\"https:\/\/us.edu.pl\/wydzial\/wh\/en\/konferencje-naukowe\/sagaconference2025\/files\/\">Files<\/a><\/li>\n<li class=\"page_item page-item-167511\"><a href=\"https:\/\/us.edu.pl\/wydzial\/wh\/en\/konferencje-naukowe\/sagaconference2025\/programme\/\">Programme<\/a><\/li>\n<li class=\"page_item page-item-165720\"><a href=\"https:\/\/us.edu.pl\/wydzial\/wh\/en\/konferencje-naukowe\/sagaconference2025\/theme\/\">Theme<\/a><\/li>\n<li class=\"page_item page-item-165728\"><a href=\"https:\/\/us.edu.pl\/wydzial\/wh\/en\/konferencje-naukowe\/sagaconference2025\/organizational-information\/\">Organizational information<\/a><\/li>\n<li class=\"page_item page-item-177031\"><a href=\"https:\/\/us.edu.pl\/wydzial\/wh\/en\/konferencje-naukowe\/sagaconference2025\/keynote-speakers\/\">Keynote speakers<\/a><\/li>\n<li class=\"page_item page-item-166044\"><a href=\"https:\/\/us.edu.pl\/wydzial\/wh\/en\/konferencje-naukowe\/sagaconference2025\/excursions\/\">Excursions<\/a><\/li>\n<li class=\"page_item page-item-371\"><a href=\"https:\/\/us.edu.pl\/wydzial\/wh\/en\/innowacje-wspolpraca\/instytucje-zagraniczne\/\">Instytucje zagraniczne<\/a><\/li>\n<\/ul>\n<\/div>\n<\/div>\r\n                    <\/div>\r\n                <\/div>[\/vc_column][\/vc_row]<\/p>\n","protected":false},"excerpt":{"rendered":"<p>[vc_row][vc_column][\/vc_column][\/vc_row] [&#8230;]<\/p>\n<p><a class=\"btn btn-secondary understrap-read-more-link\" href=\"https:\/\/us.edu.pl\/wydzial\/wh\/en\/mapa-strony\/\">Read More&#8230;<\/a><\/p>\n","protected":false},"author":29,"featured_media":0,"parent":0,"menu_order":0,"comment_status":"closed","ping_status":"closed","template":"page-templates\/sitemap-template.php","meta":{"_expiration-date-status":"saved","_expiration-date":0,"_expiration-date-type":"","_expiration-date-categories":[],"_expiration-date-options":[]},"acf":[],"_links":{"self":[{"href":"https:\/\/us.edu.pl\/wydzial\/wh\/en\/wp-json\/wp\/v2\/pages\/1747"}],"collection":[{"href":"https:\/\/us.edu.pl\/wydzial\/wh\/en\/wp-json\/wp\/v2\/pages"}],"about":[{"href":"https:\/\/us.edu.pl\/wydzial\/wh\/en\/wp-json\/wp\/v2\/types\/page"}],"author":[{"embeddable":true,"href":"https:\/\/us.edu.pl\/wydzial\/wh\/en\/wp-json\/wp\/v2\/users\/29"}],"replies":[{"embeddable":true,"href":"https:\/\/us.edu.pl\/wydzial\/wh\/en\/wp-json\/wp\/v2\/comments?post=1747"}],"version-history":[{"count":2,"href":"https:\/\/us.edu.pl\/wydzial\/wh\/en\/wp-json\/wp\/v2\/pages\/1747\/revisions"}],"predecessor-version":[{"id":1753,"href":"https:\/\/us.edu.pl\/wydzial\/wh\/en\/wp-json\/wp\/v2\/pages\/1747\/revisions\/1753"}],"wp:attachment":[{"href":"https:\/\/us.edu.pl\/wydzial\/wh\/en\/wp-json\/wp\/v2\/media?parent=1747"}],"curies":[{"name":"wp","href":"https:\/\/api.w.org\/{rel}","templated":true}]}}