{"id":1749,"date":"2019-10-31T09:33:07","date_gmt":"2019-10-31T08:33:07","guid":{"rendered":"https:\/\/us.edu.pl\/wydzial\/wh\/?page_id=1749"},"modified":"2023-06-23T09:25:29","modified_gmt":"2023-06-23T07:25:29","slug":"kontakt","status":"publish","type":"page","link":"https:\/\/us.edu.pl\/wydzial\/wh\/kontakt\/","title":{"rendered":"Kontakt"},"content":{"rendered":"<p>[vc_row][vc_column]\r\n                <div class=\"text-modules\">\r\n                    <div class=\"container\">\r\n                        \r\n                        <div class=\"text-modules__content\"><p><strong>Wydzia\u0142 Humanistyczny Uniwersytet \u015al\u0105ski w Katowicach<br \/>\n<\/strong><\/p>\n<p>e-mail:\u00a0<a href=\"mailto:wh@us.edu.pl\">wh@us.edu.pl<\/a><\/p>\n<p>ul. Uniwersytecka 4, <span class=\"fMYBhe\">40-007<\/span> Katowice<br \/>\ntel. +48 32 2009 263, +48 32 2009 267<\/p>\n<p>ul. Grota-Roweckiego 5, 41-200 Sosnowiec<br \/>\ntel. +48 32 364 08 28<\/p>\n<p>ul. Bankowa 11, 40-007 Katowice<br \/>\ntel. +48 32 359 16 53<\/p>\n<p>&nbsp;<\/p>\n<p>Szczeg\u00f3\u0142owe dane kontaktowe poszczeg\u00f3lnych pracownik\u00f3w administracji: <a href=\"https:\/\/us.edu.pl\/wydzial\/wh\/administracja\/\">https:\/\/us.edu.pl\/wydzial\/wh\/administracja\/<\/a><\/p>\n<\/div>\r\n                    <\/div>\r\n                <\/div>[\/vc_column][\/vc_row]<\/p>","protected":false},"excerpt":{"rendered":"<p>[vc_row][vc_column][\/vc_column][\/vc_row] [&#8230;]<\/p>\n<p><a class=\"btn btn-secondary understrap-read-more-link\" href=\"https:\/\/us.edu.pl\/wydzial\/wh\/kontakt\/\">Read More&#8230;<\/a><\/p>\n","protected":false},"author":29,"featured_media":0,"parent":0,"menu_order":0,"comment_status":"closed","ping_status":"closed","template":"","meta":{"_expiration-date-status":"","_expiration-date":0,"_expiration-date-type":"","_expiration-date-categories":[],"_expiration-date-options":[]},"acf":[],"_links":{"self":[{"href":"https:\/\/us.edu.pl\/wydzial\/wh\/wp-json\/wp\/v2\/pages\/1749"}],"collection":[{"href":"https:\/\/us.edu.pl\/wydzial\/wh\/wp-json\/wp\/v2\/pages"}],"about":[{"href":"https:\/\/us.edu.pl\/wydzial\/wh\/wp-json\/wp\/v2\/types\/page"}],"author":[{"embeddable":true,"href":"https:\/\/us.edu.pl\/wydzial\/wh\/wp-json\/wp\/v2\/users\/29"}],"replies":[{"embeddable":true,"href":"https:\/\/us.edu.pl\/wydzial\/wh\/wp-json\/wp\/v2\/comments?post=1749"}],"version-history":[{"count":4,"href":"https:\/\/us.edu.pl\/wydzial\/wh\/wp-json\/wp\/v2\/pages\/1749\/revisions"}],"predecessor-version":[{"id":165490,"href":"https:\/\/us.edu.pl\/wydzial\/wh\/wp-json\/wp\/v2\/pages\/1749\/revisions\/165490"}],"wp:attachment":[{"href":"https:\/\/us.edu.pl\/wydzial\/wh\/wp-json\/wp\/v2\/media?parent=1749"}],"curies":[{"name":"wp","href":"https:\/\/api.w.org\/{rel}","templated":true}]}}