{"id":175240,"date":"2024-09-13T15:21:39","date_gmt":"2024-09-13T13:21:39","guid":{"rendered":"https:\/\/us.edu.pl\/wydzial\/wh\/?page_id=175240"},"modified":"2026-02-09T13:53:12","modified_gmt":"2026-02-09T12:53:12","slug":"srodkowoeuropejskie-studia-historyczne","status":"publish","type":"page","link":"https:\/\/us.edu.pl\/wydzial\/wh\/kierunki-studiow\/srodkowoeuropejskie-studia-historyczne\/","title":{"rendered":"\u015arodkowoeuropejskie studia historyczne"},"content":{"rendered":"<p>[vc_row el_class=&#8221;container&#8221;][vc_column width=&#8221;2\/3&#8243;][vc_custom_heading text=&#8221;\u015arodkowoeuropejskie studia historyczne&#8221; font_container=&#8221;tag:h2|text_align:left|color:%23002e5a&#8221; use_theme_fonts=&#8221;yes&#8221;][vc_separator color=&#8221;custom&#8221; border_width=&#8221;2&#8243; accent_color=&#8221;#002e5a&#8221;][vc_tta_accordion style=&#8221;modern&#8221; shape=&#8221;square&#8221; spacing=&#8221;1&#8243; gap=&#8221;1&#8243; active_section=&#8221;666&#8243; collapsible_all=&#8221;true&#8221;][vc_tta_section title=&#8221;Rejestracja na zaj\u0119cia&#8221; tab_id=&#8221;1689339900986-9a0e6f71-9802&#8243;][\/vc_tta_section][vc_tta_section title=&#8221;Dy\u017cury pracownik\u00f3w&#8221; tab_id=&#8221;1689339926916-2f029354-bf61&#8243;]\r\n                <div class=\"text-modules\">\r\n                    <div class=\"container\">\r\n                        \r\n                        <div class=\"text-modules__content\"><p><a href=\"https:\/\/us.edu.pl\/wydzial\/wh\/wp-content\/uploads\/sites\/15\/Bez-kategorii\/HISTORIA-DYZURY-w-SESJI-LATO-2024-2025-14.07.2025.pdf\" class=\"mtli_attachment mtli_pdf\" data-mtli=\"mtli_filesize215,58kB\" class=\"mtli_attachment mtli_pdf\" data-mtli=\"mtli_filesize215,58kB\">Harmonogram dy\u017cur\u00f3w w sesji letniej 2024\/2025<\/a> <span style=\"color: #ff0000; font-size: 8pt;\">(aktualizacja 14.07.2025)<\/span><\/p>\n<style type=\"text\/css\">a[data-mtli~=\"mtli_filesize215,58kB\"]:after {content:\" (215,58 kB)\"}<\/style><\/div>\r\n                    <\/div>\r\n                <\/div>[\/vc_tta_section][vc_tta_section title=&#8221;Opiekunowie grup studenckich&#8221; tab_id=&#8221;1689334271238-7e5a0f7d-d51b&#8221;]\r\n                <div class=\"text-modules\">\r\n                    <div class=\"container\">\r\n                        \r\n                        <div class=\"text-modules__content\"><p><strong>1 i 2 rok:<\/strong> dr Miros\u0142aw W\u0119cki<\/p>\n<\/div>\r\n                    <\/div>\r\n                <\/div>[\/vc_tta_section][vc_tta_section title=&#8221;Koordynatorzy modu\u0142owi&#8221; tab_id=&#8221;1706709271621-b6c44e3f-9610&#8243;]\r\n                <div class=\"text-modules\">\r\n                    <div class=\"container\">\r\n                        \r\n                        <div class=\"text-modules__content\"><p>W przypadku kierunku \u015brodkowoeuropejskie studia historyczne koordynatorem modu\u0142u jest osoba prowadz\u0105ca wyk\u0142ad (w ramach zaj\u0119\u0107 sk\u0142adaj\u0105cych si\u0119 z wyk\u0142ad\u00f3w i \u0107wicze\u0144 \/ konwersatori\u00f3w \/ laboratori\u00f3w) lub ka\u017cdy pracownik prowadz\u0105cy \u0107wiczenia \/ konwersatoria \/ laboratoria \/ warsztaty \/ seminaria (je\u015bli w ramach przedmiotu nie jest prowadzony wyk\u0142ad).<\/p>\n<\/div>\r\n                    <\/div>\r\n                <\/div>[\/vc_tta_section][vc_tta_section title=&#8221;Zaj\u0119cia do wyboru&#8221; tab_id=&#8221;1689334271229-964d3601-c56d&#8221;]\r\n                <div class=\"text-modules\">\r\n                    <div class=\"container\">\r\n                        \r\n                        <div class=\"text-modules__content\"><p>Cz\u0119\u015b\u0107 realizowanych w toku studi\u00f3w zaj\u0119\u0107 studenci mog\u0105 wybra\u0107 spo\u015br\u00f3d przedstawionej im oferty.<\/p>\n<p>Nale\u017c\u0105 do nich wszystkie zaj\u0119cia zwi\u0105zane z wybranym tematem pracy magisterskiej, a tak\u017ce: wyk\u0142ady monograficzne, zaj\u0119cia projektowe.<\/p>\n<\/div>\r\n                    <\/div>\r\n                <\/div>[\/vc_tta_section][vc_tta_section title=&#8221;Seminaria dyplomowe i proces dyplomowania&#8221; tab_id=&#8221;1706709876014-c9c98855-90dd&#8221;]\r\n                <div class=\"text-modules\">\r\n                    <div class=\"container\">\r\n                        \r\n                        <div class=\"text-modules__content\"><p>Studenci \u015brodkowoeuropejskich studi\u00f3w historycznych maj\u0105 mo\u017cliwo\u015b\u0107 przygotowywania swoich prac awansowych ze wszystkich epok historycznych: pradziej\u00f3w, staro\u017cytno\u015bci, historii \u015bredniowiecznej, historii nowo\u017cytnej XVI-XIX w. oraz historii najnowszej (w\u015br\u00f3d pracownik\u00f3w Instytutu Historii s\u0105 badacze wszystkich tych epok), zar\u00f3wno w kontek\u015bcie przesz\u0142o\u015bci Polski, jak i \u015bwiata. Specyfika przygotowywanych projekt\u00f3w koncentruje si\u0119 przede wszystkim na r\u00f3\u017cnych aspektach dziej\u00f3w Europy \u015brodkowej, w szczeg\u00f3lno\u015bci historii Polski, Czech i S\u0142owacji. Warunkiem uruchomienia seminarium z danej epoki jest zrekrutowanie wymaganej liczby student\u00f3w.<\/p>\n<p>&nbsp;<\/p>\n<h5>Proces dyplomowania<\/h5>\n<hr \/>\n<p>Zasady, warunki oraz tryb dyplomowania ustalone zosta\u0142y na poziomie Uniwersytetu \u015al\u0105skiego i zosta\u0142y opisane w Regulaminie studi\u00f3w w Uniwersytecie \u015al\u0105skim. Zgodnie z nim warunkiem uko\u0144czenia studi\u00f3w na wszystkich kierunkach jest\u00a0<strong>z\u0142o\u017cenie pracy dyplomowej i zdanie egzaminu dyplomowego.<\/strong><\/p>\n<\/div>\r\n                    <\/div>\r\n                <\/div>[\/vc_tta_section][\/vc_tta_accordion][vc_empty_space][vc_custom_heading text=&#8221;Aktualno\u015bci&#8221; font_container=&#8221;tag:h2|text_align:left|color:%239b132a&#8221; use_theme_fonts=&#8221;yes&#8221;][vc_separator color=&#8221;custom&#8221; accent_color=&#8221;#9b132a&#8221;][vc_toggle title=&#8221;Godziny rektorskie dla studentek i student\u00f3w nale\u017c\u0105cych do chrze\u015bcija\u0144skich Ko\u015bcio\u0142\u00f3w wschodnich&#8221; css=&#8221;.vc_custom_1734358971944{background-color: #f8f8f8 !important;}&#8221;]W zwi\u0105zku z faktem, \u017ce \u015bwi\u0119to Bo\u017cego Narodzenia zgodnie z kalendarzem julia\u0144skim stosowanym w liturgii chrze\u015bcija\u0144skiej Ko\u015bcio\u0142\u00f3w wschodnich przypada w dniu\u00a0<strong>7 stycznia 2025 r.<\/strong>, aby umo\u017cliwi\u0107 studentkom i studentom nale\u017c\u0105cym do tych wsp\u00f3lnot prze\u017cycie \u015bwi\u0105t z najbli\u017cszymi, Rektor U\u015a wprowadza w dniach\u00a0<strong>7\u20139 stycznia 2025 r.<\/strong>\u00a0godziny rektorskie, usprawiedliwiaj\u0105c jednocze\u015bnie nieobecno\u015b\u0107 na zaj\u0119ciach dydaktycznych ww. grupy studentek i student\u00f3w.[\/vc_toggle][vc_toggle title=&#8221;Godziny rektorskie 7 stycznia 2025 r.&#8221; css=&#8221;.vc_custom_1734358945144{background-color: #f8f8f8 !important;}&#8221;]Na wniosek Samorz\u0105du Studenckiego Uniwersytetu \u015al\u0105skiego<em>,<\/em>\u00a0w zwi\u0105zku z przypadaj\u0105cym w dniu 6 stycznia 2025 r. \u015bwi\u0119tem Trzech Kr\u00f3li i \u201epo\u015bwi\u0105tecznym\u201d bezpiecznym powrotem na uczelni\u0119, Rektor U\u015a wprowadza godziny rektorskie i wyra\u017ca zgod\u0119 na zwolnienie student\u00f3w z zaj\u0119\u0107 w dniu\u00a0<strong>7\u00a0stycznia\u00a02025 r.<\/strong>\u00a0(wtorek)\u00a0<strong><u>do godz. 13.00<\/u><\/strong>.<\/p>\n<p><em>Komunikat nie dotyczy os\u00f3b obchodz\u0105cych \u015bwi\u0119to Bo\u017cego Narodzenia zgodnie z kalendarzem julia\u0144skim stosowanym w liturgii chrze\u015bcija\u0144skiej Ko\u015bcio\u0142\u00f3w wschodnich. W tej sprawie b\u0119dzie og\u0142oszony odr\u0119bny komunikat.<\/em>[\/vc_toggle][vc_separator color=&#8221;custom&#8221; accent_color=&#8221;#9b132a&#8221;][vc_empty_space][vc_custom_heading text=&#8221;Dyrekcja kierunku&#8221; font_container=&#8221;tag:h2|text_align:left|color:%23002e5a&#8221; google_fonts=&#8221;font_family:PT%20Sans%3Aregular%2Citalic%2C700%2C700italic|font_style:400%20regular%3A400%3Anormal&#8221;][vc_separator color=&#8221;custom&#8221; border_width=&#8221;2&#8243; accent_color=&#8221;#002e5a&#8221;][vc_row_inner][vc_column_inner width=&#8221;1\/2&#8243;]\r\n                <div class=\"text-modules\">\r\n                    <div class=\"container\">\r\n                        \r\n                        <div class=\"text-modules__content\"><\/p>\n<h3><\/h3>\n<h4><span style=\"color: #002e5a;\">dr Pawe\u0142 Duda<\/span><\/h4>\n<h5><span style=\"color: #002e5a;\"><strong>Dyrektor kierunku<\/strong><\/span><\/h5>\n<p><span style=\"color: #002e5a;\"><strong><br \/>\n<\/strong>e-mail: <a href=\"mailto:pawel.duda@us.edu.pl\">pawel.duda@us.edu.pl<\/a><\/span><br \/>\n<span style=\"color: #002e5a;\">ul. Bankowa 11, 40-007 Katowice<\/span><br \/>\n<span style=\"color: #002e5a;\">pok\u00f3j:\u00a0<strong>125<\/strong><\/span><\/p>\n<\/div>\r\n                    <\/div>\r\n                <\/div>[\/vc_column_inner][vc_column_inner width=&#8221;1\/2&#8243;]\r\n                <div class=\"text-modules\">\r\n                    <div class=\"container\">\r\n                        \r\n                        <div class=\"text-modules__content\"><\/p>\n<h3><\/h3>\n<h4><span style=\"color: #002e5a;\">dr Dominika Rychel-Mantur<\/span><\/h4>\n<h5><span style=\"color: #002e5a;\"><strong>Zast\u0119pca dyrektora kierunku<\/strong><\/span><\/h5>\n<p><span style=\"color: #002e5a;\"><strong><br \/>\n<\/strong>e-mail: <a href=\"mailto:dominika.mantur@us.edu.pl\">dominika.mantur@us.edu.pl<\/a><br \/>\nul. Bankowa 11, 40-007 Katowice<br \/>\npok\u00f3j:\u00a0<strong>125<\/strong><br \/>\n<\/span><\/p>\n<\/div>\r\n                    <\/div>\r\n                <\/div>[\/vc_column_inner][\/vc_row_inner][vc_row_inner][vc_column_inner width=&#8221;1\/3&#8243;][\/vc_column_inner][vc_column_inner width=&#8221;2\/3&#8243;][\/vc_column_inner][\/vc_row_inner][\/vc_column][vc_column width=&#8221;1\/3&#8243;][vc_tta_tabs style=&#8221;flat&#8221; shape=&#8221;square&#8221; color=&#8221;white&#8221; gap=&#8221;1&#8243; active_section=&#8221;666&#8243; title=&#8221;Harmonogramy&#8221; css=&#8221;.vc_custom_1689336166845{border-left-width: 5px !important;border-left-color: #fbb900 !important;border-left-style: solid !important;}&#8221;][vc_tta_section title=&#8221;zaj\u0119\u0107&#8221; tab_id=&#8221;1689335739702-2926960d-14be&#8221;]\r\n                <div class=\"text-modules\">\r\n                    <div class=\"container\">\r\n                        \r\n                        <div class=\"text-modules__content\"><\/p>\n<h4>semestr letni 2024\/2025<\/h4>\n<hr \/>\n<p><a href=\"https:\/\/us.edu.pl\/wydzial\/wh\/wp-content\/uploads\/sites\/15\/KIERUNKI\/SSH\/plany\/plan-SSH-II-rok_4.4.2025.pdf\" class=\"mtli_attachment mtli_pdf\" data-mtli=\"mtli_filesize106,51kB\" class=\"mtli_attachment mtli_pdf\" data-mtli=\"mtli_filesize106,51kB\">II rok<\/a> <span style=\"color: #ff0000; font-size: 8pt;\">(aktualizacja 4.04.2025)<\/span><\/p>\n<style type=\"text\/css\">a[data-mtli~=\"mtli_filesize106,51kB\"]:after {content:\" (106,51 kB)\"}<\/style><\/div>\r\n                    <\/div>\r\n                <\/div>[\/vc_tta_section][vc_tta_section title=&#8221;sesji&#8221; tab_id=&#8221;1689335739709-90f5c0c9-f826&#8243;]\r\n                <div class=\"text-modules\">\r\n                    <div class=\"container\">\r\n                        \r\n                        <div class=\"text-modules__content\"><p><a href=\"https:\/\/us.edu.pl\/wydzial\/wh\/wp-content\/uploads\/sites\/15\/KIERUNKI\/SSH\/HARMONOGRAM-SESJI-LETNIEJ-2024-Srodkowoeuropejskie-Studia-Historyczne.pdf\" class=\"mtli_attachment mtli_pdf\" data-mtli=\"mtli_filesize183,16kB\" class=\"mtli_attachment mtli_pdf\" data-mtli=\"mtli_filesize183,16kB\">harmonogram sesji letniej 2024\/2025<\/a><\/p>\n<style type=\"text\/css\">a[data-mtli~=\"mtli_filesize183,16kB\"]:after {content:\" (183,16 kB)\"}<\/style><\/div>\r\n                    <\/div>\r\n                <\/div>[\/vc_tta_section][\/vc_tta_tabs][vc_row_inner css=&#8221;.vc_custom_1695132122292{margin-left: 0px !important;border-left-width: 5px !important;padding-left: 0px !important;border-left-color: #002e5a !important;border-left-style: solid !important;}&#8221;][vc_column_inner]\r\n                <div class=\"text-modules\">\r\n                    <div class=\"container\">\r\n                        \r\n                        <div class=\"text-modules__content\"><\/p>\n<h3><span style=\"color: #002e5a;\">Dziekanat ds. studenckich<\/span><\/h3>\n<hr \/>\n<p><span style=\"color: #002e5a;\"><strong>mgr El\u017cbieta G\u0119bka<\/strong><\/span><strong><br \/>\n<\/strong><span style=\"color: #002e5a;\">e-mail:<\/span> <a href=\"mailto:elzbieta.gebka@us.edu.pl\">elzbieta.gebka@us.edu.pl<\/a><\/p>\n<p><span style=\"color: #002e5a;\">tel.: 32 2009 542<br \/>\nul. Uniwersytecka 4, 40-007 Katowice<br \/>\npok\u00f3j: B1.37<\/span><\/p>\n<\/div>\r\n                    <\/div>\r\n                <\/div>[\/vc_column_inner][\/vc_row_inner][vc_empty_space][vc_row_inner][vc_column_inner][vc_toggle title=&#8221;Dziekanat ds. dydaktycznych&#8221; css=&#8221;.vc_custom_1729851718500{border-top-width: 2px !important;border-right-width: 2px !important;border-bottom-width: 2px !important;border-left-width: 2px !important;border-left-color: #002e5a !important;border-left-style: solid !important;border-right-color: #002e5a !important;border-right-style: solid !important;border-top-color: #002e5a !important;border-top-style: solid !important;border-bottom-color: #002e5a !important;border-bottom-style: solid !important;}&#8221;]<span style=\"color: #002e5a;\"><strong>Katarzyna Iwanow<\/strong><\/span><strong><br \/>\n<\/strong><span style=\"color: #002e5a;\">e-mail:<\/span> <a href=\"mailto:katarzyna.iwanow@us.edu.pl\">katarzyna.iwanow@us.edu.pl<\/a><br \/>\n<span style=\"color: #002e5a;\">tel.: 32 359 17 24<br \/>\nul. Bankowa 11, 40-007 Katowice<br \/>\npok\u00f3j:\u00a0<strong>20<\/strong><\/span>[\/vc_toggle][\/vc_column_inner][\/vc_row_inner][vc_separator][vc_btn title=&#8221;Karta kierunku &amp; Informator ECTS&#8221; style=&#8221;custom&#8221; custom_background=&#8221;#002e5a&#8221; custom_text=&#8221;#ffffff&#8221; shape=&#8221;square&#8221; size=&#8221;lg&#8221; align=&#8221;center&#8221; button_block=&#8221;true&#8221; link=&#8221;url:https%3A%2F%2Finformator.us.edu.pl%2Fprogrammes%2Flist%2Fall%2FES%2F|target:_blank&#8221;][vc_separator]\r\n                <div class='sidebar_moduls sidebar_links color-blue' style='background-color: #EBEBEB'>\r\n                    <h3>Egzaminy i zaliczenia (tzw. rygory)<\/h3>\r\n                    <ul class='angle-list'>\r\n                    <li><a href=\"https:\/\/us.edu.pl\/wydzial\/wh\/wp-content\/uploads\/sites\/15\/Bez-kategorii\/RYGORY-1-semestr-SSH-2025-2026.pdf\" class=\"mtli_attachment mtli_pdf\" data-mtli=\"mtli_filesize273,76kB\">rok akademicki 2025\/2026<\/a><\/li><li><a href=\"https:\/\/us.edu.pl\/wydzial\/wh\/wp-content\/uploads\/sites\/15\/20202021\/srodkowoeuropejskie-studia-historyczne\/RYGORY-SSH-2024-2025.pdf\" class=\"mtli_attachment mtli_pdf\" data-mtli=\"mtli_filesize574,54kB\">rok akademicki 2024\/2025<\/a><\/li><li><a href=\"https:\/\/us.edu.pl\/wydzial\/wh\/wp-content\/uploads\/sites\/15\/Bez-kategorii\/RYGORY-SSH-rok-akademicki-2023-2024.pdf\" class=\"mtli_attachment mtli_pdf\" data-mtli=\"mtli_filesize573,07kB\">rok akademicki 2023\/2024<\/a><\/li>\r\n                <\/ul>\r\n            <\/div>[vc_separator]\r\n                <div class=\"title-with-link color-blue\" style=\"background: #EBEBEB\">\r\n                    <div class=\"container\">\r\n                        <div class=\"title-with-link-container links-align-left\">\r\n                            <div class=\"title-with-link__title\"><span><\/span><\/div>\r\n                            <a href=\"https:\/\/us.edu.pl\/wydzial\/wh\/kandydat-wh\/kierunki-studiow\/srodkowoeuropejskie-studia-historyczne\/\" class=\"title-with-link__link\">Opis kierunku i specjalno\u015bci<\/a>\r\n                        <\/div>\r\n                    <\/div>\r\n                <\/div>\r\n            \r\n                <div class=\"title-with-link color-blue\" style=\"background: #EBEBEB\">\r\n                    <div class=\"container\">\r\n                        <div class=\"title-with-link-container links-align-left\">\r\n                            <div class=\"title-with-link__title\"><span><\/span><\/div>\r\n                            <a href=\"https:\/\/us.edu.pl\/wydzial\/wh\/kierunki-studiow\/srodkowoeuropejskie-studia-historyczne\/wspolpraca-z-otoczeniem\/\" class=\"title-with-link__link\">Wsp\u00f3\u0142praca z otoczeniem<\/a>\r\n                        <\/div>\r\n                    <\/div>\r\n                <\/div>\r\n            [\/vc_column][\/vc_row][vc_column][\/vc_column][vc_column][\/vc_column]<\/p>\n<style type=\"text\/css\">a[data-mtli~=\"mtli_filesize215,58kB\"]:after {content:\" (215,58 kB)\"}a[data-mtli~=\"mtli_filesize106,51kB\"]:after {content:\" (106,51 kB)\"}a[data-mtli~=\"mtli_filesize183,16kB\"]:after {content:\" (183,16 kB)\"}a[data-mtli~=\"mtli_filesize273,76kB\"]:after {content:\" (273,76 kB)\"}a[data-mtli~=\"mtli_filesize574,54kB\"]:after {content:\" (574,54 kB)\"}a[data-mtli~=\"mtli_filesize573,07kB\"]:after {content:\" (573,07 kB)\"}<\/style>","protected":false},"excerpt":{"rendered":"<p>[vc_row el_class=&#8221;container&#8221;][vc_column width=&#8221;2\/3&#8243;][vc_custom_heading text=&#8221;\u015arodkowoeuropejskie studia historyczne&#8221; font_container=&#8221;tag:h2|text_align:left|color:%23002e5a&#8221; use_theme_fonts=&#8221;yes&#8221;][vc_separator color=&#8221;custom&#8221; border_width=&#8221;2&#8243; accent_color=&#8221;#002e5a&#8221;][vc_tta_accordion style=&#8221;modern&#8221; shape=&#8221;square&#8221; spacing=&#8221;1&#8243; gap=&#8221;1&#8243; active_section=&#8221;666&#8243; collapsible_all=&#8221;true&#8221;][vc_tta_section title=&#8221;Rejestracja na zaj\u0119cia&#8221; tab_id=&#8221;1689339900986-9a0e6f71-9802&#8243;][\/vc_tta_section][vc_tta_section title=&#8221;Dy\u017cury pracownik\u00f3w&#8221; tab_id=&#8221;1689339926916-2f029354-bf61&#8243;][\/vc_tta_section][vc_tta_section title=&#8221;Opiekunowie grup studenckich&#8221; tab_id=&#8221;1689334271238-7e5a0f7d-d51b&#8221;][\/vc_tta_section][vc_tta_section title=&#8221;Koordynatorzy modu\u0142owi&#8221; tab_id=&#8221;1706709271621-b6c44e3f-9610&#8243;][\/vc_tta_section][vc_tta_section title=&#8221;Zaj\u0119cia do wyboru&#8221; tab_id=&#8221;1689334271229-964d3601-c56d&#8221;][\/vc_tta_section][vc_tta_section title=&#8221;Seminaria dyplomowe i proces dyplomowania&#8221; tab_id=&#8221;1706709876014-c9c98855-90dd&#8221;][\/vc_tta_section][\/vc_tta_accordion][vc_empty_space][vc_custom_heading text=&#8221;Aktualno\u015bci&#8221; font_container=&#8221;tag:h2|text_align:left|color:%239b132a&#8221; use_theme_fonts=&#8221;yes&#8221;][vc_separator color=&#8221;custom&#8221; accent_color=&#8221;#9b132a&#8221;][vc_toggle title=&#8221;Godziny rektorskie dla studentek i student\u00f3w nale\u017c\u0105cych do chrze\u015bcija\u0144skich [&#8230;]<\/p>\n<p><a class=\"btn btn-secondary understrap-read-more-link\" href=\"https:\/\/us.edu.pl\/wydzial\/wh\/kierunki-studiow\/srodkowoeuropejskie-studia-historyczne\/\">Read More&#8230;<\/a><\/p>\n","protected":false},"author":1,"featured_media":0,"parent":997,"menu_order":0,"comment_status":"closed","ping_status":"closed","template":"","meta":{"_expiration-date-status":"","_expiration-date":0,"_expiration-date-type":"","_expiration-date-categories":[],"_expiration-date-options":[]},"acf":[],"_links":{"self":[{"href":"https:\/\/us.edu.pl\/wydzial\/wh\/wp-json\/wp\/v2\/pages\/175240"}],"collection":[{"href":"https:\/\/us.edu.pl\/wydzial\/wh\/wp-json\/wp\/v2\/pages"}],"about":[{"href":"https:\/\/us.edu.pl\/wydzial\/wh\/wp-json\/wp\/v2\/types\/page"}],"author":[{"embeddable":true,"href":"https:\/\/us.edu.pl\/wydzial\/wh\/wp-json\/wp\/v2\/users\/1"}],"replies":[{"embeddable":true,"href":"https:\/\/us.edu.pl\/wydzial\/wh\/wp-json\/wp\/v2\/comments?post=175240"}],"version-history":[{"count":10,"href":"https:\/\/us.edu.pl\/wydzial\/wh\/wp-json\/wp\/v2\/pages\/175240\/revisions"}],"predecessor-version":[{"id":195495,"href":"https:\/\/us.edu.pl\/wydzial\/wh\/wp-json\/wp\/v2\/pages\/175240\/revisions\/195495"}],"up":[{"embeddable":true,"href":"https:\/\/us.edu.pl\/wydzial\/wh\/wp-json\/wp\/v2\/pages\/997"}],"wp:attachment":[{"href":"https:\/\/us.edu.pl\/wydzial\/wh\/wp-json\/wp\/v2\/media?parent=175240"}],"curies":[{"name":"wp","href":"https:\/\/api.w.org\/{rel}","templated":true}]}}