{"id":179,"date":"2019-10-02T16:02:27","date_gmt":"2019-10-02T14:02:27","guid":{"rendered":"https:\/\/us.edu.pl\/wydzial\/wh\/?page_id=179"},"modified":"2019-10-02T16:03:11","modified_gmt":"2019-10-02T14:03:11","slug":"strategia-rozwoju-wydzialu","status":"publish","type":"page","link":"https:\/\/us.edu.pl\/wydzial\/wh\/strona-glowna\/wydzial-dawniej-i-dzis\/strategia-rozwoju-wydzialu\/","title":{"rendered":"Strategia rozwoju Wydzia\u0142u"},"content":{"rendered":"<p>[vc_row][vc_column]\r\n                <div class=\"text-modules reverse\">\r\n                    <div class=\"container\">\r\n                         \r\n                        <div class=\"row m-0\">\r\n                            <div class=\"text-modules__content\">\r\n                                Strategia rozwoju Wydzia\u0142u Filologicznego Uniwersytetu \u015al\u0105skiego, zatwierdzona na\u00a0posiedzeniu Rady Wydzia\u0142u 15\u00a0stycznia 2013\u00a0roku, jest zgodna ze\u00a0strategi\u0105 rozwoju Uniwersytetu \u015al\u0105skiego na\u00a0lata 2012\u20132020, uchwalon\u0105 przez\u00a0Senat uczelni na\u00a0posiedzeniu 24\u00a0stycznia 2012\u00a0roku. W\u00a0swoich zasadniczych celach powtarza generalne obligacje, jakie na\u0142o\u017cono na\u00a0spo\u0142eczno\u015b\u0107 uczonych i\u00a0student\u00f3w oraz\u00a0s\u0142u\u017cby pomocnicze uniwersytetu. Obligacje te dotycz\u0105 sprawnego zarz\u0105dzania uczelni\u0105 i\u00a0jego jednostkami organizacyjnymi, rozwoju nauki, kszta\u0142cenia na\u00a0najwy\u017cszym poziomie na\u00a0wszystkich rodzajach studi\u00f3w oraz\u00a0dobrej wsp\u00f3\u0142pracy z\u00a0otoczeniem. Wydzia\u0142 Filologiczny w\u00a0swojej czterdziestotrzyletniej tradycji potwierdza licznymi osi\u0105gni\u0119ciami wszystkie cele strategiczne, o\u00a0kt\u00f3rych\u00a0tutaj mowa.<\/p>\n<p><a href=\"https:\/\/us.edu.pl\/wydzial\/wh\/wp-content\/uploads\/sites\/15\/Nieprzypisane\/strategia_rozwoju.pdf\" class=\"mtli_attachment mtli_pdf\" data-mtli=\"mtli_filesize612,73kB\">Strategia rozwoju Wydzia\u0142u<\/a>\u00a0(plik pdf) \r\n                                <div class=\"mt-3\"><\/div>\r\n                            <\/div>\r\n                            \r\n                            <div class=\"text-modules__img\"><img src=\"https:\/\/us.edu.pl\/wydzial\/wh\/wp-content\/uploads\/sites\/15\/Nieprzypisane\/nawigacja-768x512.jpg\" alt=\"img\"><\/div>\r\n                        <\/div>\r\n                    <\/div>\r\n                <\/div>[\/vc_column][\/vc_row]<\/p>\n<style type=\"text\/css\">a[data-mtli~=\"mtli_filesize612,73kB\"]:after {content:\" (612,73 kB)\"}<\/style>","protected":false},"excerpt":{"rendered":"<p>[vc_row][vc_column][\/vc_column][\/vc_row] [&#8230;]<\/p>\n<p><a class=\"btn btn-secondary understrap-read-more-link\" href=\"https:\/\/us.edu.pl\/wydzial\/wh\/strona-glowna\/wydzial-dawniej-i-dzis\/strategia-rozwoju-wydzialu\/\">Read More&#8230;<\/a><\/p>\n","protected":false},"author":1,"featured_media":0,"parent":125,"menu_order":0,"comment_status":"closed","ping_status":"closed","template":"","meta":{"_expiration-date-status":"","_expiration-date":0,"_expiration-date-type":"","_expiration-date-categories":[],"_expiration-date-options":[]},"acf":[],"_links":{"self":[{"href":"https:\/\/us.edu.pl\/wydzial\/wh\/wp-json\/wp\/v2\/pages\/179"}],"collection":[{"href":"https:\/\/us.edu.pl\/wydzial\/wh\/wp-json\/wp\/v2\/pages"}],"about":[{"href":"https:\/\/us.edu.pl\/wydzial\/wh\/wp-json\/wp\/v2\/types\/page"}],"author":[{"embeddable":true,"href":"https:\/\/us.edu.pl\/wydzial\/wh\/wp-json\/wp\/v2\/users\/1"}],"replies":[{"embeddable":true,"href":"https:\/\/us.edu.pl\/wydzial\/wh\/wp-json\/wp\/v2\/comments?post=179"}],"version-history":[{"count":2,"href":"https:\/\/us.edu.pl\/wydzial\/wh\/wp-json\/wp\/v2\/pages\/179\/revisions"}],"predecessor-version":[{"id":181,"href":"https:\/\/us.edu.pl\/wydzial\/wh\/wp-json\/wp\/v2\/pages\/179\/revisions\/181"}],"up":[{"embeddable":true,"href":"https:\/\/us.edu.pl\/wydzial\/wh\/wp-json\/wp\/v2\/pages\/125"}],"wp:attachment":[{"href":"https:\/\/us.edu.pl\/wydzial\/wh\/wp-json\/wp\/v2\/media?parent=179"}],"curies":[{"name":"wp","href":"https:\/\/api.w.org\/{rel}","templated":true}]}}