{"id":181805,"date":"2025-01-13T13:03:45","date_gmt":"2025-01-13T12:03:45","guid":{"rendered":"https:\/\/us.edu.pl\/wydzial\/wh\/?page_id=181805"},"modified":"2025-01-13T13:03:45","modified_gmt":"2025-01-13T12:03:45","slug":"prognozy-przyszlosci-migracje-a-zmiany-klimatu","status":"publish","type":"page","link":"https:\/\/us.edu.pl\/wydzial\/wh\/najwazniejsze-osiagniecia-badawcze\/prognozy-przyszlosci-migracje-a-zmiany-klimatu\/","title":{"rendered":"Prognozy przysz\u0142o\u015bci. Migracje a zmiany klimatu"},"content":{"rendered":"<p>[vc_row el_class=&#8221;container&#8221;][vc_column width=&#8221;2\/3&#8243;][vc_tta_tabs][vc_tta_section title=&#8221;POLISH&#8221; tab_id=&#8221;1612514765073-cfc2f9ae-5da2&#8243;]\r\n                <div class=\"text-modules \">\r\n                    <div class=\"container\">\r\n                        <h3 class=\"section-title section-title_border-bottom\">dr Ewa Macura-Nnamdi, prof. U\u015a<\/h3> <h3 class=\"subtitle text-modules__subtitle\">Prognozy przysz\u0142o\u015bci. Migracje a zmiany klimatu<\/h3>\r\n                        <div class=\"row m-0\">\r\n                            <div class=\"text-modules__content\">\r\n                                Celem projektu jest zbadanie literackich i kulturowych reprezentacji ludzkich i nie-ludzkich form migracji wywo\u0142anych kryzysem \u015brodowiskowym na Globalnym Po\u0142udniu, w szczeg\u00f3lno\u015bci politycznych i estetycznych znacze\u0144 przypisywanych migracjom klimatycznym, kt\u00f3re to znaczenia pojawiaj\u0105 si\u0119 w kulturach postkolonialnych (literaturze, filmie i sztuce), zar\u00f3wno anglo-, jak i francuskoj\u0119zycznych. Krytyczne spojrzenie na repertuar migracji i ich nast\u0119pstw s\u0142u\u017cy sproblematyzowaniu figury uchod\u017acy klimatycznego jako niewystarczaj\u0105cej do przedstawienia r\u00f3\u017cnorodnych form mobilno\u015bci, coraz cz\u0119stszych w zdewastowanym \u015brodowisku Ziemi.<\/p>\n<p>Projekt zapo\u017cycza si\u0119 teoretycznie i konceptualnie w studiach nad migracjami (<em>migration studies<\/em>), tak\u017ce w pracach krytycznych publikowanych w ramach humanistyki \u015brodowiskowej, kt\u00f3ra prowincjonalizuje (Elizabeth DeLoughrey) antropocen i powi\u0105zane z nim kwestie. Dzi\u0119ki uznaniu potencja\u0142u opisowego i analitycznego przez soczewk\u0119 migracji mo\u017cna czyta\u0107 kultury postkolonialne i uwidoczni\u0107 nie tylko podmioty migracji, lecz tak\u017ce jej miejsca i konteksty. Widoczny w projekcie zwrot ku Globalnemu Po\u0142udniu nie jest wi\u0119c wy\u0142\u0105cznie pr\u00f3b\u0105 jego w\u0142\u0105czenia do uniwersalizuj\u0105cego imaginarium charakteryzuj\u0105cego dyskursy antropocenu, a\u00a0pr\u00f3b\u0105 zbadania, w jaki spos\u00f3b kultury te redefiniuj\u0105 terminy funkcjonuj\u0105ce w tocz\u0105cej si\u0119 debacie naukowej, kieruj\u0105c j\u0105 na nowe obszary.<\/p>\n<p>Wyniki bada\u0144 projektowych mog\u0105 si\u0119 przyczyni\u0107 do zwi\u0119kszenia wiedzy na temat migracji klimatycznych oraz wprowadzenia do humanistycznej debaty \u015brodowiskowej perspektywy Globalnego Po\u0142udnia. \r\n                                <div class=\"mt-3\"><\/div>\r\n                            <\/div>\r\n                            \r\n                            \r\n                        <\/div>\r\n                    <\/div>\r\n                <\/div>[\/vc_tta_section][\/vc_tta_tabs][\/vc_column][vc_column width=&#8221;1\/3&#8243;][\/vc_column][\/vc_row]<\/p>","protected":false},"excerpt":{"rendered":"<p>[vc_row el_class=&#8221;container&#8221;][vc_column width=&#8221;2\/3&#8243;][vc_tta_tabs][vc_tta_section title=&#8221;POLISH&#8221; tab_id=&#8221;1612514765073-cfc2f9ae-5da2&#8243;][\/vc_tta_section][\/vc_tta_tabs][\/vc_column][vc_column width=&#8221;1\/3&#8243;][\/vc_column][\/vc_row] [&#8230;]<\/p>\n<p><a class=\"btn btn-secondary understrap-read-more-link\" href=\"https:\/\/us.edu.pl\/wydzial\/wh\/najwazniejsze-osiagniecia-badawcze\/prognozy-przyszlosci-migracje-a-zmiany-klimatu\/\">Read More&#8230;<\/a><\/p>\n","protected":false},"author":1,"featured_media":0,"parent":9930,"menu_order":0,"comment_status":"closed","ping_status":"closed","template":"","meta":{"_expiration-date-status":"","_expiration-date":0,"_expiration-date-type":"","_expiration-date-categories":[],"_expiration-date-options":[]},"acf":[],"_links":{"self":[{"href":"https:\/\/us.edu.pl\/wydzial\/wh\/wp-json\/wp\/v2\/pages\/181805"}],"collection":[{"href":"https:\/\/us.edu.pl\/wydzial\/wh\/wp-json\/wp\/v2\/pages"}],"about":[{"href":"https:\/\/us.edu.pl\/wydzial\/wh\/wp-json\/wp\/v2\/types\/page"}],"author":[{"embeddable":true,"href":"https:\/\/us.edu.pl\/wydzial\/wh\/wp-json\/wp\/v2\/users\/1"}],"replies":[{"embeddable":true,"href":"https:\/\/us.edu.pl\/wydzial\/wh\/wp-json\/wp\/v2\/comments?post=181805"}],"version-history":[{"count":1,"href":"https:\/\/us.edu.pl\/wydzial\/wh\/wp-json\/wp\/v2\/pages\/181805\/revisions"}],"predecessor-version":[{"id":181808,"href":"https:\/\/us.edu.pl\/wydzial\/wh\/wp-json\/wp\/v2\/pages\/181805\/revisions\/181808"}],"up":[{"embeddable":true,"href":"https:\/\/us.edu.pl\/wydzial\/wh\/wp-json\/wp\/v2\/pages\/9930"}],"wp:attachment":[{"href":"https:\/\/us.edu.pl\/wydzial\/wh\/wp-json\/wp\/v2\/media?parent=181805"}],"curies":[{"name":"wp","href":"https:\/\/api.w.org\/{rel}","templated":true}]}}